{"id":3299,"date":"2023-07-09T20:36:19","date_gmt":"2023-07-09T18:36:19","guid":{"rendered":"https:\/\/antironflement.org\/?page_id=3299"},"modified":"2024-08-15T00:10:42","modified_gmt":"2024-08-14T22:10:42","slug":"losninger-mot-snorking","status":"publish","type":"page","link":"https:\/\/antironflement.org\/index.php\/nb\/losninger-mot-snorking\/","title":{"rendered":"l\u00f8sninger mot snorking"},"content":{"rendered":"\n<h2 class=\"wp-block-heading\">1\/ Bestem f\u00f8rst hvorfor du snorker<\/h2>\n\n\n<div class=\"wp-block-image\">\n<figure class=\"aligncenter is-resized\"><img fetchpriority=\"high\" decoding=\"async\" width=\"1024\" height=\"967\" src=\"https:\/\/antironflement.org\/wp-content\/uploads\/2023\/06\/ORL-sommeil-diagnostique.jpg\" alt=\"\" class=\"wp-image-1487\" style=\"width:406px;height:383px\" srcset=\"https:\/\/antironflement.org\/wp-content\/uploads\/2023\/06\/ORL-sommeil-diagnostique.jpg 1024w, https:\/\/antironflement.org\/wp-content\/uploads\/2023\/06\/ORL-sommeil-diagnostique-300x283.jpg 300w, https:\/\/antironflement.org\/wp-content\/uploads\/2023\/06\/ORL-sommeil-diagnostique-768x725.jpg 768w, https:\/\/antironflement.org\/wp-content\/uploads\/2023\/06\/ORL-sommeil-diagnostique-600x567.jpg 600w\" sizes=\"(max-width: 1024px) 100vw, 1024px\" \/><\/figure>\n<\/div>\n\n\n<p>Se min \u00a0\u00bb&nbsp;&nbsp;<a href=\"https:\/\/antironflement.org\/index.php\/nb\/arsakene-til-snorking\/\">\u00c5rsaker<\/a>&nbsp;\u00ab\u00a0-siden, det er mange av dem, og vi er alle forskjellige.<\/p>\n\n\n\n<p>For \u00e5 finne de riktige l\u00f8sningene FOR DEG, m\u00e5 du derfor stille riktig diagnose.<\/p>\n\n\n\n<p>En konsultasjon med en \u00d8NH-s\u00f8vnspesialist vil hjelpe deg.<\/p>\n\n\n\n<h2 class=\"wp-block-heading\">2\/ Fortsett deretter til dine egne tester, med l\u00f8sninger eller produkter som er virkelig effektive (med gode kundeanmeldelser)<\/h2>\n\n\n\n<p>L\u00f8sninger som fungerer:<\/p>\n\n\n\n<p>Ved kj\u00f8p av produkter:<\/p>\n\n\n\n<ul class=\"wp-block-list\">\n<li><a href=\"https:\/\/antironflement.org\/index.php\/nb\/category\/testing\/nesespray\/\">Nesespray for \u00e5 frigj\u00f8re slimhinnene<\/a><\/li>\n\n\n\n<li><a href=\"https:\/\/antironflement.org\/index.php\/nb\/category\/testing\/nasal-retractor-nb\/\">Nesetrekker som lar deg puste bedre gjennom nesen<\/a><\/li>\n\n\n\n<li><a href=\"https:\/\/antironflement.org\/index.php\/nb\/category\/testing\/hakestotte-og-munnstykke\/\">Holde munnen lukket for \u00e5 puste gjennom nesen: hakereim eller munnstykke<\/a><\/li>\n\n\n\n<li><a href=\"https:\/\/antironflement.org\/index.php\/nb\/category\/testing\/ortose-nb\/\">Munnortose med mandibul\u00e6r fremskritt som frigj\u00f8r passasje av luft p\u00e5 niv\u00e5 med svelget<\/a>&nbsp;<\/li>\n\n\n\n<li><a href=\"https:\/\/antironflement.org\/index.php\/nb\/category\/testing\/sov-pa-magen\/\">Tvinge deg selv til \u00e5 sove p\u00e5 magen ved hjelp av en enhet i ryggen<\/a><\/li>\n\n\n\n<li><a href=\"https:\/\/antironflement.org\/index.php\/nb\/category\/testing\/anti-stoy\/\">Tilby din partner antist\u00f8yl\u00f8sninger<\/a><\/li>\n<\/ul>\n\n\n\n<p>Uten produkter:<\/p>\n\n\n\n<ul class=\"wp-block-list\">\n<li><a href=\"https:\/\/antironflement.org\/index.php\/nb\/2023\/07\/10\/kjevemuskelovelser\/\">Kjevemuskel\u00f8velser<\/a><\/li>\n\n\n\n<li><a href=\"https:\/\/antironflement.org\/index.php\/nb\/2023\/07\/10\/sport-overvekt\/\">Spill sport, ha en sunn livs<\/a><a href=\"http:\/\/1\">s<\/a><a href=\"https:\/\/antironflement-org.translate.goog\/index.php\/2022\/03\/19\/le-sport-le-surpoids\/?_x_tr_sl=fr&amp;_x_tr_tl=no&amp;_x_tr_hl=fr&amp;_x_tr_pto=wapp\">til, mat og alkoholfri<\/a><\/li>\n\n\n\n<li><a href=\"https:\/\/antironflement.org\/index.php\/nb\/2023\/07\/10\/onh-spesialist-i-sovn-og-kirurgi\/\">R\u00e5df\u00f8r deg med \u00d8NH, med mulig intervensjon<\/a><\/li>\n<\/ul>\n\n\n\n<h2 class=\"wp-block-heading\">3\/ Analyser resultatene<\/h2>\n\n\n<div class=\"wp-block-image\">\n<figure class=\"aligncenter is-resized\"><img decoding=\"async\" width=\"951\" height=\"474\" src=\"https:\/\/antironflement.org\/wp-content\/uploads\/2023\/06\/analyse-du-sommeil.jpg\" alt=\"\" class=\"wp-image-1488\" style=\"width:535px;height:266px\" srcset=\"https:\/\/antironflement.org\/wp-content\/uploads\/2023\/06\/analyse-du-sommeil.jpg 951w, https:\/\/antironflement.org\/wp-content\/uploads\/2023\/06\/analyse-du-sommeil-300x150.jpg 300w, https:\/\/antironflement.org\/wp-content\/uploads\/2023\/06\/analyse-du-sommeil-768x383.jpg 768w, https:\/\/antironflement.org\/wp-content\/uploads\/2023\/06\/analyse-du-sommeil-600x299.jpg 600w\" sizes=\"(max-width: 951px) 100vw, 951px\" \/><\/figure>\n<\/div>\n\n\n<p>Denne delen er veldig viktig og vil ta tid.&nbsp;Det vil ogs\u00e5 v\u00e6re n\u00f8dvendig \u00e5 sammenligne med sammenlignbare situasjoner (ikke trekk forhastede konklusjoner hvis et resultat ikke er avgj\u00f8rende etter et gigantisk og godt vannet m\u00e5ltid!).<\/p>\n\n\n\n<p>Testen m\u00e5 ogs\u00e5 gjennomf\u00f8res over en periode p\u00e5 minimum en uke for \u00e5 trekke ut et gjennomsnitt.<\/p>\n\n\n\n<p>Det beste er ogs\u00e5 \u00e5 alternere l\u00f8sningene, eller \u00e5 gj\u00f8re netter uten noe da med&#8230; Ved \u00e5 fortsette p\u00e5 denne m\u00e5ten i samme periode, fysisk identisk, vil du f\u00e5 en utmerket sammenligning.<\/p>\n\n\n\n<p>Bedre enn partnerens \u00abfeedback\u00bb, bruk en app som registrerer og analyserer snorkingen din hele natten lang.<\/p>\n\n\n\n<p>For eksempel, Snoreclock:<\/p>\n\n\n\n<p><a href=\"https:\/\/play.google.com\/store\/apps\/details?id=de.ralphsapps.snorecontrol&amp;hl=fr_CH&amp;gl=US\">For Android, her<\/a><\/p>\n\n\n\n<p><a href=\"https:\/\/apps.apple.com\/fr\/app\/snoreclock-vous-ronflez\/id673980122\">Og IOS, her<\/a><\/p>\n\n\n\n<h2 class=\"wp-block-heading\">4\/ Hold ut!<\/h2>\n\n\n<div class=\"wp-block-image\">\n<figure class=\"aligncenter is-resized\"><img decoding=\"async\" width=\"1024\" height=\"898\" src=\"https:\/\/antironflement.org\/wp-content\/uploads\/2023\/06\/image-de-perseverance-solutions-anti-ronflements.jpg\" alt=\"\" class=\"wp-image-1517\" style=\"width:432px;height:378px\" srcset=\"https:\/\/antironflement.org\/wp-content\/uploads\/2023\/06\/image-de-perseverance-solutions-anti-ronflements.jpg 1024w, https:\/\/antironflement.org\/wp-content\/uploads\/2023\/06\/image-de-perseverance-solutions-anti-ronflements-300x263.jpg 300w, https:\/\/antironflement.org\/wp-content\/uploads\/2023\/06\/image-de-perseverance-solutions-anti-ronflements-768x674.jpg 768w, https:\/\/antironflement.org\/wp-content\/uploads\/2023\/06\/image-de-perseverance-solutions-anti-ronflements-600x526.jpg 600w\" sizes=\"(max-width: 1024px) 100vw, 1024px\" \/><\/figure>\n<\/div>\n\n\n<p>Mellom fiasko og en varig l\u00f8sning, ligger forskjellen ofte i din evne til \u00e5 holde ut.<\/p>\n\n\n\n<p>Eksempel: \u00e5 bruke ortose hele natten er ikke hyggelig (men da ikke i det hele tatt!) den f\u00f8rste natten.<\/p>\n\n\n\n<p>S\u00e5 i l\u00f8pet av vannet blir du vant til det, for p\u00e5 et tidspunkt f\u00f8ler du det ikke lenger.<\/p>\n\n\n\n<p>Kontaktlinsebrukere har opplevd dette.<\/p>\n","protected":false},"excerpt":{"rendered":"<p>1\/ Bestem f\u00f8rst hvorfor du snorker Se min \u00a0\u00bb&nbsp;&nbsp;\u00c5rsaker&nbsp;\u00ab\u00a0-siden, det er mange av dem, og vi er alle forskjellige. For \u00e5 finne de riktige l\u00f8sningene FOR DEG, m\u00e5 du derfor stille riktig diagnose. En konsultasjon med en \u00d8NH-s\u00f8vnspesialist vil hjelpe deg. 2\/ Fortsett deretter til dine egne tester, med l\u00f8sninger eller produkter som er virkelig effektive (med gode kundeanmeldelser) L\u00f8sninger som fungerer: Ved kj\u00f8p av produkter: Uten produkter: 3\/ Analyser resultatene Denne delen er veldig viktig og vil ta tid.&nbsp;Det vil ogs\u00e5 v\u00e6re n\u00f8dvendig \u00e5 sammenligne med sammenlignbare situasjoner (ikke trekk forhastede konklusjoner hvis et resultat ikke er avgj\u00f8rende etter et gigantisk og godt vannet m\u00e5ltid!). Testen m\u00e5 ogs\u00e5 gjennomf\u00f8res over en periode p\u00e5 minimum en uke for \u00e5 trekke ut et gjennomsnitt. Det beste er ogs\u00e5 \u00e5 alternere l\u00f8sningene, eller \u00e5 gj\u00f8re netter uten noe da med&#8230; Ved \u00e5 fortsette p\u00e5 denne m\u00e5ten i samme periode, fysisk identisk, vil du f\u00e5 en utmerket sammenligning. Bedre enn partnerens \u00abfeedback\u00bb, bruk en app som registrerer og analyserer snorkingen din hele natten lang. For eksempel, Snoreclock: For Android, her Og IOS, her 4\/ Hold ut! Mellom fiasko og en varig l\u00f8sning, ligger forskjellen ofte i din evne til \u00e5 holde ut. Eksempel: \u00e5 bruke ortose hele natten er ikke hyggelig (men da ikke i det hele tatt!) den f\u00f8rste natten. S\u00e5 i l\u00f8pet av vannet blir du vant til det, for p\u00e5 et tidspunkt f\u00f8ler du det ikke lenger. Kontaktlinsebrukere har opplevd dette.<\/p>\n","protected":false},"author":2,"featured_media":0,"parent":0,"menu_order":0,"comment_status":"closed","ping_status":"closed","template":"","meta":{"two_page_speed":[],"footnotes":""},"class_list":["post-3299","page","type-page","status-publish","hentry"],"yoast_head":"<!-- This site is optimized with the Yoast SEO plugin v27.4 - https:\/\/yoast.com\/product\/yoast-seo-wordpress\/ -->\n<title>l\u00f8sninger mot snorking - Anti Ronflement<\/title>\n<meta name=\"robots\" content=\"index, follow, max-snippet:-1, max-image-preview:large, max-video-preview:-1\" \/>\n<link rel=\"canonical\" href=\"https:\/\/antironflement.org\/index.php\/nb\/losninger-mot-snorking\/\" \/>\n<meta property=\"og:locale\" content=\"fr_FR\" \/>\n<meta property=\"og:type\" content=\"article\" \/>\n<meta property=\"og:title\" content=\"l\u00f8sninger mot snorking - Anti Ronflement\" \/>\n<meta property=\"og:description\" content=\"1\/ Bestem f\u00f8rst hvorfor du snorker Se min \u00a0\u00bb&nbsp;&nbsp;\u00c5rsaker&nbsp;\u00ab\u00a0-siden, det er mange av dem, og vi er alle forskjellige. For \u00e5 finne de riktige l\u00f8sningene FOR DEG, m\u00e5 du derfor stille riktig diagnose. En konsultasjon med en \u00d8NH-s\u00f8vnspesialist vil hjelpe deg. 2\/ Fortsett deretter til dine egne tester, med l\u00f8sninger eller produkter som er virkelig effektive (med gode kundeanmeldelser) L\u00f8sninger som fungerer: Ved kj\u00f8p av produkter: Uten produkter: 3\/ Analyser resultatene Denne delen er veldig viktig og vil ta tid.&nbsp;Det vil ogs\u00e5 v\u00e6re n\u00f8dvendig \u00e5 sammenligne med sammenlignbare situasjoner (ikke trekk forhastede konklusjoner hvis et resultat ikke er avgj\u00f8rende etter et gigantisk og godt vannet m\u00e5ltid!). Testen m\u00e5 ogs\u00e5 gjennomf\u00f8res over en periode p\u00e5 minimum en uke for \u00e5 trekke ut et gjennomsnitt. Det beste er ogs\u00e5 \u00e5 alternere l\u00f8sningene, eller \u00e5 gj\u00f8re netter uten noe da med&#8230; Ved \u00e5 fortsette p\u00e5 denne m\u00e5ten i samme periode, fysisk identisk, vil du f\u00e5 en utmerket sammenligning. Bedre enn partnerens \u00abfeedback\u00bb, bruk en app som registrerer og analyserer snorkingen din hele natten lang. For eksempel, Snoreclock: For Android, her Og IOS, her 4\/ Hold ut! Mellom fiasko og en varig l\u00f8sning, ligger forskjellen ofte i din evne til \u00e5 holde ut. Eksempel: \u00e5 bruke ortose hele natten er ikke hyggelig (men da ikke i det hele tatt!) den f\u00f8rste natten. S\u00e5 i l\u00f8pet av vannet blir du vant til det, for p\u00e5 et tidspunkt f\u00f8ler du det ikke lenger. Kontaktlinsebrukere har opplevd dette.\" \/>\n<meta property=\"og:url\" content=\"https:\/\/antironflement.org\/index.php\/nb\/losninger-mot-snorking\/\" \/>\n<meta property=\"og:site_name\" content=\"Anti Ronflement\" \/>\n<meta property=\"article:modified_time\" content=\"2024-08-14T22:10:42+00:00\" \/>\n<meta property=\"og:image\" content=\"https:\/\/antironflement.org\/wp-content\/uploads\/2023\/06\/ORL-sommeil-diagnostique.jpg\" \/>\n<meta name=\"twitter:card\" content=\"summary_large_image\" \/>\n<meta name=\"twitter:label1\" content=\"Dur\u00e9e de lecture estim\u00e9e\" \/>\n\t<meta name=\"twitter:data1\" content=\"3 minutes\" \/>\n<script type=\"application\/ld+json\" class=\"yoast-schema-graph\">{\"@context\":\"https:\\\/\\\/schema.org\",\"@graph\":[{\"@type\":\"WebPage\",\"@id\":\"https:\\\/\\\/antironflement.org\\\/index.php\\\/nb\\\/losninger-mot-snorking\\\/\",\"url\":\"https:\\\/\\\/antironflement.org\\\/index.php\\\/nb\\\/losninger-mot-snorking\\\/\",\"name\":\"l\u00f8sninger mot snorking - Anti Ronflement\",\"isPartOf\":{\"@id\":\"https:\\\/\\\/antironflement.org\\\/#website\"},\"primaryImageOfPage\":{\"@id\":\"https:\\\/\\\/antironflement.org\\\/index.php\\\/nb\\\/losninger-mot-snorking\\\/#primaryimage\"},\"image\":{\"@id\":\"https:\\\/\\\/antironflement.org\\\/index.php\\\/nb\\\/losninger-mot-snorking\\\/#primaryimage\"},\"thumbnailUrl\":\"https:\\\/\\\/antironflement.org\\\/wp-content\\\/uploads\\\/2023\\\/06\\\/ORL-sommeil-diagnostique.jpg\",\"datePublished\":\"2023-07-09T18:36:19+00:00\",\"dateModified\":\"2024-08-14T22:10:42+00:00\",\"breadcrumb\":{\"@id\":\"https:\\\/\\\/antironflement.org\\\/index.php\\\/nb\\\/losninger-mot-snorking\\\/#breadcrumb\"},\"inLanguage\":\"fr-FR\",\"potentialAction\":[{\"@type\":\"ReadAction\",\"target\":[\"https:\\\/\\\/antironflement.org\\\/index.php\\\/nb\\\/losninger-mot-snorking\\\/\"]}]},{\"@type\":\"ImageObject\",\"inLanguage\":\"fr-FR\",\"@id\":\"https:\\\/\\\/antironflement.org\\\/index.php\\\/nb\\\/losninger-mot-snorking\\\/#primaryimage\",\"url\":\"https:\\\/\\\/antironflement.org\\\/wp-content\\\/uploads\\\/2023\\\/06\\\/ORL-sommeil-diagnostique.jpg\",\"contentUrl\":\"https:\\\/\\\/antironflement.org\\\/wp-content\\\/uploads\\\/2023\\\/06\\\/ORL-sommeil-diagnostique.jpg\",\"width\":1024,\"height\":967},{\"@type\":\"BreadcrumbList\",\"@id\":\"https:\\\/\\\/antironflement.org\\\/index.php\\\/nb\\\/losninger-mot-snorking\\\/#breadcrumb\",\"itemListElement\":[{\"@type\":\"ListItem\",\"position\":1,\"name\":\"Accueil\",\"item\":\"https:\\\/\\\/antironflement.org\\\/index.php\\\/en\\\/\"},{\"@type\":\"ListItem\",\"position\":2,\"name\":\"l\u00f8sninger mot snorking\"}]},{\"@type\":\"WebSite\",\"@id\":\"https:\\\/\\\/antironflement.org\\\/#website\",\"url\":\"https:\\\/\\\/antironflement.org\\\/\",\"name\":\"Anti Ronflement\",\"description\":\"Avis et tests des solutions pour moins ronfler\",\"publisher\":{\"@id\":\"https:\\\/\\\/antironflement.org\\\/#organization\"},\"potentialAction\":[{\"@type\":\"SearchAction\",\"target\":{\"@type\":\"EntryPoint\",\"urlTemplate\":\"https:\\\/\\\/antironflement.org\\\/?s={search_term_string}\"},\"query-input\":{\"@type\":\"PropertyValueSpecification\",\"valueRequired\":true,\"valueName\":\"search_term_string\"}}],\"inLanguage\":\"fr-FR\"},{\"@type\":\"Organization\",\"@id\":\"https:\\\/\\\/antironflement.org\\\/#organization\",\"name\":\"Anti Ronflement\",\"url\":\"https:\\\/\\\/antironflement.org\\\/\",\"logo\":{\"@type\":\"ImageObject\",\"inLanguage\":\"fr-FR\",\"@id\":\"https:\\\/\\\/antironflement.org\\\/#\\\/schema\\\/logo\\\/image\\\/\",\"url\":\"https:\\\/\\\/antironflement.org\\\/wp-content\\\/uploads\\\/2022\\\/04\\\/antironflementlogotopgris.webp\",\"contentUrl\":\"https:\\\/\\\/antironflement.org\\\/wp-content\\\/uploads\\\/2022\\\/04\\\/antironflementlogotopgris.webp\",\"width\":450,\"height\":200,\"caption\":\"Anti Ronflement\"},\"image\":{\"@id\":\"https:\\\/\\\/antironflement.org\\\/#\\\/schema\\\/logo\\\/image\\\/\"}}]}<\/script>\n<!-- \/ Yoast SEO plugin. -->","yoast_head_json":{"title":"l\u00f8sninger mot snorking - Anti Ronflement","robots":{"index":"index","follow":"follow","max-snippet":"max-snippet:-1","max-image-preview":"max-image-preview:large","max-video-preview":"max-video-preview:-1"},"canonical":"https:\/\/antironflement.org\/index.php\/nb\/losninger-mot-snorking\/","og_locale":"fr_FR","og_type":"article","og_title":"l\u00f8sninger mot snorking - Anti Ronflement","og_description":"1\/ Bestem f\u00f8rst hvorfor du snorker Se min \u00a0\u00bb&nbsp;&nbsp;\u00c5rsaker&nbsp;\u00ab\u00a0-siden, det er mange av dem, og vi er alle forskjellige. For \u00e5 finne de riktige l\u00f8sningene FOR DEG, m\u00e5 du derfor stille riktig diagnose. En konsultasjon med en \u00d8NH-s\u00f8vnspesialist vil hjelpe deg. 2\/ Fortsett deretter til dine egne tester, med l\u00f8sninger eller produkter som er virkelig effektive (med gode kundeanmeldelser) L\u00f8sninger som fungerer: Ved kj\u00f8p av produkter: Uten produkter: 3\/ Analyser resultatene Denne delen er veldig viktig og vil ta tid.&nbsp;Det vil ogs\u00e5 v\u00e6re n\u00f8dvendig \u00e5 sammenligne med sammenlignbare situasjoner (ikke trekk forhastede konklusjoner hvis et resultat ikke er avgj\u00f8rende etter et gigantisk og godt vannet m\u00e5ltid!). Testen m\u00e5 ogs\u00e5 gjennomf\u00f8res over en periode p\u00e5 minimum en uke for \u00e5 trekke ut et gjennomsnitt. Det beste er ogs\u00e5 \u00e5 alternere l\u00f8sningene, eller \u00e5 gj\u00f8re netter uten noe da med&#8230; Ved \u00e5 fortsette p\u00e5 denne m\u00e5ten i samme periode, fysisk identisk, vil du f\u00e5 en utmerket sammenligning. Bedre enn partnerens \u00abfeedback\u00bb, bruk en app som registrerer og analyserer snorkingen din hele natten lang. For eksempel, Snoreclock: For Android, her Og IOS, her 4\/ Hold ut! Mellom fiasko og en varig l\u00f8sning, ligger forskjellen ofte i din evne til \u00e5 holde ut. Eksempel: \u00e5 bruke ortose hele natten er ikke hyggelig (men da ikke i det hele tatt!) den f\u00f8rste natten. S\u00e5 i l\u00f8pet av vannet blir du vant til det, for p\u00e5 et tidspunkt f\u00f8ler du det ikke lenger. Kontaktlinsebrukere har opplevd dette.","og_url":"https:\/\/antironflement.org\/index.php\/nb\/losninger-mot-snorking\/","og_site_name":"Anti Ronflement","article_modified_time":"2024-08-14T22:10:42+00:00","og_image":[{"url":"https:\/\/antironflement.org\/wp-content\/uploads\/2023\/06\/ORL-sommeil-diagnostique.jpg","type":"","width":"","height":""}],"twitter_card":"summary_large_image","twitter_misc":{"Dur\u00e9e de lecture estim\u00e9e":"3 minutes"},"schema":{"@context":"https:\/\/schema.org","@graph":[{"@type":"WebPage","@id":"https:\/\/antironflement.org\/index.php\/nb\/losninger-mot-snorking\/","url":"https:\/\/antironflement.org\/index.php\/nb\/losninger-mot-snorking\/","name":"l\u00f8sninger mot snorking - Anti Ronflement","isPartOf":{"@id":"https:\/\/antironflement.org\/#website"},"primaryImageOfPage":{"@id":"https:\/\/antironflement.org\/index.php\/nb\/losninger-mot-snorking\/#primaryimage"},"image":{"@id":"https:\/\/antironflement.org\/index.php\/nb\/losninger-mot-snorking\/#primaryimage"},"thumbnailUrl":"https:\/\/antironflement.org\/wp-content\/uploads\/2023\/06\/ORL-sommeil-diagnostique.jpg","datePublished":"2023-07-09T18:36:19+00:00","dateModified":"2024-08-14T22:10:42+00:00","breadcrumb":{"@id":"https:\/\/antironflement.org\/index.php\/nb\/losninger-mot-snorking\/#breadcrumb"},"inLanguage":"fr-FR","potentialAction":[{"@type":"ReadAction","target":["https:\/\/antironflement.org\/index.php\/nb\/losninger-mot-snorking\/"]}]},{"@type":"ImageObject","inLanguage":"fr-FR","@id":"https:\/\/antironflement.org\/index.php\/nb\/losninger-mot-snorking\/#primaryimage","url":"https:\/\/antironflement.org\/wp-content\/uploads\/2023\/06\/ORL-sommeil-diagnostique.jpg","contentUrl":"https:\/\/antironflement.org\/wp-content\/uploads\/2023\/06\/ORL-sommeil-diagnostique.jpg","width":1024,"height":967},{"@type":"BreadcrumbList","@id":"https:\/\/antironflement.org\/index.php\/nb\/losninger-mot-snorking\/#breadcrumb","itemListElement":[{"@type":"ListItem","position":1,"name":"Accueil","item":"https:\/\/antironflement.org\/index.php\/en\/"},{"@type":"ListItem","position":2,"name":"l\u00f8sninger mot snorking"}]},{"@type":"WebSite","@id":"https:\/\/antironflement.org\/#website","url":"https:\/\/antironflement.org\/","name":"Anti Ronflement","description":"Avis et tests des solutions pour moins ronfler","publisher":{"@id":"https:\/\/antironflement.org\/#organization"},"potentialAction":[{"@type":"SearchAction","target":{"@type":"EntryPoint","urlTemplate":"https:\/\/antironflement.org\/?s={search_term_string}"},"query-input":{"@type":"PropertyValueSpecification","valueRequired":true,"valueName":"search_term_string"}}],"inLanguage":"fr-FR"},{"@type":"Organization","@id":"https:\/\/antironflement.org\/#organization","name":"Anti Ronflement","url":"https:\/\/antironflement.org\/","logo":{"@type":"ImageObject","inLanguage":"fr-FR","@id":"https:\/\/antironflement.org\/#\/schema\/logo\/image\/","url":"https:\/\/antironflement.org\/wp-content\/uploads\/2022\/04\/antironflementlogotopgris.webp","contentUrl":"https:\/\/antironflement.org\/wp-content\/uploads\/2022\/04\/antironflementlogotopgris.webp","width":450,"height":200,"caption":"Anti Ronflement"},"image":{"@id":"https:\/\/antironflement.org\/#\/schema\/logo\/image\/"}}]}},"acf":[],"_links":{"self":[{"href":"https:\/\/antironflement.org\/index.php\/wp-json\/wp\/v2\/pages\/3299","targetHints":{"allow":["GET"]}}],"collection":[{"href":"https:\/\/antironflement.org\/index.php\/wp-json\/wp\/v2\/pages"}],"about":[{"href":"https:\/\/antironflement.org\/index.php\/wp-json\/wp\/v2\/types\/page"}],"author":[{"embeddable":true,"href":"https:\/\/antironflement.org\/index.php\/wp-json\/wp\/v2\/users\/2"}],"replies":[{"embeddable":true,"href":"https:\/\/antironflement.org\/index.php\/wp-json\/wp\/v2\/comments?post=3299"}],"version-history":[{"count":4,"href":"https:\/\/antironflement.org\/index.php\/wp-json\/wp\/v2\/pages\/3299\/revisions"}],"predecessor-version":[{"id":3845,"href":"https:\/\/antironflement.org\/index.php\/wp-json\/wp\/v2\/pages\/3299\/revisions\/3845"}],"wp:attachment":[{"href":"https:\/\/antironflement.org\/index.php\/wp-json\/wp\/v2\/media?parent=3299"}],"curies":[{"name":"wp","href":"https:\/\/api.w.org\/{rel}","templated":true}]}}