{"id":3291,"date":"2023-07-09T20:31:02","date_gmt":"2023-07-09T18:31:02","guid":{"rendered":"https:\/\/antironflement.org\/?page_id=3291"},"modified":"2023-07-10T09:12:34","modified_gmt":"2023-07-10T07:12:34","slug":"hjem-2","status":"publish","type":"page","link":"https:\/\/antironflement.org\/index.php\/nb\/","title":{"rendered":"Hjem"},"content":{"rendered":"\n<h2 class=\"wp-block-heading\">Anmeldelser og tester av l\u00f8sninger for \u00e5 redusere snorking<\/h2>\n\n\n\n<p>Her finner du anmeldelser og tester av anti-snorkel\u00f8sninger.&nbsp;Presentasjon av produkter, teknikker for mindre snorking.<\/p>\n\n\n<div class=\"wp-block-image\">\n<figure class=\"aligncenter\"><img fetchpriority=\"high\" decoding=\"async\" width=\"640\" height=\"427\" src=\"https:\/\/antironflement.org\/wp-content\/uploads\/2022\/03\/Ronflement-couple-2-Small.jpg\" alt=\"par, snorkende mann\" class=\"wp-image-457\" srcset=\"https:\/\/antironflement.org\/wp-content\/uploads\/2022\/03\/Ronflement-couple-2-Small.jpg 640w, https:\/\/antironflement.org\/wp-content\/uploads\/2022\/03\/Ronflement-couple-2-Small-600x400.jpg 600w, https:\/\/antironflement.org\/wp-content\/uploads\/2022\/03\/Ronflement-couple-2-Small-300x200.jpg 300w\" sizes=\"(max-width: 640px) 100vw, 640px\" \/><\/figure>\n<\/div>\n\n\n<h2 class=\"wp-block-heading\">Hvor mange er p\u00e5virket av snorking?<\/h2>\n\n\n\n<p>I f\u00f8lge \u00ab\u00a0American Academy of Otolaryngology\u00a0\u00bb lider 70% av voksne av snorking.<\/p>\n\n\n\n<h2 class=\"wp-block-heading\">Hva er \u00e5rsakene til snorking?<\/h2>\n\n\n\n<p>\u00c5rsakene er flere, livsstil, alkohol, nasal obstruksjon og\/eller avvik, alder, overvekt, s\u00f8vnapn\u00e9, jeg vil diskutere dem i denne bloggen samt l\u00f8sningene som finnes.\u00a0<a href=\"https:\/\/antironflement.org\/index.php\/nb\/arsakene-til-snorking\/\">P\u00e5 denne siden diskuterer jeg \u00e5rsakene<\/a>\u00a0.<\/p>\n\n\n\n<h2 class=\"wp-block-heading\">Hva er konsekvensene av snorking?<\/h2>\n\n\n\n<p>Konsekvensene er ogs\u00e5 forskjellige: d\u00e5rlig s\u00f8vnkvalitet, parproblemer, mulighet for s\u00f8vnapn\u00e9, tretthet&#8230;<\/p>\n\n\n\n<h2 class=\"wp-block-heading\">Hva er l\u00f8sningene for \u00e5 redusere snorking?<\/h2>\n\n\n\n<p>M\u00e5let med denne bloggen er \u00e5 fortelle deg,\u00a0<a href=\"https:\/\/antironflement.org\/index.php\/nb\/om-meg\/\">if\u00f8lge min egen erfaring<\/a>\u00a0, om teknikkene og l\u00f8sningene som har gjort det mulig for meg \u00e5 redusere snorking og forbedre s\u00f8vnkvaliteten min.<br>Du vil finne seksjoner samt redaksjoner\/artikler\/emner, korte, lettleste, om disse omr\u00e5dene, eller om anti-snorkeutstyr, l\u00f8sninger, som jeg har v\u00e6rt i stand til \u00e5 teste.\u00a0Hvilke fungerer, og hvilke som ikke fungerer.<\/p>\n\n\n\n<p>Alle er forskjellige, og denne bloggen kan ikke erstatte, selvf\u00f8lgelig, forholdet mellom deg og en \u00d8NH, s\u00f8vnspesialist (jeg vil ogs\u00e5 nevne behovet for \u00e5 konsultere, n\u00e5r og hvilken type spesialist, og hva de tilb\u00f8d meg).<\/p>\n\n\n\n<p>Jeg h\u00e5per at mine r\u00e5d, min erfaring, vil kunne veilede deg best mulig i din forskning for \u00e5 forbedre kvaliteten p\u00e5 natten, og s\u00f8vnen din.&nbsp;Det kan virkelig forandre livet ditt.<\/p>\n\n\n\n<h2 class=\"wp-block-heading\">Mine favorittprodukter<\/h2>\n\n\n\n<p>Finn ogs\u00e5 produktene jeg bruker til daglig\u00a0i seksjonen \u00a0\u00bb\u00a0<a href=\"https:\/\/antironflement.org\/index.php\/nb\/mine-favorittprodukter-for-a-begrense-snorkingen-din\/\">Mine favorittprodukter \u00ab\u00a0!<\/a><\/p>\n\n\n\n<p>God lesning!<\/p>\n\n\n\n<hr class=\"wp-block-separator has-alpha-channel-opacity\"\/>\n\n\n\n<blockquote class=\"wp-block-quote is-layout-flow wp-block-quote-is-layout-flow\">\n<p><em>\u00ab\u00a0For \u00e5 sikre at du snorker, selv om du er alene, sov du bare p\u00e5 et sted hvor det er et ekko og v\u00e5kner raskt nok til \u00e5 h\u00f8re ekkoet av snorkingen som kommer til deg. kom tilbake.<\/em>\u00ab\u00a0<\/p>\n<cite>Boris Vian<\/cite><\/blockquote>\n","protected":false},"excerpt":{"rendered":"<p>Anmeldelser og tester av l\u00f8sninger for \u00e5 redusere snorking Her finner du anmeldelser og tester av anti-snorkel\u00f8sninger.&nbsp;Presentasjon av produkter, teknikker for mindre snorking. Hvor mange er p\u00e5virket av snorking? I f\u00f8lge \u00ab\u00a0American Academy of Otolaryngology\u00a0\u00bb lider 70% av voksne av snorking. Hva er \u00e5rsakene til snorking? \u00c5rsakene er flere, livsstil, alkohol, nasal obstruksjon og\/eller avvik, alder, overvekt, s\u00f8vnapn\u00e9, jeg vil diskutere dem i denne bloggen samt l\u00f8sningene som finnes.\u00a0P\u00e5 denne siden diskuterer jeg \u00e5rsakene\u00a0. Hva er konsekvensene av snorking? Konsekvensene er ogs\u00e5 forskjellige: d\u00e5rlig s\u00f8vnkvalitet, parproblemer, mulighet for s\u00f8vnapn\u00e9, tretthet&#8230; Hva er l\u00f8sningene for \u00e5 redusere snorking? M\u00e5let med denne bloggen er \u00e5 fortelle deg,\u00a0if\u00f8lge min egen erfaring\u00a0, om teknikkene og l\u00f8sningene som har gjort det mulig for meg \u00e5 redusere snorking og forbedre s\u00f8vnkvaliteten min.Du vil finne seksjoner samt redaksjoner\/artikler\/emner, korte, lettleste, om disse omr\u00e5dene, eller om anti-snorkeutstyr, l\u00f8sninger, som jeg har v\u00e6rt i stand til \u00e5 teste.\u00a0Hvilke fungerer, og hvilke som ikke fungerer. Alle er forskjellige, og denne bloggen kan ikke erstatte, selvf\u00f8lgelig, forholdet mellom deg og en \u00d8NH, s\u00f8vnspesialist (jeg vil ogs\u00e5 nevne behovet for \u00e5 konsultere, n\u00e5r og hvilken type spesialist, og hva de tilb\u00f8d meg). Jeg h\u00e5per at mine r\u00e5d, min erfaring, vil kunne veilede deg best mulig i din forskning for \u00e5 forbedre kvaliteten p\u00e5 natten, og s\u00f8vnen din.&nbsp;Det kan virkelig forandre livet ditt. Mine favorittprodukter Finn ogs\u00e5 produktene jeg bruker til daglig\u00a0i seksjonen \u00a0\u00bb\u00a0Mine favorittprodukter \u00ab\u00a0! God lesning! \u00ab\u00a0For \u00e5 sikre at du snorker, selv om du er alene, sov du bare p\u00e5 et sted hvor det er et ekko og v\u00e5kner raskt nok til \u00e5 h\u00f8re ekkoet av snorkingen som kommer til deg. kom tilbake.\u00ab\u00a0 Boris Vian<\/p>\n","protected":false},"author":2,"featured_media":0,"parent":0,"menu_order":0,"comment_status":"closed","ping_status":"closed","template":"","meta":{"two_page_speed":{"current_score":{"desktop_score":100,"desktop_tti":"0.7\u00a0","mobile_score":95,"mobile_tti":"2.3\u00a0","date":"05.07.2023 12:37:49 pm","status":"completed"}},"footnotes":""},"class_list":["post-3291","page","type-page","status-publish","hentry"],"yoast_head":"<!-- This site is optimized with the Yoast SEO plugin v27.4 - https:\/\/yoast.com\/product\/yoast-seo-wordpress\/ -->\n<title>Hjem - Anti Ronflement<\/title>\n<meta name=\"robots\" content=\"index, follow, max-snippet:-1, max-image-preview:large, max-video-preview:-1\" \/>\n<link rel=\"canonical\" href=\"https:\/\/antironflement.org\/index.php\/nb\/\" \/>\n<meta property=\"og:locale\" content=\"fr_FR\" \/>\n<meta property=\"og:type\" content=\"article\" \/>\n<meta property=\"og:title\" content=\"Hjem - Anti Ronflement\" \/>\n<meta property=\"og:description\" content=\"Anmeldelser og tester av l\u00f8sninger for \u00e5 redusere snorking Her finner du anmeldelser og tester av anti-snorkel\u00f8sninger.&nbsp;Presentasjon av produkter, teknikker for mindre snorking. Hvor mange er p\u00e5virket av snorking? I f\u00f8lge \u00ab\u00a0American Academy of Otolaryngology\u00a0\u00bb lider 70% av voksne av snorking. Hva er \u00e5rsakene til snorking? \u00c5rsakene er flere, livsstil, alkohol, nasal obstruksjon og\/eller avvik, alder, overvekt, s\u00f8vnapn\u00e9, jeg vil diskutere dem i denne bloggen samt l\u00f8sningene som finnes.\u00a0P\u00e5 denne siden diskuterer jeg \u00e5rsakene\u00a0. Hva er konsekvensene av snorking? Konsekvensene er ogs\u00e5 forskjellige: d\u00e5rlig s\u00f8vnkvalitet, parproblemer, mulighet for s\u00f8vnapn\u00e9, tretthet&#8230; Hva er l\u00f8sningene for \u00e5 redusere snorking? M\u00e5let med denne bloggen er \u00e5 fortelle deg,\u00a0if\u00f8lge min egen erfaring\u00a0, om teknikkene og l\u00f8sningene som har gjort det mulig for meg \u00e5 redusere snorking og forbedre s\u00f8vnkvaliteten min.Du vil finne seksjoner samt redaksjoner\/artikler\/emner, korte, lettleste, om disse omr\u00e5dene, eller om anti-snorkeutstyr, l\u00f8sninger, som jeg har v\u00e6rt i stand til \u00e5 teste.\u00a0Hvilke fungerer, og hvilke som ikke fungerer. Alle er forskjellige, og denne bloggen kan ikke erstatte, selvf\u00f8lgelig, forholdet mellom deg og en \u00d8NH, s\u00f8vnspesialist (jeg vil ogs\u00e5 nevne behovet for \u00e5 konsultere, n\u00e5r og hvilken type spesialist, og hva de tilb\u00f8d meg). Jeg h\u00e5per at mine r\u00e5d, min erfaring, vil kunne veilede deg best mulig i din forskning for \u00e5 forbedre kvaliteten p\u00e5 natten, og s\u00f8vnen din.&nbsp;Det kan virkelig forandre livet ditt. Mine favorittprodukter Finn ogs\u00e5 produktene jeg bruker til daglig\u00a0i seksjonen \u00a0\u00bb\u00a0Mine favorittprodukter \u00ab\u00a0! God lesning! \u00ab\u00a0For \u00e5 sikre at du snorker, selv om du er alene, sov du bare p\u00e5 et sted hvor det er et ekko og v\u00e5kner raskt nok til \u00e5 h\u00f8re ekkoet av snorkingen som kommer til deg. kom tilbake.\u00ab\u00a0 Boris Vian\" \/>\n<meta property=\"og:url\" content=\"https:\/\/antironflement.org\/index.php\/nb\/\" \/>\n<meta property=\"og:site_name\" content=\"Anti Ronflement\" \/>\n<meta property=\"article:modified_time\" content=\"2023-07-10T07:12:34+00:00\" \/>\n<meta property=\"og:image\" content=\"https:\/\/antironflement.org\/wp-content\/uploads\/2022\/03\/Ronflement-couple-2-Small.jpg\" \/>\n<meta name=\"twitter:card\" content=\"summary_large_image\" \/>\n<meta name=\"twitter:label1\" content=\"Dur\u00e9e de lecture estim\u00e9e\" \/>\n\t<meta name=\"twitter:data1\" content=\"2 minutes\" \/>\n<script type=\"application\/ld+json\" class=\"yoast-schema-graph\">{\"@context\":\"https:\\\/\\\/schema.org\",\"@graph\":[{\"@type\":\"WebPage\",\"@id\":\"https:\\\/\\\/antironflement.org\\\/index.php\\\/nb\\\/\",\"url\":\"https:\\\/\\\/antironflement.org\\\/index.php\\\/nb\\\/\",\"name\":\"Hjem - Anti Ronflement\",\"isPartOf\":{\"@id\":\"https:\\\/\\\/antironflement.org\\\/#website\"},\"primaryImageOfPage\":{\"@id\":\"https:\\\/\\\/antironflement.org\\\/index.php\\\/nb\\\/#primaryimage\"},\"image\":{\"@id\":\"https:\\\/\\\/antironflement.org\\\/index.php\\\/nb\\\/#primaryimage\"},\"thumbnailUrl\":\"https:\\\/\\\/antironflement.org\\\/wp-content\\\/uploads\\\/2022\\\/03\\\/Ronflement-couple-2-Small.jpg\",\"datePublished\":\"2023-07-09T18:31:02+00:00\",\"dateModified\":\"2023-07-10T07:12:34+00:00\",\"breadcrumb\":{\"@id\":\"https:\\\/\\\/antironflement.org\\\/index.php\\\/nb\\\/#breadcrumb\"},\"inLanguage\":\"fr-FR\",\"potentialAction\":[{\"@type\":\"ReadAction\",\"target\":[\"https:\\\/\\\/antironflement.org\\\/index.php\\\/nb\\\/\"]}]},{\"@type\":\"ImageObject\",\"inLanguage\":\"fr-FR\",\"@id\":\"https:\\\/\\\/antironflement.org\\\/index.php\\\/nb\\\/#primaryimage\",\"url\":\"https:\\\/\\\/antironflement.org\\\/wp-content\\\/uploads\\\/2022\\\/03\\\/Ronflement-couple-2-Small.jpg\",\"contentUrl\":\"https:\\\/\\\/antironflement.org\\\/wp-content\\\/uploads\\\/2022\\\/03\\\/Ronflement-couple-2-Small.jpg\",\"width\":640,\"height\":427},{\"@type\":\"BreadcrumbList\",\"@id\":\"https:\\\/\\\/antironflement.org\\\/index.php\\\/nb\\\/#breadcrumb\",\"itemListElement\":[{\"@type\":\"ListItem\",\"position\":1,\"name\":\"Accueil\",\"item\":\"https:\\\/\\\/antironflement.org\\\/index.php\\\/en\\\/\"},{\"@type\":\"ListItem\",\"position\":2,\"name\":\"Hjem\"}]},{\"@type\":\"WebSite\",\"@id\":\"https:\\\/\\\/antironflement.org\\\/#website\",\"url\":\"https:\\\/\\\/antironflement.org\\\/\",\"name\":\"Anti Ronflement\",\"description\":\"Avis et tests des solutions pour moins ronfler\",\"publisher\":{\"@id\":\"https:\\\/\\\/antironflement.org\\\/#organization\"},\"potentialAction\":[{\"@type\":\"SearchAction\",\"target\":{\"@type\":\"EntryPoint\",\"urlTemplate\":\"https:\\\/\\\/antironflement.org\\\/?s={search_term_string}\"},\"query-input\":{\"@type\":\"PropertyValueSpecification\",\"valueRequired\":true,\"valueName\":\"search_term_string\"}}],\"inLanguage\":\"fr-FR\"},{\"@type\":\"Organization\",\"@id\":\"https:\\\/\\\/antironflement.org\\\/#organization\",\"name\":\"Anti Ronflement\",\"url\":\"https:\\\/\\\/antironflement.org\\\/\",\"logo\":{\"@type\":\"ImageObject\",\"inLanguage\":\"fr-FR\",\"@id\":\"https:\\\/\\\/antironflement.org\\\/#\\\/schema\\\/logo\\\/image\\\/\",\"url\":\"https:\\\/\\\/antironflement.org\\\/wp-content\\\/uploads\\\/2022\\\/04\\\/antironflementlogotopgris.webp\",\"contentUrl\":\"https:\\\/\\\/antironflement.org\\\/wp-content\\\/uploads\\\/2022\\\/04\\\/antironflementlogotopgris.webp\",\"width\":450,\"height\":200,\"caption\":\"Anti Ronflement\"},\"image\":{\"@id\":\"https:\\\/\\\/antironflement.org\\\/#\\\/schema\\\/logo\\\/image\\\/\"}}]}<\/script>\n<!-- \/ Yoast SEO plugin. -->","yoast_head_json":{"title":"Hjem - Anti Ronflement","robots":{"index":"index","follow":"follow","max-snippet":"max-snippet:-1","max-image-preview":"max-image-preview:large","max-video-preview":"max-video-preview:-1"},"canonical":"https:\/\/antironflement.org\/index.php\/nb\/","og_locale":"fr_FR","og_type":"article","og_title":"Hjem - Anti Ronflement","og_description":"Anmeldelser og tester av l\u00f8sninger for \u00e5 redusere snorking Her finner du anmeldelser og tester av anti-snorkel\u00f8sninger.&nbsp;Presentasjon av produkter, teknikker for mindre snorking. Hvor mange er p\u00e5virket av snorking? I f\u00f8lge \u00ab\u00a0American Academy of Otolaryngology\u00a0\u00bb lider 70% av voksne av snorking. Hva er \u00e5rsakene til snorking? \u00c5rsakene er flere, livsstil, alkohol, nasal obstruksjon og\/eller avvik, alder, overvekt, s\u00f8vnapn\u00e9, jeg vil diskutere dem i denne bloggen samt l\u00f8sningene som finnes.\u00a0P\u00e5 denne siden diskuterer jeg \u00e5rsakene\u00a0. Hva er konsekvensene av snorking? Konsekvensene er ogs\u00e5 forskjellige: d\u00e5rlig s\u00f8vnkvalitet, parproblemer, mulighet for s\u00f8vnapn\u00e9, tretthet&#8230; Hva er l\u00f8sningene for \u00e5 redusere snorking? M\u00e5let med denne bloggen er \u00e5 fortelle deg,\u00a0if\u00f8lge min egen erfaring\u00a0, om teknikkene og l\u00f8sningene som har gjort det mulig for meg \u00e5 redusere snorking og forbedre s\u00f8vnkvaliteten min.Du vil finne seksjoner samt redaksjoner\/artikler\/emner, korte, lettleste, om disse omr\u00e5dene, eller om anti-snorkeutstyr, l\u00f8sninger, som jeg har v\u00e6rt i stand til \u00e5 teste.\u00a0Hvilke fungerer, og hvilke som ikke fungerer. Alle er forskjellige, og denne bloggen kan ikke erstatte, selvf\u00f8lgelig, forholdet mellom deg og en \u00d8NH, s\u00f8vnspesialist (jeg vil ogs\u00e5 nevne behovet for \u00e5 konsultere, n\u00e5r og hvilken type spesialist, og hva de tilb\u00f8d meg). Jeg h\u00e5per at mine r\u00e5d, min erfaring, vil kunne veilede deg best mulig i din forskning for \u00e5 forbedre kvaliteten p\u00e5 natten, og s\u00f8vnen din.&nbsp;Det kan virkelig forandre livet ditt. Mine favorittprodukter Finn ogs\u00e5 produktene jeg bruker til daglig\u00a0i seksjonen \u00a0\u00bb\u00a0Mine favorittprodukter \u00ab\u00a0! God lesning! \u00ab\u00a0For \u00e5 sikre at du snorker, selv om du er alene, sov du bare p\u00e5 et sted hvor det er et ekko og v\u00e5kner raskt nok til \u00e5 h\u00f8re ekkoet av snorkingen som kommer til deg. kom tilbake.\u00ab\u00a0 Boris Vian","og_url":"https:\/\/antironflement.org\/index.php\/nb\/","og_site_name":"Anti Ronflement","article_modified_time":"2023-07-10T07:12:34+00:00","og_image":[{"url":"https:\/\/antironflement.org\/wp-content\/uploads\/2022\/03\/Ronflement-couple-2-Small.jpg","type":"","width":"","height":""}],"twitter_card":"summary_large_image","twitter_misc":{"Dur\u00e9e de lecture estim\u00e9e":"2 minutes"},"schema":{"@context":"https:\/\/schema.org","@graph":[{"@type":"WebPage","@id":"https:\/\/antironflement.org\/index.php\/nb\/","url":"https:\/\/antironflement.org\/index.php\/nb\/","name":"Hjem - Anti Ronflement","isPartOf":{"@id":"https:\/\/antironflement.org\/#website"},"primaryImageOfPage":{"@id":"https:\/\/antironflement.org\/index.php\/nb\/#primaryimage"},"image":{"@id":"https:\/\/antironflement.org\/index.php\/nb\/#primaryimage"},"thumbnailUrl":"https:\/\/antironflement.org\/wp-content\/uploads\/2022\/03\/Ronflement-couple-2-Small.jpg","datePublished":"2023-07-09T18:31:02+00:00","dateModified":"2023-07-10T07:12:34+00:00","breadcrumb":{"@id":"https:\/\/antironflement.org\/index.php\/nb\/#breadcrumb"},"inLanguage":"fr-FR","potentialAction":[{"@type":"ReadAction","target":["https:\/\/antironflement.org\/index.php\/nb\/"]}]},{"@type":"ImageObject","inLanguage":"fr-FR","@id":"https:\/\/antironflement.org\/index.php\/nb\/#primaryimage","url":"https:\/\/antironflement.org\/wp-content\/uploads\/2022\/03\/Ronflement-couple-2-Small.jpg","contentUrl":"https:\/\/antironflement.org\/wp-content\/uploads\/2022\/03\/Ronflement-couple-2-Small.jpg","width":640,"height":427},{"@type":"BreadcrumbList","@id":"https:\/\/antironflement.org\/index.php\/nb\/#breadcrumb","itemListElement":[{"@type":"ListItem","position":1,"name":"Accueil","item":"https:\/\/antironflement.org\/index.php\/en\/"},{"@type":"ListItem","position":2,"name":"Hjem"}]},{"@type":"WebSite","@id":"https:\/\/antironflement.org\/#website","url":"https:\/\/antironflement.org\/","name":"Anti Ronflement","description":"Avis et tests des solutions pour moins ronfler","publisher":{"@id":"https:\/\/antironflement.org\/#organization"},"potentialAction":[{"@type":"SearchAction","target":{"@type":"EntryPoint","urlTemplate":"https:\/\/antironflement.org\/?s={search_term_string}"},"query-input":{"@type":"PropertyValueSpecification","valueRequired":true,"valueName":"search_term_string"}}],"inLanguage":"fr-FR"},{"@type":"Organization","@id":"https:\/\/antironflement.org\/#organization","name":"Anti Ronflement","url":"https:\/\/antironflement.org\/","logo":{"@type":"ImageObject","inLanguage":"fr-FR","@id":"https:\/\/antironflement.org\/#\/schema\/logo\/image\/","url":"https:\/\/antironflement.org\/wp-content\/uploads\/2022\/04\/antironflementlogotopgris.webp","contentUrl":"https:\/\/antironflement.org\/wp-content\/uploads\/2022\/04\/antironflementlogotopgris.webp","width":450,"height":200,"caption":"Anti Ronflement"},"image":{"@id":"https:\/\/antironflement.org\/#\/schema\/logo\/image\/"}}]}},"acf":[],"_links":{"self":[{"href":"https:\/\/antironflement.org\/index.php\/wp-json\/wp\/v2\/pages\/3291","targetHints":{"allow":["GET"]}}],"collection":[{"href":"https:\/\/antironflement.org\/index.php\/wp-json\/wp\/v2\/pages"}],"about":[{"href":"https:\/\/antironflement.org\/index.php\/wp-json\/wp\/v2\/types\/page"}],"author":[{"embeddable":true,"href":"https:\/\/antironflement.org\/index.php\/wp-json\/wp\/v2\/users\/2"}],"replies":[{"embeddable":true,"href":"https:\/\/antironflement.org\/index.php\/wp-json\/wp\/v2\/comments?post=3291"}],"version-history":[{"count":2,"href":"https:\/\/antironflement.org\/index.php\/wp-json\/wp\/v2\/pages\/3291\/revisions"}],"predecessor-version":[{"id":3402,"href":"https:\/\/antironflement.org\/index.php\/wp-json\/wp\/v2\/pages\/3291\/revisions\/3402"}],"wp:attachment":[{"href":"https:\/\/antironflement.org\/index.php\/wp-json\/wp\/v2\/media?parent=3291"}],"curies":[{"name":"wp","href":"https:\/\/api.w.org\/{rel}","templated":true}]}}