{"id":3146,"date":"2023-07-09T08:01:19","date_gmt":"2023-07-09T06:01:19","guid":{"rendered":"https:\/\/antironflement.org\/?page_id=3146"},"modified":"2023-07-09T10:09:11","modified_gmt":"2023-07-09T08:09:11","slug":"kotiin","status":"publish","type":"page","link":"https:\/\/antironflement.org\/index.php\/fi\/","title":{"rendered":"Kotiin"},"content":{"rendered":"\n<h2 class=\"wp-block-heading\">Kuorsauksen v\u00e4hent\u00e4miseen tarkoitettujen ratkaisujen arvostelut ja testit<\/h2>\n\n\n\n<p>T\u00e4\u00e4lt\u00e4 l\u00f6yd\u00e4t arvosteluja ja testej\u00e4 kuorsauksen vastaisista ratkaisuista.&nbsp;Tuotteiden esittely, tekniikoita kuorsauksen v\u00e4hent\u00e4miseen.<\/p>\n\n\n<div class=\"wp-block-image\">\n<figure class=\"aligncenter\"><img fetchpriority=\"high\" decoding=\"async\" width=\"640\" height=\"427\" src=\"https:\/\/antironflement.org\/wp-content\/uploads\/2022\/03\/Ronflement-couple-2-Small.jpg\" alt=\"pari, kuorsaava mies\" class=\"wp-image-457\" srcset=\"https:\/\/antironflement.org\/wp-content\/uploads\/2022\/03\/Ronflement-couple-2-Small.jpg 640w, https:\/\/antironflement.org\/wp-content\/uploads\/2022\/03\/Ronflement-couple-2-Small-600x400.jpg 600w, https:\/\/antironflement.org\/wp-content\/uploads\/2022\/03\/Ronflement-couple-2-Small-300x200.jpg 300w\" sizes=\"(max-width: 640px) 100vw, 640px\" \/><\/figure>\n<\/div>\n\n\n<h2 class=\"wp-block-heading\">Kuinka moniin ihmisiin kuorsaus vaikuttaa?<\/h2>\n\n\n\n<p>\u00ab\u00a0American Academy of Otolaryngology\u00a0\u00bb:n mukaan 70% aikuisista k\u00e4rsii kuorsauksesta.<\/p>\n\n\n\n<h2 class=\"wp-block-heading\">Mitk\u00e4 ovat kuorsauksen syyt?<\/h2>\n\n\n\n<p>Syit\u00e4 on monia, el\u00e4m\u00e4ntapa, alkoholi, nen\u00e4n tukkeuma ja\/tai poikkeama, ik\u00e4, ylipaino, uniapnea, niist\u00e4 kerron t\u00e4ss\u00e4 blogissa sek\u00e4 olemassa olevista ratkaisuista.\u00a0<a href=\"https:\/\/antironflement.org\/index.php\/fi\/kuorsauksen-syyt\/\">T\u00e4ll\u00e4 sivulla k\u00e4sittelen syit\u00e4<\/a>\u00a0.<\/p>\n\n\n\n<h2 class=\"wp-block-heading\">Mitk\u00e4 ovat kuorsauksen seuraukset?<\/h2>\n\n\n\n<p>My\u00f6s seuraukset ovat moninaiset: huono unen laatu, parisuhdeongelma, uniapnean mahdollisuus, v\u00e4symys&#8230;<\/p>\n\n\n\n<h2 class=\"wp-block-heading\">Mitk\u00e4 ovat ratkaisut kuorsauksen v\u00e4hent\u00e4miseen?<\/h2>\n\n\n\n<p>T\u00e4m\u00e4n blogin tavoitteena on kertoa sinulle\u00a0<a href=\"https:\/\/antironflement.org\/index.php\/fi\/minusta\/\">oman kokemukseni mukaan<\/a>\u00a0tekniikoista ja ratkaisuista, joiden avulla olen v\u00e4hent\u00e4nyt kuorsausta ja parantanut unen laatua.<br>L\u00f6yd\u00e4t n\u00e4ilt\u00e4 alueilta sek\u00e4 osioita ett\u00e4 p\u00e4\u00e4kirjoituksia\/artikkeleita\/aiheita, lyhyit\u00e4, helppolukuisia, n\u00e4ist\u00e4 alueista tai kuorsauksen vastaisista laitteista, ratkaisuista, joita olen voinut testata.\u00a0Mitk\u00e4 niist\u00e4 toimivat ja mitk\u00e4 eiv\u00e4t.<\/p>\n\n\n\n<p>Jokainen on erilainen, eik\u00e4 t\u00e4m\u00e4 blogi tietenk\u00e4\u00e4n voi korvata sinun ja korva-aukon suhdetta, unil\u00e4\u00e4k\u00e4rin (mainitsen my\u00f6s konsultointitarpeen, milloin ja millaisen asiantuntijan ja mit\u00e4 he tarjosivat minulle).<\/p>\n\n\n\n<p>Toivon, ett\u00e4 neuvoni, kokemukseni, voivat ohjata sinua mahdollisimman hyvin tutkimuksessasi y\u00f6si ja unesi laadun parantamiseksi.&nbsp;Se voi todella muuttaa el\u00e4m\u00e4si.<\/p>\n\n\n\n<h2 class=\"wp-block-heading\">Suosikkituotteeni<\/h2>\n\n\n\n<p>L\u00f6yd\u00e4t my\u00f6s osiosta \u00a0\u00bb\u00a0<a href=\"https:\/\/antironflement.org\/index.php\/fi\/suosikkituotteeni-kuorsauksen-rajoittamiseen\/\">Suosikkituotteeni<\/a>\u00a0\u00a0\u00bb tuotteet, joita k\u00e4yt\u00e4n p\u00e4ivitt\u00e4in!<\/p>\n\n\n\n<p>Hyv\u00e4\u00e4 lukemista!<\/p>\n\n\n\n<hr class=\"wp-block-separator has-alpha-channel-opacity\"\/>\n\n\n\n<blockquote class=\"wp-block-quote is-layout-flow wp-block-quote-is-layout-flow\">\n<p><em>\u00ab\u00a0Varmistaaksesi, ett\u00e4 kuorsaat, vaikka olisit yksin, nukahda paikkaan, jossa on kaiku, ja her\u00e4\u00e4 tarpeeksi nopeasti kuullaksesi sinulle tulevan kuorsauksen kaiun. tule takaisin.<\/em>\u00ab\u00a0<\/p>\n<cite>Boris Vian<\/cite><\/blockquote>\n","protected":false},"excerpt":{"rendered":"<p>Kuorsauksen v\u00e4hent\u00e4miseen tarkoitettujen ratkaisujen arvostelut ja testit T\u00e4\u00e4lt\u00e4 l\u00f6yd\u00e4t arvosteluja ja testej\u00e4 kuorsauksen vastaisista ratkaisuista.&nbsp;Tuotteiden esittely, tekniikoita kuorsauksen v\u00e4hent\u00e4miseen. Kuinka moniin ihmisiin kuorsaus vaikuttaa? \u00ab\u00a0American Academy of Otolaryngology\u00a0\u00bb:n mukaan 70% aikuisista k\u00e4rsii kuorsauksesta. Mitk\u00e4 ovat kuorsauksen syyt? Syit\u00e4 on monia, el\u00e4m\u00e4ntapa, alkoholi, nen\u00e4n tukkeuma ja\/tai poikkeama, ik\u00e4, ylipaino, uniapnea, niist\u00e4 kerron t\u00e4ss\u00e4 blogissa sek\u00e4 olemassa olevista ratkaisuista.\u00a0T\u00e4ll\u00e4 sivulla k\u00e4sittelen syit\u00e4\u00a0. Mitk\u00e4 ovat kuorsauksen seuraukset? My\u00f6s seuraukset ovat moninaiset: huono unen laatu, parisuhdeongelma, uniapnean mahdollisuus, v\u00e4symys&#8230; Mitk\u00e4 ovat ratkaisut kuorsauksen v\u00e4hent\u00e4miseen? T\u00e4m\u00e4n blogin tavoitteena on kertoa sinulle\u00a0oman kokemukseni mukaan\u00a0tekniikoista ja ratkaisuista, joiden avulla olen v\u00e4hent\u00e4nyt kuorsausta ja parantanut unen laatua.L\u00f6yd\u00e4t n\u00e4ilt\u00e4 alueilta sek\u00e4 osioita ett\u00e4 p\u00e4\u00e4kirjoituksia\/artikkeleita\/aiheita, lyhyit\u00e4, helppolukuisia, n\u00e4ist\u00e4 alueista tai kuorsauksen vastaisista laitteista, ratkaisuista, joita olen voinut testata.\u00a0Mitk\u00e4 niist\u00e4 toimivat ja mitk\u00e4 eiv\u00e4t. Jokainen on erilainen, eik\u00e4 t\u00e4m\u00e4 blogi tietenk\u00e4\u00e4n voi korvata sinun ja korva-aukon suhdetta, unil\u00e4\u00e4k\u00e4rin (mainitsen my\u00f6s konsultointitarpeen, milloin ja millaisen asiantuntijan ja mit\u00e4 he tarjosivat minulle). Toivon, ett\u00e4 neuvoni, kokemukseni, voivat ohjata sinua mahdollisimman hyvin tutkimuksessasi y\u00f6si ja unesi laadun parantamiseksi.&nbsp;Se voi todella muuttaa el\u00e4m\u00e4si. Suosikkituotteeni L\u00f6yd\u00e4t my\u00f6s osiosta \u00a0\u00bb\u00a0Suosikkituotteeni\u00a0\u00a0\u00bb tuotteet, joita k\u00e4yt\u00e4n p\u00e4ivitt\u00e4in! Hyv\u00e4\u00e4 lukemista! \u00ab\u00a0Varmistaaksesi, ett\u00e4 kuorsaat, vaikka olisit yksin, nukahda paikkaan, jossa on kaiku, ja her\u00e4\u00e4 tarpeeksi nopeasti kuullaksesi sinulle tulevan kuorsauksen kaiun. tule takaisin.\u00ab\u00a0 Boris Vian<\/p>\n","protected":false},"author":2,"featured_media":0,"parent":0,"menu_order":0,"comment_status":"closed","ping_status":"closed","template":"","meta":{"two_page_speed":[],"footnotes":""},"class_list":["post-3146","page","type-page","status-publish","hentry"],"yoast_head":"<!-- This site is optimized with the Yoast SEO plugin v27.3 - https:\/\/yoast.com\/product\/yoast-seo-wordpress\/ -->\n<title>Kotiin - Anti Ronflement<\/title>\n<meta name=\"robots\" content=\"index, follow, max-snippet:-1, max-image-preview:large, max-video-preview:-1\" \/>\n<link rel=\"canonical\" href=\"https:\/\/antironflement.org\/index.php\/fi\/\" \/>\n<meta property=\"og:locale\" content=\"fr_FR\" \/>\n<meta property=\"og:type\" content=\"article\" \/>\n<meta property=\"og:title\" content=\"Kotiin - Anti Ronflement\" \/>\n<meta property=\"og:description\" content=\"Kuorsauksen v\u00e4hent\u00e4miseen tarkoitettujen ratkaisujen arvostelut ja testit T\u00e4\u00e4lt\u00e4 l\u00f6yd\u00e4t arvosteluja ja testej\u00e4 kuorsauksen vastaisista ratkaisuista.&nbsp;Tuotteiden esittely, tekniikoita kuorsauksen v\u00e4hent\u00e4miseen. Kuinka moniin ihmisiin kuorsaus vaikuttaa? \u00ab\u00a0American Academy of Otolaryngology\u00a0\u00bb:n mukaan 70% aikuisista k\u00e4rsii kuorsauksesta. Mitk\u00e4 ovat kuorsauksen syyt? Syit\u00e4 on monia, el\u00e4m\u00e4ntapa, alkoholi, nen\u00e4n tukkeuma ja\/tai poikkeama, ik\u00e4, ylipaino, uniapnea, niist\u00e4 kerron t\u00e4ss\u00e4 blogissa sek\u00e4 olemassa olevista ratkaisuista.\u00a0T\u00e4ll\u00e4 sivulla k\u00e4sittelen syit\u00e4\u00a0. Mitk\u00e4 ovat kuorsauksen seuraukset? My\u00f6s seuraukset ovat moninaiset: huono unen laatu, parisuhdeongelma, uniapnean mahdollisuus, v\u00e4symys&#8230; Mitk\u00e4 ovat ratkaisut kuorsauksen v\u00e4hent\u00e4miseen? T\u00e4m\u00e4n blogin tavoitteena on kertoa sinulle\u00a0oman kokemukseni mukaan\u00a0tekniikoista ja ratkaisuista, joiden avulla olen v\u00e4hent\u00e4nyt kuorsausta ja parantanut unen laatua.L\u00f6yd\u00e4t n\u00e4ilt\u00e4 alueilta sek\u00e4 osioita ett\u00e4 p\u00e4\u00e4kirjoituksia\/artikkeleita\/aiheita, lyhyit\u00e4, helppolukuisia, n\u00e4ist\u00e4 alueista tai kuorsauksen vastaisista laitteista, ratkaisuista, joita olen voinut testata.\u00a0Mitk\u00e4 niist\u00e4 toimivat ja mitk\u00e4 eiv\u00e4t. Jokainen on erilainen, eik\u00e4 t\u00e4m\u00e4 blogi tietenk\u00e4\u00e4n voi korvata sinun ja korva-aukon suhdetta, unil\u00e4\u00e4k\u00e4rin (mainitsen my\u00f6s konsultointitarpeen, milloin ja millaisen asiantuntijan ja mit\u00e4 he tarjosivat minulle). Toivon, ett\u00e4 neuvoni, kokemukseni, voivat ohjata sinua mahdollisimman hyvin tutkimuksessasi y\u00f6si ja unesi laadun parantamiseksi.&nbsp;Se voi todella muuttaa el\u00e4m\u00e4si. Suosikkituotteeni L\u00f6yd\u00e4t my\u00f6s osiosta \u00a0\u00bb\u00a0Suosikkituotteeni\u00a0\u00a0\u00bb tuotteet, joita k\u00e4yt\u00e4n p\u00e4ivitt\u00e4in! Hyv\u00e4\u00e4 lukemista! \u00ab\u00a0Varmistaaksesi, ett\u00e4 kuorsaat, vaikka olisit yksin, nukahda paikkaan, jossa on kaiku, ja her\u00e4\u00e4 tarpeeksi nopeasti kuullaksesi sinulle tulevan kuorsauksen kaiun. tule takaisin.\u00ab\u00a0 Boris Vian\" \/>\n<meta property=\"og:url\" content=\"https:\/\/antironflement.org\/index.php\/fi\/\" \/>\n<meta property=\"og:site_name\" content=\"Anti Ronflement\" \/>\n<meta property=\"article:modified_time\" content=\"2023-07-09T08:09:11+00:00\" \/>\n<meta property=\"og:image\" content=\"https:\/\/antironflement.org\/wp-content\/uploads\/2022\/03\/Ronflement-couple-2-Small.jpg\" \/>\n<meta name=\"twitter:card\" content=\"summary_large_image\" \/>\n<meta name=\"twitter:label1\" content=\"Dur\u00e9e de lecture estim\u00e9e\" \/>\n\t<meta name=\"twitter:data1\" content=\"2 minutes\" \/>\n<script type=\"application\/ld+json\" class=\"yoast-schema-graph\">{\"@context\":\"https:\\\/\\\/schema.org\",\"@graph\":[{\"@type\":\"WebPage\",\"@id\":\"https:\\\/\\\/antironflement.org\\\/index.php\\\/fi\\\/\",\"url\":\"https:\\\/\\\/antironflement.org\\\/index.php\\\/fi\\\/\",\"name\":\"Kotiin - Anti Ronflement\",\"isPartOf\":{\"@id\":\"https:\\\/\\\/antironflement.org\\\/#website\"},\"primaryImageOfPage\":{\"@id\":\"https:\\\/\\\/antironflement.org\\\/index.php\\\/fi\\\/#primaryimage\"},\"image\":{\"@id\":\"https:\\\/\\\/antironflement.org\\\/index.php\\\/fi\\\/#primaryimage\"},\"thumbnailUrl\":\"https:\\\/\\\/antironflement.org\\\/wp-content\\\/uploads\\\/2022\\\/03\\\/Ronflement-couple-2-Small.jpg\",\"datePublished\":\"2023-07-09T06:01:19+00:00\",\"dateModified\":\"2023-07-09T08:09:11+00:00\",\"breadcrumb\":{\"@id\":\"https:\\\/\\\/antironflement.org\\\/index.php\\\/fi\\\/#breadcrumb\"},\"inLanguage\":\"fr-FR\",\"potentialAction\":[{\"@type\":\"ReadAction\",\"target\":[\"https:\\\/\\\/antironflement.org\\\/index.php\\\/fi\\\/\"]}]},{\"@type\":\"ImageObject\",\"inLanguage\":\"fr-FR\",\"@id\":\"https:\\\/\\\/antironflement.org\\\/index.php\\\/fi\\\/#primaryimage\",\"url\":\"https:\\\/\\\/antironflement.org\\\/wp-content\\\/uploads\\\/2022\\\/03\\\/Ronflement-couple-2-Small.jpg\",\"contentUrl\":\"https:\\\/\\\/antironflement.org\\\/wp-content\\\/uploads\\\/2022\\\/03\\\/Ronflement-couple-2-Small.jpg\",\"width\":640,\"height\":427},{\"@type\":\"BreadcrumbList\",\"@id\":\"https:\\\/\\\/antironflement.org\\\/index.php\\\/fi\\\/#breadcrumb\",\"itemListElement\":[{\"@type\":\"ListItem\",\"position\":1,\"name\":\"Accueil\",\"item\":\"https:\\\/\\\/antironflement.org\\\/index.php\\\/en\\\/\"},{\"@type\":\"ListItem\",\"position\":2,\"name\":\"Kotiin\"}]},{\"@type\":\"WebSite\",\"@id\":\"https:\\\/\\\/antironflement.org\\\/#website\",\"url\":\"https:\\\/\\\/antironflement.org\\\/\",\"name\":\"Anti Ronflement\",\"description\":\"Avis et tests des solutions pour moins ronfler\",\"publisher\":{\"@id\":\"https:\\\/\\\/antironflement.org\\\/#organization\"},\"potentialAction\":[{\"@type\":\"SearchAction\",\"target\":{\"@type\":\"EntryPoint\",\"urlTemplate\":\"https:\\\/\\\/antironflement.org\\\/?s={search_term_string}\"},\"query-input\":{\"@type\":\"PropertyValueSpecification\",\"valueRequired\":true,\"valueName\":\"search_term_string\"}}],\"inLanguage\":\"fr-FR\"},{\"@type\":\"Organization\",\"@id\":\"https:\\\/\\\/antironflement.org\\\/#organization\",\"name\":\"Anti Ronflement\",\"url\":\"https:\\\/\\\/antironflement.org\\\/\",\"logo\":{\"@type\":\"ImageObject\",\"inLanguage\":\"fr-FR\",\"@id\":\"https:\\\/\\\/antironflement.org\\\/#\\\/schema\\\/logo\\\/image\\\/\",\"url\":\"https:\\\/\\\/antironflement.org\\\/wp-content\\\/uploads\\\/2022\\\/04\\\/antironflementlogotopgris.webp\",\"contentUrl\":\"https:\\\/\\\/antironflement.org\\\/wp-content\\\/uploads\\\/2022\\\/04\\\/antironflementlogotopgris.webp\",\"width\":450,\"height\":200,\"caption\":\"Anti Ronflement\"},\"image\":{\"@id\":\"https:\\\/\\\/antironflement.org\\\/#\\\/schema\\\/logo\\\/image\\\/\"}}]}<\/script>\n<!-- \/ Yoast SEO plugin. -->","yoast_head_json":{"title":"Kotiin - Anti Ronflement","robots":{"index":"index","follow":"follow","max-snippet":"max-snippet:-1","max-image-preview":"max-image-preview:large","max-video-preview":"max-video-preview:-1"},"canonical":"https:\/\/antironflement.org\/index.php\/fi\/","og_locale":"fr_FR","og_type":"article","og_title":"Kotiin - Anti Ronflement","og_description":"Kuorsauksen v\u00e4hent\u00e4miseen tarkoitettujen ratkaisujen arvostelut ja testit T\u00e4\u00e4lt\u00e4 l\u00f6yd\u00e4t arvosteluja ja testej\u00e4 kuorsauksen vastaisista ratkaisuista.&nbsp;Tuotteiden esittely, tekniikoita kuorsauksen v\u00e4hent\u00e4miseen. Kuinka moniin ihmisiin kuorsaus vaikuttaa? \u00ab\u00a0American Academy of Otolaryngology\u00a0\u00bb:n mukaan 70% aikuisista k\u00e4rsii kuorsauksesta. Mitk\u00e4 ovat kuorsauksen syyt? Syit\u00e4 on monia, el\u00e4m\u00e4ntapa, alkoholi, nen\u00e4n tukkeuma ja\/tai poikkeama, ik\u00e4, ylipaino, uniapnea, niist\u00e4 kerron t\u00e4ss\u00e4 blogissa sek\u00e4 olemassa olevista ratkaisuista.\u00a0T\u00e4ll\u00e4 sivulla k\u00e4sittelen syit\u00e4\u00a0. Mitk\u00e4 ovat kuorsauksen seuraukset? My\u00f6s seuraukset ovat moninaiset: huono unen laatu, parisuhdeongelma, uniapnean mahdollisuus, v\u00e4symys&#8230; Mitk\u00e4 ovat ratkaisut kuorsauksen v\u00e4hent\u00e4miseen? T\u00e4m\u00e4n blogin tavoitteena on kertoa sinulle\u00a0oman kokemukseni mukaan\u00a0tekniikoista ja ratkaisuista, joiden avulla olen v\u00e4hent\u00e4nyt kuorsausta ja parantanut unen laatua.L\u00f6yd\u00e4t n\u00e4ilt\u00e4 alueilta sek\u00e4 osioita ett\u00e4 p\u00e4\u00e4kirjoituksia\/artikkeleita\/aiheita, lyhyit\u00e4, helppolukuisia, n\u00e4ist\u00e4 alueista tai kuorsauksen vastaisista laitteista, ratkaisuista, joita olen voinut testata.\u00a0Mitk\u00e4 niist\u00e4 toimivat ja mitk\u00e4 eiv\u00e4t. Jokainen on erilainen, eik\u00e4 t\u00e4m\u00e4 blogi tietenk\u00e4\u00e4n voi korvata sinun ja korva-aukon suhdetta, unil\u00e4\u00e4k\u00e4rin (mainitsen my\u00f6s konsultointitarpeen, milloin ja millaisen asiantuntijan ja mit\u00e4 he tarjosivat minulle). Toivon, ett\u00e4 neuvoni, kokemukseni, voivat ohjata sinua mahdollisimman hyvin tutkimuksessasi y\u00f6si ja unesi laadun parantamiseksi.&nbsp;Se voi todella muuttaa el\u00e4m\u00e4si. Suosikkituotteeni L\u00f6yd\u00e4t my\u00f6s osiosta \u00a0\u00bb\u00a0Suosikkituotteeni\u00a0\u00a0\u00bb tuotteet, joita k\u00e4yt\u00e4n p\u00e4ivitt\u00e4in! Hyv\u00e4\u00e4 lukemista! \u00ab\u00a0Varmistaaksesi, ett\u00e4 kuorsaat, vaikka olisit yksin, nukahda paikkaan, jossa on kaiku, ja her\u00e4\u00e4 tarpeeksi nopeasti kuullaksesi sinulle tulevan kuorsauksen kaiun. tule takaisin.\u00ab\u00a0 Boris Vian","og_url":"https:\/\/antironflement.org\/index.php\/fi\/","og_site_name":"Anti Ronflement","article_modified_time":"2023-07-09T08:09:11+00:00","og_image":[{"url":"https:\/\/antironflement.org\/wp-content\/uploads\/2022\/03\/Ronflement-couple-2-Small.jpg","type":"","width":"","height":""}],"twitter_card":"summary_large_image","twitter_misc":{"Dur\u00e9e de lecture estim\u00e9e":"2 minutes"},"schema":{"@context":"https:\/\/schema.org","@graph":[{"@type":"WebPage","@id":"https:\/\/antironflement.org\/index.php\/fi\/","url":"https:\/\/antironflement.org\/index.php\/fi\/","name":"Kotiin - Anti Ronflement","isPartOf":{"@id":"https:\/\/antironflement.org\/#website"},"primaryImageOfPage":{"@id":"https:\/\/antironflement.org\/index.php\/fi\/#primaryimage"},"image":{"@id":"https:\/\/antironflement.org\/index.php\/fi\/#primaryimage"},"thumbnailUrl":"https:\/\/antironflement.org\/wp-content\/uploads\/2022\/03\/Ronflement-couple-2-Small.jpg","datePublished":"2023-07-09T06:01:19+00:00","dateModified":"2023-07-09T08:09:11+00:00","breadcrumb":{"@id":"https:\/\/antironflement.org\/index.php\/fi\/#breadcrumb"},"inLanguage":"fr-FR","potentialAction":[{"@type":"ReadAction","target":["https:\/\/antironflement.org\/index.php\/fi\/"]}]},{"@type":"ImageObject","inLanguage":"fr-FR","@id":"https:\/\/antironflement.org\/index.php\/fi\/#primaryimage","url":"https:\/\/antironflement.org\/wp-content\/uploads\/2022\/03\/Ronflement-couple-2-Small.jpg","contentUrl":"https:\/\/antironflement.org\/wp-content\/uploads\/2022\/03\/Ronflement-couple-2-Small.jpg","width":640,"height":427},{"@type":"BreadcrumbList","@id":"https:\/\/antironflement.org\/index.php\/fi\/#breadcrumb","itemListElement":[{"@type":"ListItem","position":1,"name":"Accueil","item":"https:\/\/antironflement.org\/index.php\/en\/"},{"@type":"ListItem","position":2,"name":"Kotiin"}]},{"@type":"WebSite","@id":"https:\/\/antironflement.org\/#website","url":"https:\/\/antironflement.org\/","name":"Anti Ronflement","description":"Avis et tests des solutions pour moins ronfler","publisher":{"@id":"https:\/\/antironflement.org\/#organization"},"potentialAction":[{"@type":"SearchAction","target":{"@type":"EntryPoint","urlTemplate":"https:\/\/antironflement.org\/?s={search_term_string}"},"query-input":{"@type":"PropertyValueSpecification","valueRequired":true,"valueName":"search_term_string"}}],"inLanguage":"fr-FR"},{"@type":"Organization","@id":"https:\/\/antironflement.org\/#organization","name":"Anti Ronflement","url":"https:\/\/antironflement.org\/","logo":{"@type":"ImageObject","inLanguage":"fr-FR","@id":"https:\/\/antironflement.org\/#\/schema\/logo\/image\/","url":"https:\/\/antironflement.org\/wp-content\/uploads\/2022\/04\/antironflementlogotopgris.webp","contentUrl":"https:\/\/antironflement.org\/wp-content\/uploads\/2022\/04\/antironflementlogotopgris.webp","width":450,"height":200,"caption":"Anti Ronflement"},"image":{"@id":"https:\/\/antironflement.org\/#\/schema\/logo\/image\/"}}]}},"acf":[],"_links":{"self":[{"href":"https:\/\/antironflement.org\/index.php\/wp-json\/wp\/v2\/pages\/3146","targetHints":{"allow":["GET"]}}],"collection":[{"href":"https:\/\/antironflement.org\/index.php\/wp-json\/wp\/v2\/pages"}],"about":[{"href":"https:\/\/antironflement.org\/index.php\/wp-json\/wp\/v2\/types\/page"}],"author":[{"embeddable":true,"href":"https:\/\/antironflement.org\/index.php\/wp-json\/wp\/v2\/users\/2"}],"replies":[{"embeddable":true,"href":"https:\/\/antironflement.org\/index.php\/wp-json\/wp\/v2\/comments?post=3146"}],"version-history":[{"count":2,"href":"https:\/\/antironflement.org\/index.php\/wp-json\/wp\/v2\/pages\/3146\/revisions"}],"predecessor-version":[{"id":3250,"href":"https:\/\/antironflement.org\/index.php\/wp-json\/wp\/v2\/pages\/3146\/revisions\/3250"}],"wp:attachment":[{"href":"https:\/\/antironflement.org\/index.php\/wp-json\/wp\/v2\/media?parent=3146"}],"curies":[{"name":"wp","href":"https:\/\/api.w.org\/{rel}","templated":true}]}}