{"id":3014,"date":"2023-07-07T14:09:14","date_gmt":"2023-07-07T12:09:14","guid":{"rendered":"https:\/\/antironflement.org\/?page_id=3014"},"modified":"2023-07-08T14:02:44","modified_gmt":"2023-07-08T12:02:44","slug":"hjem","status":"publish","type":"page","link":"https:\/\/antironflement.org\/index.php\/da\/","title":{"rendered":"Hjem"},"content":{"rendered":"\n<h2 class=\"wp-block-heading\">Anmeldelser og test af l\u00f8sninger til at reducere snorken<\/h2>\n\n\n\n<p>Find her anmeldelser og test af anti-snorkel\u00f8sninger.&nbsp;Pr\u00e6sentation af produkter, teknikker til mindre snorken.<\/p>\n\n\n<div class=\"wp-block-image\">\n<figure class=\"aligncenter\"><img fetchpriority=\"high\" decoding=\"async\" width=\"640\" height=\"427\" src=\"https:\/\/antironflement.org\/wp-content\/uploads\/2022\/03\/Ronflement-couple-2-Small.jpg\" alt=\"par, snorkende mand\" class=\"wp-image-457\" srcset=\"https:\/\/antironflement.org\/wp-content\/uploads\/2022\/03\/Ronflement-couple-2-Small.jpg 640w, https:\/\/antironflement.org\/wp-content\/uploads\/2022\/03\/Ronflement-couple-2-Small-600x400.jpg 600w, https:\/\/antironflement.org\/wp-content\/uploads\/2022\/03\/Ronflement-couple-2-Small-300x200.jpg 300w\" sizes=\"(max-width: 640px) 100vw, 640px\" \/><\/figure>\n<\/div>\n\n\n<h2 class=\"wp-block-heading\">Hvor mange mennesker er ramt af snorken?<\/h2>\n\n\n\n<p>If\u00f8lge \u00ab\u00a0American Academy of Otolaryngology\u00a0\u00bb lider 70% af voksne af snorken.<\/p>\n\n\n\n<h2 class=\"wp-block-heading\">Hvad er \u00e5rsagerne til snorken?<\/h2>\n\n\n\n<p>\u00c5rsagerne er multiple, livsstil, alkohol, nasal obstruktion og\/eller afvigelse, alder, overv\u00e6gt, s\u00f8vnapn\u00f8, jeg vil diskutere dem i denne blog samt de l\u00f8sninger, der findes.\u00a0<a href=\"https:\/\/antironflement.org\/index.php\/da\/arsagerne-til-snorken\/\">P\u00e5 denne side diskuterer jeg \u00e5rsagerne<\/a>\u00a0.<\/p>\n\n\n\n<h2 class=\"wp-block-heading\">Hvad er konsekvenserne af snorken?<\/h2>\n\n\n\n<p>Konsekvenserne er ogs\u00e5 forskellige: d\u00e5rlig s\u00f8vnkvalitet, parproblemer, mulighed for s\u00f8vnapn\u00f8, tr\u00e6thed&#8230;<\/p>\n\n\n\n<h2 class=\"wp-block-heading\">Hvad er l\u00f8sningerne til at reducere snorken?<\/h2>\n\n\n\n<p>Form\u00e5let med denne blog er at fort\u00e6lle dig,\u00a0<a href=\"https:\/\/antironflement.org\/index.php\/da\/om\/\">if\u00f8lge min egen erfaring<\/a>\u00a0, om de teknikker og l\u00f8sninger, der har gjort det muligt for mig at reducere snorken og forbedre min s\u00f8vnkvalitet.<br>Du finder s\u00e5vel sektioner som redaktionelle\/artikler\/emner, korte, letl\u00e6selige, om disse omr\u00e5der eller om de anti-snorke-enheder, l\u00f8sninger, som jeg har v\u00e6ret i stand til at teste.\u00a0Hvilke virker, og hvilke der ikke g\u00f8r.<\/p>\n\n\n\n<p>Alle er forskellige, og denne blog kan selvf\u00f8lgelig ikke erstatte forholdet mellem dig og en \u00d8NH-, s\u00f8vnspecialist (jeg vil ogs\u00e5 n\u00e6vne behovet for at konsultere, hvorn\u00e5r og hvilken type specialist, og hvad de tilb\u00f8d mig).<\/p>\n\n\n\n<p>Jeg h\u00e5ber, at mit r\u00e5d, min erfaring, vil kunne vejlede dig bedst muligt i din forskning for at forbedre kvaliteten af \u200b\u200bdin nat, og din s\u00f8vn.&nbsp;Det kan virkelig \u00e6ndre dit liv.<\/p>\n\n\n\n<h2 class=\"wp-block-heading\">Mine yndlingsprodukter<\/h2>\n\n\n\n<p>Find ogs\u00e5 i sektionen, \u00a0\u00bb\u00a0<a href=\"https:\/\/antironflement.org\/index.php\/da\/mine-yndlingsprodukter-til-at-begraense-din-snorken\/\">Mine yndlingsprodukter<\/a>\u00a0\u00ab\u00a0, de produkter, som jeg bruger til daglig!<\/p>\n\n\n\n<p>God l\u00e6sning!<\/p>\n\n\n\n<hr class=\"wp-block-separator has-alpha-channel-opacity\"\/>\n\n\n\n<blockquote class=\"wp-block-quote is-layout-flow wp-block-quote-is-layout-flow\">\n<p><em>\u00ab\u00a0For at sikre, at du snorker, selvom du er alene, skal du bare falde i s\u00f8vn et sted, hvor der er et ekko, og v\u00e5gne hurtigt nok til at h\u00f8re ekkoet af snorken komme tilbage.<\/em>\u00ab\u00a0<\/p>\n<cite>Boris Vian<\/cite><\/blockquote>\n","protected":false},"excerpt":{"rendered":"<p>Anmeldelser og test af l\u00f8sninger til at reducere snorken Find her anmeldelser og test af anti-snorkel\u00f8sninger.&nbsp;Pr\u00e6sentation af produkter, teknikker til mindre snorken. Hvor mange mennesker er ramt af snorken? If\u00f8lge \u00ab\u00a0American Academy of Otolaryngology\u00a0\u00bb lider 70% af voksne af snorken. Hvad er \u00e5rsagerne til snorken? \u00c5rsagerne er multiple, livsstil, alkohol, nasal obstruktion og\/eller afvigelse, alder, overv\u00e6gt, s\u00f8vnapn\u00f8, jeg vil diskutere dem i denne blog samt de l\u00f8sninger, der findes.\u00a0P\u00e5 denne side diskuterer jeg \u00e5rsagerne\u00a0. Hvad er konsekvenserne af snorken? Konsekvenserne er ogs\u00e5 forskellige: d\u00e5rlig s\u00f8vnkvalitet, parproblemer, mulighed for s\u00f8vnapn\u00f8, tr\u00e6thed&#8230; Hvad er l\u00f8sningerne til at reducere snorken? Form\u00e5let med denne blog er at fort\u00e6lle dig,\u00a0if\u00f8lge min egen erfaring\u00a0, om de teknikker og l\u00f8sninger, der har gjort det muligt for mig at reducere snorken og forbedre min s\u00f8vnkvalitet.Du finder s\u00e5vel sektioner som redaktionelle\/artikler\/emner, korte, letl\u00e6selige, om disse omr\u00e5der eller om de anti-snorke-enheder, l\u00f8sninger, som jeg har v\u00e6ret i stand til at teste.\u00a0Hvilke virker, og hvilke der ikke g\u00f8r. Alle er forskellige, og denne blog kan selvf\u00f8lgelig ikke erstatte forholdet mellem dig og en \u00d8NH-, s\u00f8vnspecialist (jeg vil ogs\u00e5 n\u00e6vne behovet for at konsultere, hvorn\u00e5r og hvilken type specialist, og hvad de tilb\u00f8d mig). Jeg h\u00e5ber, at mit r\u00e5d, min erfaring, vil kunne vejlede dig bedst muligt i din forskning for at forbedre kvaliteten af \u200b\u200bdin nat, og din s\u00f8vn.&nbsp;Det kan virkelig \u00e6ndre dit liv. Mine yndlingsprodukter Find ogs\u00e5 i sektionen, \u00a0\u00bb\u00a0Mine yndlingsprodukter\u00a0\u00ab\u00a0, de produkter, som jeg bruger til daglig! God l\u00e6sning! \u00ab\u00a0For at sikre, at du snorker, selvom du er alene, skal du bare falde i s\u00f8vn et sted, hvor der er et ekko, og v\u00e5gne hurtigt nok til at h\u00f8re ekkoet af snorken komme tilbage.\u00ab\u00a0 Boris Vian<\/p>\n","protected":false},"author":2,"featured_media":0,"parent":0,"menu_order":0,"comment_status":"closed","ping_status":"closed","template":"","meta":{"two_page_speed":{"current_score":{"desktop_score":100,"desktop_tti":"0.7\u00a0","mobile_score":95,"mobile_tti":"2.3\u00a0","date":"05.07.2023 12:37:49 pm","status":"completed"}},"footnotes":""},"class_list":["post-3014","page","type-page","status-publish","hentry"],"yoast_head":"<!-- This site is optimized with the Yoast SEO plugin v27.3 - https:\/\/yoast.com\/product\/yoast-seo-wordpress\/ -->\n<title>Hjem - Anti Ronflement<\/title>\n<meta name=\"robots\" content=\"index, follow, max-snippet:-1, max-image-preview:large, max-video-preview:-1\" \/>\n<link rel=\"canonical\" href=\"https:\/\/antironflement.org\/index.php\/da\/\" \/>\n<meta property=\"og:locale\" content=\"fr_FR\" \/>\n<meta property=\"og:type\" content=\"article\" \/>\n<meta property=\"og:title\" content=\"Hjem - Anti Ronflement\" \/>\n<meta property=\"og:description\" content=\"Anmeldelser og test af l\u00f8sninger til at reducere snorken Find her anmeldelser og test af anti-snorkel\u00f8sninger.&nbsp;Pr\u00e6sentation af produkter, teknikker til mindre snorken. Hvor mange mennesker er ramt af snorken? If\u00f8lge \u00ab\u00a0American Academy of Otolaryngology\u00a0\u00bb lider 70% af voksne af snorken. Hvad er \u00e5rsagerne til snorken? \u00c5rsagerne er multiple, livsstil, alkohol, nasal obstruktion og\/eller afvigelse, alder, overv\u00e6gt, s\u00f8vnapn\u00f8, jeg vil diskutere dem i denne blog samt de l\u00f8sninger, der findes.\u00a0P\u00e5 denne side diskuterer jeg \u00e5rsagerne\u00a0. Hvad er konsekvenserne af snorken? Konsekvenserne er ogs\u00e5 forskellige: d\u00e5rlig s\u00f8vnkvalitet, parproblemer, mulighed for s\u00f8vnapn\u00f8, tr\u00e6thed&#8230; Hvad er l\u00f8sningerne til at reducere snorken? Form\u00e5let med denne blog er at fort\u00e6lle dig,\u00a0if\u00f8lge min egen erfaring\u00a0, om de teknikker og l\u00f8sninger, der har gjort det muligt for mig at reducere snorken og forbedre min s\u00f8vnkvalitet.Du finder s\u00e5vel sektioner som redaktionelle\/artikler\/emner, korte, letl\u00e6selige, om disse omr\u00e5der eller om de anti-snorke-enheder, l\u00f8sninger, som jeg har v\u00e6ret i stand til at teste.\u00a0Hvilke virker, og hvilke der ikke g\u00f8r. Alle er forskellige, og denne blog kan selvf\u00f8lgelig ikke erstatte forholdet mellem dig og en \u00d8NH-, s\u00f8vnspecialist (jeg vil ogs\u00e5 n\u00e6vne behovet for at konsultere, hvorn\u00e5r og hvilken type specialist, og hvad de tilb\u00f8d mig). Jeg h\u00e5ber, at mit r\u00e5d, min erfaring, vil kunne vejlede dig bedst muligt i din forskning for at forbedre kvaliteten af \u200b\u200bdin nat, og din s\u00f8vn.&nbsp;Det kan virkelig \u00e6ndre dit liv. Mine yndlingsprodukter Find ogs\u00e5 i sektionen, \u00a0\u00bb\u00a0Mine yndlingsprodukter\u00a0\u00ab\u00a0, de produkter, som jeg bruger til daglig! God l\u00e6sning! \u00ab\u00a0For at sikre, at du snorker, selvom du er alene, skal du bare falde i s\u00f8vn et sted, hvor der er et ekko, og v\u00e5gne hurtigt nok til at h\u00f8re ekkoet af snorken komme tilbage.\u00ab\u00a0 Boris Vian\" \/>\n<meta property=\"og:url\" content=\"https:\/\/antironflement.org\/index.php\/da\/\" \/>\n<meta property=\"og:site_name\" content=\"Anti Ronflement\" \/>\n<meta property=\"article:modified_time\" content=\"2023-07-08T12:02:44+00:00\" \/>\n<meta property=\"og:image\" content=\"https:\/\/antironflement.org\/wp-content\/uploads\/2022\/03\/Ronflement-couple-2-Small.jpg\" \/>\n<meta name=\"twitter:card\" content=\"summary_large_image\" \/>\n<meta name=\"twitter:label1\" content=\"Dur\u00e9e de lecture estim\u00e9e\" \/>\n\t<meta name=\"twitter:data1\" content=\"2 minutes\" \/>\n<script type=\"application\/ld+json\" class=\"yoast-schema-graph\">{\"@context\":\"https:\\\/\\\/schema.org\",\"@graph\":[{\"@type\":\"WebPage\",\"@id\":\"https:\\\/\\\/antironflement.org\\\/index.php\\\/da\\\/\",\"url\":\"https:\\\/\\\/antironflement.org\\\/index.php\\\/da\\\/\",\"name\":\"Hjem - Anti Ronflement\",\"isPartOf\":{\"@id\":\"https:\\\/\\\/antironflement.org\\\/#website\"},\"primaryImageOfPage\":{\"@id\":\"https:\\\/\\\/antironflement.org\\\/index.php\\\/da\\\/#primaryimage\"},\"image\":{\"@id\":\"https:\\\/\\\/antironflement.org\\\/index.php\\\/da\\\/#primaryimage\"},\"thumbnailUrl\":\"https:\\\/\\\/antironflement.org\\\/wp-content\\\/uploads\\\/2022\\\/03\\\/Ronflement-couple-2-Small.jpg\",\"datePublished\":\"2023-07-07T12:09:14+00:00\",\"dateModified\":\"2023-07-08T12:02:44+00:00\",\"breadcrumb\":{\"@id\":\"https:\\\/\\\/antironflement.org\\\/index.php\\\/da\\\/#breadcrumb\"},\"inLanguage\":\"fr-FR\",\"potentialAction\":[{\"@type\":\"ReadAction\",\"target\":[\"https:\\\/\\\/antironflement.org\\\/index.php\\\/da\\\/\"]}]},{\"@type\":\"ImageObject\",\"inLanguage\":\"fr-FR\",\"@id\":\"https:\\\/\\\/antironflement.org\\\/index.php\\\/da\\\/#primaryimage\",\"url\":\"https:\\\/\\\/antironflement.org\\\/wp-content\\\/uploads\\\/2022\\\/03\\\/Ronflement-couple-2-Small.jpg\",\"contentUrl\":\"https:\\\/\\\/antironflement.org\\\/wp-content\\\/uploads\\\/2022\\\/03\\\/Ronflement-couple-2-Small.jpg\",\"width\":640,\"height\":427},{\"@type\":\"BreadcrumbList\",\"@id\":\"https:\\\/\\\/antironflement.org\\\/index.php\\\/da\\\/#breadcrumb\",\"itemListElement\":[{\"@type\":\"ListItem\",\"position\":1,\"name\":\"Accueil\",\"item\":\"https:\\\/\\\/antironflement.org\\\/index.php\\\/en\\\/\"},{\"@type\":\"ListItem\",\"position\":2,\"name\":\"Hjem\"}]},{\"@type\":\"WebSite\",\"@id\":\"https:\\\/\\\/antironflement.org\\\/#website\",\"url\":\"https:\\\/\\\/antironflement.org\\\/\",\"name\":\"Anti Ronflement\",\"description\":\"Avis et tests des solutions pour moins ronfler\",\"publisher\":{\"@id\":\"https:\\\/\\\/antironflement.org\\\/#organization\"},\"potentialAction\":[{\"@type\":\"SearchAction\",\"target\":{\"@type\":\"EntryPoint\",\"urlTemplate\":\"https:\\\/\\\/antironflement.org\\\/?s={search_term_string}\"},\"query-input\":{\"@type\":\"PropertyValueSpecification\",\"valueRequired\":true,\"valueName\":\"search_term_string\"}}],\"inLanguage\":\"fr-FR\"},{\"@type\":\"Organization\",\"@id\":\"https:\\\/\\\/antironflement.org\\\/#organization\",\"name\":\"Anti Ronflement\",\"url\":\"https:\\\/\\\/antironflement.org\\\/\",\"logo\":{\"@type\":\"ImageObject\",\"inLanguage\":\"fr-FR\",\"@id\":\"https:\\\/\\\/antironflement.org\\\/#\\\/schema\\\/logo\\\/image\\\/\",\"url\":\"https:\\\/\\\/antironflement.org\\\/wp-content\\\/uploads\\\/2022\\\/04\\\/antironflementlogotopgris.webp\",\"contentUrl\":\"https:\\\/\\\/antironflement.org\\\/wp-content\\\/uploads\\\/2022\\\/04\\\/antironflementlogotopgris.webp\",\"width\":450,\"height\":200,\"caption\":\"Anti Ronflement\"},\"image\":{\"@id\":\"https:\\\/\\\/antironflement.org\\\/#\\\/schema\\\/logo\\\/image\\\/\"}}]}<\/script>\n<!-- \/ Yoast SEO plugin. -->","yoast_head_json":{"title":"Hjem - Anti Ronflement","robots":{"index":"index","follow":"follow","max-snippet":"max-snippet:-1","max-image-preview":"max-image-preview:large","max-video-preview":"max-video-preview:-1"},"canonical":"https:\/\/antironflement.org\/index.php\/da\/","og_locale":"fr_FR","og_type":"article","og_title":"Hjem - Anti Ronflement","og_description":"Anmeldelser og test af l\u00f8sninger til at reducere snorken Find her anmeldelser og test af anti-snorkel\u00f8sninger.&nbsp;Pr\u00e6sentation af produkter, teknikker til mindre snorken. Hvor mange mennesker er ramt af snorken? If\u00f8lge \u00ab\u00a0American Academy of Otolaryngology\u00a0\u00bb lider 70% af voksne af snorken. Hvad er \u00e5rsagerne til snorken? \u00c5rsagerne er multiple, livsstil, alkohol, nasal obstruktion og\/eller afvigelse, alder, overv\u00e6gt, s\u00f8vnapn\u00f8, jeg vil diskutere dem i denne blog samt de l\u00f8sninger, der findes.\u00a0P\u00e5 denne side diskuterer jeg \u00e5rsagerne\u00a0. Hvad er konsekvenserne af snorken? Konsekvenserne er ogs\u00e5 forskellige: d\u00e5rlig s\u00f8vnkvalitet, parproblemer, mulighed for s\u00f8vnapn\u00f8, tr\u00e6thed&#8230; Hvad er l\u00f8sningerne til at reducere snorken? Form\u00e5let med denne blog er at fort\u00e6lle dig,\u00a0if\u00f8lge min egen erfaring\u00a0, om de teknikker og l\u00f8sninger, der har gjort det muligt for mig at reducere snorken og forbedre min s\u00f8vnkvalitet.Du finder s\u00e5vel sektioner som redaktionelle\/artikler\/emner, korte, letl\u00e6selige, om disse omr\u00e5der eller om de anti-snorke-enheder, l\u00f8sninger, som jeg har v\u00e6ret i stand til at teste.\u00a0Hvilke virker, og hvilke der ikke g\u00f8r. Alle er forskellige, og denne blog kan selvf\u00f8lgelig ikke erstatte forholdet mellem dig og en \u00d8NH-, s\u00f8vnspecialist (jeg vil ogs\u00e5 n\u00e6vne behovet for at konsultere, hvorn\u00e5r og hvilken type specialist, og hvad de tilb\u00f8d mig). Jeg h\u00e5ber, at mit r\u00e5d, min erfaring, vil kunne vejlede dig bedst muligt i din forskning for at forbedre kvaliteten af \u200b\u200bdin nat, og din s\u00f8vn.&nbsp;Det kan virkelig \u00e6ndre dit liv. Mine yndlingsprodukter Find ogs\u00e5 i sektionen, \u00a0\u00bb\u00a0Mine yndlingsprodukter\u00a0\u00ab\u00a0, de produkter, som jeg bruger til daglig! God l\u00e6sning! \u00ab\u00a0For at sikre, at du snorker, selvom du er alene, skal du bare falde i s\u00f8vn et sted, hvor der er et ekko, og v\u00e5gne hurtigt nok til at h\u00f8re ekkoet af snorken komme tilbage.\u00ab\u00a0 Boris Vian","og_url":"https:\/\/antironflement.org\/index.php\/da\/","og_site_name":"Anti Ronflement","article_modified_time":"2023-07-08T12:02:44+00:00","og_image":[{"url":"https:\/\/antironflement.org\/wp-content\/uploads\/2022\/03\/Ronflement-couple-2-Small.jpg","type":"","width":"","height":""}],"twitter_card":"summary_large_image","twitter_misc":{"Dur\u00e9e de lecture estim\u00e9e":"2 minutes"},"schema":{"@context":"https:\/\/schema.org","@graph":[{"@type":"WebPage","@id":"https:\/\/antironflement.org\/index.php\/da\/","url":"https:\/\/antironflement.org\/index.php\/da\/","name":"Hjem - Anti Ronflement","isPartOf":{"@id":"https:\/\/antironflement.org\/#website"},"primaryImageOfPage":{"@id":"https:\/\/antironflement.org\/index.php\/da\/#primaryimage"},"image":{"@id":"https:\/\/antironflement.org\/index.php\/da\/#primaryimage"},"thumbnailUrl":"https:\/\/antironflement.org\/wp-content\/uploads\/2022\/03\/Ronflement-couple-2-Small.jpg","datePublished":"2023-07-07T12:09:14+00:00","dateModified":"2023-07-08T12:02:44+00:00","breadcrumb":{"@id":"https:\/\/antironflement.org\/index.php\/da\/#breadcrumb"},"inLanguage":"fr-FR","potentialAction":[{"@type":"ReadAction","target":["https:\/\/antironflement.org\/index.php\/da\/"]}]},{"@type":"ImageObject","inLanguage":"fr-FR","@id":"https:\/\/antironflement.org\/index.php\/da\/#primaryimage","url":"https:\/\/antironflement.org\/wp-content\/uploads\/2022\/03\/Ronflement-couple-2-Small.jpg","contentUrl":"https:\/\/antironflement.org\/wp-content\/uploads\/2022\/03\/Ronflement-couple-2-Small.jpg","width":640,"height":427},{"@type":"BreadcrumbList","@id":"https:\/\/antironflement.org\/index.php\/da\/#breadcrumb","itemListElement":[{"@type":"ListItem","position":1,"name":"Accueil","item":"https:\/\/antironflement.org\/index.php\/en\/"},{"@type":"ListItem","position":2,"name":"Hjem"}]},{"@type":"WebSite","@id":"https:\/\/antironflement.org\/#website","url":"https:\/\/antironflement.org\/","name":"Anti Ronflement","description":"Avis et tests des solutions pour moins ronfler","publisher":{"@id":"https:\/\/antironflement.org\/#organization"},"potentialAction":[{"@type":"SearchAction","target":{"@type":"EntryPoint","urlTemplate":"https:\/\/antironflement.org\/?s={search_term_string}"},"query-input":{"@type":"PropertyValueSpecification","valueRequired":true,"valueName":"search_term_string"}}],"inLanguage":"fr-FR"},{"@type":"Organization","@id":"https:\/\/antironflement.org\/#organization","name":"Anti Ronflement","url":"https:\/\/antironflement.org\/","logo":{"@type":"ImageObject","inLanguage":"fr-FR","@id":"https:\/\/antironflement.org\/#\/schema\/logo\/image\/","url":"https:\/\/antironflement.org\/wp-content\/uploads\/2022\/04\/antironflementlogotopgris.webp","contentUrl":"https:\/\/antironflement.org\/wp-content\/uploads\/2022\/04\/antironflementlogotopgris.webp","width":450,"height":200,"caption":"Anti Ronflement"},"image":{"@id":"https:\/\/antironflement.org\/#\/schema\/logo\/image\/"}}]}},"acf":[],"_links":{"self":[{"href":"https:\/\/antironflement.org\/index.php\/wp-json\/wp\/v2\/pages\/3014","targetHints":{"allow":["GET"]}}],"collection":[{"href":"https:\/\/antironflement.org\/index.php\/wp-json\/wp\/v2\/pages"}],"about":[{"href":"https:\/\/antironflement.org\/index.php\/wp-json\/wp\/v2\/types\/page"}],"author":[{"embeddable":true,"href":"https:\/\/antironflement.org\/index.php\/wp-json\/wp\/v2\/users\/2"}],"replies":[{"embeddable":true,"href":"https:\/\/antironflement.org\/index.php\/wp-json\/wp\/v2\/comments?post=3014"}],"version-history":[{"count":2,"href":"https:\/\/antironflement.org\/index.php\/wp-json\/wp\/v2\/pages\/3014\/revisions"}],"predecessor-version":[{"id":3116,"href":"https:\/\/antironflement.org\/index.php\/wp-json\/wp\/v2\/pages\/3014\/revisions\/3116"}],"wp:attachment":[{"href":"https:\/\/antironflement.org\/index.php\/wp-json\/wp\/v2\/media?parent=3014"}],"curies":[{"name":"wp","href":"https:\/\/api.w.org\/{rel}","templated":true}]}}