{"id":3012,"date":"2023-07-07T14:06:29","date_gmt":"2023-07-07T12:06:29","guid":{"rendered":"https:\/\/antironflement.org\/?page_id=3012"},"modified":"2023-07-07T14:06:30","modified_gmt":"2023-07-07T12:06:30","slug":"om","status":"publish","type":"page","link":"https:\/\/antironflement.org\/index.php\/da\/om\/","title":{"rendered":"Om"},"content":{"rendered":"\n<p>Mit navn er Serge, jeg er 51 \u00e5r gammel.&nbsp;En lille \u00ab\u00a0manager\u00a0\u00bb, og nok \u00ab\u00a0N\u00f8rd\u00a0\u00bb til at lave denne blog \ud83d\ude42.<\/p>\n\n\n\n<p>Da jeg var 38, havde jeg n\u00e6sten en bilulykke, da jeg faldt i s\u00f8vn ved rattet&#8230; Jeg blev opm\u00e6rksom p\u00e5 mine s\u00f8vnproblemer.&nbsp;Jeg led af daglig tr\u00e6thed, jeg gabte hele dagen, mine n\u00e6tter var urolige, afbrudte, jeg havde snorken, samt s\u00f8vnl\u00f8shed!&nbsp;Det samlede!<\/p>\n\n\n\n<figure class=\"wp-block-image\"><img decoding=\"async\" width=\"200\" height=\"25\" src=\"https:\/\/antironflement.org\/wp-content\/uploads\/2022\/03\/ligne-separation.png\" alt=\"\" class=\"wp-image-587\"\/><\/figure>\n\n\n\n<p>Fra den dato begyndte jeg at interessere mig for emnerne fald i s\u00f8vn og s\u00f8vnkvaliteten.<\/p>\n\n\n\n<p>Efter at have konsulteret en \u00d8NH, s\u00f8vnspecialist, opdagede han ogs\u00e5 mig, s\u00f8vnapn\u00f8!<\/p>\n\n\n\n<p>N\u00e5, med alt dette, var jeg n\u00f8dt til at handle!&nbsp;Denne blog vil fort\u00e6lle dig om min rejseplan.<\/p>\n\n\n\n<figure class=\"wp-block-image\"><img decoding=\"async\" width=\"200\" height=\"25\" src=\"https:\/\/antironflement.org\/wp-content\/uploads\/2022\/03\/ligne-separation.png\" alt=\"\" class=\"wp-image-587\"\/><\/figure>\n\n\n\n<p>I dag falder jeg meget let i s\u00f8vn, jeg v\u00e5gner ikke l\u00e6ngere 4 gange om natten, jeg har reduceret min snorken kraftigt.&nbsp;Og jeg gik fra 30 apn\u00f8er i timen til 20, med en meget m\u00e6rkbar forbedring i min dybe s\u00f8vn.<\/p>\n\n\n\n<p>Jeg opdager og tester dog j\u00e6vnligt nye produkter, som stadig har en positiv (eller nul) effekt.&nbsp;Jeg vil dele det med dig i denne blog.<\/p>\n\n\n\n<figure class=\"wp-block-image\"><img decoding=\"async\" width=\"200\" height=\"25\" src=\"https:\/\/antironflement.org\/wp-content\/uploads\/2022\/03\/ligne-separation.png\" alt=\"\" class=\"wp-image-587\"\/><\/figure>\n\n\n\n<h2 class=\"wp-block-heading\">Hvorfor denne blog?<\/h2>\n\n\n\n<p>Da jeg \u00f8nskede at f\u00e5 information p\u00e5 internettet, fik jeg ikke udt\u00f8mmende, kortfattede og pragmatiske svar p\u00e5 disse sp\u00f8rgsm\u00e5l.&nbsp;Jeg fors\u00f8gte i al ydmyghed at v\u00e6re s\u00e5 tydelig som muligt.<\/p>\n\n\n\n<p>Jeg h\u00e5ber, at denne side kan besvare nogle af dine sp\u00f8rgsm\u00e5l.<\/p>\n\n\n\n<p>God l\u00e6sning!<\/p>\n","protected":false},"excerpt":{"rendered":"<p>Mit navn er Serge, jeg er 51 \u00e5r gammel.&nbsp;En lille \u00ab\u00a0manager\u00a0\u00bb, og nok \u00ab\u00a0N\u00f8rd\u00a0\u00bb til at lave denne blog \ud83d\ude42. Da jeg var 38, havde jeg n\u00e6sten en bilulykke, da jeg faldt i s\u00f8vn ved rattet&#8230; Jeg blev opm\u00e6rksom p\u00e5 mine s\u00f8vnproblemer.&nbsp;Jeg led af daglig tr\u00e6thed, jeg gabte hele dagen, mine n\u00e6tter var urolige, afbrudte, jeg havde snorken, samt s\u00f8vnl\u00f8shed!&nbsp;Det samlede! Fra den dato begyndte jeg at interessere mig for emnerne fald i s\u00f8vn og s\u00f8vnkvaliteten. Efter at have konsulteret en \u00d8NH, s\u00f8vnspecialist, opdagede han ogs\u00e5 mig, s\u00f8vnapn\u00f8! N\u00e5, med alt dette, var jeg n\u00f8dt til at handle!&nbsp;Denne blog vil fort\u00e6lle dig om min rejseplan. I dag falder jeg meget let i s\u00f8vn, jeg v\u00e5gner ikke l\u00e6ngere 4 gange om natten, jeg har reduceret min snorken kraftigt.&nbsp;Og jeg gik fra 30 apn\u00f8er i timen til 20, med en meget m\u00e6rkbar forbedring i min dybe s\u00f8vn. Jeg opdager og tester dog j\u00e6vnligt nye produkter, som stadig har en positiv (eller nul) effekt.&nbsp;Jeg vil dele det med dig i denne blog. Hvorfor denne blog? Da jeg \u00f8nskede at f\u00e5 information p\u00e5 internettet, fik jeg ikke udt\u00f8mmende, kortfattede og pragmatiske svar p\u00e5 disse sp\u00f8rgsm\u00e5l.&nbsp;Jeg fors\u00f8gte i al ydmyghed at v\u00e6re s\u00e5 tydelig som muligt. Jeg h\u00e5ber, at denne side kan besvare nogle af dine sp\u00f8rgsm\u00e5l. God l\u00e6sning!<\/p>\n","protected":false},"author":2,"featured_media":129,"parent":0,"menu_order":0,"comment_status":"closed","ping_status":"closed","template":"","meta":{"two_page_speed":[],"footnotes":""},"class_list":["post-3012","page","type-page","status-publish","has-post-thumbnail","hentry"],"yoast_head":"<!-- This site is optimized with the Yoast SEO plugin v27.4 - https:\/\/yoast.com\/product\/yoast-seo-wordpress\/ -->\n<title>Om - Anti Ronflement<\/title>\n<meta name=\"description\" content=\"Je vous pr\u00e9sente mon blog, antironflement.org. J&#039;esp\u00e8re que mon site pourra r\u00e9pondre en partie \u00e0 vos questions.\" \/>\n<meta name=\"robots\" content=\"index, follow, max-snippet:-1, max-image-preview:large, max-video-preview:-1\" \/>\n<link rel=\"canonical\" href=\"https:\/\/antironflement.org\/index.php\/da\/om\/\" \/>\n<meta property=\"og:locale\" content=\"fr_FR\" \/>\n<meta property=\"og:type\" content=\"article\" \/>\n<meta property=\"og:title\" content=\"Om - Anti Ronflement\" \/>\n<meta property=\"og:description\" content=\"Je vous pr\u00e9sente mon blog, antironflement.org. J&#039;esp\u00e8re que mon site pourra r\u00e9pondre en partie \u00e0 vos questions.\" \/>\n<meta property=\"og:url\" content=\"https:\/\/antironflement.org\/index.php\/da\/om\/\" \/>\n<meta property=\"og:site_name\" content=\"Anti Ronflement\" \/>\n<meta property=\"article:modified_time\" content=\"2023-07-07T12:06:30+00:00\" \/>\n<meta property=\"og:image\" content=\"https:\/\/antironflement.org\/wp-content\/uploads\/2022\/03\/portrait_m.png\" \/>\n\t<meta property=\"og:image:width\" content=\"217\" \/>\n\t<meta property=\"og:image:height\" content=\"208\" \/>\n\t<meta property=\"og:image:type\" content=\"image\/png\" \/>\n<meta name=\"twitter:card\" content=\"summary_large_image\" \/>\n<meta name=\"twitter:label1\" content=\"Dur\u00e9e de lecture estim\u00e9e\" \/>\n\t<meta name=\"twitter:data1\" content=\"2 minutes\" \/>\n<script type=\"application\/ld+json\" class=\"yoast-schema-graph\">{\"@context\":\"https:\\\/\\\/schema.org\",\"@graph\":[{\"@type\":\"WebPage\",\"@id\":\"https:\\\/\\\/antironflement.org\\\/index.php\\\/da\\\/om\\\/\",\"url\":\"https:\\\/\\\/antironflement.org\\\/index.php\\\/da\\\/om\\\/\",\"name\":\"Om - Anti Ronflement\",\"isPartOf\":{\"@id\":\"https:\\\/\\\/antironflement.org\\\/#website\"},\"primaryImageOfPage\":{\"@id\":\"https:\\\/\\\/antironflement.org\\\/index.php\\\/da\\\/om\\\/#primaryimage\"},\"image\":{\"@id\":\"https:\\\/\\\/antironflement.org\\\/index.php\\\/da\\\/om\\\/#primaryimage\"},\"thumbnailUrl\":\"https:\\\/\\\/antironflement.org\\\/wp-content\\\/uploads\\\/2022\\\/03\\\/portrait_m.png\",\"datePublished\":\"2023-07-07T12:06:29+00:00\",\"dateModified\":\"2023-07-07T12:06:30+00:00\",\"description\":\"Je vous pr\u00e9sente mon blog, antironflement.org. J'esp\u00e8re que mon site pourra r\u00e9pondre en partie \u00e0 vos questions.\",\"breadcrumb\":{\"@id\":\"https:\\\/\\\/antironflement.org\\\/index.php\\\/da\\\/om\\\/#breadcrumb\"},\"inLanguage\":\"fr-FR\",\"potentialAction\":[{\"@type\":\"ReadAction\",\"target\":[\"https:\\\/\\\/antironflement.org\\\/index.php\\\/da\\\/om\\\/\"]}]},{\"@type\":\"ImageObject\",\"inLanguage\":\"fr-FR\",\"@id\":\"https:\\\/\\\/antironflement.org\\\/index.php\\\/da\\\/om\\\/#primaryimage\",\"url\":\"https:\\\/\\\/antironflement.org\\\/wp-content\\\/uploads\\\/2022\\\/03\\\/portrait_m.png\",\"contentUrl\":\"https:\\\/\\\/antironflement.org\\\/wp-content\\\/uploads\\\/2022\\\/03\\\/portrait_m.png\",\"width\":217,\"height\":208},{\"@type\":\"BreadcrumbList\",\"@id\":\"https:\\\/\\\/antironflement.org\\\/index.php\\\/da\\\/om\\\/#breadcrumb\",\"itemListElement\":[{\"@type\":\"ListItem\",\"position\":1,\"name\":\"Accueil\",\"item\":\"https:\\\/\\\/antironflement.org\\\/index.php\\\/en\\\/\"},{\"@type\":\"ListItem\",\"position\":2,\"name\":\"Om\"}]},{\"@type\":\"WebSite\",\"@id\":\"https:\\\/\\\/antironflement.org\\\/#website\",\"url\":\"https:\\\/\\\/antironflement.org\\\/\",\"name\":\"Anti Ronflement\",\"description\":\"Avis et tests des solutions pour moins ronfler\",\"publisher\":{\"@id\":\"https:\\\/\\\/antironflement.org\\\/#organization\"},\"potentialAction\":[{\"@type\":\"SearchAction\",\"target\":{\"@type\":\"EntryPoint\",\"urlTemplate\":\"https:\\\/\\\/antironflement.org\\\/?s={search_term_string}\"},\"query-input\":{\"@type\":\"PropertyValueSpecification\",\"valueRequired\":true,\"valueName\":\"search_term_string\"}}],\"inLanguage\":\"fr-FR\"},{\"@type\":\"Organization\",\"@id\":\"https:\\\/\\\/antironflement.org\\\/#organization\",\"name\":\"Anti Ronflement\",\"url\":\"https:\\\/\\\/antironflement.org\\\/\",\"logo\":{\"@type\":\"ImageObject\",\"inLanguage\":\"fr-FR\",\"@id\":\"https:\\\/\\\/antironflement.org\\\/#\\\/schema\\\/logo\\\/image\\\/\",\"url\":\"https:\\\/\\\/antironflement.org\\\/wp-content\\\/uploads\\\/2022\\\/04\\\/antironflementlogotopgris.webp\",\"contentUrl\":\"https:\\\/\\\/antironflement.org\\\/wp-content\\\/uploads\\\/2022\\\/04\\\/antironflementlogotopgris.webp\",\"width\":450,\"height\":200,\"caption\":\"Anti Ronflement\"},\"image\":{\"@id\":\"https:\\\/\\\/antironflement.org\\\/#\\\/schema\\\/logo\\\/image\\\/\"}}]}<\/script>\n<!-- \/ Yoast SEO plugin. -->","yoast_head_json":{"title":"Om - Anti Ronflement","description":"Je vous pr\u00e9sente mon blog, antironflement.org. J'esp\u00e8re que mon site pourra r\u00e9pondre en partie \u00e0 vos questions.","robots":{"index":"index","follow":"follow","max-snippet":"max-snippet:-1","max-image-preview":"max-image-preview:large","max-video-preview":"max-video-preview:-1"},"canonical":"https:\/\/antironflement.org\/index.php\/da\/om\/","og_locale":"fr_FR","og_type":"article","og_title":"Om - Anti Ronflement","og_description":"Je vous pr\u00e9sente mon blog, antironflement.org. J'esp\u00e8re que mon site pourra r\u00e9pondre en partie \u00e0 vos questions.","og_url":"https:\/\/antironflement.org\/index.php\/da\/om\/","og_site_name":"Anti Ronflement","article_modified_time":"2023-07-07T12:06:30+00:00","og_image":[{"width":217,"height":208,"url":"https:\/\/antironflement.org\/wp-content\/uploads\/2022\/03\/portrait_m.png","type":"image\/png"}],"twitter_card":"summary_large_image","twitter_misc":{"Dur\u00e9e de lecture estim\u00e9e":"2 minutes"},"schema":{"@context":"https:\/\/schema.org","@graph":[{"@type":"WebPage","@id":"https:\/\/antironflement.org\/index.php\/da\/om\/","url":"https:\/\/antironflement.org\/index.php\/da\/om\/","name":"Om - Anti Ronflement","isPartOf":{"@id":"https:\/\/antironflement.org\/#website"},"primaryImageOfPage":{"@id":"https:\/\/antironflement.org\/index.php\/da\/om\/#primaryimage"},"image":{"@id":"https:\/\/antironflement.org\/index.php\/da\/om\/#primaryimage"},"thumbnailUrl":"https:\/\/antironflement.org\/wp-content\/uploads\/2022\/03\/portrait_m.png","datePublished":"2023-07-07T12:06:29+00:00","dateModified":"2023-07-07T12:06:30+00:00","description":"Je vous pr\u00e9sente mon blog, antironflement.org. J'esp\u00e8re que mon site pourra r\u00e9pondre en partie \u00e0 vos questions.","breadcrumb":{"@id":"https:\/\/antironflement.org\/index.php\/da\/om\/#breadcrumb"},"inLanguage":"fr-FR","potentialAction":[{"@type":"ReadAction","target":["https:\/\/antironflement.org\/index.php\/da\/om\/"]}]},{"@type":"ImageObject","inLanguage":"fr-FR","@id":"https:\/\/antironflement.org\/index.php\/da\/om\/#primaryimage","url":"https:\/\/antironflement.org\/wp-content\/uploads\/2022\/03\/portrait_m.png","contentUrl":"https:\/\/antironflement.org\/wp-content\/uploads\/2022\/03\/portrait_m.png","width":217,"height":208},{"@type":"BreadcrumbList","@id":"https:\/\/antironflement.org\/index.php\/da\/om\/#breadcrumb","itemListElement":[{"@type":"ListItem","position":1,"name":"Accueil","item":"https:\/\/antironflement.org\/index.php\/en\/"},{"@type":"ListItem","position":2,"name":"Om"}]},{"@type":"WebSite","@id":"https:\/\/antironflement.org\/#website","url":"https:\/\/antironflement.org\/","name":"Anti Ronflement","description":"Avis et tests des solutions pour moins ronfler","publisher":{"@id":"https:\/\/antironflement.org\/#organization"},"potentialAction":[{"@type":"SearchAction","target":{"@type":"EntryPoint","urlTemplate":"https:\/\/antironflement.org\/?s={search_term_string}"},"query-input":{"@type":"PropertyValueSpecification","valueRequired":true,"valueName":"search_term_string"}}],"inLanguage":"fr-FR"},{"@type":"Organization","@id":"https:\/\/antironflement.org\/#organization","name":"Anti Ronflement","url":"https:\/\/antironflement.org\/","logo":{"@type":"ImageObject","inLanguage":"fr-FR","@id":"https:\/\/antironflement.org\/#\/schema\/logo\/image\/","url":"https:\/\/antironflement.org\/wp-content\/uploads\/2022\/04\/antironflementlogotopgris.webp","contentUrl":"https:\/\/antironflement.org\/wp-content\/uploads\/2022\/04\/antironflementlogotopgris.webp","width":450,"height":200,"caption":"Anti Ronflement"},"image":{"@id":"https:\/\/antironflement.org\/#\/schema\/logo\/image\/"}}]}},"acf":[],"_links":{"self":[{"href":"https:\/\/antironflement.org\/index.php\/wp-json\/wp\/v2\/pages\/3012","targetHints":{"allow":["GET"]}}],"collection":[{"href":"https:\/\/antironflement.org\/index.php\/wp-json\/wp\/v2\/pages"}],"about":[{"href":"https:\/\/antironflement.org\/index.php\/wp-json\/wp\/v2\/types\/page"}],"author":[{"embeddable":true,"href":"https:\/\/antironflement.org\/index.php\/wp-json\/wp\/v2\/users\/2"}],"replies":[{"embeddable":true,"href":"https:\/\/antironflement.org\/index.php\/wp-json\/wp\/v2\/comments?post=3012"}],"version-history":[{"count":1,"href":"https:\/\/antironflement.org\/index.php\/wp-json\/wp\/v2\/pages\/3012\/revisions"}],"predecessor-version":[{"id":3013,"href":"https:\/\/antironflement.org\/index.php\/wp-json\/wp\/v2\/pages\/3012\/revisions\/3013"}],"wp:featuredmedia":[{"embeddable":true,"href":"https:\/\/antironflement.org\/index.php\/wp-json\/wp\/v2\/media\/129"}],"wp:attachment":[{"href":"https:\/\/antironflement.org\/index.php\/wp-json\/wp\/v2\/media?parent=3012"}],"curies":[{"name":"wp","href":"https:\/\/api.w.org\/{rel}","templated":true}]}}