{"id":2880,"date":"2023-07-05T19:37:22","date_gmt":"2023-07-05T17:37:22","guid":{"rendered":"https:\/\/antironflement.org\/?page_id=2880"},"modified":"2024-08-14T23:43:04","modified_gmt":"2024-08-14T21:43:04","slug":"losningar-mot-snarkning","status":"publish","type":"page","link":"https:\/\/antironflement.org\/index.php\/sv\/losningar-mot-snarkning\/","title":{"rendered":"L\u00f6sningar mot snarkning"},"content":{"rendered":"\n<h2 class=\"wp-block-heading\">1\/ Best\u00e4m f\u00f6rst varf\u00f6r du snarkar<\/h2>\n\n\n<div class=\"wp-block-image\">\n<figure class=\"aligncenter is-resized\"><img fetchpriority=\"high\" decoding=\"async\" width=\"1024\" height=\"967\" src=\"https:\/\/antironflement.org\/wp-content\/uploads\/2023\/06\/ORL-sommeil-diagnostique.jpg\" alt=\"\" class=\"wp-image-1487\" style=\"width:325px;height:307px\" srcset=\"https:\/\/antironflement.org\/wp-content\/uploads\/2023\/06\/ORL-sommeil-diagnostique.jpg 1024w, https:\/\/antironflement.org\/wp-content\/uploads\/2023\/06\/ORL-sommeil-diagnostique-300x283.jpg 300w, https:\/\/antironflement.org\/wp-content\/uploads\/2023\/06\/ORL-sommeil-diagnostique-768x725.jpg 768w, https:\/\/antironflement.org\/wp-content\/uploads\/2023\/06\/ORL-sommeil-diagnostique-600x567.jpg 600w\" sizes=\"(max-width: 1024px) 100vw, 1024px\" \/><\/figure>\n<\/div>\n\n\n<p>Se min \u00a0\u00bb&nbsp;&nbsp;<a href=\"https:\/\/antironflement.org\/index.php\/sv\/orsakerna-till-snarkning\/\">Orsaker<\/a>&nbsp;\u00ab\u00a0-sida, det finns m\u00e5nga av dem och vi \u00e4r alla olika.<\/p>\n\n\n\n<p>F\u00f6r att hitta r\u00e4tt l\u00f6sningar F\u00d6R DIG m\u00e5ste du d\u00e4rf\u00f6r st\u00e4lla r\u00e4tt diagnos.<\/p>\n\n\n\n<p>En konsultation med en \u00d6NH-s\u00f6mnspecialist hj\u00e4lper dig.<\/p>\n\n\n\n<h2 class=\"wp-block-heading\">2\/ Forts\u00e4tt sedan till dina egna tester, med l\u00f6sningar eller produkter som \u00e4r riktigt effektiva (med bra kundrecensioner)<\/h2>\n\n\n\n<p>L\u00f6sningar som fungerar:<\/p>\n\n\n\n<p>Vid k\u00f6p av produkter:<\/p>\n\n\n\n<ul class=\"wp-block-list\">\n<li><a href=\"https:\/\/antironflement.org\/index.php\/sv\/category\/testning\/nasspray\/\">N\u00e4sspray f\u00f6r att frig\u00f6ra slemhinnorna<\/a><\/li>\n\n\n\n<li><a href=\"https:\/\/antironflement.org\/index.php\/sv\/category\/testning\/retractor-nasal-sv\/\">&nbsp;retractor nasal&nbsp; som g\u00f6r att du kan andas b\u00e4ttre genom n\u00e4san<\/a><\/li>\n\n\n\n<li><a href=\"https:\/\/antironflement.org\/index.php\/sv\/category\/testning\/hakstod-och-munstycke\/\">H\u00e5lla munnen st\u00e4ngd f\u00f6r att andas genom n\u00e4san: hakrem eller munstycke<\/a><\/li>\n\n\n\n<li><a href=\"https:\/\/antironflement.org\/index.php\/sv\/category\/testning\/ortos\/\">Munortos med en mandibul\u00e4r avancemang som frig\u00f6r luftpassagen i svalgets niv\u00e5<\/a>&nbsp;<\/li>\n\n\n\n<li><a href=\"https:\/\/antironflement.org\/index.php\/sv\/category\/testning\/sov-pa-mage\/\">Tvinga dig sj\u00e4lv att sova p\u00e5 mage med hj\u00e4lp av en enhet i ryggen<\/a><\/li>\n\n\n\n<li><a href=\"https:\/\/antironflement.org\/index.php\/sv\/category\/testning\/anti-brus\/\">Erbjud din partner bullerskyddsl\u00f6sningar<\/a><\/li>\n<\/ul>\n\n\n\n<p>Utan produkter:<\/p>\n\n\n\n<ul class=\"wp-block-list\">\n<li><a href=\"https:\/\/antironflement.org\/index.php\/sv\/2023\/07\/06\/maxillofaciala-muskelovningar\/\">Maxillofaciala muskel\u00f6vningar<\/a><\/li>\n\n\n\n<li><a href=\"https:\/\/antironflement.org\/index.php\/sv\/2023\/07\/06\/sport-overvikt\/\">Sport, ha en h\u00e4lsosam livsstil, mat och alkoholfritt<\/a><\/li>\n\n\n\n<li><a href=\"https:\/\/antironflement.org\/index.php\/sv\/2023\/07\/06\/onh-specialist-i-somn-och-kirurgi\/\">Konsultera en \u00d6NH, med eventuellt ingripande<\/a><\/li>\n<\/ul>\n\n\n\n<h2 class=\"wp-block-heading\">3\/ Analysera resultaten<\/h2>\n\n\n<div class=\"wp-block-image\">\n<figure class=\"aligncenter is-resized\"><img decoding=\"async\" width=\"951\" height=\"474\" src=\"https:\/\/antironflement.org\/wp-content\/uploads\/2023\/06\/analyse-du-sommeil.jpg\" alt=\"\" class=\"wp-image-1488\" style=\"width:355px;height:176px\" srcset=\"https:\/\/antironflement.org\/wp-content\/uploads\/2023\/06\/analyse-du-sommeil.jpg 951w, https:\/\/antironflement.org\/wp-content\/uploads\/2023\/06\/analyse-du-sommeil-300x150.jpg 300w, https:\/\/antironflement.org\/wp-content\/uploads\/2023\/06\/analyse-du-sommeil-768x383.jpg 768w, https:\/\/antironflement.org\/wp-content\/uploads\/2023\/06\/analyse-du-sommeil-600x299.jpg 600w\" sizes=\"(max-width: 951px) 100vw, 951px\" \/><\/figure>\n<\/div>\n\n\n<p>Denna del \u00e4r mycket viktig och kommer att ta tid.&nbsp;Det kommer ocks\u00e5 att vara n\u00f6dv\u00e4ndigt att j\u00e4mf\u00f6ra med j\u00e4mf\u00f6rbara situationer (dra inte f\u00f6rhastade slutsatser om resultatet inte \u00e4r avg\u00f6rande efter en gigantisk och v\u00e4lvattnad m\u00e5ltid!).<\/p>\n\n\n\n<p>Testet m\u00e5ste ocks\u00e5 genomf\u00f6ras under en period p\u00e5 minst en vecka f\u00f6r att f\u00e5 fram ett medelv\u00e4rde.<\/p>\n\n\n\n<p>Det b\u00e4sta \u00e4r ocks\u00e5 att varva l\u00f6sningarna, eller att g\u00f6ra n\u00e4tter utan n\u00e5gonting d\u00e5 med&#8230; Genom att g\u00e5 tillv\u00e4ga p\u00e5 detta s\u00e4tt under samma period, fysiskt identisk, f\u00e5r du en utm\u00e4rkt j\u00e4mf\u00f6relse.<\/p>\n\n\n\n<p>B\u00e4ttre \u00e4n din partners \u00ab\u00a0feedback\u00a0\u00bb, anv\u00e4nd en app som registrerar och analyserar din snarkning hela natten.<\/p>\n\n\n\n<p>Till exempel, Snoreclock:<\/p>\n\n\n\n<p><a href=\"https:\/\/play.google.com\/store\/apps\/details?id=de.ralphsapps.snorecontrol&amp;hl=fr_CH&amp;gl=US\">F\u00f6r Android, h\u00e4r<\/a><\/p>\n\n\n\n<p><a href=\"https:\/\/apps.apple.com\/fr\/app\/snoreclock-vous-ronflez\/id673980122\">Och IOS, h\u00e4r<\/a><\/p>\n\n\n\n<h2 class=\"wp-block-heading\">4\/ H\u00e5ll ut!<\/h2>\n\n\n<div class=\"wp-block-image\">\n<figure class=\"aligncenter is-resized\"><img decoding=\"async\" width=\"1024\" height=\"898\" src=\"https:\/\/antironflement.org\/wp-content\/uploads\/2023\/06\/image-de-perseverance-solutions-anti-ronflements.jpg\" alt=\"\" class=\"wp-image-1517\" style=\"width:348px;height:304px\" srcset=\"https:\/\/antironflement.org\/wp-content\/uploads\/2023\/06\/image-de-perseverance-solutions-anti-ronflements.jpg 1024w, https:\/\/antironflement.org\/wp-content\/uploads\/2023\/06\/image-de-perseverance-solutions-anti-ronflements-300x263.jpg 300w, https:\/\/antironflement.org\/wp-content\/uploads\/2023\/06\/image-de-perseverance-solutions-anti-ronflements-768x674.jpg 768w, https:\/\/antironflement.org\/wp-content\/uploads\/2023\/06\/image-de-perseverance-solutions-anti-ronflements-600x526.jpg 600w\" sizes=\"(max-width: 1024px) 100vw, 1024px\" \/><\/figure>\n<\/div>\n\n\n<p>Mellan misslyckande och en best\u00e5ende l\u00f6sning ligger skillnaden ofta i din f\u00f6rm\u00e5ga att h\u00e5lla ut.<\/p>\n\n\n\n<p>Exempel: att b\u00e4ra ortos hela natten \u00e4r inte trevligt (men d\u00e5 inte alls!) f\u00f6rsta natten.<\/p>\n\n\n\n<p>Sedan v\u00e4njer man sig under vattnet, f\u00f6r n\u00e5gon g\u00e5ng k\u00e4nner man det inte l\u00e4ngre.<\/p>\n\n\n\n<p>Kontaktlinsb\u00e4rare har upplevt detta.<\/p>\n","protected":false},"excerpt":{"rendered":"<p>1\/ Best\u00e4m f\u00f6rst varf\u00f6r du snarkar Se min \u00a0\u00bb&nbsp;&nbsp;Orsaker&nbsp;\u00ab\u00a0-sida, det finns m\u00e5nga av dem och vi \u00e4r alla olika. F\u00f6r att hitta r\u00e4tt l\u00f6sningar F\u00d6R DIG m\u00e5ste du d\u00e4rf\u00f6r st\u00e4lla r\u00e4tt diagnos. En konsultation med en \u00d6NH-s\u00f6mnspecialist hj\u00e4lper dig. 2\/ Forts\u00e4tt sedan till dina egna tester, med l\u00f6sningar eller produkter som \u00e4r riktigt effektiva (med bra kundrecensioner) L\u00f6sningar som fungerar: Vid k\u00f6p av produkter: Utan produkter: 3\/ Analysera resultaten Denna del \u00e4r mycket viktig och kommer att ta tid.&nbsp;Det kommer ocks\u00e5 att vara n\u00f6dv\u00e4ndigt att j\u00e4mf\u00f6ra med j\u00e4mf\u00f6rbara situationer (dra inte f\u00f6rhastade slutsatser om resultatet inte \u00e4r avg\u00f6rande efter en gigantisk och v\u00e4lvattnad m\u00e5ltid!). Testet m\u00e5ste ocks\u00e5 genomf\u00f6ras under en period p\u00e5 minst en vecka f\u00f6r att f\u00e5 fram ett medelv\u00e4rde. Det b\u00e4sta \u00e4r ocks\u00e5 att varva l\u00f6sningarna, eller att g\u00f6ra n\u00e4tter utan n\u00e5gonting d\u00e5 med&#8230; Genom att g\u00e5 tillv\u00e4ga p\u00e5 detta s\u00e4tt under samma period, fysiskt identisk, f\u00e5r du en utm\u00e4rkt j\u00e4mf\u00f6relse. B\u00e4ttre \u00e4n din partners \u00ab\u00a0feedback\u00a0\u00bb, anv\u00e4nd en app som registrerar och analyserar din snarkning hela natten. Till exempel, Snoreclock: F\u00f6r Android, h\u00e4r Och IOS, h\u00e4r 4\/ H\u00e5ll ut! Mellan misslyckande och en best\u00e5ende l\u00f6sning ligger skillnaden ofta i din f\u00f6rm\u00e5ga att h\u00e5lla ut. Exempel: att b\u00e4ra ortos hela natten \u00e4r inte trevligt (men d\u00e5 inte alls!) f\u00f6rsta natten. Sedan v\u00e4njer man sig under vattnet, f\u00f6r n\u00e5gon g\u00e5ng k\u00e4nner man det inte l\u00e4ngre. Kontaktlinsb\u00e4rare har upplevt detta.<\/p>\n","protected":false},"author":2,"featured_media":0,"parent":0,"menu_order":0,"comment_status":"closed","ping_status":"closed","template":"","meta":{"two_page_speed":[],"footnotes":""},"class_list":["post-2880","page","type-page","status-publish","hentry"],"yoast_head":"<!-- This site is optimized with the Yoast SEO plugin v27.4 - https:\/\/yoast.com\/product\/yoast-seo-wordpress\/ -->\n<title>L\u00f6sningar mot snarkning - Anti Ronflement<\/title>\n<meta name=\"robots\" content=\"index, follow, max-snippet:-1, max-image-preview:large, max-video-preview:-1\" \/>\n<link rel=\"canonical\" href=\"https:\/\/antironflement.org\/index.php\/sv\/losningar-mot-snarkning\/\" \/>\n<meta property=\"og:locale\" content=\"fr_FR\" \/>\n<meta property=\"og:type\" content=\"article\" \/>\n<meta property=\"og:title\" content=\"L\u00f6sningar mot snarkning - Anti Ronflement\" \/>\n<meta property=\"og:description\" content=\"1\/ Best\u00e4m f\u00f6rst varf\u00f6r du snarkar Se min \u00a0\u00bb&nbsp;&nbsp;Orsaker&nbsp;\u00ab\u00a0-sida, det finns m\u00e5nga av dem och vi \u00e4r alla olika. F\u00f6r att hitta r\u00e4tt l\u00f6sningar F\u00d6R DIG m\u00e5ste du d\u00e4rf\u00f6r st\u00e4lla r\u00e4tt diagnos. En konsultation med en \u00d6NH-s\u00f6mnspecialist hj\u00e4lper dig. 2\/ Forts\u00e4tt sedan till dina egna tester, med l\u00f6sningar eller produkter som \u00e4r riktigt effektiva (med bra kundrecensioner) L\u00f6sningar som fungerar: Vid k\u00f6p av produkter: Utan produkter: 3\/ Analysera resultaten Denna del \u00e4r mycket viktig och kommer att ta tid.&nbsp;Det kommer ocks\u00e5 att vara n\u00f6dv\u00e4ndigt att j\u00e4mf\u00f6ra med j\u00e4mf\u00f6rbara situationer (dra inte f\u00f6rhastade slutsatser om resultatet inte \u00e4r avg\u00f6rande efter en gigantisk och v\u00e4lvattnad m\u00e5ltid!). Testet m\u00e5ste ocks\u00e5 genomf\u00f6ras under en period p\u00e5 minst en vecka f\u00f6r att f\u00e5 fram ett medelv\u00e4rde. Det b\u00e4sta \u00e4r ocks\u00e5 att varva l\u00f6sningarna, eller att g\u00f6ra n\u00e4tter utan n\u00e5gonting d\u00e5 med&#8230; Genom att g\u00e5 tillv\u00e4ga p\u00e5 detta s\u00e4tt under samma period, fysiskt identisk, f\u00e5r du en utm\u00e4rkt j\u00e4mf\u00f6relse. B\u00e4ttre \u00e4n din partners \u00ab\u00a0feedback\u00a0\u00bb, anv\u00e4nd en app som registrerar och analyserar din snarkning hela natten. Till exempel, Snoreclock: F\u00f6r Android, h\u00e4r Och IOS, h\u00e4r 4\/ H\u00e5ll ut! Mellan misslyckande och en best\u00e5ende l\u00f6sning ligger skillnaden ofta i din f\u00f6rm\u00e5ga att h\u00e5lla ut. Exempel: att b\u00e4ra ortos hela natten \u00e4r inte trevligt (men d\u00e5 inte alls!) f\u00f6rsta natten. Sedan v\u00e4njer man sig under vattnet, f\u00f6r n\u00e5gon g\u00e5ng k\u00e4nner man det inte l\u00e4ngre. Kontaktlinsb\u00e4rare har upplevt detta.\" \/>\n<meta property=\"og:url\" content=\"https:\/\/antironflement.org\/index.php\/sv\/losningar-mot-snarkning\/\" \/>\n<meta property=\"og:site_name\" content=\"Anti Ronflement\" \/>\n<meta property=\"article:modified_time\" content=\"2024-08-14T21:43:04+00:00\" \/>\n<meta property=\"og:image\" content=\"https:\/\/antironflement.org\/wp-content\/uploads\/2023\/06\/ORL-sommeil-diagnostique.jpg\" \/>\n<meta name=\"twitter:card\" content=\"summary_large_image\" \/>\n<meta name=\"twitter:label1\" content=\"Dur\u00e9e de lecture estim\u00e9e\" \/>\n\t<meta name=\"twitter:data1\" content=\"3 minutes\" \/>\n<script type=\"application\/ld+json\" class=\"yoast-schema-graph\">{\"@context\":\"https:\\\/\\\/schema.org\",\"@graph\":[{\"@type\":\"WebPage\",\"@id\":\"https:\\\/\\\/antironflement.org\\\/index.php\\\/sv\\\/losningar-mot-snarkning\\\/\",\"url\":\"https:\\\/\\\/antironflement.org\\\/index.php\\\/sv\\\/losningar-mot-snarkning\\\/\",\"name\":\"L\u00f6sningar mot snarkning - Anti Ronflement\",\"isPartOf\":{\"@id\":\"https:\\\/\\\/antironflement.org\\\/#website\"},\"primaryImageOfPage\":{\"@id\":\"https:\\\/\\\/antironflement.org\\\/index.php\\\/sv\\\/losningar-mot-snarkning\\\/#primaryimage\"},\"image\":{\"@id\":\"https:\\\/\\\/antironflement.org\\\/index.php\\\/sv\\\/losningar-mot-snarkning\\\/#primaryimage\"},\"thumbnailUrl\":\"https:\\\/\\\/antironflement.org\\\/wp-content\\\/uploads\\\/2023\\\/06\\\/ORL-sommeil-diagnostique.jpg\",\"datePublished\":\"2023-07-05T17:37:22+00:00\",\"dateModified\":\"2024-08-14T21:43:04+00:00\",\"breadcrumb\":{\"@id\":\"https:\\\/\\\/antironflement.org\\\/index.php\\\/sv\\\/losningar-mot-snarkning\\\/#breadcrumb\"},\"inLanguage\":\"fr-FR\",\"potentialAction\":[{\"@type\":\"ReadAction\",\"target\":[\"https:\\\/\\\/antironflement.org\\\/index.php\\\/sv\\\/losningar-mot-snarkning\\\/\"]}]},{\"@type\":\"ImageObject\",\"inLanguage\":\"fr-FR\",\"@id\":\"https:\\\/\\\/antironflement.org\\\/index.php\\\/sv\\\/losningar-mot-snarkning\\\/#primaryimage\",\"url\":\"https:\\\/\\\/antironflement.org\\\/wp-content\\\/uploads\\\/2023\\\/06\\\/ORL-sommeil-diagnostique.jpg\",\"contentUrl\":\"https:\\\/\\\/antironflement.org\\\/wp-content\\\/uploads\\\/2023\\\/06\\\/ORL-sommeil-diagnostique.jpg\",\"width\":1024,\"height\":967},{\"@type\":\"BreadcrumbList\",\"@id\":\"https:\\\/\\\/antironflement.org\\\/index.php\\\/sv\\\/losningar-mot-snarkning\\\/#breadcrumb\",\"itemListElement\":[{\"@type\":\"ListItem\",\"position\":1,\"name\":\"Accueil\",\"item\":\"https:\\\/\\\/antironflement.org\\\/index.php\\\/en\\\/\"},{\"@type\":\"ListItem\",\"position\":2,\"name\":\"L\u00f6sningar mot snarkning\"}]},{\"@type\":\"WebSite\",\"@id\":\"https:\\\/\\\/antironflement.org\\\/#website\",\"url\":\"https:\\\/\\\/antironflement.org\\\/\",\"name\":\"Anti Ronflement\",\"description\":\"Avis et tests des solutions pour moins ronfler\",\"publisher\":{\"@id\":\"https:\\\/\\\/antironflement.org\\\/#organization\"},\"potentialAction\":[{\"@type\":\"SearchAction\",\"target\":{\"@type\":\"EntryPoint\",\"urlTemplate\":\"https:\\\/\\\/antironflement.org\\\/?s={search_term_string}\"},\"query-input\":{\"@type\":\"PropertyValueSpecification\",\"valueRequired\":true,\"valueName\":\"search_term_string\"}}],\"inLanguage\":\"fr-FR\"},{\"@type\":\"Organization\",\"@id\":\"https:\\\/\\\/antironflement.org\\\/#organization\",\"name\":\"Anti Ronflement\",\"url\":\"https:\\\/\\\/antironflement.org\\\/\",\"logo\":{\"@type\":\"ImageObject\",\"inLanguage\":\"fr-FR\",\"@id\":\"https:\\\/\\\/antironflement.org\\\/#\\\/schema\\\/logo\\\/image\\\/\",\"url\":\"https:\\\/\\\/antironflement.org\\\/wp-content\\\/uploads\\\/2022\\\/04\\\/antironflementlogotopgris.webp\",\"contentUrl\":\"https:\\\/\\\/antironflement.org\\\/wp-content\\\/uploads\\\/2022\\\/04\\\/antironflementlogotopgris.webp\",\"width\":450,\"height\":200,\"caption\":\"Anti Ronflement\"},\"image\":{\"@id\":\"https:\\\/\\\/antironflement.org\\\/#\\\/schema\\\/logo\\\/image\\\/\"}}]}<\/script>\n<!-- \/ Yoast SEO plugin. -->","yoast_head_json":{"title":"L\u00f6sningar mot snarkning - Anti Ronflement","robots":{"index":"index","follow":"follow","max-snippet":"max-snippet:-1","max-image-preview":"max-image-preview:large","max-video-preview":"max-video-preview:-1"},"canonical":"https:\/\/antironflement.org\/index.php\/sv\/losningar-mot-snarkning\/","og_locale":"fr_FR","og_type":"article","og_title":"L\u00f6sningar mot snarkning - Anti Ronflement","og_description":"1\/ Best\u00e4m f\u00f6rst varf\u00f6r du snarkar Se min \u00a0\u00bb&nbsp;&nbsp;Orsaker&nbsp;\u00ab\u00a0-sida, det finns m\u00e5nga av dem och vi \u00e4r alla olika. F\u00f6r att hitta r\u00e4tt l\u00f6sningar F\u00d6R DIG m\u00e5ste du d\u00e4rf\u00f6r st\u00e4lla r\u00e4tt diagnos. En konsultation med en \u00d6NH-s\u00f6mnspecialist hj\u00e4lper dig. 2\/ Forts\u00e4tt sedan till dina egna tester, med l\u00f6sningar eller produkter som \u00e4r riktigt effektiva (med bra kundrecensioner) L\u00f6sningar som fungerar: Vid k\u00f6p av produkter: Utan produkter: 3\/ Analysera resultaten Denna del \u00e4r mycket viktig och kommer att ta tid.&nbsp;Det kommer ocks\u00e5 att vara n\u00f6dv\u00e4ndigt att j\u00e4mf\u00f6ra med j\u00e4mf\u00f6rbara situationer (dra inte f\u00f6rhastade slutsatser om resultatet inte \u00e4r avg\u00f6rande efter en gigantisk och v\u00e4lvattnad m\u00e5ltid!). Testet m\u00e5ste ocks\u00e5 genomf\u00f6ras under en period p\u00e5 minst en vecka f\u00f6r att f\u00e5 fram ett medelv\u00e4rde. Det b\u00e4sta \u00e4r ocks\u00e5 att varva l\u00f6sningarna, eller att g\u00f6ra n\u00e4tter utan n\u00e5gonting d\u00e5 med&#8230; Genom att g\u00e5 tillv\u00e4ga p\u00e5 detta s\u00e4tt under samma period, fysiskt identisk, f\u00e5r du en utm\u00e4rkt j\u00e4mf\u00f6relse. B\u00e4ttre \u00e4n din partners \u00ab\u00a0feedback\u00a0\u00bb, anv\u00e4nd en app som registrerar och analyserar din snarkning hela natten. Till exempel, Snoreclock: F\u00f6r Android, h\u00e4r Och IOS, h\u00e4r 4\/ H\u00e5ll ut! Mellan misslyckande och en best\u00e5ende l\u00f6sning ligger skillnaden ofta i din f\u00f6rm\u00e5ga att h\u00e5lla ut. Exempel: att b\u00e4ra ortos hela natten \u00e4r inte trevligt (men d\u00e5 inte alls!) f\u00f6rsta natten. Sedan v\u00e4njer man sig under vattnet, f\u00f6r n\u00e5gon g\u00e5ng k\u00e4nner man det inte l\u00e4ngre. Kontaktlinsb\u00e4rare har upplevt detta.","og_url":"https:\/\/antironflement.org\/index.php\/sv\/losningar-mot-snarkning\/","og_site_name":"Anti Ronflement","article_modified_time":"2024-08-14T21:43:04+00:00","og_image":[{"url":"https:\/\/antironflement.org\/wp-content\/uploads\/2023\/06\/ORL-sommeil-diagnostique.jpg","type":"","width":"","height":""}],"twitter_card":"summary_large_image","twitter_misc":{"Dur\u00e9e de lecture estim\u00e9e":"3 minutes"},"schema":{"@context":"https:\/\/schema.org","@graph":[{"@type":"WebPage","@id":"https:\/\/antironflement.org\/index.php\/sv\/losningar-mot-snarkning\/","url":"https:\/\/antironflement.org\/index.php\/sv\/losningar-mot-snarkning\/","name":"L\u00f6sningar mot snarkning - Anti Ronflement","isPartOf":{"@id":"https:\/\/antironflement.org\/#website"},"primaryImageOfPage":{"@id":"https:\/\/antironflement.org\/index.php\/sv\/losningar-mot-snarkning\/#primaryimage"},"image":{"@id":"https:\/\/antironflement.org\/index.php\/sv\/losningar-mot-snarkning\/#primaryimage"},"thumbnailUrl":"https:\/\/antironflement.org\/wp-content\/uploads\/2023\/06\/ORL-sommeil-diagnostique.jpg","datePublished":"2023-07-05T17:37:22+00:00","dateModified":"2024-08-14T21:43:04+00:00","breadcrumb":{"@id":"https:\/\/antironflement.org\/index.php\/sv\/losningar-mot-snarkning\/#breadcrumb"},"inLanguage":"fr-FR","potentialAction":[{"@type":"ReadAction","target":["https:\/\/antironflement.org\/index.php\/sv\/losningar-mot-snarkning\/"]}]},{"@type":"ImageObject","inLanguage":"fr-FR","@id":"https:\/\/antironflement.org\/index.php\/sv\/losningar-mot-snarkning\/#primaryimage","url":"https:\/\/antironflement.org\/wp-content\/uploads\/2023\/06\/ORL-sommeil-diagnostique.jpg","contentUrl":"https:\/\/antironflement.org\/wp-content\/uploads\/2023\/06\/ORL-sommeil-diagnostique.jpg","width":1024,"height":967},{"@type":"BreadcrumbList","@id":"https:\/\/antironflement.org\/index.php\/sv\/losningar-mot-snarkning\/#breadcrumb","itemListElement":[{"@type":"ListItem","position":1,"name":"Accueil","item":"https:\/\/antironflement.org\/index.php\/en\/"},{"@type":"ListItem","position":2,"name":"L\u00f6sningar mot snarkning"}]},{"@type":"WebSite","@id":"https:\/\/antironflement.org\/#website","url":"https:\/\/antironflement.org\/","name":"Anti Ronflement","description":"Avis et tests des solutions pour moins ronfler","publisher":{"@id":"https:\/\/antironflement.org\/#organization"},"potentialAction":[{"@type":"SearchAction","target":{"@type":"EntryPoint","urlTemplate":"https:\/\/antironflement.org\/?s={search_term_string}"},"query-input":{"@type":"PropertyValueSpecification","valueRequired":true,"valueName":"search_term_string"}}],"inLanguage":"fr-FR"},{"@type":"Organization","@id":"https:\/\/antironflement.org\/#organization","name":"Anti Ronflement","url":"https:\/\/antironflement.org\/","logo":{"@type":"ImageObject","inLanguage":"fr-FR","@id":"https:\/\/antironflement.org\/#\/schema\/logo\/image\/","url":"https:\/\/antironflement.org\/wp-content\/uploads\/2022\/04\/antironflementlogotopgris.webp","contentUrl":"https:\/\/antironflement.org\/wp-content\/uploads\/2022\/04\/antironflementlogotopgris.webp","width":450,"height":200,"caption":"Anti Ronflement"},"image":{"@id":"https:\/\/antironflement.org\/#\/schema\/logo\/image\/"}}]}},"acf":[],"_links":{"self":[{"href":"https:\/\/antironflement.org\/index.php\/wp-json\/wp\/v2\/pages\/2880","targetHints":{"allow":["GET"]}}],"collection":[{"href":"https:\/\/antironflement.org\/index.php\/wp-json\/wp\/v2\/pages"}],"about":[{"href":"https:\/\/antironflement.org\/index.php\/wp-json\/wp\/v2\/types\/page"}],"author":[{"embeddable":true,"href":"https:\/\/antironflement.org\/index.php\/wp-json\/wp\/v2\/users\/2"}],"replies":[{"embeddable":true,"href":"https:\/\/antironflement.org\/index.php\/wp-json\/wp\/v2\/comments?post=2880"}],"version-history":[{"count":5,"href":"https:\/\/antironflement.org\/index.php\/wp-json\/wp\/v2\/pages\/2880\/revisions"}],"predecessor-version":[{"id":3838,"href":"https:\/\/antironflement.org\/index.php\/wp-json\/wp\/v2\/pages\/2880\/revisions\/3838"}],"wp:attachment":[{"href":"https:\/\/antironflement.org\/index.php\/wp-json\/wp\/v2\/media?parent=2880"}],"curies":[{"name":"wp","href":"https:\/\/api.w.org\/{rel}","templated":true}]}}