{"id":2872,"date":"2023-07-05T18:54:42","date_gmt":"2023-07-05T16:54:42","guid":{"rendered":"https:\/\/antironflement.org\/?page_id=2872"},"modified":"2023-07-07T08:12:20","modified_gmt":"2023-07-07T06:12:20","slug":"hem","status":"publish","type":"page","link":"https:\/\/antironflement.org\/index.php\/sv\/","title":{"rendered":"Hem"},"content":{"rendered":"\n<h2 class=\"wp-block-heading\">Recensioner och tester av l\u00f6sningar f\u00f6r att minska snarkning<\/h2>\n\n\n\n<p>H\u00e4r hittar du recensioner och tester av anti-snarkningsl\u00f6sningar.&nbsp;Presentation av produkter, tekniker f\u00f6r mindre snarkning.<\/p>\n\n\n<div class=\"wp-block-image\">\n<figure class=\"aligncenter\"><img fetchpriority=\"high\" decoding=\"async\" width=\"640\" height=\"427\" src=\"https:\/\/antironflement.org\/wp-content\/uploads\/2022\/03\/Ronflement-couple-2-Small.jpg\" alt=\"par, snarkande man\" class=\"wp-image-457\" srcset=\"https:\/\/antironflement.org\/wp-content\/uploads\/2022\/03\/Ronflement-couple-2-Small.jpg 640w, https:\/\/antironflement.org\/wp-content\/uploads\/2022\/03\/Ronflement-couple-2-Small-600x400.jpg 600w, https:\/\/antironflement.org\/wp-content\/uploads\/2022\/03\/Ronflement-couple-2-Small-300x200.jpg 300w\" sizes=\"(max-width: 640px) 100vw, 640px\" \/><\/figure>\n<\/div>\n\n\n<h2 class=\"wp-block-heading\">Hur m\u00e5nga drabbas av snarkning?<\/h2>\n\n\n\n<p>Enligt \u00ab\u00a0American Academy of Otolaryngology\u00a0\u00bb lider 70% av vuxna av snarkning.<\/p>\n\n\n\n<h2 class=\"wp-block-heading\">Vilka \u00e4r orsakerna till snarkning?<\/h2>\n\n\n\n<p>Orsakerna \u00e4r flera, livsstil, alkohol, n\u00e4st\u00e4ppa och\/eller avvikelse, \u00e5lder, \u00f6vervikt, s\u00f6mnapn\u00e9, jag kommer att diskutera dem i den h\u00e4r bloggen samt de l\u00f6sningar som finns.\u00a0<a href=\"https:\/\/antironflement.org\/index.php\/sv\/orsakerna-till-snarkning\/\">P\u00e5 den h\u00e4r sidan diskuterar jag orsakerna<\/a>\u00a0.<\/p>\n\n\n\n<h2 class=\"wp-block-heading\">Vilka \u00e4r konsekvenserna av snarkning?<\/h2>\n\n\n\n<p>Konsekvenserna \u00e4r ocks\u00e5 olika: d\u00e5lig s\u00f6mnkvalitet, parproblem, risk f\u00f6r s\u00f6mnapn\u00e9, tr\u00f6tthet&#8230;<\/p>\n\n\n\n<h2 class=\"wp-block-heading\">Vilka \u00e4r l\u00f6sningarna f\u00f6r att minska snarkning?<\/h2>\n\n\n\n<p>Syftet med den h\u00e4r bloggen \u00e4r att ber\u00e4tta,\u00a0<a href=\"https:\/\/antironflement.org\/index.php\/sv\/nar-det-galler\/\">enligt min egen erfarenhet<\/a>\u00a0, om de tekniker och l\u00f6sningar som har gjort det m\u00f6jligt f\u00f6r mig att minska snarkning och f\u00f6rb\u00e4ttra min s\u00f6mnkvalitet.<br>Du hittar s\u00e5v\u00e4l avsnitt som ledare\/artiklar\/\u00e4mnen, korta, l\u00e4ttl\u00e4sta, om dessa omr\u00e5den, eller om de anti-snarkningsenheter, l\u00f6sningar, som jag har kunnat testa.\u00a0Vilka fungerar och vilka som inte fungerar.<\/p>\n\n\n\n<p>Alla \u00e4r olika, och den h\u00e4r bloggen kan naturligtvis inte ers\u00e4tta f\u00f6rh\u00e5llandet mellan dig och en \u00d6NH, s\u00f6mnspecialist (jag kommer ocks\u00e5 att n\u00e4mna behovet av att konsultera, n\u00e4r och vilken typ av specialist, och vad de erbj\u00f6d mig).<\/p>\n\n\n\n<p>Jag hoppas att mina r\u00e5d, min erfarenhet, kommer att kunna v\u00e4gleda dig s\u00e5 bra som m\u00f6jligt i din forskning f\u00f6r att f\u00f6rb\u00e4ttra kvaliteten p\u00e5 din natt, och din s\u00f6mn.&nbsp;Det kan verkligen f\u00f6r\u00e4ndra ditt liv.<\/p>\n\n\n\n<h2 class=\"wp-block-heading\">Mina favoritprodukter<\/h2>\n\n\n\n<p>I avsnittet \u00a0\u00bb\u00a0<a href=\"https:\/\/antironflement.org\/index.php\/sv\/mina-favoritprodukter-for-att-begransa-din-snarkning\/\">Mina favoritprodukter<\/a>\u00a0\u00a0\u00bb hittar jag \u00e4ven de produkter som jag anv\u00e4nder dagligen!<\/p>\n\n\n\n<p>Bra l\u00e4sning !<\/p>\n\n\n\n<hr class=\"wp-block-separator has-alpha-channel-opacity\"\/>\n\n\n\n<blockquote class=\"wp-block-quote is-layout-flow wp-block-quote-is-layout-flow\">\n<p><em>\u00a0\u00bb F\u00f6r att s\u00e4kerst\u00e4lla att du snarkar, \u00e4ven om du \u00e4r ensam, \u00e4r det bara att somna p\u00e5 en plats d\u00e4r det h\u00f6rs ett eko och vakna tillr\u00e4ckligt snabbt f\u00f6r att h\u00f6ra ekot av snarkningen komma tillbaka.&nbsp;<\/em>\u00ab\u00a0<\/p>\n<cite>Boris Vian<\/cite><\/blockquote>\n","protected":false},"excerpt":{"rendered":"<p>Recensioner och tester av l\u00f6sningar f\u00f6r att minska snarkning H\u00e4r hittar du recensioner och tester av anti-snarkningsl\u00f6sningar.&nbsp;Presentation av produkter, tekniker f\u00f6r mindre snarkning. Hur m\u00e5nga drabbas av snarkning? Enligt \u00ab\u00a0American Academy of Otolaryngology\u00a0\u00bb lider 70% av vuxna av snarkning. Vilka \u00e4r orsakerna till snarkning? Orsakerna \u00e4r flera, livsstil, alkohol, n\u00e4st\u00e4ppa och\/eller avvikelse, \u00e5lder, \u00f6vervikt, s\u00f6mnapn\u00e9, jag kommer att diskutera dem i den h\u00e4r bloggen samt de l\u00f6sningar som finns.\u00a0P\u00e5 den h\u00e4r sidan diskuterar jag orsakerna\u00a0. Vilka \u00e4r konsekvenserna av snarkning? Konsekvenserna \u00e4r ocks\u00e5 olika: d\u00e5lig s\u00f6mnkvalitet, parproblem, risk f\u00f6r s\u00f6mnapn\u00e9, tr\u00f6tthet&#8230; Vilka \u00e4r l\u00f6sningarna f\u00f6r att minska snarkning? Syftet med den h\u00e4r bloggen \u00e4r att ber\u00e4tta,\u00a0enligt min egen erfarenhet\u00a0, om de tekniker och l\u00f6sningar som har gjort det m\u00f6jligt f\u00f6r mig att minska snarkning och f\u00f6rb\u00e4ttra min s\u00f6mnkvalitet.Du hittar s\u00e5v\u00e4l avsnitt som ledare\/artiklar\/\u00e4mnen, korta, l\u00e4ttl\u00e4sta, om dessa omr\u00e5den, eller om de anti-snarkningsenheter, l\u00f6sningar, som jag har kunnat testa.\u00a0Vilka fungerar och vilka som inte fungerar. Alla \u00e4r olika, och den h\u00e4r bloggen kan naturligtvis inte ers\u00e4tta f\u00f6rh\u00e5llandet mellan dig och en \u00d6NH, s\u00f6mnspecialist (jag kommer ocks\u00e5 att n\u00e4mna behovet av att konsultera, n\u00e4r och vilken typ av specialist, och vad de erbj\u00f6d mig). Jag hoppas att mina r\u00e5d, min erfarenhet, kommer att kunna v\u00e4gleda dig s\u00e5 bra som m\u00f6jligt i din forskning f\u00f6r att f\u00f6rb\u00e4ttra kvaliteten p\u00e5 din natt, och din s\u00f6mn.&nbsp;Det kan verkligen f\u00f6r\u00e4ndra ditt liv. Mina favoritprodukter I avsnittet \u00a0\u00bb\u00a0Mina favoritprodukter\u00a0\u00a0\u00bb hittar jag \u00e4ven de produkter som jag anv\u00e4nder dagligen! Bra l\u00e4sning ! \u00a0\u00bb F\u00f6r att s\u00e4kerst\u00e4lla att du snarkar, \u00e4ven om du \u00e4r ensam, \u00e4r det bara att somna p\u00e5 en plats d\u00e4r det h\u00f6rs ett eko och vakna tillr\u00e4ckligt snabbt f\u00f6r att h\u00f6ra ekot av snarkningen komma tillbaka.&nbsp;\u00ab\u00a0 Boris Vian<\/p>\n","protected":false},"author":2,"featured_media":0,"parent":0,"menu_order":0,"comment_status":"closed","ping_status":"closed","template":"","meta":{"two_page_speed":[],"footnotes":""},"class_list":["post-2872","page","type-page","status-publish","hentry"],"yoast_head":"<!-- This site is optimized with the Yoast SEO plugin v27.3 - https:\/\/yoast.com\/product\/yoast-seo-wordpress\/ -->\n<title>Hem - Anti Ronflement<\/title>\n<meta name=\"robots\" content=\"index, follow, max-snippet:-1, max-image-preview:large, max-video-preview:-1\" \/>\n<link rel=\"canonical\" href=\"https:\/\/antironflement.org\/index.php\/sv\/\" \/>\n<meta property=\"og:locale\" content=\"fr_FR\" \/>\n<meta property=\"og:type\" content=\"article\" \/>\n<meta property=\"og:title\" content=\"Hem - Anti Ronflement\" \/>\n<meta property=\"og:description\" content=\"Recensioner och tester av l\u00f6sningar f\u00f6r att minska snarkning H\u00e4r hittar du recensioner och tester av anti-snarkningsl\u00f6sningar.&nbsp;Presentation av produkter, tekniker f\u00f6r mindre snarkning. Hur m\u00e5nga drabbas av snarkning? Enligt \u00ab\u00a0American Academy of Otolaryngology\u00a0\u00bb lider 70% av vuxna av snarkning. Vilka \u00e4r orsakerna till snarkning? Orsakerna \u00e4r flera, livsstil, alkohol, n\u00e4st\u00e4ppa och\/eller avvikelse, \u00e5lder, \u00f6vervikt, s\u00f6mnapn\u00e9, jag kommer att diskutera dem i den h\u00e4r bloggen samt de l\u00f6sningar som finns.\u00a0P\u00e5 den h\u00e4r sidan diskuterar jag orsakerna\u00a0. Vilka \u00e4r konsekvenserna av snarkning? Konsekvenserna \u00e4r ocks\u00e5 olika: d\u00e5lig s\u00f6mnkvalitet, parproblem, risk f\u00f6r s\u00f6mnapn\u00e9, tr\u00f6tthet&#8230; Vilka \u00e4r l\u00f6sningarna f\u00f6r att minska snarkning? Syftet med den h\u00e4r bloggen \u00e4r att ber\u00e4tta,\u00a0enligt min egen erfarenhet\u00a0, om de tekniker och l\u00f6sningar som har gjort det m\u00f6jligt f\u00f6r mig att minska snarkning och f\u00f6rb\u00e4ttra min s\u00f6mnkvalitet.Du hittar s\u00e5v\u00e4l avsnitt som ledare\/artiklar\/\u00e4mnen, korta, l\u00e4ttl\u00e4sta, om dessa omr\u00e5den, eller om de anti-snarkningsenheter, l\u00f6sningar, som jag har kunnat testa.\u00a0Vilka fungerar och vilka som inte fungerar. Alla \u00e4r olika, och den h\u00e4r bloggen kan naturligtvis inte ers\u00e4tta f\u00f6rh\u00e5llandet mellan dig och en \u00d6NH, s\u00f6mnspecialist (jag kommer ocks\u00e5 att n\u00e4mna behovet av att konsultera, n\u00e4r och vilken typ av specialist, och vad de erbj\u00f6d mig). Jag hoppas att mina r\u00e5d, min erfarenhet, kommer att kunna v\u00e4gleda dig s\u00e5 bra som m\u00f6jligt i din forskning f\u00f6r att f\u00f6rb\u00e4ttra kvaliteten p\u00e5 din natt, och din s\u00f6mn.&nbsp;Det kan verkligen f\u00f6r\u00e4ndra ditt liv. Mina favoritprodukter I avsnittet \u00a0\u00bb\u00a0Mina favoritprodukter\u00a0\u00a0\u00bb hittar jag \u00e4ven de produkter som jag anv\u00e4nder dagligen! Bra l\u00e4sning ! \u00a0\u00bb F\u00f6r att s\u00e4kerst\u00e4lla att du snarkar, \u00e4ven om du \u00e4r ensam, \u00e4r det bara att somna p\u00e5 en plats d\u00e4r det h\u00f6rs ett eko och vakna tillr\u00e4ckligt snabbt f\u00f6r att h\u00f6ra ekot av snarkningen komma tillbaka.&nbsp;\u00ab\u00a0 Boris Vian\" \/>\n<meta property=\"og:url\" content=\"https:\/\/antironflement.org\/index.php\/sv\/\" \/>\n<meta property=\"og:site_name\" content=\"Anti Ronflement\" \/>\n<meta property=\"article:modified_time\" content=\"2023-07-07T06:12:20+00:00\" \/>\n<meta property=\"og:image\" content=\"https:\/\/antironflement.org\/wp-content\/uploads\/2022\/03\/Ronflement-couple-2-Small.jpg\" \/>\n<meta name=\"twitter:card\" content=\"summary_large_image\" \/>\n<meta name=\"twitter:label1\" content=\"Dur\u00e9e de lecture estim\u00e9e\" \/>\n\t<meta name=\"twitter:data1\" content=\"2 minutes\" \/>\n<script type=\"application\/ld+json\" class=\"yoast-schema-graph\">{\"@context\":\"https:\\\/\\\/schema.org\",\"@graph\":[{\"@type\":\"WebPage\",\"@id\":\"https:\\\/\\\/antironflement.org\\\/index.php\\\/sv\\\/\",\"url\":\"https:\\\/\\\/antironflement.org\\\/index.php\\\/sv\\\/\",\"name\":\"Hem - Anti Ronflement\",\"isPartOf\":{\"@id\":\"https:\\\/\\\/antironflement.org\\\/#website\"},\"primaryImageOfPage\":{\"@id\":\"https:\\\/\\\/antironflement.org\\\/index.php\\\/sv\\\/#primaryimage\"},\"image\":{\"@id\":\"https:\\\/\\\/antironflement.org\\\/index.php\\\/sv\\\/#primaryimage\"},\"thumbnailUrl\":\"https:\\\/\\\/antironflement.org\\\/wp-content\\\/uploads\\\/2022\\\/03\\\/Ronflement-couple-2-Small.jpg\",\"datePublished\":\"2023-07-05T16:54:42+00:00\",\"dateModified\":\"2023-07-07T06:12:20+00:00\",\"breadcrumb\":{\"@id\":\"https:\\\/\\\/antironflement.org\\\/index.php\\\/sv\\\/#breadcrumb\"},\"inLanguage\":\"fr-FR\",\"potentialAction\":[{\"@type\":\"ReadAction\",\"target\":[\"https:\\\/\\\/antironflement.org\\\/index.php\\\/sv\\\/\"]}]},{\"@type\":\"ImageObject\",\"inLanguage\":\"fr-FR\",\"@id\":\"https:\\\/\\\/antironflement.org\\\/index.php\\\/sv\\\/#primaryimage\",\"url\":\"https:\\\/\\\/antironflement.org\\\/wp-content\\\/uploads\\\/2022\\\/03\\\/Ronflement-couple-2-Small.jpg\",\"contentUrl\":\"https:\\\/\\\/antironflement.org\\\/wp-content\\\/uploads\\\/2022\\\/03\\\/Ronflement-couple-2-Small.jpg\",\"width\":640,\"height\":427},{\"@type\":\"BreadcrumbList\",\"@id\":\"https:\\\/\\\/antironflement.org\\\/index.php\\\/sv\\\/#breadcrumb\",\"itemListElement\":[{\"@type\":\"ListItem\",\"position\":1,\"name\":\"Accueil\",\"item\":\"https:\\\/\\\/antironflement.org\\\/index.php\\\/en\\\/\"},{\"@type\":\"ListItem\",\"position\":2,\"name\":\"Hem\"}]},{\"@type\":\"WebSite\",\"@id\":\"https:\\\/\\\/antironflement.org\\\/#website\",\"url\":\"https:\\\/\\\/antironflement.org\\\/\",\"name\":\"Anti Ronflement\",\"description\":\"Avis et tests des solutions pour moins ronfler\",\"publisher\":{\"@id\":\"https:\\\/\\\/antironflement.org\\\/#organization\"},\"potentialAction\":[{\"@type\":\"SearchAction\",\"target\":{\"@type\":\"EntryPoint\",\"urlTemplate\":\"https:\\\/\\\/antironflement.org\\\/?s={search_term_string}\"},\"query-input\":{\"@type\":\"PropertyValueSpecification\",\"valueRequired\":true,\"valueName\":\"search_term_string\"}}],\"inLanguage\":\"fr-FR\"},{\"@type\":\"Organization\",\"@id\":\"https:\\\/\\\/antironflement.org\\\/#organization\",\"name\":\"Anti Ronflement\",\"url\":\"https:\\\/\\\/antironflement.org\\\/\",\"logo\":{\"@type\":\"ImageObject\",\"inLanguage\":\"fr-FR\",\"@id\":\"https:\\\/\\\/antironflement.org\\\/#\\\/schema\\\/logo\\\/image\\\/\",\"url\":\"https:\\\/\\\/antironflement.org\\\/wp-content\\\/uploads\\\/2022\\\/04\\\/antironflementlogotopgris.webp\",\"contentUrl\":\"https:\\\/\\\/antironflement.org\\\/wp-content\\\/uploads\\\/2022\\\/04\\\/antironflementlogotopgris.webp\",\"width\":450,\"height\":200,\"caption\":\"Anti Ronflement\"},\"image\":{\"@id\":\"https:\\\/\\\/antironflement.org\\\/#\\\/schema\\\/logo\\\/image\\\/\"}}]}<\/script>\n<!-- \/ Yoast SEO plugin. -->","yoast_head_json":{"title":"Hem - Anti Ronflement","robots":{"index":"index","follow":"follow","max-snippet":"max-snippet:-1","max-image-preview":"max-image-preview:large","max-video-preview":"max-video-preview:-1"},"canonical":"https:\/\/antironflement.org\/index.php\/sv\/","og_locale":"fr_FR","og_type":"article","og_title":"Hem - Anti Ronflement","og_description":"Recensioner och tester av l\u00f6sningar f\u00f6r att minska snarkning H\u00e4r hittar du recensioner och tester av anti-snarkningsl\u00f6sningar.&nbsp;Presentation av produkter, tekniker f\u00f6r mindre snarkning. Hur m\u00e5nga drabbas av snarkning? Enligt \u00ab\u00a0American Academy of Otolaryngology\u00a0\u00bb lider 70% av vuxna av snarkning. Vilka \u00e4r orsakerna till snarkning? Orsakerna \u00e4r flera, livsstil, alkohol, n\u00e4st\u00e4ppa och\/eller avvikelse, \u00e5lder, \u00f6vervikt, s\u00f6mnapn\u00e9, jag kommer att diskutera dem i den h\u00e4r bloggen samt de l\u00f6sningar som finns.\u00a0P\u00e5 den h\u00e4r sidan diskuterar jag orsakerna\u00a0. Vilka \u00e4r konsekvenserna av snarkning? Konsekvenserna \u00e4r ocks\u00e5 olika: d\u00e5lig s\u00f6mnkvalitet, parproblem, risk f\u00f6r s\u00f6mnapn\u00e9, tr\u00f6tthet&#8230; Vilka \u00e4r l\u00f6sningarna f\u00f6r att minska snarkning? Syftet med den h\u00e4r bloggen \u00e4r att ber\u00e4tta,\u00a0enligt min egen erfarenhet\u00a0, om de tekniker och l\u00f6sningar som har gjort det m\u00f6jligt f\u00f6r mig att minska snarkning och f\u00f6rb\u00e4ttra min s\u00f6mnkvalitet.Du hittar s\u00e5v\u00e4l avsnitt som ledare\/artiklar\/\u00e4mnen, korta, l\u00e4ttl\u00e4sta, om dessa omr\u00e5den, eller om de anti-snarkningsenheter, l\u00f6sningar, som jag har kunnat testa.\u00a0Vilka fungerar och vilka som inte fungerar. Alla \u00e4r olika, och den h\u00e4r bloggen kan naturligtvis inte ers\u00e4tta f\u00f6rh\u00e5llandet mellan dig och en \u00d6NH, s\u00f6mnspecialist (jag kommer ocks\u00e5 att n\u00e4mna behovet av att konsultera, n\u00e4r och vilken typ av specialist, och vad de erbj\u00f6d mig). Jag hoppas att mina r\u00e5d, min erfarenhet, kommer att kunna v\u00e4gleda dig s\u00e5 bra som m\u00f6jligt i din forskning f\u00f6r att f\u00f6rb\u00e4ttra kvaliteten p\u00e5 din natt, och din s\u00f6mn.&nbsp;Det kan verkligen f\u00f6r\u00e4ndra ditt liv. Mina favoritprodukter I avsnittet \u00a0\u00bb\u00a0Mina favoritprodukter\u00a0\u00a0\u00bb hittar jag \u00e4ven de produkter som jag anv\u00e4nder dagligen! Bra l\u00e4sning ! \u00a0\u00bb F\u00f6r att s\u00e4kerst\u00e4lla att du snarkar, \u00e4ven om du \u00e4r ensam, \u00e4r det bara att somna p\u00e5 en plats d\u00e4r det h\u00f6rs ett eko och vakna tillr\u00e4ckligt snabbt f\u00f6r att h\u00f6ra ekot av snarkningen komma tillbaka.&nbsp;\u00ab\u00a0 Boris Vian","og_url":"https:\/\/antironflement.org\/index.php\/sv\/","og_site_name":"Anti Ronflement","article_modified_time":"2023-07-07T06:12:20+00:00","og_image":[{"url":"https:\/\/antironflement.org\/wp-content\/uploads\/2022\/03\/Ronflement-couple-2-Small.jpg","type":"","width":"","height":""}],"twitter_card":"summary_large_image","twitter_misc":{"Dur\u00e9e de lecture estim\u00e9e":"2 minutes"},"schema":{"@context":"https:\/\/schema.org","@graph":[{"@type":"WebPage","@id":"https:\/\/antironflement.org\/index.php\/sv\/","url":"https:\/\/antironflement.org\/index.php\/sv\/","name":"Hem - Anti Ronflement","isPartOf":{"@id":"https:\/\/antironflement.org\/#website"},"primaryImageOfPage":{"@id":"https:\/\/antironflement.org\/index.php\/sv\/#primaryimage"},"image":{"@id":"https:\/\/antironflement.org\/index.php\/sv\/#primaryimage"},"thumbnailUrl":"https:\/\/antironflement.org\/wp-content\/uploads\/2022\/03\/Ronflement-couple-2-Small.jpg","datePublished":"2023-07-05T16:54:42+00:00","dateModified":"2023-07-07T06:12:20+00:00","breadcrumb":{"@id":"https:\/\/antironflement.org\/index.php\/sv\/#breadcrumb"},"inLanguage":"fr-FR","potentialAction":[{"@type":"ReadAction","target":["https:\/\/antironflement.org\/index.php\/sv\/"]}]},{"@type":"ImageObject","inLanguage":"fr-FR","@id":"https:\/\/antironflement.org\/index.php\/sv\/#primaryimage","url":"https:\/\/antironflement.org\/wp-content\/uploads\/2022\/03\/Ronflement-couple-2-Small.jpg","contentUrl":"https:\/\/antironflement.org\/wp-content\/uploads\/2022\/03\/Ronflement-couple-2-Small.jpg","width":640,"height":427},{"@type":"BreadcrumbList","@id":"https:\/\/antironflement.org\/index.php\/sv\/#breadcrumb","itemListElement":[{"@type":"ListItem","position":1,"name":"Accueil","item":"https:\/\/antironflement.org\/index.php\/en\/"},{"@type":"ListItem","position":2,"name":"Hem"}]},{"@type":"WebSite","@id":"https:\/\/antironflement.org\/#website","url":"https:\/\/antironflement.org\/","name":"Anti Ronflement","description":"Avis et tests des solutions pour moins ronfler","publisher":{"@id":"https:\/\/antironflement.org\/#organization"},"potentialAction":[{"@type":"SearchAction","target":{"@type":"EntryPoint","urlTemplate":"https:\/\/antironflement.org\/?s={search_term_string}"},"query-input":{"@type":"PropertyValueSpecification","valueRequired":true,"valueName":"search_term_string"}}],"inLanguage":"fr-FR"},{"@type":"Organization","@id":"https:\/\/antironflement.org\/#organization","name":"Anti Ronflement","url":"https:\/\/antironflement.org\/","logo":{"@type":"ImageObject","inLanguage":"fr-FR","@id":"https:\/\/antironflement.org\/#\/schema\/logo\/image\/","url":"https:\/\/antironflement.org\/wp-content\/uploads\/2022\/04\/antironflementlogotopgris.webp","contentUrl":"https:\/\/antironflement.org\/wp-content\/uploads\/2022\/04\/antironflementlogotopgris.webp","width":450,"height":200,"caption":"Anti Ronflement"},"image":{"@id":"https:\/\/antironflement.org\/#\/schema\/logo\/image\/"}}]}},"acf":[],"_links":{"self":[{"href":"https:\/\/antironflement.org\/index.php\/wp-json\/wp\/v2\/pages\/2872","targetHints":{"allow":["GET"]}}],"collection":[{"href":"https:\/\/antironflement.org\/index.php\/wp-json\/wp\/v2\/pages"}],"about":[{"href":"https:\/\/antironflement.org\/index.php\/wp-json\/wp\/v2\/types\/page"}],"author":[{"embeddable":true,"href":"https:\/\/antironflement.org\/index.php\/wp-json\/wp\/v2\/users\/2"}],"replies":[{"embeddable":true,"href":"https:\/\/antironflement.org\/index.php\/wp-json\/wp\/v2\/comments?post=2872"}],"version-history":[{"count":2,"href":"https:\/\/antironflement.org\/index.php\/wp-json\/wp\/v2\/pages\/2872\/revisions"}],"predecessor-version":[{"id":2991,"href":"https:\/\/antironflement.org\/index.php\/wp-json\/wp\/v2\/pages\/2872\/revisions\/2991"}],"wp:attachment":[{"href":"https:\/\/antironflement.org\/index.php\/wp-json\/wp\/v2\/media?parent=2872"}],"curies":[{"name":"wp","href":"https:\/\/api.w.org\/{rel}","templated":true}]}}