{"id":2870,"date":"2023-07-05T18:53:05","date_gmt":"2023-07-05T16:53:05","guid":{"rendered":"https:\/\/antironflement.org\/?page_id=2870"},"modified":"2023-07-05T18:53:06","modified_gmt":"2023-07-05T16:53:06","slug":"nar-det-galler","status":"publish","type":"page","link":"https:\/\/antironflement.org\/index.php\/sv\/nar-det-galler\/","title":{"rendered":"N\u00e4r det g\u00e4ller"},"content":{"rendered":"\n<p>Jag heter Serge, jag \u00e4r 51 \u00e5r.&nbsp;Lite \u00ab\u00a0manager\u00a0\u00bb och tillr\u00e4ckligt med \u00ab\u00a0Geek\u00a0\u00bb f\u00f6r att g\u00f6ra den h\u00e4r bloggen \ud83d\ude42.<\/p>\n\n\n\n<p>N\u00e4r jag var 38 r\u00e5kade jag n\u00e4stan ut f\u00f6r en bilolycka n\u00e4r jag somnade vid ratten&#8230; Jag blev medveten om mina s\u00f6mnproblem.&nbsp;Jag led av daglig tr\u00f6tthet, jag g\u00e4spade hela dagen, mina n\u00e4tter var rastl\u00f6sa, avbrutna, jag hade snarkning, liksom s\u00f6mnl\u00f6shet!&nbsp;Det totala !<\/p>\n\n\n\n<figure class=\"wp-block-image\"><img decoding=\"async\" width=\"200\" height=\"25\" src=\"https:\/\/antironflement.org\/wp-content\/uploads\/2022\/03\/ligne-separation.png\" alt=\"\" class=\"wp-image-587\"\/><\/figure>\n\n\n\n<p>Fr\u00e5n det datumet b\u00f6rjade jag intressera mig f\u00f6r \u00e4mnena som insomning och s\u00f6mnkvaliteten.<\/p>\n\n\n\n<p>Efter att ha konsulterat en \u00d6NH, s\u00f6mnspecialist, uppt\u00e4ckte han ocks\u00e5 mig, s\u00f6mnapn\u00e9!<\/p>\n\n\n\n<p>Tja, med allt detta var jag tvungen att agera!&nbsp;Den h\u00e4r bloggen kommer att ber\u00e4tta om min resplan.<\/p>\n\n\n\n<figure class=\"wp-block-image\"><img decoding=\"async\" width=\"200\" height=\"25\" src=\"https:\/\/antironflement.org\/wp-content\/uploads\/2022\/03\/ligne-separation.png\" alt=\"\" class=\"wp-image-587\"\/><\/figure>\n\n\n\n<p>Idag somnar jag v\u00e4ldigt l\u00e4tt, jag vaknar inte l\u00e4ngre 4 g\u00e5nger p\u00e5 natten, jag har minskat snarkningen rej\u00e4lt.&nbsp;Och jag gick fr\u00e5n 30 apn\u00e9er per timme till 20, med en mycket m\u00e4rkbar f\u00f6rb\u00e4ttring av min djupa s\u00f6mn.<\/p>\n\n\n\n<p>D\u00e4remot uppt\u00e4cker och testar jag regelbundet nya produkter som fortfarande har en positiv (eller noll) inverkan.&nbsp;Jag kommer att dela det med dig i denna blogg.<\/p>\n\n\n\n<figure class=\"wp-block-image\"><img decoding=\"async\" width=\"200\" height=\"25\" src=\"https:\/\/antironflement.org\/wp-content\/uploads\/2022\/03\/ligne-separation.png\" alt=\"\" class=\"wp-image-587\"\/><\/figure>\n\n\n\n<h2 class=\"wp-block-heading\">Varf\u00f6r denna blogg?<\/h2>\n\n\n\n<p>N\u00e4r jag ville f\u00e5 information p\u00e5 Internet fick jag inga utt\u00f6mmande, kortfattade och pragmatiska svar i dessa fr\u00e5gor.&nbsp;Jag f\u00f6rs\u00f6kte, i all \u00f6dmjukhet, vara s\u00e5 tydlig som m\u00f6jligt.<\/p>\n\n\n\n<p>Jag hoppas att den h\u00e4r sidan kan svara p\u00e5 n\u00e5gra av dina fr\u00e5gor.<\/p>\n\n\n\n<p>Bra l\u00e4sning !<\/p>\n","protected":false},"excerpt":{"rendered":"<p>Jag heter Serge, jag \u00e4r 51 \u00e5r.&nbsp;Lite \u00ab\u00a0manager\u00a0\u00bb och tillr\u00e4ckligt med \u00ab\u00a0Geek\u00a0\u00bb f\u00f6r att g\u00f6ra den h\u00e4r bloggen \ud83d\ude42. N\u00e4r jag var 38 r\u00e5kade jag n\u00e4stan ut f\u00f6r en bilolycka n\u00e4r jag somnade vid ratten&#8230; Jag blev medveten om mina s\u00f6mnproblem.&nbsp;Jag led av daglig tr\u00f6tthet, jag g\u00e4spade hela dagen, mina n\u00e4tter var rastl\u00f6sa, avbrutna, jag hade snarkning, liksom s\u00f6mnl\u00f6shet!&nbsp;Det totala ! Fr\u00e5n det datumet b\u00f6rjade jag intressera mig f\u00f6r \u00e4mnena som insomning och s\u00f6mnkvaliteten. Efter att ha konsulterat en \u00d6NH, s\u00f6mnspecialist, uppt\u00e4ckte han ocks\u00e5 mig, s\u00f6mnapn\u00e9! Tja, med allt detta var jag tvungen att agera!&nbsp;Den h\u00e4r bloggen kommer att ber\u00e4tta om min resplan. Idag somnar jag v\u00e4ldigt l\u00e4tt, jag vaknar inte l\u00e4ngre 4 g\u00e5nger p\u00e5 natten, jag har minskat snarkningen rej\u00e4lt.&nbsp;Och jag gick fr\u00e5n 30 apn\u00e9er per timme till 20, med en mycket m\u00e4rkbar f\u00f6rb\u00e4ttring av min djupa s\u00f6mn. D\u00e4remot uppt\u00e4cker och testar jag regelbundet nya produkter som fortfarande har en positiv (eller noll) inverkan.&nbsp;Jag kommer att dela det med dig i denna blogg. Varf\u00f6r denna blogg? N\u00e4r jag ville f\u00e5 information p\u00e5 Internet fick jag inga utt\u00f6mmande, kortfattade och pragmatiska svar i dessa fr\u00e5gor.&nbsp;Jag f\u00f6rs\u00f6kte, i all \u00f6dmjukhet, vara s\u00e5 tydlig som m\u00f6jligt. Jag hoppas att den h\u00e4r sidan kan svara p\u00e5 n\u00e5gra av dina fr\u00e5gor. Bra l\u00e4sning !<\/p>\n","protected":false},"author":2,"featured_media":129,"parent":0,"menu_order":0,"comment_status":"closed","ping_status":"closed","template":"","meta":{"two_page_speed":[],"footnotes":""},"class_list":["post-2870","page","type-page","status-publish","has-post-thumbnail","hentry"],"yoast_head":"<!-- This site is optimized with the Yoast SEO plugin v27.4 - https:\/\/yoast.com\/product\/yoast-seo-wordpress\/ -->\n<title>N\u00e4r det g\u00e4ller - Anti Ronflement<\/title>\n<meta name=\"description\" content=\"Je vous pr\u00e9sente mon blog, antironflement.org. J&#039;esp\u00e8re que mon site pourra r\u00e9pondre en partie \u00e0 vos questions.\" \/>\n<meta name=\"robots\" content=\"index, follow, max-snippet:-1, max-image-preview:large, max-video-preview:-1\" \/>\n<link rel=\"canonical\" href=\"https:\/\/antironflement.org\/index.php\/sv\/nar-det-galler\/\" \/>\n<meta property=\"og:locale\" content=\"fr_FR\" \/>\n<meta property=\"og:type\" content=\"article\" \/>\n<meta property=\"og:title\" content=\"N\u00e4r det g\u00e4ller - Anti Ronflement\" \/>\n<meta property=\"og:description\" content=\"Je vous pr\u00e9sente mon blog, antironflement.org. J&#039;esp\u00e8re que mon site pourra r\u00e9pondre en partie \u00e0 vos questions.\" \/>\n<meta property=\"og:url\" content=\"https:\/\/antironflement.org\/index.php\/sv\/nar-det-galler\/\" \/>\n<meta property=\"og:site_name\" content=\"Anti Ronflement\" \/>\n<meta property=\"article:modified_time\" content=\"2023-07-05T16:53:06+00:00\" \/>\n<meta property=\"og:image\" content=\"https:\/\/antironflement.org\/wp-content\/uploads\/2022\/03\/portrait_m.png\" \/>\n\t<meta property=\"og:image:width\" content=\"217\" \/>\n\t<meta property=\"og:image:height\" content=\"208\" \/>\n\t<meta property=\"og:image:type\" content=\"image\/png\" \/>\n<meta name=\"twitter:card\" content=\"summary_large_image\" \/>\n<meta name=\"twitter:label1\" content=\"Dur\u00e9e de lecture estim\u00e9e\" \/>\n\t<meta name=\"twitter:data1\" content=\"2 minutes\" \/>\n<script type=\"application\/ld+json\" class=\"yoast-schema-graph\">{\"@context\":\"https:\\\/\\\/schema.org\",\"@graph\":[{\"@type\":\"WebPage\",\"@id\":\"https:\\\/\\\/antironflement.org\\\/index.php\\\/sv\\\/nar-det-galler\\\/\",\"url\":\"https:\\\/\\\/antironflement.org\\\/index.php\\\/sv\\\/nar-det-galler\\\/\",\"name\":\"N\u00e4r det g\u00e4ller - Anti Ronflement\",\"isPartOf\":{\"@id\":\"https:\\\/\\\/antironflement.org\\\/#website\"},\"primaryImageOfPage\":{\"@id\":\"https:\\\/\\\/antironflement.org\\\/index.php\\\/sv\\\/nar-det-galler\\\/#primaryimage\"},\"image\":{\"@id\":\"https:\\\/\\\/antironflement.org\\\/index.php\\\/sv\\\/nar-det-galler\\\/#primaryimage\"},\"thumbnailUrl\":\"https:\\\/\\\/antironflement.org\\\/wp-content\\\/uploads\\\/2022\\\/03\\\/portrait_m.png\",\"datePublished\":\"2023-07-05T16:53:05+00:00\",\"dateModified\":\"2023-07-05T16:53:06+00:00\",\"description\":\"Je vous pr\u00e9sente mon blog, antironflement.org. J'esp\u00e8re que mon site pourra r\u00e9pondre en partie \u00e0 vos questions.\",\"breadcrumb\":{\"@id\":\"https:\\\/\\\/antironflement.org\\\/index.php\\\/sv\\\/nar-det-galler\\\/#breadcrumb\"},\"inLanguage\":\"fr-FR\",\"potentialAction\":[{\"@type\":\"ReadAction\",\"target\":[\"https:\\\/\\\/antironflement.org\\\/index.php\\\/sv\\\/nar-det-galler\\\/\"]}]},{\"@type\":\"ImageObject\",\"inLanguage\":\"fr-FR\",\"@id\":\"https:\\\/\\\/antironflement.org\\\/index.php\\\/sv\\\/nar-det-galler\\\/#primaryimage\",\"url\":\"https:\\\/\\\/antironflement.org\\\/wp-content\\\/uploads\\\/2022\\\/03\\\/portrait_m.png\",\"contentUrl\":\"https:\\\/\\\/antironflement.org\\\/wp-content\\\/uploads\\\/2022\\\/03\\\/portrait_m.png\",\"width\":217,\"height\":208},{\"@type\":\"BreadcrumbList\",\"@id\":\"https:\\\/\\\/antironflement.org\\\/index.php\\\/sv\\\/nar-det-galler\\\/#breadcrumb\",\"itemListElement\":[{\"@type\":\"ListItem\",\"position\":1,\"name\":\"Accueil\",\"item\":\"https:\\\/\\\/antironflement.org\\\/index.php\\\/en\\\/\"},{\"@type\":\"ListItem\",\"position\":2,\"name\":\"N\u00e4r det g\u00e4ller\"}]},{\"@type\":\"WebSite\",\"@id\":\"https:\\\/\\\/antironflement.org\\\/#website\",\"url\":\"https:\\\/\\\/antironflement.org\\\/\",\"name\":\"Anti Ronflement\",\"description\":\"Avis et tests des solutions pour moins ronfler\",\"publisher\":{\"@id\":\"https:\\\/\\\/antironflement.org\\\/#organization\"},\"potentialAction\":[{\"@type\":\"SearchAction\",\"target\":{\"@type\":\"EntryPoint\",\"urlTemplate\":\"https:\\\/\\\/antironflement.org\\\/?s={search_term_string}\"},\"query-input\":{\"@type\":\"PropertyValueSpecification\",\"valueRequired\":true,\"valueName\":\"search_term_string\"}}],\"inLanguage\":\"fr-FR\"},{\"@type\":\"Organization\",\"@id\":\"https:\\\/\\\/antironflement.org\\\/#organization\",\"name\":\"Anti Ronflement\",\"url\":\"https:\\\/\\\/antironflement.org\\\/\",\"logo\":{\"@type\":\"ImageObject\",\"inLanguage\":\"fr-FR\",\"@id\":\"https:\\\/\\\/antironflement.org\\\/#\\\/schema\\\/logo\\\/image\\\/\",\"url\":\"https:\\\/\\\/antironflement.org\\\/wp-content\\\/uploads\\\/2022\\\/04\\\/antironflementlogotopgris.webp\",\"contentUrl\":\"https:\\\/\\\/antironflement.org\\\/wp-content\\\/uploads\\\/2022\\\/04\\\/antironflementlogotopgris.webp\",\"width\":450,\"height\":200,\"caption\":\"Anti Ronflement\"},\"image\":{\"@id\":\"https:\\\/\\\/antironflement.org\\\/#\\\/schema\\\/logo\\\/image\\\/\"}}]}<\/script>\n<!-- \/ Yoast SEO plugin. -->","yoast_head_json":{"title":"N\u00e4r det g\u00e4ller - Anti Ronflement","description":"Je vous pr\u00e9sente mon blog, antironflement.org. J'esp\u00e8re que mon site pourra r\u00e9pondre en partie \u00e0 vos questions.","robots":{"index":"index","follow":"follow","max-snippet":"max-snippet:-1","max-image-preview":"max-image-preview:large","max-video-preview":"max-video-preview:-1"},"canonical":"https:\/\/antironflement.org\/index.php\/sv\/nar-det-galler\/","og_locale":"fr_FR","og_type":"article","og_title":"N\u00e4r det g\u00e4ller - Anti Ronflement","og_description":"Je vous pr\u00e9sente mon blog, antironflement.org. J'esp\u00e8re que mon site pourra r\u00e9pondre en partie \u00e0 vos questions.","og_url":"https:\/\/antironflement.org\/index.php\/sv\/nar-det-galler\/","og_site_name":"Anti Ronflement","article_modified_time":"2023-07-05T16:53:06+00:00","og_image":[{"width":217,"height":208,"url":"https:\/\/antironflement.org\/wp-content\/uploads\/2022\/03\/portrait_m.png","type":"image\/png"}],"twitter_card":"summary_large_image","twitter_misc":{"Dur\u00e9e de lecture estim\u00e9e":"2 minutes"},"schema":{"@context":"https:\/\/schema.org","@graph":[{"@type":"WebPage","@id":"https:\/\/antironflement.org\/index.php\/sv\/nar-det-galler\/","url":"https:\/\/antironflement.org\/index.php\/sv\/nar-det-galler\/","name":"N\u00e4r det g\u00e4ller - Anti Ronflement","isPartOf":{"@id":"https:\/\/antironflement.org\/#website"},"primaryImageOfPage":{"@id":"https:\/\/antironflement.org\/index.php\/sv\/nar-det-galler\/#primaryimage"},"image":{"@id":"https:\/\/antironflement.org\/index.php\/sv\/nar-det-galler\/#primaryimage"},"thumbnailUrl":"https:\/\/antironflement.org\/wp-content\/uploads\/2022\/03\/portrait_m.png","datePublished":"2023-07-05T16:53:05+00:00","dateModified":"2023-07-05T16:53:06+00:00","description":"Je vous pr\u00e9sente mon blog, antironflement.org. J'esp\u00e8re que mon site pourra r\u00e9pondre en partie \u00e0 vos questions.","breadcrumb":{"@id":"https:\/\/antironflement.org\/index.php\/sv\/nar-det-galler\/#breadcrumb"},"inLanguage":"fr-FR","potentialAction":[{"@type":"ReadAction","target":["https:\/\/antironflement.org\/index.php\/sv\/nar-det-galler\/"]}]},{"@type":"ImageObject","inLanguage":"fr-FR","@id":"https:\/\/antironflement.org\/index.php\/sv\/nar-det-galler\/#primaryimage","url":"https:\/\/antironflement.org\/wp-content\/uploads\/2022\/03\/portrait_m.png","contentUrl":"https:\/\/antironflement.org\/wp-content\/uploads\/2022\/03\/portrait_m.png","width":217,"height":208},{"@type":"BreadcrumbList","@id":"https:\/\/antironflement.org\/index.php\/sv\/nar-det-galler\/#breadcrumb","itemListElement":[{"@type":"ListItem","position":1,"name":"Accueil","item":"https:\/\/antironflement.org\/index.php\/en\/"},{"@type":"ListItem","position":2,"name":"N\u00e4r det g\u00e4ller"}]},{"@type":"WebSite","@id":"https:\/\/antironflement.org\/#website","url":"https:\/\/antironflement.org\/","name":"Anti Ronflement","description":"Avis et tests des solutions pour moins ronfler","publisher":{"@id":"https:\/\/antironflement.org\/#organization"},"potentialAction":[{"@type":"SearchAction","target":{"@type":"EntryPoint","urlTemplate":"https:\/\/antironflement.org\/?s={search_term_string}"},"query-input":{"@type":"PropertyValueSpecification","valueRequired":true,"valueName":"search_term_string"}}],"inLanguage":"fr-FR"},{"@type":"Organization","@id":"https:\/\/antironflement.org\/#organization","name":"Anti Ronflement","url":"https:\/\/antironflement.org\/","logo":{"@type":"ImageObject","inLanguage":"fr-FR","@id":"https:\/\/antironflement.org\/#\/schema\/logo\/image\/","url":"https:\/\/antironflement.org\/wp-content\/uploads\/2022\/04\/antironflementlogotopgris.webp","contentUrl":"https:\/\/antironflement.org\/wp-content\/uploads\/2022\/04\/antironflementlogotopgris.webp","width":450,"height":200,"caption":"Anti Ronflement"},"image":{"@id":"https:\/\/antironflement.org\/#\/schema\/logo\/image\/"}}]}},"acf":[],"_links":{"self":[{"href":"https:\/\/antironflement.org\/index.php\/wp-json\/wp\/v2\/pages\/2870","targetHints":{"allow":["GET"]}}],"collection":[{"href":"https:\/\/antironflement.org\/index.php\/wp-json\/wp\/v2\/pages"}],"about":[{"href":"https:\/\/antironflement.org\/index.php\/wp-json\/wp\/v2\/types\/page"}],"author":[{"embeddable":true,"href":"https:\/\/antironflement.org\/index.php\/wp-json\/wp\/v2\/users\/2"}],"replies":[{"embeddable":true,"href":"https:\/\/antironflement.org\/index.php\/wp-json\/wp\/v2\/comments?post=2870"}],"version-history":[{"count":1,"href":"https:\/\/antironflement.org\/index.php\/wp-json\/wp\/v2\/pages\/2870\/revisions"}],"predecessor-version":[{"id":2871,"href":"https:\/\/antironflement.org\/index.php\/wp-json\/wp\/v2\/pages\/2870\/revisions\/2871"}],"wp:featuredmedia":[{"embeddable":true,"href":"https:\/\/antironflement.org\/index.php\/wp-json\/wp\/v2\/media\/129"}],"wp:attachment":[{"href":"https:\/\/antironflement.org\/index.php\/wp-json\/wp\/v2\/media?parent=2870"}],"curies":[{"name":"wp","href":"https:\/\/api.w.org\/{rel}","templated":true}]}}