{"id":2726,"date":"2023-07-03T16:22:30","date_gmt":"2023-07-03T14:22:30","guid":{"rendered":"https:\/\/antironflement.org\/?page_id=2726"},"modified":"2023-07-04T21:37:19","modified_gmt":"2023-07-04T19:37:19","slug":"rozwiazania-przeciw-chrapaniu","status":"publish","type":"page","link":"https:\/\/antironflement.org\/index.php\/pl\/rozwiazania-przeciw-chrapaniu\/","title":{"rendered":"Rozwi\u0105zania przeciw chrapaniu"},"content":{"rendered":"\n<h2 class=\"wp-block-heading\">1\/ Najpierw ustal, dlaczego chrapiesz<\/h2>\n\n\n<div class=\"wp-block-image\">\n<figure class=\"aligncenter is-resized\"><img fetchpriority=\"high\" decoding=\"async\" src=\"https:\/\/antironflement.org\/wp-content\/uploads\/2023\/06\/ORL-sommeil-diagnostique.jpg\" alt=\"\" class=\"wp-image-1487\" width=\"342\" height=\"323\" srcset=\"https:\/\/antironflement.org\/wp-content\/uploads\/2023\/06\/ORL-sommeil-diagnostique.jpg 1024w, https:\/\/antironflement.org\/wp-content\/uploads\/2023\/06\/ORL-sommeil-diagnostique-300x283.jpg 300w, https:\/\/antironflement.org\/wp-content\/uploads\/2023\/06\/ORL-sommeil-diagnostique-768x725.jpg 768w, https:\/\/antironflement.org\/wp-content\/uploads\/2023\/06\/ORL-sommeil-diagnostique-600x567.jpg 600w\" sizes=\"(max-width: 342px) 100vw, 342px\" \/><\/figure>\n<\/div>\n\n\n<p>Zajrzyj na moj\u0105 stron\u0119 \u201e\u00a0\u00a0<a href=\"https:\/\/antironflement.org\/index.php\/pl\/przyczyny-chrapania\/\">Przyczyny<\/a>\u00a0\u201d, jest ich wiele i wszyscy jeste\u015bmy r\u00f3\u017cni.<\/p>\n\n\n\n<p>Aby znale\u017a\u0107 odpowiednie DLA CIEBIE rozwi\u0105zania, konieczne b\u0119dzie zatem postawienie w\u0142a\u015bciwej diagnozy.<\/p>\n\n\n\n<p>Pomo\u017ce Ci konsultacja ze specjalist\u0105 snu laryngologicznym.<\/p>\n\n\n\n<h2 class=\"wp-block-heading\">2\/ Nast\u0119pnie przejd\u017a do w\u0142asnych test\u00f3w, z rozwi\u0105zaniami lub produktami, kt\u00f3re s\u0105 naprawd\u0119 skuteczne (z dobrymi opiniami klient\u00f3w)<\/h2>\n\n\n\n<p>Rozwi\u0105zania, kt\u00f3re dzia\u0142aj\u0105:<\/p>\n\n\n\n<p>Przy zakupie produkt\u00f3w:<\/p>\n\n\n\n<ul class=\"wp-block-list\">\n<li><a href=\"https:\/\/antironflement.org\/index.php\/pl\/category\/testy\/spray-do-nosa\/\">Aerozol do nosa w celu uwolnienia b\u0142on \u015bluzowych<\/a><\/li>\n\n\n\n<li><a href=\"https:\/\/antironflement.org\/index.php\/pl\/category\/testy\/retraktor-nosa\/\">Zwijacz nosa, kt\u00f3ry pozwala lepiej oddycha\u0107 przez nos<\/a><\/li>\n\n\n\n<li><a href=\"https:\/\/antironflement.org\/index.php\/pl\/category\/testy\/podporka-pod-brode-i-ustnik\/\">Utrzymywanie zamkni\u0119tych ust w celu oddychania przez nos: pasek podbr\u00f3dkowy lub ustnik<\/a><\/li>\n\n\n\n<li><a href=\"https:\/\/antironflement.org\/index.php\/pl\/category\/testy\/orteza\/\">Orteza ustna z wysuni\u0119ciem \u017cuchwy, kt\u00f3ra umo\u017cliwia swobodny przep\u0142yw powietrza na poziomie gard\u0142a<\/a>\u00a0<\/li>\n\n\n\n<li><a href=\"https:\/\/antironflement.org\/index.php\/pl\/category\/testy\/spij-na-brzuchu\/\">Zmuszanie si\u0119 do spania na brzuchu za pomoc\u0105 urz\u0105dzenia umieszczonego na plecach<\/a><\/li>\n\n\n\n<li><a href=\"https:\/\/antironflement.org\/index.php\/pl\/category\/testy\/przeciw-halasowi\/\">Zaoferuj swojemu partnerowi rozwi\u0105zania przeciwha\u0142asowe<\/a><\/li>\n<\/ul>\n\n\n\n<p>Bez produkt\u00f3w:<\/p>\n\n\n\n<ul class=\"wp-block-list\">\n<li><a href=\"https:\/\/antironflement.org\/index.php\/pl\/2023\/07\/04\/cwiczenia-miesni-szczekowo-twarzowych-2\/\">\u0106wiczenia mi\u0119\u015bni szcz\u0119kowo-twarzowych<\/a><\/li>\n\n\n\n<li><a href=\"https:\/\/antironflement.org\/index.php\/pl\/2023\/07\/04\/sport-nadwaga\/\">Uprawiaj sport, prowad\u017a zdrowy tryb \u017cycia, nie jedz i nie nadu\u017cywaj alkoholu<\/a><\/li>\n\n\n\n<li><a href=\"https:\/\/antironflement.org\/index.php\/pl\/2023\/07\/04\/specjalista-laryngologii-w-zakresie-snu-i-chirurgii\/\">Skonsultuj si\u0119 z laryngologiem, z ewentualn\u0105 interwencj\u0105<\/a><\/li>\n<\/ul>\n\n\n\n<h2 class=\"wp-block-heading\">3\/ Przeanalizuj wyniki<\/h2>\n\n\n<div class=\"wp-block-image\">\n<figure class=\"aligncenter is-resized\"><img decoding=\"async\" src=\"https:\/\/antironflement.org\/wp-content\/uploads\/2023\/06\/analyse-du-sommeil.jpg\" alt=\"\" class=\"wp-image-1488\" width=\"473\" height=\"235\" srcset=\"https:\/\/antironflement.org\/wp-content\/uploads\/2023\/06\/analyse-du-sommeil.jpg 951w, https:\/\/antironflement.org\/wp-content\/uploads\/2023\/06\/analyse-du-sommeil-300x150.jpg 300w, https:\/\/antironflement.org\/wp-content\/uploads\/2023\/06\/analyse-du-sommeil-768x383.jpg 768w, https:\/\/antironflement.org\/wp-content\/uploads\/2023\/06\/analyse-du-sommeil-600x299.jpg 600w\" sizes=\"(max-width: 473px) 100vw, 473px\" \/><\/figure>\n<\/div>\n\n\n<p>Ta cz\u0119\u015b\u0107 jest bardzo wa\u017cna i zajmie troch\u0119 czasu.&nbsp;Konieczne b\u0119dzie r\u00f3wnie\u017c por\u00f3wnanie z por\u00f3wnywalnymi sytuacjami (nie wyci\u0105gaj pochopnych wniosk\u00f3w, je\u015bli wynik nie jest rozstrzygaj\u0105cy po gigantycznym i dobrze nawodnionym posi\u0142ku!).<\/p>\n\n\n\n<p>Aby uzyska\u0107 \u015bredni\u0105, badanie nale\u017cy r\u00f3wnie\u017c przeprowadzi\u0107 przez okres co najmniej jednego tygodnia.<\/p>\n\n\n\n<p>Najlepiej jest te\u017c naprzemiennie rozwi\u0105zywa\u0107 lub robi\u0107 noce bez niczego z\u2026 Post\u0119puj\u0105c w ten spos\u00f3b przez ten sam okres, fizycznie identyczny, b\u0119dziesz mia\u0142 doskona\u0142e por\u00f3wnanie.<\/p>\n\n\n\n<p>Lepsze ni\u017c \u201einformacje zwrotne\u201d Twojego partnera, u\u017cyj aplikacji, kt\u00f3ra rejestruje i analizuje Twoje chrapanie przez ca\u0142\u0105 noc.<\/p>\n\n\n\n<p>Na przyk\u0142ad Snoreclock:<\/p>\n\n\n\n<p><a href=\"https:\/\/play.google.com\/store\/apps\/details?id=de.ralphsapps.snorecontrol&amp;hl=fr_CH&amp;gl=US\">Na Android tutaj<\/a><\/p>\n\n\n\n<p><a href=\"https:\/\/apps.apple.com\/fr\/app\/snoreclock-vous-ronflez\/id673980122\">IOS, tutaj<\/a><\/p>\n\n\n\n<h2 class=\"wp-block-heading\">4\/ Wytrwaj!<\/h2>\n\n\n<div class=\"wp-block-image\">\n<figure class=\"aligncenter is-resized\"><img decoding=\"async\" src=\"https:\/\/antironflement.org\/wp-content\/uploads\/2023\/06\/image-de-perseverance-solutions-anti-ronflements.jpg\" alt=\"\" class=\"wp-image-1517\" width=\"328\" height=\"288\" srcset=\"https:\/\/antironflement.org\/wp-content\/uploads\/2023\/06\/image-de-perseverance-solutions-anti-ronflements.jpg 1024w, https:\/\/antironflement.org\/wp-content\/uploads\/2023\/06\/image-de-perseverance-solutions-anti-ronflements-300x263.jpg 300w, https:\/\/antironflement.org\/wp-content\/uploads\/2023\/06\/image-de-perseverance-solutions-anti-ronflements-768x674.jpg 768w, https:\/\/antironflement.org\/wp-content\/uploads\/2023\/06\/image-de-perseverance-solutions-anti-ronflements-600x526.jpg 600w\" sizes=\"(max-width: 328px) 100vw, 328px\" \/><\/figure>\n<\/div>\n\n\n<p>R\u00f3\u017cnica mi\u0119dzy pora\u017ck\u0105 a trwa\u0142ym rozwi\u0105zaniem cz\u0119sto polega na twojej zdolno\u015bci do wytrwania.<\/p>\n\n\n\n<p>Przyk\u0142ad: noszenie ortezy przez ca\u0142\u0105 noc nie jest przyjemne (ale potem wcale!) pierwszej nocy.<\/p>\n\n\n\n<p>Potem z biegiem wody przyzwyczajasz si\u0119 do tego, bo w pewnym momencie ju\u017c tego nie czujesz.<\/p>\n\n\n\n<p>Do\u015bwiadczy\u0142y tego osoby nosz\u0105ce soczewki kontaktowe.<\/p>\n","protected":false},"excerpt":{"rendered":"<p>1\/ Najpierw ustal, dlaczego chrapiesz Zajrzyj na moj\u0105 stron\u0119 \u201e\u00a0\u00a0Przyczyny\u00a0\u201d, jest ich wiele i wszyscy jeste\u015bmy r\u00f3\u017cni. Aby znale\u017a\u0107 odpowiednie DLA CIEBIE rozwi\u0105zania, konieczne b\u0119dzie zatem postawienie w\u0142a\u015bciwej diagnozy. Pomo\u017ce Ci konsultacja ze specjalist\u0105 snu laryngologicznym. 2\/ Nast\u0119pnie przejd\u017a do w\u0142asnych test\u00f3w, z rozwi\u0105zaniami lub produktami, kt\u00f3re s\u0105 naprawd\u0119 skuteczne (z dobrymi opiniami klient\u00f3w) Rozwi\u0105zania, kt\u00f3re dzia\u0142aj\u0105: Przy zakupie produkt\u00f3w: Bez produkt\u00f3w: 3\/ Przeanalizuj wyniki Ta cz\u0119\u015b\u0107 jest bardzo wa\u017cna i zajmie troch\u0119 czasu.&nbsp;Konieczne b\u0119dzie r\u00f3wnie\u017c por\u00f3wnanie z por\u00f3wnywalnymi sytuacjami (nie wyci\u0105gaj pochopnych wniosk\u00f3w, je\u015bli wynik nie jest rozstrzygaj\u0105cy po gigantycznym i dobrze nawodnionym posi\u0142ku!). Aby uzyska\u0107 \u015bredni\u0105, badanie nale\u017cy r\u00f3wnie\u017c przeprowadzi\u0107 przez okres co najmniej jednego tygodnia. Najlepiej jest te\u017c naprzemiennie rozwi\u0105zywa\u0107 lub robi\u0107 noce bez niczego z\u2026 Post\u0119puj\u0105c w ten spos\u00f3b przez ten sam okres, fizycznie identyczny, b\u0119dziesz mia\u0142 doskona\u0142e por\u00f3wnanie. Lepsze ni\u017c \u201einformacje zwrotne\u201d Twojego partnera, u\u017cyj aplikacji, kt\u00f3ra rejestruje i analizuje Twoje chrapanie przez ca\u0142\u0105 noc. Na przyk\u0142ad Snoreclock: Na Android tutaj IOS, tutaj 4\/ Wytrwaj! R\u00f3\u017cnica mi\u0119dzy pora\u017ck\u0105 a trwa\u0142ym rozwi\u0105zaniem cz\u0119sto polega na twojej zdolno\u015bci do wytrwania. Przyk\u0142ad: noszenie ortezy przez ca\u0142\u0105 noc nie jest przyjemne (ale potem wcale!) pierwszej nocy. Potem z biegiem wody przyzwyczajasz si\u0119 do tego, bo w pewnym momencie ju\u017c tego nie czujesz. Do\u015bwiadczy\u0142y tego osoby nosz\u0105ce soczewki kontaktowe.<\/p>\n","protected":false},"author":2,"featured_media":0,"parent":0,"menu_order":0,"comment_status":"closed","ping_status":"closed","template":"","meta":{"two_page_speed":[],"footnotes":""},"class_list":["post-2726","page","type-page","status-publish","hentry"],"yoast_head":"<!-- This site is optimized with the Yoast SEO plugin v27.4 - https:\/\/yoast.com\/product\/yoast-seo-wordpress\/ -->\n<title>Rozwi\u0105zania przeciw chrapaniu - Anti Ronflement<\/title>\n<meta name=\"robots\" content=\"index, follow, max-snippet:-1, max-image-preview:large, max-video-preview:-1\" \/>\n<link rel=\"canonical\" href=\"https:\/\/antironflement.org\/index.php\/pl\/rozwiazania-przeciw-chrapaniu\/\" \/>\n<meta property=\"og:locale\" content=\"fr_FR\" \/>\n<meta property=\"og:type\" content=\"article\" \/>\n<meta property=\"og:title\" content=\"Rozwi\u0105zania przeciw chrapaniu - Anti Ronflement\" \/>\n<meta property=\"og:description\" content=\"1\/ Najpierw ustal, dlaczego chrapiesz Zajrzyj na moj\u0105 stron\u0119 \u201e\u00a0\u00a0Przyczyny\u00a0\u201d, jest ich wiele i wszyscy jeste\u015bmy r\u00f3\u017cni. Aby znale\u017a\u0107 odpowiednie DLA CIEBIE rozwi\u0105zania, konieczne b\u0119dzie zatem postawienie w\u0142a\u015bciwej diagnozy. Pomo\u017ce Ci konsultacja ze specjalist\u0105 snu laryngologicznym. 2\/ Nast\u0119pnie przejd\u017a do w\u0142asnych test\u00f3w, z rozwi\u0105zaniami lub produktami, kt\u00f3re s\u0105 naprawd\u0119 skuteczne (z dobrymi opiniami klient\u00f3w) Rozwi\u0105zania, kt\u00f3re dzia\u0142aj\u0105: Przy zakupie produkt\u00f3w: Bez produkt\u00f3w: 3\/ Przeanalizuj wyniki Ta cz\u0119\u015b\u0107 jest bardzo wa\u017cna i zajmie troch\u0119 czasu.&nbsp;Konieczne b\u0119dzie r\u00f3wnie\u017c por\u00f3wnanie z por\u00f3wnywalnymi sytuacjami (nie wyci\u0105gaj pochopnych wniosk\u00f3w, je\u015bli wynik nie jest rozstrzygaj\u0105cy po gigantycznym i dobrze nawodnionym posi\u0142ku!). Aby uzyska\u0107 \u015bredni\u0105, badanie nale\u017cy r\u00f3wnie\u017c przeprowadzi\u0107 przez okres co najmniej jednego tygodnia. Najlepiej jest te\u017c naprzemiennie rozwi\u0105zywa\u0107 lub robi\u0107 noce bez niczego z\u2026 Post\u0119puj\u0105c w ten spos\u00f3b przez ten sam okres, fizycznie identyczny, b\u0119dziesz mia\u0142 doskona\u0142e por\u00f3wnanie. Lepsze ni\u017c \u201einformacje zwrotne\u201d Twojego partnera, u\u017cyj aplikacji, kt\u00f3ra rejestruje i analizuje Twoje chrapanie przez ca\u0142\u0105 noc. Na przyk\u0142ad Snoreclock: Na Android tutaj IOS, tutaj 4\/ Wytrwaj! R\u00f3\u017cnica mi\u0119dzy pora\u017ck\u0105 a trwa\u0142ym rozwi\u0105zaniem cz\u0119sto polega na twojej zdolno\u015bci do wytrwania. Przyk\u0142ad: noszenie ortezy przez ca\u0142\u0105 noc nie jest przyjemne (ale potem wcale!) pierwszej nocy. Potem z biegiem wody przyzwyczajasz si\u0119 do tego, bo w pewnym momencie ju\u017c tego nie czujesz. Do\u015bwiadczy\u0142y tego osoby nosz\u0105ce soczewki kontaktowe.\" \/>\n<meta property=\"og:url\" content=\"https:\/\/antironflement.org\/index.php\/pl\/rozwiazania-przeciw-chrapaniu\/\" \/>\n<meta property=\"og:site_name\" content=\"Anti Ronflement\" \/>\n<meta property=\"article:modified_time\" content=\"2023-07-04T19:37:19+00:00\" \/>\n<meta property=\"og:image\" content=\"https:\/\/antironflement.org\/wp-content\/uploads\/2023\/06\/ORL-sommeil-diagnostique.jpg\" \/>\n<meta name=\"twitter:card\" content=\"summary_large_image\" \/>\n<meta name=\"twitter:label1\" content=\"Dur\u00e9e de lecture estim\u00e9e\" \/>\n\t<meta name=\"twitter:data1\" content=\"3 minutes\" \/>\n<script type=\"application\/ld+json\" class=\"yoast-schema-graph\">{\"@context\":\"https:\\\/\\\/schema.org\",\"@graph\":[{\"@type\":\"WebPage\",\"@id\":\"https:\\\/\\\/antironflement.org\\\/index.php\\\/pl\\\/rozwiazania-przeciw-chrapaniu\\\/\",\"url\":\"https:\\\/\\\/antironflement.org\\\/index.php\\\/pl\\\/rozwiazania-przeciw-chrapaniu\\\/\",\"name\":\"Rozwi\u0105zania przeciw chrapaniu - Anti Ronflement\",\"isPartOf\":{\"@id\":\"https:\\\/\\\/antironflement.org\\\/#website\"},\"primaryImageOfPage\":{\"@id\":\"https:\\\/\\\/antironflement.org\\\/index.php\\\/pl\\\/rozwiazania-przeciw-chrapaniu\\\/#primaryimage\"},\"image\":{\"@id\":\"https:\\\/\\\/antironflement.org\\\/index.php\\\/pl\\\/rozwiazania-przeciw-chrapaniu\\\/#primaryimage\"},\"thumbnailUrl\":\"https:\\\/\\\/antironflement.org\\\/wp-content\\\/uploads\\\/2023\\\/06\\\/ORL-sommeil-diagnostique.jpg\",\"datePublished\":\"2023-07-03T14:22:30+00:00\",\"dateModified\":\"2023-07-04T19:37:19+00:00\",\"breadcrumb\":{\"@id\":\"https:\\\/\\\/antironflement.org\\\/index.php\\\/pl\\\/rozwiazania-przeciw-chrapaniu\\\/#breadcrumb\"},\"inLanguage\":\"fr-FR\",\"potentialAction\":[{\"@type\":\"ReadAction\",\"target\":[\"https:\\\/\\\/antironflement.org\\\/index.php\\\/pl\\\/rozwiazania-przeciw-chrapaniu\\\/\"]}]},{\"@type\":\"ImageObject\",\"inLanguage\":\"fr-FR\",\"@id\":\"https:\\\/\\\/antironflement.org\\\/index.php\\\/pl\\\/rozwiazania-przeciw-chrapaniu\\\/#primaryimage\",\"url\":\"https:\\\/\\\/antironflement.org\\\/wp-content\\\/uploads\\\/2023\\\/06\\\/ORL-sommeil-diagnostique.jpg\",\"contentUrl\":\"https:\\\/\\\/antironflement.org\\\/wp-content\\\/uploads\\\/2023\\\/06\\\/ORL-sommeil-diagnostique.jpg\",\"width\":1024,\"height\":967},{\"@type\":\"BreadcrumbList\",\"@id\":\"https:\\\/\\\/antironflement.org\\\/index.php\\\/pl\\\/rozwiazania-przeciw-chrapaniu\\\/#breadcrumb\",\"itemListElement\":[{\"@type\":\"ListItem\",\"position\":1,\"name\":\"Accueil\",\"item\":\"https:\\\/\\\/antironflement.org\\\/index.php\\\/en\\\/\"},{\"@type\":\"ListItem\",\"position\":2,\"name\":\"Rozwi\u0105zania przeciw chrapaniu\"}]},{\"@type\":\"WebSite\",\"@id\":\"https:\\\/\\\/antironflement.org\\\/#website\",\"url\":\"https:\\\/\\\/antironflement.org\\\/\",\"name\":\"Anti Ronflement\",\"description\":\"Avis et tests des solutions pour moins ronfler\",\"publisher\":{\"@id\":\"https:\\\/\\\/antironflement.org\\\/#organization\"},\"potentialAction\":[{\"@type\":\"SearchAction\",\"target\":{\"@type\":\"EntryPoint\",\"urlTemplate\":\"https:\\\/\\\/antironflement.org\\\/?s={search_term_string}\"},\"query-input\":{\"@type\":\"PropertyValueSpecification\",\"valueRequired\":true,\"valueName\":\"search_term_string\"}}],\"inLanguage\":\"fr-FR\"},{\"@type\":\"Organization\",\"@id\":\"https:\\\/\\\/antironflement.org\\\/#organization\",\"name\":\"Anti Ronflement\",\"url\":\"https:\\\/\\\/antironflement.org\\\/\",\"logo\":{\"@type\":\"ImageObject\",\"inLanguage\":\"fr-FR\",\"@id\":\"https:\\\/\\\/antironflement.org\\\/#\\\/schema\\\/logo\\\/image\\\/\",\"url\":\"https:\\\/\\\/antironflement.org\\\/wp-content\\\/uploads\\\/2022\\\/04\\\/antironflementlogotopgris.webp\",\"contentUrl\":\"https:\\\/\\\/antironflement.org\\\/wp-content\\\/uploads\\\/2022\\\/04\\\/antironflementlogotopgris.webp\",\"width\":450,\"height\":200,\"caption\":\"Anti Ronflement\"},\"image\":{\"@id\":\"https:\\\/\\\/antironflement.org\\\/#\\\/schema\\\/logo\\\/image\\\/\"}}]}<\/script>\n<!-- \/ Yoast SEO plugin. -->","yoast_head_json":{"title":"Rozwi\u0105zania przeciw chrapaniu - Anti Ronflement","robots":{"index":"index","follow":"follow","max-snippet":"max-snippet:-1","max-image-preview":"max-image-preview:large","max-video-preview":"max-video-preview:-1"},"canonical":"https:\/\/antironflement.org\/index.php\/pl\/rozwiazania-przeciw-chrapaniu\/","og_locale":"fr_FR","og_type":"article","og_title":"Rozwi\u0105zania przeciw chrapaniu - Anti Ronflement","og_description":"1\/ Najpierw ustal, dlaczego chrapiesz Zajrzyj na moj\u0105 stron\u0119 \u201e\u00a0\u00a0Przyczyny\u00a0\u201d, jest ich wiele i wszyscy jeste\u015bmy r\u00f3\u017cni. Aby znale\u017a\u0107 odpowiednie DLA CIEBIE rozwi\u0105zania, konieczne b\u0119dzie zatem postawienie w\u0142a\u015bciwej diagnozy. Pomo\u017ce Ci konsultacja ze specjalist\u0105 snu laryngologicznym. 2\/ Nast\u0119pnie przejd\u017a do w\u0142asnych test\u00f3w, z rozwi\u0105zaniami lub produktami, kt\u00f3re s\u0105 naprawd\u0119 skuteczne (z dobrymi opiniami klient\u00f3w) Rozwi\u0105zania, kt\u00f3re dzia\u0142aj\u0105: Przy zakupie produkt\u00f3w: Bez produkt\u00f3w: 3\/ Przeanalizuj wyniki Ta cz\u0119\u015b\u0107 jest bardzo wa\u017cna i zajmie troch\u0119 czasu.&nbsp;Konieczne b\u0119dzie r\u00f3wnie\u017c por\u00f3wnanie z por\u00f3wnywalnymi sytuacjami (nie wyci\u0105gaj pochopnych wniosk\u00f3w, je\u015bli wynik nie jest rozstrzygaj\u0105cy po gigantycznym i dobrze nawodnionym posi\u0142ku!). Aby uzyska\u0107 \u015bredni\u0105, badanie nale\u017cy r\u00f3wnie\u017c przeprowadzi\u0107 przez okres co najmniej jednego tygodnia. Najlepiej jest te\u017c naprzemiennie rozwi\u0105zywa\u0107 lub robi\u0107 noce bez niczego z\u2026 Post\u0119puj\u0105c w ten spos\u00f3b przez ten sam okres, fizycznie identyczny, b\u0119dziesz mia\u0142 doskona\u0142e por\u00f3wnanie. Lepsze ni\u017c \u201einformacje zwrotne\u201d Twojego partnera, u\u017cyj aplikacji, kt\u00f3ra rejestruje i analizuje Twoje chrapanie przez ca\u0142\u0105 noc. Na przyk\u0142ad Snoreclock: Na Android tutaj IOS, tutaj 4\/ Wytrwaj! R\u00f3\u017cnica mi\u0119dzy pora\u017ck\u0105 a trwa\u0142ym rozwi\u0105zaniem cz\u0119sto polega na twojej zdolno\u015bci do wytrwania. Przyk\u0142ad: noszenie ortezy przez ca\u0142\u0105 noc nie jest przyjemne (ale potem wcale!) pierwszej nocy. Potem z biegiem wody przyzwyczajasz si\u0119 do tego, bo w pewnym momencie ju\u017c tego nie czujesz. Do\u015bwiadczy\u0142y tego osoby nosz\u0105ce soczewki kontaktowe.","og_url":"https:\/\/antironflement.org\/index.php\/pl\/rozwiazania-przeciw-chrapaniu\/","og_site_name":"Anti Ronflement","article_modified_time":"2023-07-04T19:37:19+00:00","og_image":[{"url":"https:\/\/antironflement.org\/wp-content\/uploads\/2023\/06\/ORL-sommeil-diagnostique.jpg","type":"","width":"","height":""}],"twitter_card":"summary_large_image","twitter_misc":{"Dur\u00e9e de lecture estim\u00e9e":"3 minutes"},"schema":{"@context":"https:\/\/schema.org","@graph":[{"@type":"WebPage","@id":"https:\/\/antironflement.org\/index.php\/pl\/rozwiazania-przeciw-chrapaniu\/","url":"https:\/\/antironflement.org\/index.php\/pl\/rozwiazania-przeciw-chrapaniu\/","name":"Rozwi\u0105zania przeciw chrapaniu - Anti Ronflement","isPartOf":{"@id":"https:\/\/antironflement.org\/#website"},"primaryImageOfPage":{"@id":"https:\/\/antironflement.org\/index.php\/pl\/rozwiazania-przeciw-chrapaniu\/#primaryimage"},"image":{"@id":"https:\/\/antironflement.org\/index.php\/pl\/rozwiazania-przeciw-chrapaniu\/#primaryimage"},"thumbnailUrl":"https:\/\/antironflement.org\/wp-content\/uploads\/2023\/06\/ORL-sommeil-diagnostique.jpg","datePublished":"2023-07-03T14:22:30+00:00","dateModified":"2023-07-04T19:37:19+00:00","breadcrumb":{"@id":"https:\/\/antironflement.org\/index.php\/pl\/rozwiazania-przeciw-chrapaniu\/#breadcrumb"},"inLanguage":"fr-FR","potentialAction":[{"@type":"ReadAction","target":["https:\/\/antironflement.org\/index.php\/pl\/rozwiazania-przeciw-chrapaniu\/"]}]},{"@type":"ImageObject","inLanguage":"fr-FR","@id":"https:\/\/antironflement.org\/index.php\/pl\/rozwiazania-przeciw-chrapaniu\/#primaryimage","url":"https:\/\/antironflement.org\/wp-content\/uploads\/2023\/06\/ORL-sommeil-diagnostique.jpg","contentUrl":"https:\/\/antironflement.org\/wp-content\/uploads\/2023\/06\/ORL-sommeil-diagnostique.jpg","width":1024,"height":967},{"@type":"BreadcrumbList","@id":"https:\/\/antironflement.org\/index.php\/pl\/rozwiazania-przeciw-chrapaniu\/#breadcrumb","itemListElement":[{"@type":"ListItem","position":1,"name":"Accueil","item":"https:\/\/antironflement.org\/index.php\/en\/"},{"@type":"ListItem","position":2,"name":"Rozwi\u0105zania przeciw chrapaniu"}]},{"@type":"WebSite","@id":"https:\/\/antironflement.org\/#website","url":"https:\/\/antironflement.org\/","name":"Anti Ronflement","description":"Avis et tests des solutions pour moins ronfler","publisher":{"@id":"https:\/\/antironflement.org\/#organization"},"potentialAction":[{"@type":"SearchAction","target":{"@type":"EntryPoint","urlTemplate":"https:\/\/antironflement.org\/?s={search_term_string}"},"query-input":{"@type":"PropertyValueSpecification","valueRequired":true,"valueName":"search_term_string"}}],"inLanguage":"fr-FR"},{"@type":"Organization","@id":"https:\/\/antironflement.org\/#organization","name":"Anti Ronflement","url":"https:\/\/antironflement.org\/","logo":{"@type":"ImageObject","inLanguage":"fr-FR","@id":"https:\/\/antironflement.org\/#\/schema\/logo\/image\/","url":"https:\/\/antironflement.org\/wp-content\/uploads\/2022\/04\/antironflementlogotopgris.webp","contentUrl":"https:\/\/antironflement.org\/wp-content\/uploads\/2022\/04\/antironflementlogotopgris.webp","width":450,"height":200,"caption":"Anti Ronflement"},"image":{"@id":"https:\/\/antironflement.org\/#\/schema\/logo\/image\/"}}]}},"acf":[],"_links":{"self":[{"href":"https:\/\/antironflement.org\/index.php\/wp-json\/wp\/v2\/pages\/2726","targetHints":{"allow":["GET"]}}],"collection":[{"href":"https:\/\/antironflement.org\/index.php\/wp-json\/wp\/v2\/pages"}],"about":[{"href":"https:\/\/antironflement.org\/index.php\/wp-json\/wp\/v2\/types\/page"}],"author":[{"embeddable":true,"href":"https:\/\/antironflement.org\/index.php\/wp-json\/wp\/v2\/users\/2"}],"replies":[{"embeddable":true,"href":"https:\/\/antironflement.org\/index.php\/wp-json\/wp\/v2\/comments?post=2726"}],"version-history":[{"count":5,"href":"https:\/\/antironflement.org\/index.php\/wp-json\/wp\/v2\/pages\/2726\/revisions"}],"predecessor-version":[{"id":2856,"href":"https:\/\/antironflement.org\/index.php\/wp-json\/wp\/v2\/pages\/2726\/revisions\/2856"}],"wp:attachment":[{"href":"https:\/\/antironflement.org\/index.php\/wp-json\/wp\/v2\/media?parent=2726"}],"curies":[{"name":"wp","href":"https:\/\/api.w.org\/{rel}","templated":true}]}}