{"id":2718,"date":"2023-07-03T16:10:58","date_gmt":"2023-07-03T14:10:58","guid":{"rendered":"https:\/\/antironflement.org\/?page_id=2718"},"modified":"2023-07-04T21:30:14","modified_gmt":"2023-07-04T19:30:14","slug":"home-2","status":"publish","type":"page","link":"https:\/\/antironflement.org\/index.php\/pl\/","title":{"rendered":"Home"},"content":{"rendered":"\n<h2 class=\"wp-block-heading\">Recenzje i testy rozwi\u0105za\u0144 ograniczaj\u0105cych chrapanie<\/h2>\n\n\n\n<p>Tutaj znajdziesz recenzje i testy rozwi\u0105za\u0144 przeciw chrapaniu.&nbsp;Prezentacja produkt\u00f3w, technik na mniejsze chrapanie.<\/p>\n\n\n<div class=\"wp-block-image\">\n<figure class=\"aligncenter\"><img fetchpriority=\"high\" decoding=\"async\" width=\"640\" height=\"427\" src=\"https:\/\/antironflement.org\/wp-content\/uploads\/2022\/03\/Ronflement-couple-2-Small.jpg\" alt=\"para, chrapi\u0105cy m\u0119\u017cczyzna\" class=\"wp-image-457\" srcset=\"https:\/\/antironflement.org\/wp-content\/uploads\/2022\/03\/Ronflement-couple-2-Small.jpg 640w, https:\/\/antironflement.org\/wp-content\/uploads\/2022\/03\/Ronflement-couple-2-Small-600x400.jpg 600w, https:\/\/antironflement.org\/wp-content\/uploads\/2022\/03\/Ronflement-couple-2-Small-300x200.jpg 300w\" sizes=\"(max-width: 640px) 100vw, 640px\" \/><\/figure>\n<\/div>\n\n\n<h2 class=\"wp-block-heading\">Ilu ludzi dotyka chrapanie?<\/h2>\n\n\n\n<p>Wed\u0142ug \u201eAmeryka\u0144skiej Akademii Otolaryngologii\u201d 70% doros\u0142ych cierpi na chrapanie.<\/p>\n\n\n\n<h2 class=\"wp-block-heading\">Jakie s\u0105 przyczyny chrapania?<\/h2>\n\n\n\n<p>Przyczyn jest wiele: styl \u017cycia, alkohol, niedro\u017cno\u015b\u0107 i\/lub dewiacja nosa, wiek, nadwaga, bezdech senny. Om\u00f3wi\u0119 je na tym blogu, jak r\u00f3wnie\u017c istniej\u0105ce rozwi\u0105zania.\u00a0<a href=\"https:\/\/antironflement.org\/index.php\/pl\/przyczyny-chrapania\/\">Na tej stronie omawiam przyczyny<\/a>\u00a0.<\/p>\n\n\n\n<h2 class=\"wp-block-heading\">Jakie s\u0105 konsekwencje chrapania?<\/h2>\n\n\n\n<p>Konsekwencje te\u017c s\u0105 r\u00f3\u017cnorodne: s\u0142aba jako\u015b\u0107 snu, problemy w parach, mo\u017cliwo\u015b\u0107 wyst\u0105pienia bezdechu sennego, zm\u0119czenie&#8230;<\/p>\n\n\n\n<h2 class=\"wp-block-heading\">Jakie s\u0105 rozwi\u0105zania zmniejszaj\u0105ce chrapanie?<\/h2>\n\n\n\n<p>Celem tego bloga jest przedstawienie Wam,\u00a0<a href=\"https:\/\/antironflement.org\/index.php\/pl\/o-mnie\/\">zgodnie z moim w\u0142asnym do\u015bwiadczeniem<\/a>\u00a0, technik i rozwi\u0105za\u0144, kt\u00f3re pozwoli\u0142y mi zredukowa\u0107 chrapanie i poprawi\u0107 jako\u015b\u0107 mojego snu.<br>Znajdziesz tu sekcje oraz artyku\u0142y redakcyjne\/artyku\u0142y\/tematy, kr\u00f3tkie, \u0142atwe do czytania, dotycz\u0105ce tych obszar\u00f3w lub urz\u0105dze\u0144 przeciw chrapaniu, rozwi\u0105za\u0144, kt\u00f3re uda\u0142o mi si\u0119 przetestowa\u0107.\u00a0Kt\u00f3re dzia\u0142aj\u0105, a kt\u00f3re nie.<\/p>\n\n\n\n<p>Ka\u017cdy jest inny, a ten blog nie zast\u0105pi oczywi\u015bcie relacji mi\u0119dzy Tob\u0105 a laryngologiem, specjalist\u0105 od snu (wspomn\u0119 te\u017c o potrzebie konsultacji, kiedy i jakiego specjalisty oraz co mi zaoferowali).<\/p>\n\n\n\n<p>Mam nadziej\u0119, \u017ce moje rady, moje do\u015bwiadczenie, b\u0119d\u0105 w stanie jak najlepiej poprowadzi\u0107 Ci\u0119 w badaniach nad popraw\u0105 jako\u015bci Twojej nocy i Twojego snu.&nbsp;To naprawd\u0119 mo\u017ce zmieni\u0107 Twoje \u017cycie.<\/p>\n\n\n\n<h2 class=\"wp-block-heading\">Moje ulubione produkty<\/h2>\n\n\n\n<p>W dziale \u201e\u00a0<a href=\"https:\/\/antironflement.org\/index.php\/pl\/moje-ulubione-produkty-ograniczajace-chrapanie\/\">Moje ulubione produkty<\/a>\u00a0\u201d znajdziesz r\u00f3wnie\u017c produkty, kt\u00f3rych u\u017cywam na co dzie\u0144!<\/p>\n\n\n\n<p>Dobre czytanie !<\/p>\n\n\n\n<hr class=\"wp-block-separator has-alpha-channel-opacity\"\/>\n\n\n\n<blockquote class=\"wp-block-quote is-layout-flow wp-block-quote-is-layout-flow\">\n<p>\u00ab\u00a0<em>Aby upewni\u0107 si\u0119, \u017ce chrapiesz, nawet je\u015bli jeste\u015b sam, po prostu zasypiaj w miejscu, w kt\u00f3rym s\u0142ycha\u0107 echo i obud\u017a si\u0119 na tyle szybko, aby us\u0142ysze\u0107 powracaj\u0105ce echo chrapania.<\/em>\u00ab\u00a0<\/p>\n<cite>Boris Vian<\/cite><\/blockquote>\n","protected":false},"excerpt":{"rendered":"<p>Recenzje i testy rozwi\u0105za\u0144 ograniczaj\u0105cych chrapanie Tutaj znajdziesz recenzje i testy rozwi\u0105za\u0144 przeciw chrapaniu.&nbsp;Prezentacja produkt\u00f3w, technik na mniejsze chrapanie. Ilu ludzi dotyka chrapanie? Wed\u0142ug \u201eAmeryka\u0144skiej Akademii Otolaryngologii\u201d 70% doros\u0142ych cierpi na chrapanie. Jakie s\u0105 przyczyny chrapania? Przyczyn jest wiele: styl \u017cycia, alkohol, niedro\u017cno\u015b\u0107 i\/lub dewiacja nosa, wiek, nadwaga, bezdech senny. Om\u00f3wi\u0119 je na tym blogu, jak r\u00f3wnie\u017c istniej\u0105ce rozwi\u0105zania.\u00a0Na tej stronie omawiam przyczyny\u00a0. Jakie s\u0105 konsekwencje chrapania? Konsekwencje te\u017c s\u0105 r\u00f3\u017cnorodne: s\u0142aba jako\u015b\u0107 snu, problemy w parach, mo\u017cliwo\u015b\u0107 wyst\u0105pienia bezdechu sennego, zm\u0119czenie&#8230; Jakie s\u0105 rozwi\u0105zania zmniejszaj\u0105ce chrapanie? Celem tego bloga jest przedstawienie Wam,\u00a0zgodnie z moim w\u0142asnym do\u015bwiadczeniem\u00a0, technik i rozwi\u0105za\u0144, kt\u00f3re pozwoli\u0142y mi zredukowa\u0107 chrapanie i poprawi\u0107 jako\u015b\u0107 mojego snu.Znajdziesz tu sekcje oraz artyku\u0142y redakcyjne\/artyku\u0142y\/tematy, kr\u00f3tkie, \u0142atwe do czytania, dotycz\u0105ce tych obszar\u00f3w lub urz\u0105dze\u0144 przeciw chrapaniu, rozwi\u0105za\u0144, kt\u00f3re uda\u0142o mi si\u0119 przetestowa\u0107.\u00a0Kt\u00f3re dzia\u0142aj\u0105, a kt\u00f3re nie. Ka\u017cdy jest inny, a ten blog nie zast\u0105pi oczywi\u015bcie relacji mi\u0119dzy Tob\u0105 a laryngologiem, specjalist\u0105 od snu (wspomn\u0119 te\u017c o potrzebie konsultacji, kiedy i jakiego specjalisty oraz co mi zaoferowali). Mam nadziej\u0119, \u017ce moje rady, moje do\u015bwiadczenie, b\u0119d\u0105 w stanie jak najlepiej poprowadzi\u0107 Ci\u0119 w badaniach nad popraw\u0105 jako\u015bci Twojej nocy i Twojego snu.&nbsp;To naprawd\u0119 mo\u017ce zmieni\u0107 Twoje \u017cycie. Moje ulubione produkty W dziale \u201e\u00a0Moje ulubione produkty\u00a0\u201d znajdziesz r\u00f3wnie\u017c produkty, kt\u00f3rych u\u017cywam na co dzie\u0144! Dobre czytanie ! \u00ab\u00a0Aby upewni\u0107 si\u0119, \u017ce chrapiesz, nawet je\u015bli jeste\u015b sam, po prostu zasypiaj w miejscu, w kt\u00f3rym s\u0142ycha\u0107 echo i obud\u017a si\u0119 na tyle szybko, aby us\u0142ysze\u0107 powracaj\u0105ce echo chrapania.\u00ab\u00a0 Boris Vian<\/p>\n","protected":false},"author":2,"featured_media":0,"parent":0,"menu_order":0,"comment_status":"closed","ping_status":"closed","template":"","meta":{"two_page_speed":[],"footnotes":""},"class_list":["post-2718","page","type-page","status-publish","hentry"],"yoast_head":"<!-- This site is optimized with the Yoast SEO plugin v27.3 - https:\/\/yoast.com\/product\/yoast-seo-wordpress\/ -->\n<title>Home - Anti Ronflement<\/title>\n<meta name=\"robots\" content=\"index, follow, max-snippet:-1, max-image-preview:large, max-video-preview:-1\" \/>\n<link rel=\"canonical\" href=\"https:\/\/antironflement.org\/index.php\/pl\/\" \/>\n<meta property=\"og:locale\" content=\"fr_FR\" \/>\n<meta property=\"og:type\" content=\"article\" \/>\n<meta property=\"og:title\" content=\"Home - Anti Ronflement\" \/>\n<meta property=\"og:description\" content=\"Recenzje i testy rozwi\u0105za\u0144 ograniczaj\u0105cych chrapanie Tutaj znajdziesz recenzje i testy rozwi\u0105za\u0144 przeciw chrapaniu.&nbsp;Prezentacja produkt\u00f3w, technik na mniejsze chrapanie. Ilu ludzi dotyka chrapanie? Wed\u0142ug \u201eAmeryka\u0144skiej Akademii Otolaryngologii\u201d 70% doros\u0142ych cierpi na chrapanie. Jakie s\u0105 przyczyny chrapania? Przyczyn jest wiele: styl \u017cycia, alkohol, niedro\u017cno\u015b\u0107 i\/lub dewiacja nosa, wiek, nadwaga, bezdech senny. Om\u00f3wi\u0119 je na tym blogu, jak r\u00f3wnie\u017c istniej\u0105ce rozwi\u0105zania.\u00a0Na tej stronie omawiam przyczyny\u00a0. Jakie s\u0105 konsekwencje chrapania? Konsekwencje te\u017c s\u0105 r\u00f3\u017cnorodne: s\u0142aba jako\u015b\u0107 snu, problemy w parach, mo\u017cliwo\u015b\u0107 wyst\u0105pienia bezdechu sennego, zm\u0119czenie&#8230; Jakie s\u0105 rozwi\u0105zania zmniejszaj\u0105ce chrapanie? Celem tego bloga jest przedstawienie Wam,\u00a0zgodnie z moim w\u0142asnym do\u015bwiadczeniem\u00a0, technik i rozwi\u0105za\u0144, kt\u00f3re pozwoli\u0142y mi zredukowa\u0107 chrapanie i poprawi\u0107 jako\u015b\u0107 mojego snu.Znajdziesz tu sekcje oraz artyku\u0142y redakcyjne\/artyku\u0142y\/tematy, kr\u00f3tkie, \u0142atwe do czytania, dotycz\u0105ce tych obszar\u00f3w lub urz\u0105dze\u0144 przeciw chrapaniu, rozwi\u0105za\u0144, kt\u00f3re uda\u0142o mi si\u0119 przetestowa\u0107.\u00a0Kt\u00f3re dzia\u0142aj\u0105, a kt\u00f3re nie. Ka\u017cdy jest inny, a ten blog nie zast\u0105pi oczywi\u015bcie relacji mi\u0119dzy Tob\u0105 a laryngologiem, specjalist\u0105 od snu (wspomn\u0119 te\u017c o potrzebie konsultacji, kiedy i jakiego specjalisty oraz co mi zaoferowali). Mam nadziej\u0119, \u017ce moje rady, moje do\u015bwiadczenie, b\u0119d\u0105 w stanie jak najlepiej poprowadzi\u0107 Ci\u0119 w badaniach nad popraw\u0105 jako\u015bci Twojej nocy i Twojego snu.&nbsp;To naprawd\u0119 mo\u017ce zmieni\u0107 Twoje \u017cycie. Moje ulubione produkty W dziale \u201e\u00a0Moje ulubione produkty\u00a0\u201d znajdziesz r\u00f3wnie\u017c produkty, kt\u00f3rych u\u017cywam na co dzie\u0144! Dobre czytanie ! \u00ab\u00a0Aby upewni\u0107 si\u0119, \u017ce chrapiesz, nawet je\u015bli jeste\u015b sam, po prostu zasypiaj w miejscu, w kt\u00f3rym s\u0142ycha\u0107 echo i obud\u017a si\u0119 na tyle szybko, aby us\u0142ysze\u0107 powracaj\u0105ce echo chrapania.\u00ab\u00a0 Boris Vian\" \/>\n<meta property=\"og:url\" content=\"https:\/\/antironflement.org\/index.php\/pl\/\" \/>\n<meta property=\"og:site_name\" content=\"Anti Ronflement\" \/>\n<meta property=\"article:modified_time\" content=\"2023-07-04T19:30:14+00:00\" \/>\n<meta property=\"og:image\" content=\"https:\/\/antironflement.org\/wp-content\/uploads\/2022\/03\/Ronflement-couple-2-Small.jpg\" \/>\n<meta name=\"twitter:card\" content=\"summary_large_image\" \/>\n<meta name=\"twitter:label1\" content=\"Dur\u00e9e de lecture estim\u00e9e\" \/>\n\t<meta name=\"twitter:data1\" content=\"2 minutes\" \/>\n<script type=\"application\/ld+json\" class=\"yoast-schema-graph\">{\"@context\":\"https:\\\/\\\/schema.org\",\"@graph\":[{\"@type\":\"WebPage\",\"@id\":\"https:\\\/\\\/antironflement.org\\\/index.php\\\/pl\\\/\",\"url\":\"https:\\\/\\\/antironflement.org\\\/index.php\\\/pl\\\/\",\"name\":\"Home - Anti Ronflement\",\"isPartOf\":{\"@id\":\"https:\\\/\\\/antironflement.org\\\/#website\"},\"primaryImageOfPage\":{\"@id\":\"https:\\\/\\\/antironflement.org\\\/index.php\\\/pl\\\/#primaryimage\"},\"image\":{\"@id\":\"https:\\\/\\\/antironflement.org\\\/index.php\\\/pl\\\/#primaryimage\"},\"thumbnailUrl\":\"https:\\\/\\\/antironflement.org\\\/wp-content\\\/uploads\\\/2022\\\/03\\\/Ronflement-couple-2-Small.jpg\",\"datePublished\":\"2023-07-03T14:10:58+00:00\",\"dateModified\":\"2023-07-04T19:30:14+00:00\",\"breadcrumb\":{\"@id\":\"https:\\\/\\\/antironflement.org\\\/index.php\\\/pl\\\/#breadcrumb\"},\"inLanguage\":\"fr-FR\",\"potentialAction\":[{\"@type\":\"ReadAction\",\"target\":[\"https:\\\/\\\/antironflement.org\\\/index.php\\\/pl\\\/\"]}]},{\"@type\":\"ImageObject\",\"inLanguage\":\"fr-FR\",\"@id\":\"https:\\\/\\\/antironflement.org\\\/index.php\\\/pl\\\/#primaryimage\",\"url\":\"https:\\\/\\\/antironflement.org\\\/wp-content\\\/uploads\\\/2022\\\/03\\\/Ronflement-couple-2-Small.jpg\",\"contentUrl\":\"https:\\\/\\\/antironflement.org\\\/wp-content\\\/uploads\\\/2022\\\/03\\\/Ronflement-couple-2-Small.jpg\",\"width\":640,\"height\":427},{\"@type\":\"BreadcrumbList\",\"@id\":\"https:\\\/\\\/antironflement.org\\\/index.php\\\/pl\\\/#breadcrumb\",\"itemListElement\":[{\"@type\":\"ListItem\",\"position\":1,\"name\":\"Accueil\",\"item\":\"https:\\\/\\\/antironflement.org\\\/index.php\\\/en\\\/\"},{\"@type\":\"ListItem\",\"position\":2,\"name\":\"Home\"}]},{\"@type\":\"WebSite\",\"@id\":\"https:\\\/\\\/antironflement.org\\\/#website\",\"url\":\"https:\\\/\\\/antironflement.org\\\/\",\"name\":\"Anti Ronflement\",\"description\":\"Avis et tests des solutions pour moins ronfler\",\"publisher\":{\"@id\":\"https:\\\/\\\/antironflement.org\\\/#organization\"},\"potentialAction\":[{\"@type\":\"SearchAction\",\"target\":{\"@type\":\"EntryPoint\",\"urlTemplate\":\"https:\\\/\\\/antironflement.org\\\/?s={search_term_string}\"},\"query-input\":{\"@type\":\"PropertyValueSpecification\",\"valueRequired\":true,\"valueName\":\"search_term_string\"}}],\"inLanguage\":\"fr-FR\"},{\"@type\":\"Organization\",\"@id\":\"https:\\\/\\\/antironflement.org\\\/#organization\",\"name\":\"Anti Ronflement\",\"url\":\"https:\\\/\\\/antironflement.org\\\/\",\"logo\":{\"@type\":\"ImageObject\",\"inLanguage\":\"fr-FR\",\"@id\":\"https:\\\/\\\/antironflement.org\\\/#\\\/schema\\\/logo\\\/image\\\/\",\"url\":\"https:\\\/\\\/antironflement.org\\\/wp-content\\\/uploads\\\/2022\\\/04\\\/antironflementlogotopgris.webp\",\"contentUrl\":\"https:\\\/\\\/antironflement.org\\\/wp-content\\\/uploads\\\/2022\\\/04\\\/antironflementlogotopgris.webp\",\"width\":450,\"height\":200,\"caption\":\"Anti Ronflement\"},\"image\":{\"@id\":\"https:\\\/\\\/antironflement.org\\\/#\\\/schema\\\/logo\\\/image\\\/\"}}]}<\/script>\n<!-- \/ Yoast SEO plugin. -->","yoast_head_json":{"title":"Home - Anti Ronflement","robots":{"index":"index","follow":"follow","max-snippet":"max-snippet:-1","max-image-preview":"max-image-preview:large","max-video-preview":"max-video-preview:-1"},"canonical":"https:\/\/antironflement.org\/index.php\/pl\/","og_locale":"fr_FR","og_type":"article","og_title":"Home - Anti Ronflement","og_description":"Recenzje i testy rozwi\u0105za\u0144 ograniczaj\u0105cych chrapanie Tutaj znajdziesz recenzje i testy rozwi\u0105za\u0144 przeciw chrapaniu.&nbsp;Prezentacja produkt\u00f3w, technik na mniejsze chrapanie. Ilu ludzi dotyka chrapanie? Wed\u0142ug \u201eAmeryka\u0144skiej Akademii Otolaryngologii\u201d 70% doros\u0142ych cierpi na chrapanie. Jakie s\u0105 przyczyny chrapania? Przyczyn jest wiele: styl \u017cycia, alkohol, niedro\u017cno\u015b\u0107 i\/lub dewiacja nosa, wiek, nadwaga, bezdech senny. Om\u00f3wi\u0119 je na tym blogu, jak r\u00f3wnie\u017c istniej\u0105ce rozwi\u0105zania.\u00a0Na tej stronie omawiam przyczyny\u00a0. Jakie s\u0105 konsekwencje chrapania? Konsekwencje te\u017c s\u0105 r\u00f3\u017cnorodne: s\u0142aba jako\u015b\u0107 snu, problemy w parach, mo\u017cliwo\u015b\u0107 wyst\u0105pienia bezdechu sennego, zm\u0119czenie&#8230; Jakie s\u0105 rozwi\u0105zania zmniejszaj\u0105ce chrapanie? Celem tego bloga jest przedstawienie Wam,\u00a0zgodnie z moim w\u0142asnym do\u015bwiadczeniem\u00a0, technik i rozwi\u0105za\u0144, kt\u00f3re pozwoli\u0142y mi zredukowa\u0107 chrapanie i poprawi\u0107 jako\u015b\u0107 mojego snu.Znajdziesz tu sekcje oraz artyku\u0142y redakcyjne\/artyku\u0142y\/tematy, kr\u00f3tkie, \u0142atwe do czytania, dotycz\u0105ce tych obszar\u00f3w lub urz\u0105dze\u0144 przeciw chrapaniu, rozwi\u0105za\u0144, kt\u00f3re uda\u0142o mi si\u0119 przetestowa\u0107.\u00a0Kt\u00f3re dzia\u0142aj\u0105, a kt\u00f3re nie. Ka\u017cdy jest inny, a ten blog nie zast\u0105pi oczywi\u015bcie relacji mi\u0119dzy Tob\u0105 a laryngologiem, specjalist\u0105 od snu (wspomn\u0119 te\u017c o potrzebie konsultacji, kiedy i jakiego specjalisty oraz co mi zaoferowali). Mam nadziej\u0119, \u017ce moje rady, moje do\u015bwiadczenie, b\u0119d\u0105 w stanie jak najlepiej poprowadzi\u0107 Ci\u0119 w badaniach nad popraw\u0105 jako\u015bci Twojej nocy i Twojego snu.&nbsp;To naprawd\u0119 mo\u017ce zmieni\u0107 Twoje \u017cycie. Moje ulubione produkty W dziale \u201e\u00a0Moje ulubione produkty\u00a0\u201d znajdziesz r\u00f3wnie\u017c produkty, kt\u00f3rych u\u017cywam na co dzie\u0144! Dobre czytanie ! \u00ab\u00a0Aby upewni\u0107 si\u0119, \u017ce chrapiesz, nawet je\u015bli jeste\u015b sam, po prostu zasypiaj w miejscu, w kt\u00f3rym s\u0142ycha\u0107 echo i obud\u017a si\u0119 na tyle szybko, aby us\u0142ysze\u0107 powracaj\u0105ce echo chrapania.\u00ab\u00a0 Boris Vian","og_url":"https:\/\/antironflement.org\/index.php\/pl\/","og_site_name":"Anti Ronflement","article_modified_time":"2023-07-04T19:30:14+00:00","og_image":[{"url":"https:\/\/antironflement.org\/wp-content\/uploads\/2022\/03\/Ronflement-couple-2-Small.jpg","type":"","width":"","height":""}],"twitter_card":"summary_large_image","twitter_misc":{"Dur\u00e9e de lecture estim\u00e9e":"2 minutes"},"schema":{"@context":"https:\/\/schema.org","@graph":[{"@type":"WebPage","@id":"https:\/\/antironflement.org\/index.php\/pl\/","url":"https:\/\/antironflement.org\/index.php\/pl\/","name":"Home - Anti Ronflement","isPartOf":{"@id":"https:\/\/antironflement.org\/#website"},"primaryImageOfPage":{"@id":"https:\/\/antironflement.org\/index.php\/pl\/#primaryimage"},"image":{"@id":"https:\/\/antironflement.org\/index.php\/pl\/#primaryimage"},"thumbnailUrl":"https:\/\/antironflement.org\/wp-content\/uploads\/2022\/03\/Ronflement-couple-2-Small.jpg","datePublished":"2023-07-03T14:10:58+00:00","dateModified":"2023-07-04T19:30:14+00:00","breadcrumb":{"@id":"https:\/\/antironflement.org\/index.php\/pl\/#breadcrumb"},"inLanguage":"fr-FR","potentialAction":[{"@type":"ReadAction","target":["https:\/\/antironflement.org\/index.php\/pl\/"]}]},{"@type":"ImageObject","inLanguage":"fr-FR","@id":"https:\/\/antironflement.org\/index.php\/pl\/#primaryimage","url":"https:\/\/antironflement.org\/wp-content\/uploads\/2022\/03\/Ronflement-couple-2-Small.jpg","contentUrl":"https:\/\/antironflement.org\/wp-content\/uploads\/2022\/03\/Ronflement-couple-2-Small.jpg","width":640,"height":427},{"@type":"BreadcrumbList","@id":"https:\/\/antironflement.org\/index.php\/pl\/#breadcrumb","itemListElement":[{"@type":"ListItem","position":1,"name":"Accueil","item":"https:\/\/antironflement.org\/index.php\/en\/"},{"@type":"ListItem","position":2,"name":"Home"}]},{"@type":"WebSite","@id":"https:\/\/antironflement.org\/#website","url":"https:\/\/antironflement.org\/","name":"Anti Ronflement","description":"Avis et tests des solutions pour moins ronfler","publisher":{"@id":"https:\/\/antironflement.org\/#organization"},"potentialAction":[{"@type":"SearchAction","target":{"@type":"EntryPoint","urlTemplate":"https:\/\/antironflement.org\/?s={search_term_string}"},"query-input":{"@type":"PropertyValueSpecification","valueRequired":true,"valueName":"search_term_string"}}],"inLanguage":"fr-FR"},{"@type":"Organization","@id":"https:\/\/antironflement.org\/#organization","name":"Anti Ronflement","url":"https:\/\/antironflement.org\/","logo":{"@type":"ImageObject","inLanguage":"fr-FR","@id":"https:\/\/antironflement.org\/#\/schema\/logo\/image\/","url":"https:\/\/antironflement.org\/wp-content\/uploads\/2022\/04\/antironflementlogotopgris.webp","contentUrl":"https:\/\/antironflement.org\/wp-content\/uploads\/2022\/04\/antironflementlogotopgris.webp","width":450,"height":200,"caption":"Anti Ronflement"},"image":{"@id":"https:\/\/antironflement.org\/#\/schema\/logo\/image\/"}}]}},"acf":[],"_links":{"self":[{"href":"https:\/\/antironflement.org\/index.php\/wp-json\/wp\/v2\/pages\/2718","targetHints":{"allow":["GET"]}}],"collection":[{"href":"https:\/\/antironflement.org\/index.php\/wp-json\/wp\/v2\/pages"}],"about":[{"href":"https:\/\/antironflement.org\/index.php\/wp-json\/wp\/v2\/types\/page"}],"author":[{"embeddable":true,"href":"https:\/\/antironflement.org\/index.php\/wp-json\/wp\/v2\/users\/2"}],"replies":[{"embeddable":true,"href":"https:\/\/antironflement.org\/index.php\/wp-json\/wp\/v2\/comments?post=2718"}],"version-history":[{"count":4,"href":"https:\/\/antironflement.org\/index.php\/wp-json\/wp\/v2\/pages\/2718\/revisions"}],"predecessor-version":[{"id":2849,"href":"https:\/\/antironflement.org\/index.php\/wp-json\/wp\/v2\/pages\/2718\/revisions\/2849"}],"wp:attachment":[{"href":"https:\/\/antironflement.org\/index.php\/wp-json\/wp\/v2\/media?parent=2718"}],"curies":[{"name":"wp","href":"https:\/\/api.w.org\/{rel}","templated":true}]}}