{"id":26,"date":"2022-03-11T14:20:36","date_gmt":"2022-03-11T13:20:36","guid":{"rendered":"https:\/\/antironflement.org\/?page_id=26"},"modified":"2023-06-18T21:46:46","modified_gmt":"2023-06-18T19:46:46","slug":"causes","status":"publish","type":"page","link":"https:\/\/antironflement.org\/index.php\/causes\/","title":{"rendered":"Les causes des ronflements"},"content":{"rendered":"\n<h2 class=\"wp-block-heading\">1\/ Le sexe : les hommes ronflent plus que les femmes<\/h2>\n\n\n<div class=\"wp-block-image\">\n<figure class=\"aligncenter size-full is-resized\"><img fetchpriority=\"high\" decoding=\"async\" src=\"https:\/\/antironflement.org\/wp-content\/uploads\/2023\/06\/les-hommes-ronflent-plus-que-les-femmes-.jpg\" alt=\"\" class=\"wp-image-1414\" width=\"313\" height=\"291\" srcset=\"https:\/\/antironflement.org\/wp-content\/uploads\/2023\/06\/les-hommes-ronflent-plus-que-les-femmes-.jpg 1024w, https:\/\/antironflement.org\/wp-content\/uploads\/2023\/06\/les-hommes-ronflent-plus-que-les-femmes--300x280.jpg 300w, https:\/\/antironflement.org\/wp-content\/uploads\/2023\/06\/les-hommes-ronflent-plus-que-les-femmes--768x716.jpg 768w, https:\/\/antironflement.org\/wp-content\/uploads\/2023\/06\/les-hommes-ronflent-plus-que-les-femmes--600x560.jpg 600w\" sizes=\"(max-width: 313px) 100vw, 313px\" \/><\/figure>\n<\/div>\n\n\n<p>Les hommes ont des voies respiratoires plus \u00e9troites que les femmes, ce qui causera au fil des ann\u00e9es (avec l&rsquo;\u00e2ge, voir ci-dessous) des ronflements (dans la plupart des cas).<\/p>\n\n\n\n<div style=\"height:100px\" aria-hidden=\"true\" class=\"wp-block-spacer\"><\/div>\n\n\n\n<h2 class=\"wp-block-heading\">2\/ L\u2019\u00e2ge : le ronflement augmente avec les ann\u00e9es.<\/h2>\n\n\n\n<p>Avec l\u2019\u00e2ge, les muscles de la gorge perdent de leur tonus et les tissus se rel\u00e2chent, ce qui peut causer des ronflements. <\/p>\n\n\n<div class=\"wp-block-image\">\n<figure class=\"aligncenter size-full is-resized\"><img decoding=\"async\" src=\"https:\/\/antironflement.org\/wp-content\/uploads\/2023\/06\/trentenaire-en-train-de-dormir-.jpg\" alt=\"\" class=\"wp-image-1415\" width=\"323\" height=\"304\" srcset=\"https:\/\/antironflement.org\/wp-content\/uploads\/2023\/06\/trentenaire-en-train-de-dormir-.jpg 1024w, https:\/\/antironflement.org\/wp-content\/uploads\/2023\/06\/trentenaire-en-train-de-dormir--300x282.jpg 300w, https:\/\/antironflement.org\/wp-content\/uploads\/2023\/06\/trentenaire-en-train-de-dormir--768x723.jpg 768w, https:\/\/antironflement.org\/wp-content\/uploads\/2023\/06\/trentenaire-en-train-de-dormir--600x565.jpg 600w\" sizes=\"(max-width: 323px) 100vw, 323px\" \/><\/figure>\n<\/div>\n\n\n<p>Mais il est \u00e0 noter qu&rsquo;au fil des ann\u00e9es, la courbe peut s&rsquo;inverser. Les tr\u00e8s vieilles personnes peuvent ronfler, mais il est vrai que les ronflements ont tendance aussi \u00e0 diminuer \u00e0 un \u00e2ge tr\u00e8s avanc\u00e9. <\/p>\n\n\n\n<p>Les ronflements sont caus\u00e9s par des vibrations des tissus mous de la gorge, en particulier le palais mou (la partie post\u00e9rieure du palais). Le rel\u00e2chement des muscles pendant le sommeil est en partie la cause. <\/p>\n\n\n\n<p>Les muscles de la gorge perdent de leur tonus avec l&rsquo;\u00e2ge, ce qui peut r\u00e9duire les ronflements chez les personnes tr\u00e8s \u00e2g\u00e9es. On peut estimer que les ronflements atteignent leur maximum entre 40 et 60 ans. Ce qui n&rsquo;excluent pas les ronflement en dehors de cette tranche d&rsquo;\u00e2ge. <\/p>\n\n\n<div class=\"wp-block-image\">\n<figure class=\"aligncenter size-full is-resized\"><img decoding=\"async\" src=\"https:\/\/antironflement.org\/wp-content\/uploads\/2023\/06\/personne-age-qui-dort.jpg\" alt=\"\" class=\"wp-image-1417\" width=\"310\" height=\"293\" srcset=\"https:\/\/antironflement.org\/wp-content\/uploads\/2023\/06\/personne-age-qui-dort.jpg 1024w, https:\/\/antironflement.org\/wp-content\/uploads\/2023\/06\/personne-age-qui-dort-300x283.jpg 300w, https:\/\/antironflement.org\/wp-content\/uploads\/2023\/06\/personne-age-qui-dort-768x725.jpg 768w, https:\/\/antironflement.org\/wp-content\/uploads\/2023\/06\/personne-age-qui-dort-600x567.jpg 600w\" sizes=\"(max-width: 310px) 100vw, 310px\" \/><\/figure>\n<\/div>\n\n\n<div style=\"height:100px\" aria-hidden=\"true\" class=\"wp-block-spacer\"><\/div>\n\n\n\n<h2 class=\"wp-block-heading\">3\/ Le poids et l&rsquo;alimentation<\/h2>\n\n\n\n<p>Le surpoids et l\u2019ob\u00e9sit\u00e9 favorisent les ronflements quotidiens qui peuvent \u00eatre accompagn\u00e9s d\u2019apn\u00e9es du sommeil.<br>le surpoids et l\u2019ob\u00e9sit\u00e9 peuvent causer des ronflements en raison de l\u2019accumulation de graisse autour du cou qui peut comprimer les voies respiratoires. <\/p>\n\n\n\n<p>Une alimentation \u00e9quilibr\u00e9e associ\u00e9e \u00e0 une bonne hygi\u00e8ne de vie (activit\u00e9 sportive) peut att\u00e9nuer voire faire dispara\u00eetre les ronflements.<\/p>\n\n\n<div class=\"wp-block-image\">\n<figure class=\"aligncenter size-full is-resized\"><img loading=\"lazy\" decoding=\"async\" src=\"https:\/\/antironflement.org\/wp-content\/uploads\/2023\/06\/relachement-muscles-gorge.jpg\" alt=\"\" class=\"wp-image-1418\" width=\"297\" height=\"272\" srcset=\"https:\/\/antironflement.org\/wp-content\/uploads\/2023\/06\/relachement-muscles-gorge.jpg 476w, https:\/\/antironflement.org\/wp-content\/uploads\/2023\/06\/relachement-muscles-gorge-300x275.jpg 300w\" sizes=\"(max-width: 297px) 100vw, 297px\" \/><\/figure>\n<\/div>\n\n\n<div style=\"height:100px\" aria-hidden=\"true\" class=\"wp-block-spacer\"><\/div>\n\n\n\n<h2 class=\"wp-block-heading\">4\/ L\u2019obstruction nasale ou naso-pharyng\u00e9e<\/h2>\n\n\n<div class=\"wp-block-image\">\n<figure class=\"aligncenter size-full is-resized\"><img loading=\"lazy\" decoding=\"async\" src=\"https:\/\/antironflement.org\/wp-content\/uploads\/2023\/06\/nez-bouche.jpg\" alt=\"\" class=\"wp-image-1419\" width=\"302\" height=\"279\" srcset=\"https:\/\/antironflement.org\/wp-content\/uploads\/2023\/06\/nez-bouche.jpg 1024w, https:\/\/antironflement.org\/wp-content\/uploads\/2023\/06\/nez-bouche-300x278.jpg 300w, https:\/\/antironflement.org\/wp-content\/uploads\/2023\/06\/nez-bouche-768x711.jpg 768w, https:\/\/antironflement.org\/wp-content\/uploads\/2023\/06\/nez-bouche-600x555.jpg 600w\" sizes=\"(max-width: 302px) 100vw, 302px\" \/><\/figure>\n<\/div>\n\n\n<p>Un nez \u00ab\u00a0bouch\u00e9\u00a0\u00bb peut \u00eatre caus\u00e9 par une d\u00e9viation de la cloison nasale, une inflammation des sinus, des allergies, ou m\u00eame des staphylocoques. <\/p>\n\n\n\n<p>Une obstruction naso-pharyng\u00e9e peut \u00eatre aussi \u00eatre caus\u00e9e par une hypertrophie des amygdales ou des v\u00e9g\u00e9tations ad\u00e9no\u00efdes.<\/p>\n\n\n\n<div style=\"height:100px\" aria-hidden=\"true\" class=\"wp-block-spacer\"><\/div>\n\n\n\n<h2 class=\"wp-block-heading\">5\/ La position couch\u00e9e sur le dos aggrave les ronflements.<\/h2>\n\n\n<div class=\"wp-block-image\">\n<figure class=\"aligncenter size-full is-resized\"><img loading=\"lazy\" decoding=\"async\" src=\"https:\/\/antironflement.org\/wp-content\/uploads\/2023\/06\/dessin-dun-homme-qui-dort-sur-le-dos-et-ronfle.jpg\" alt=\"\" class=\"wp-image-1421\" width=\"238\" height=\"194\" srcset=\"https:\/\/antironflement.org\/wp-content\/uploads\/2023\/06\/dessin-dun-homme-qui-dort-sur-le-dos-et-ronfle.jpg 1024w, https:\/\/antironflement.org\/wp-content\/uploads\/2023\/06\/dessin-dun-homme-qui-dort-sur-le-dos-et-ronfle-300x244.jpg 300w, https:\/\/antironflement.org\/wp-content\/uploads\/2023\/06\/dessin-dun-homme-qui-dort-sur-le-dos-et-ronfle-768x626.jpg 768w, https:\/\/antironflement.org\/wp-content\/uploads\/2023\/06\/dessin-dun-homme-qui-dort-sur-le-dos-et-ronfle-600x489.jpg 600w\" sizes=\"(max-width: 238px) 100vw, 238px\" \/><\/figure>\n<\/div>\n\n\n<p>Dormir sur le dos peut faire tomber la langue en arri\u00e8re et bloquer les voies respiratoires.<\/p>\n\n\n\n<div style=\"height:100px\" aria-hidden=\"true\" class=\"wp-block-spacer\"><\/div>\n\n\n\n<h2 class=\"wp-block-heading\">6\/ L\u2019absorption d\u2019alcool.<\/h2>\n\n\n\n<p>L\u2019alcool d\u00e9tend les muscles de la gorge et aggrave, par cons\u00e9quent, les ronflements.<\/p>\n\n\n<div class=\"wp-block-image\">\n<figure class=\"aligncenter size-full is-resized\"><img loading=\"lazy\" decoding=\"async\" src=\"https:\/\/antironflement.org\/wp-content\/uploads\/2023\/06\/alcool-et-relachement-muscle-de-la-gorge.jpg\" alt=\"\" class=\"wp-image-1420\" width=\"285\" height=\"270\" srcset=\"https:\/\/antironflement.org\/wp-content\/uploads\/2023\/06\/alcool-et-relachement-muscle-de-la-gorge.jpg 1024w, https:\/\/antironflement.org\/wp-content\/uploads\/2023\/06\/alcool-et-relachement-muscle-de-la-gorge-300x284.jpg 300w, https:\/\/antironflement.org\/wp-content\/uploads\/2023\/06\/alcool-et-relachement-muscle-de-la-gorge-768x728.jpg 768w, https:\/\/antironflement.org\/wp-content\/uploads\/2023\/06\/alcool-et-relachement-muscle-de-la-gorge-600x569.jpg 600w\" sizes=\"(max-width: 285px) 100vw, 285px\" \/><\/figure>\n<\/div>\n\n\n<div style=\"height:100px\" aria-hidden=\"true\" class=\"wp-block-spacer\"><\/div>\n","protected":false},"excerpt":{"rendered":"<p>1\/ Le sexe : les hommes ronflent plus que les femmes Les hommes ont des voies respiratoires plus \u00e9troites que les femmes, ce qui causera au fil des ann\u00e9es (avec l&rsquo;\u00e2ge, voir ci-dessous) des ronflements (dans la plupart des cas). 2\/ L\u2019\u00e2ge : le ronflement augmente avec les ann\u00e9es. Avec l\u2019\u00e2ge, les muscles de la gorge perdent de leur tonus et les tissus se rel\u00e2chent, ce qui peut causer des ronflements. Mais il est \u00e0 noter qu&rsquo;au fil des ann\u00e9es, la courbe peut s&rsquo;inverser. Les tr\u00e8s vieilles personnes peuvent ronfler, mais il est vrai que les ronflements ont tendance aussi \u00e0 diminuer \u00e0 un \u00e2ge tr\u00e8s avanc\u00e9. Les ronflements sont caus\u00e9s par des vibrations des tissus mous de la gorge, en particulier le palais mou (la partie post\u00e9rieure du palais). Le rel\u00e2chement des muscles pendant le sommeil est en partie la cause. Les muscles de la gorge perdent de leur tonus avec l&rsquo;\u00e2ge, ce qui peut r\u00e9duire les ronflements chez les personnes tr\u00e8s \u00e2g\u00e9es. On peut estimer que les ronflements atteignent leur maximum entre 40 et 60 ans. Ce qui n&rsquo;excluent pas les ronflement en dehors de cette tranche d&rsquo;\u00e2ge. 3\/ Le poids et l&rsquo;alimentation Le surpoids et l\u2019ob\u00e9sit\u00e9 favorisent les ronflements quotidiens qui peuvent \u00eatre accompagn\u00e9s d\u2019apn\u00e9es du sommeil.le surpoids et l\u2019ob\u00e9sit\u00e9 peuvent causer des ronflements en raison de l\u2019accumulation de graisse autour du cou qui peut comprimer les voies respiratoires. Une alimentation \u00e9quilibr\u00e9e associ\u00e9e \u00e0 une bonne hygi\u00e8ne de vie (activit\u00e9 sportive) peut att\u00e9nuer voire faire dispara\u00eetre les ronflements. 4\/ L\u2019obstruction nasale ou naso-pharyng\u00e9e Un nez \u00ab\u00a0bouch\u00e9\u00a0\u00bb peut \u00eatre caus\u00e9 par une d\u00e9viation de la cloison nasale, une inflammation des sinus, des allergies, ou m\u00eame des staphylocoques. Une obstruction naso-pharyng\u00e9e peut \u00eatre aussi \u00eatre caus\u00e9e par une hypertrophie des amygdales ou des v\u00e9g\u00e9tations ad\u00e9no\u00efdes. 5\/ La position couch\u00e9e sur le dos aggrave les ronflements. Dormir sur le dos peut faire tomber la langue en arri\u00e8re et bloquer les voies respiratoires. 6\/ L\u2019absorption d\u2019alcool. L\u2019alcool d\u00e9tend les muscles de la gorge et aggrave, par cons\u00e9quent, les ronflements.<\/p>\n","protected":false},"author":2,"featured_media":0,"parent":0,"menu_order":0,"comment_status":"closed","ping_status":"closed","template":"","meta":{"two_page_speed":[],"footnotes":""},"class_list":["post-26","page","type-page","status-publish","hentry"],"yoast_head":"<!-- This site is optimized with the Yoast SEO plugin v27.3 - https:\/\/yoast.com\/product\/yoast-seo-wordpress\/ -->\n<title>Les causes des ronflements - Anti Ronflement<\/title>\n<meta name=\"robots\" content=\"index, follow, max-snippet:-1, max-image-preview:large, max-video-preview:-1\" \/>\n<link rel=\"canonical\" href=\"https:\/\/antironflement.org\/index.php\/causes\/\" \/>\n<meta property=\"og:locale\" content=\"fr_FR\" \/>\n<meta property=\"og:type\" content=\"article\" \/>\n<meta property=\"og:title\" content=\"Les causes des ronflements - Anti Ronflement\" \/>\n<meta property=\"og:description\" content=\"1\/ Le sexe : les hommes ronflent plus que les femmes Les hommes ont des voies respiratoires plus \u00e9troites que les femmes, ce qui causera au fil des ann\u00e9es (avec l&rsquo;\u00e2ge, voir ci-dessous) des ronflements (dans la plupart des cas). 2\/ L\u2019\u00e2ge : le ronflement augmente avec les ann\u00e9es. Avec l\u2019\u00e2ge, les muscles de la gorge perdent de leur tonus et les tissus se rel\u00e2chent, ce qui peut causer des ronflements. Mais il est \u00e0 noter qu&rsquo;au fil des ann\u00e9es, la courbe peut s&rsquo;inverser. Les tr\u00e8s vieilles personnes peuvent ronfler, mais il est vrai que les ronflements ont tendance aussi \u00e0 diminuer \u00e0 un \u00e2ge tr\u00e8s avanc\u00e9. Les ronflements sont caus\u00e9s par des vibrations des tissus mous de la gorge, en particulier le palais mou (la partie post\u00e9rieure du palais). Le rel\u00e2chement des muscles pendant le sommeil est en partie la cause. Les muscles de la gorge perdent de leur tonus avec l&rsquo;\u00e2ge, ce qui peut r\u00e9duire les ronflements chez les personnes tr\u00e8s \u00e2g\u00e9es. On peut estimer que les ronflements atteignent leur maximum entre 40 et 60 ans. Ce qui n&rsquo;excluent pas les ronflement en dehors de cette tranche d&rsquo;\u00e2ge. 3\/ Le poids et l&rsquo;alimentation Le surpoids et l\u2019ob\u00e9sit\u00e9 favorisent les ronflements quotidiens qui peuvent \u00eatre accompagn\u00e9s d\u2019apn\u00e9es du sommeil.le surpoids et l\u2019ob\u00e9sit\u00e9 peuvent causer des ronflements en raison de l\u2019accumulation de graisse autour du cou qui peut comprimer les voies respiratoires. Une alimentation \u00e9quilibr\u00e9e associ\u00e9e \u00e0 une bonne hygi\u00e8ne de vie (activit\u00e9 sportive) peut att\u00e9nuer voire faire dispara\u00eetre les ronflements. 4\/ L\u2019obstruction nasale ou naso-pharyng\u00e9e Un nez \u00ab\u00a0bouch\u00e9\u00a0\u00bb peut \u00eatre caus\u00e9 par une d\u00e9viation de la cloison nasale, une inflammation des sinus, des allergies, ou m\u00eame des staphylocoques. Une obstruction naso-pharyng\u00e9e peut \u00eatre aussi \u00eatre caus\u00e9e par une hypertrophie des amygdales ou des v\u00e9g\u00e9tations ad\u00e9no\u00efdes. 5\/ La position couch\u00e9e sur le dos aggrave les ronflements. Dormir sur le dos peut faire tomber la langue en arri\u00e8re et bloquer les voies respiratoires. 6\/ L\u2019absorption d\u2019alcool. L\u2019alcool d\u00e9tend les muscles de la gorge et aggrave, par cons\u00e9quent, les ronflements.\" \/>\n<meta property=\"og:url\" content=\"https:\/\/antironflement.org\/index.php\/causes\/\" \/>\n<meta property=\"og:site_name\" content=\"Anti Ronflement\" \/>\n<meta property=\"article:modified_time\" content=\"2023-06-18T19:46:46+00:00\" \/>\n<meta property=\"og:image\" content=\"https:\/\/antironflement.org\/wp-content\/uploads\/2023\/06\/les-hommes-ronflent-plus-que-les-femmes-.jpg\" \/>\n<meta name=\"twitter:card\" content=\"summary_large_image\" \/>\n<meta name=\"twitter:label1\" content=\"Dur\u00e9e de lecture estim\u00e9e\" \/>\n\t<meta name=\"twitter:data1\" content=\"4 minutes\" \/>\n<script type=\"application\/ld+json\" class=\"yoast-schema-graph\">{\"@context\":\"https:\\\/\\\/schema.org\",\"@graph\":[{\"@type\":\"WebPage\",\"@id\":\"https:\\\/\\\/antironflement.org\\\/index.php\\\/causes\\\/\",\"url\":\"https:\\\/\\\/antironflement.org\\\/index.php\\\/causes\\\/\",\"name\":\"Les causes des ronflements - Anti Ronflement\",\"isPartOf\":{\"@id\":\"https:\\\/\\\/antironflement.org\\\/#website\"},\"primaryImageOfPage\":{\"@id\":\"https:\\\/\\\/antironflement.org\\\/index.php\\\/causes\\\/#primaryimage\"},\"image\":{\"@id\":\"https:\\\/\\\/antironflement.org\\\/index.php\\\/causes\\\/#primaryimage\"},\"thumbnailUrl\":\"https:\\\/\\\/antironflement.org\\\/wp-content\\\/uploads\\\/2023\\\/06\\\/les-hommes-ronflent-plus-que-les-femmes-.jpg\",\"datePublished\":\"2022-03-11T13:20:36+00:00\",\"dateModified\":\"2023-06-18T19:46:46+00:00\",\"breadcrumb\":{\"@id\":\"https:\\\/\\\/antironflement.org\\\/index.php\\\/causes\\\/#breadcrumb\"},\"inLanguage\":\"fr-FR\",\"potentialAction\":[{\"@type\":\"ReadAction\",\"target\":[\"https:\\\/\\\/antironflement.org\\\/index.php\\\/causes\\\/\"]}]},{\"@type\":\"ImageObject\",\"inLanguage\":\"fr-FR\",\"@id\":\"https:\\\/\\\/antironflement.org\\\/index.php\\\/causes\\\/#primaryimage\",\"url\":\"https:\\\/\\\/antironflement.org\\\/wp-content\\\/uploads\\\/2023\\\/06\\\/les-hommes-ronflent-plus-que-les-femmes-.jpg\",\"contentUrl\":\"https:\\\/\\\/antironflement.org\\\/wp-content\\\/uploads\\\/2023\\\/06\\\/les-hommes-ronflent-plus-que-les-femmes-.jpg\",\"width\":1024,\"height\":955},{\"@type\":\"BreadcrumbList\",\"@id\":\"https:\\\/\\\/antironflement.org\\\/index.php\\\/causes\\\/#breadcrumb\",\"itemListElement\":[{\"@type\":\"ListItem\",\"position\":1,\"name\":\"Accueil\",\"item\":\"https:\\\/\\\/antironflement.org\\\/index.php\\\/en\\\/\"},{\"@type\":\"ListItem\",\"position\":2,\"name\":\"Les causes des ronflements\"}]},{\"@type\":\"WebSite\",\"@id\":\"https:\\\/\\\/antironflement.org\\\/#website\",\"url\":\"https:\\\/\\\/antironflement.org\\\/\",\"name\":\"Anti Ronflement\",\"description\":\"Avis et tests des solutions pour moins ronfler\",\"publisher\":{\"@id\":\"https:\\\/\\\/antironflement.org\\\/#organization\"},\"potentialAction\":[{\"@type\":\"SearchAction\",\"target\":{\"@type\":\"EntryPoint\",\"urlTemplate\":\"https:\\\/\\\/antironflement.org\\\/?s={search_term_string}\"},\"query-input\":{\"@type\":\"PropertyValueSpecification\",\"valueRequired\":true,\"valueName\":\"search_term_string\"}}],\"inLanguage\":\"fr-FR\"},{\"@type\":\"Organization\",\"@id\":\"https:\\\/\\\/antironflement.org\\\/#organization\",\"name\":\"Anti Ronflement\",\"url\":\"https:\\\/\\\/antironflement.org\\\/\",\"logo\":{\"@type\":\"ImageObject\",\"inLanguage\":\"fr-FR\",\"@id\":\"https:\\\/\\\/antironflement.org\\\/#\\\/schema\\\/logo\\\/image\\\/\",\"url\":\"https:\\\/\\\/antironflement.org\\\/wp-content\\\/uploads\\\/2022\\\/04\\\/antironflementlogotopgris.webp\",\"contentUrl\":\"https:\\\/\\\/antironflement.org\\\/wp-content\\\/uploads\\\/2022\\\/04\\\/antironflementlogotopgris.webp\",\"width\":450,\"height\":200,\"caption\":\"Anti Ronflement\"},\"image\":{\"@id\":\"https:\\\/\\\/antironflement.org\\\/#\\\/schema\\\/logo\\\/image\\\/\"}}]}<\/script>\n<!-- \/ Yoast SEO plugin. -->","yoast_head_json":{"title":"Les causes des ronflements - Anti Ronflement","robots":{"index":"index","follow":"follow","max-snippet":"max-snippet:-1","max-image-preview":"max-image-preview:large","max-video-preview":"max-video-preview:-1"},"canonical":"https:\/\/antironflement.org\/index.php\/causes\/","og_locale":"fr_FR","og_type":"article","og_title":"Les causes des ronflements - Anti Ronflement","og_description":"1\/ Le sexe : les hommes ronflent plus que les femmes Les hommes ont des voies respiratoires plus \u00e9troites que les femmes, ce qui causera au fil des ann\u00e9es (avec l&rsquo;\u00e2ge, voir ci-dessous) des ronflements (dans la plupart des cas). 2\/ L\u2019\u00e2ge : le ronflement augmente avec les ann\u00e9es. Avec l\u2019\u00e2ge, les muscles de la gorge perdent de leur tonus et les tissus se rel\u00e2chent, ce qui peut causer des ronflements. Mais il est \u00e0 noter qu&rsquo;au fil des ann\u00e9es, la courbe peut s&rsquo;inverser. Les tr\u00e8s vieilles personnes peuvent ronfler, mais il est vrai que les ronflements ont tendance aussi \u00e0 diminuer \u00e0 un \u00e2ge tr\u00e8s avanc\u00e9. Les ronflements sont caus\u00e9s par des vibrations des tissus mous de la gorge, en particulier le palais mou (la partie post\u00e9rieure du palais). Le rel\u00e2chement des muscles pendant le sommeil est en partie la cause. Les muscles de la gorge perdent de leur tonus avec l&rsquo;\u00e2ge, ce qui peut r\u00e9duire les ronflements chez les personnes tr\u00e8s \u00e2g\u00e9es. On peut estimer que les ronflements atteignent leur maximum entre 40 et 60 ans. Ce qui n&rsquo;excluent pas les ronflement en dehors de cette tranche d&rsquo;\u00e2ge. 3\/ Le poids et l&rsquo;alimentation Le surpoids et l\u2019ob\u00e9sit\u00e9 favorisent les ronflements quotidiens qui peuvent \u00eatre accompagn\u00e9s d\u2019apn\u00e9es du sommeil.le surpoids et l\u2019ob\u00e9sit\u00e9 peuvent causer des ronflements en raison de l\u2019accumulation de graisse autour du cou qui peut comprimer les voies respiratoires. Une alimentation \u00e9quilibr\u00e9e associ\u00e9e \u00e0 une bonne hygi\u00e8ne de vie (activit\u00e9 sportive) peut att\u00e9nuer voire faire dispara\u00eetre les ronflements. 4\/ L\u2019obstruction nasale ou naso-pharyng\u00e9e Un nez \u00ab\u00a0bouch\u00e9\u00a0\u00bb peut \u00eatre caus\u00e9 par une d\u00e9viation de la cloison nasale, une inflammation des sinus, des allergies, ou m\u00eame des staphylocoques. Une obstruction naso-pharyng\u00e9e peut \u00eatre aussi \u00eatre caus\u00e9e par une hypertrophie des amygdales ou des v\u00e9g\u00e9tations ad\u00e9no\u00efdes. 5\/ La position couch\u00e9e sur le dos aggrave les ronflements. Dormir sur le dos peut faire tomber la langue en arri\u00e8re et bloquer les voies respiratoires. 6\/ L\u2019absorption d\u2019alcool. L\u2019alcool d\u00e9tend les muscles de la gorge et aggrave, par cons\u00e9quent, les ronflements.","og_url":"https:\/\/antironflement.org\/index.php\/causes\/","og_site_name":"Anti Ronflement","article_modified_time":"2023-06-18T19:46:46+00:00","og_image":[{"url":"https:\/\/antironflement.org\/wp-content\/uploads\/2023\/06\/les-hommes-ronflent-plus-que-les-femmes-.jpg","type":"","width":"","height":""}],"twitter_card":"summary_large_image","twitter_misc":{"Dur\u00e9e de lecture estim\u00e9e":"4 minutes"},"schema":{"@context":"https:\/\/schema.org","@graph":[{"@type":"WebPage","@id":"https:\/\/antironflement.org\/index.php\/causes\/","url":"https:\/\/antironflement.org\/index.php\/causes\/","name":"Les causes des ronflements - Anti Ronflement","isPartOf":{"@id":"https:\/\/antironflement.org\/#website"},"primaryImageOfPage":{"@id":"https:\/\/antironflement.org\/index.php\/causes\/#primaryimage"},"image":{"@id":"https:\/\/antironflement.org\/index.php\/causes\/#primaryimage"},"thumbnailUrl":"https:\/\/antironflement.org\/wp-content\/uploads\/2023\/06\/les-hommes-ronflent-plus-que-les-femmes-.jpg","datePublished":"2022-03-11T13:20:36+00:00","dateModified":"2023-06-18T19:46:46+00:00","breadcrumb":{"@id":"https:\/\/antironflement.org\/index.php\/causes\/#breadcrumb"},"inLanguage":"fr-FR","potentialAction":[{"@type":"ReadAction","target":["https:\/\/antironflement.org\/index.php\/causes\/"]}]},{"@type":"ImageObject","inLanguage":"fr-FR","@id":"https:\/\/antironflement.org\/index.php\/causes\/#primaryimage","url":"https:\/\/antironflement.org\/wp-content\/uploads\/2023\/06\/les-hommes-ronflent-plus-que-les-femmes-.jpg","contentUrl":"https:\/\/antironflement.org\/wp-content\/uploads\/2023\/06\/les-hommes-ronflent-plus-que-les-femmes-.jpg","width":1024,"height":955},{"@type":"BreadcrumbList","@id":"https:\/\/antironflement.org\/index.php\/causes\/#breadcrumb","itemListElement":[{"@type":"ListItem","position":1,"name":"Accueil","item":"https:\/\/antironflement.org\/index.php\/en\/"},{"@type":"ListItem","position":2,"name":"Les causes des ronflements"}]},{"@type":"WebSite","@id":"https:\/\/antironflement.org\/#website","url":"https:\/\/antironflement.org\/","name":"Anti Ronflement","description":"Avis et tests des solutions pour moins ronfler","publisher":{"@id":"https:\/\/antironflement.org\/#organization"},"potentialAction":[{"@type":"SearchAction","target":{"@type":"EntryPoint","urlTemplate":"https:\/\/antironflement.org\/?s={search_term_string}"},"query-input":{"@type":"PropertyValueSpecification","valueRequired":true,"valueName":"search_term_string"}}],"inLanguage":"fr-FR"},{"@type":"Organization","@id":"https:\/\/antironflement.org\/#organization","name":"Anti Ronflement","url":"https:\/\/antironflement.org\/","logo":{"@type":"ImageObject","inLanguage":"fr-FR","@id":"https:\/\/antironflement.org\/#\/schema\/logo\/image\/","url":"https:\/\/antironflement.org\/wp-content\/uploads\/2022\/04\/antironflementlogotopgris.webp","contentUrl":"https:\/\/antironflement.org\/wp-content\/uploads\/2022\/04\/antironflementlogotopgris.webp","width":450,"height":200,"caption":"Anti Ronflement"},"image":{"@id":"https:\/\/antironflement.org\/#\/schema\/logo\/image\/"}}]}},"acf":[],"_links":{"self":[{"href":"https:\/\/antironflement.org\/index.php\/wp-json\/wp\/v2\/pages\/26","targetHints":{"allow":["GET"]}}],"collection":[{"href":"https:\/\/antironflement.org\/index.php\/wp-json\/wp\/v2\/pages"}],"about":[{"href":"https:\/\/antironflement.org\/index.php\/wp-json\/wp\/v2\/types\/page"}],"author":[{"embeddable":true,"href":"https:\/\/antironflement.org\/index.php\/wp-json\/wp\/v2\/users\/2"}],"replies":[{"embeddable":true,"href":"https:\/\/antironflement.org\/index.php\/wp-json\/wp\/v2\/comments?post=26"}],"version-history":[{"count":15,"href":"https:\/\/antironflement.org\/index.php\/wp-json\/wp\/v2\/pages\/26\/revisions"}],"predecessor-version":[{"id":1724,"href":"https:\/\/antironflement.org\/index.php\/wp-json\/wp\/v2\/pages\/26\/revisions\/1724"}],"wp:attachment":[{"href":"https:\/\/antironflement.org\/index.php\/wp-json\/wp\/v2\/media?parent=26"}],"curies":[{"name":"wp","href":"https:\/\/api.w.org\/{rel}","templated":true}]}}