{"id":2304,"date":"2023-06-29T18:21:35","date_gmt":"2023-06-29T16:21:35","guid":{"rendered":"https:\/\/antironflement.org\/?page_id=2304"},"modified":"2025-01-24T08:19:11","modified_gmt":"2025-01-24T07:19:11","slug":"i-miei-prodotti-preferiti-per-limitare-il-tuo-russare","status":"publish","type":"page","link":"https:\/\/antironflement.org\/index.php\/it\/i-miei-prodotti-preferiti-per-limitare-il-tuo-russare\/","title":{"rendered":"I miei prodotti preferiti per limitare il russamento \u2192 clicca sulle foto"},"content":{"rendered":"\n<p>Maglietta Somnipax<\/p>\n\n\n\n<p><em>Codice promozionale per te:&nbsp;<\/em><strong>antironflement10<\/strong><\/p>\n\n\n<div class=\"wp-block-image\">\n<figure class=\"aligncenter is-resized\"><a href=\"https:\/\/assets.ikhnaie.link\/click.html?wgcampaignid=1681070&amp;wgprogramid=288355&amp;wgtarget=https:\/\/somnishop.fr\/shop\/produits-de-therapie-positionnelle\/tous-les-produits-de-therapie-positionnelle\/shirts-anti-ronflement\/t-shirt-anti-ronflement-somnipax-standart\/\"><img fetchpriority=\"high\" decoding=\"async\" width=\"640\" height=\"480\" src=\"https:\/\/antironflement.org\/wp-content\/uploads\/2024\/08\/image-4.png\" alt=\"\" class=\"wp-image-4309\" style=\"width:365px;height:auto\" srcset=\"https:\/\/antironflement.org\/wp-content\/uploads\/2024\/08\/image-4.png 640w, https:\/\/antironflement.org\/wp-content\/uploads\/2024\/08\/image-4-300x225.png 300w, https:\/\/antironflement.org\/wp-content\/uploads\/2024\/08\/image-4-600x450.png 600w\" sizes=\"(max-width: 640px) 100vw, 640px\" \/><\/a><\/figure>\n<\/div>\n\n\n<p>Spray decongestionante<\/p>\n\n\n<div class=\"wp-block-image\">\n<figure class=\"aligncenter is-resized\"><a href=\"https:\/\/www.amazon.fr\/St%C3%A9rimar-Sinusite-Tr%C3%A8s-Bouch%C3%A9-20ml\/dp\/B00NI541WC?pd_rd_w=TTBqn&amp;content-id=amzn1.sym.cc48ab04-3796-4439-b087-8d6b2a0f04cc&amp;pf_rd_p=cc48ab04-3796-4439-b087-8d6b2a0f04cc&amp;pf_rd_r=X6BMPMCJ16BN4RP2MTVY&amp;pd_rd_wg=EgV4X&amp;pd_rd_r=958d605e-9ba9-451f-bfc9-7fb9612c31f7&amp;pd_rd_i=B00NI541WC&amp;psc=1&amp;linkCode=ll1&amp;tag=antironflem00-21&amp;linkId=19518ef51a6c7806d704e61a362f0069&amp;language=fr_FR&amp;ref_=as_li_ss_tl\"><img decoding=\"async\" width=\"640\" height=\"480\" src=\"https:\/\/antironflement.org\/wp-content\/uploads\/2024\/08\/spray.jpg\" alt=\"\" class=\"wp-image-4310\" style=\"width:301px;height:auto\" srcset=\"https:\/\/antironflement.org\/wp-content\/uploads\/2024\/08\/spray.jpg 640w, https:\/\/antironflement.org\/wp-content\/uploads\/2024\/08\/spray-300x225.jpg 300w, https:\/\/antironflement.org\/wp-content\/uploads\/2024\/08\/spray-600x450.jpg 600w\" sizes=\"(max-width: 640px) 100vw, 640px\" \/><\/a><\/figure>\n<\/div>\n\n\n<p>Divaricatore nasale<\/p>\n\n\n<div class=\"wp-block-image\">\n<figure class=\"aligncenter is-resized\"><a href=\"https:\/\/www.amazon.fr\/Dispositif-Anti-Ronflement-Dilatateur-Ronflement-Confortable\/dp\/B09HTP1ZDG?crid=1SXA7WFFRZCSY&amp;dib=eyJ2IjoiMSJ9.jdoflY1xPlcD9LBsfjYsF0vMooTDW7CgXWnur4Eva1652cCIr2MgnCBnUYZFSUUC-swiNZmbnEn42AsBaNtszOEAWd9bYaCiOESGa9M5DLw0GYXdkU8Ge71qgKwZDpwR1sb1k0SGNxcJXUFEHo1ac8je0sJ9X1aixiMiAbJbKcNxMN9OZjqUualqP4jhT0gLfva2dmyybefLyzJSViISh765RhJAy6_P4Pbo8NxHUpdF7aVuynr02qGhLmV3j5U0tnHiklXefghVRK0xRBeHy-DhM3TzvDB1l8MZOF13b9o.0IDVlfdhzqzGI17tV1sLjGp3a7wMPCEJ_qfO-_yPlc8&amp;dib_tag=se&amp;keywords=dilatateur+nasal&amp;qid=1726224025&amp;s=hpc&amp;sprefix=dilat%2Chpc%2C102&amp;sr=1-8&amp;linkCode=ll1&amp;tag=antironflem00-21&amp;linkId=14c7a8762f6d333e29edcd441acda625&amp;language=fr_FR&amp;ref_=as_li_ss_tl\"><img decoding=\"async\" width=\"640\" height=\"480\" src=\"https:\/\/antironflement.org\/wp-content\/uploads\/2024\/08\/image-2.png\" alt=\"\" class=\"wp-image-4307\" style=\"width:291px;height:auto\" srcset=\"https:\/\/antironflement.org\/wp-content\/uploads\/2024\/08\/image-2.png 640w, https:\/\/antironflement.org\/wp-content\/uploads\/2024\/08\/image-2-300x225.png 300w, https:\/\/antironflement.org\/wp-content\/uploads\/2024\/08\/image-2-600x450.png 600w\" sizes=\"(max-width: 640px) 100vw, 640px\" \/><\/a><\/figure>\n<\/div>\n\n\n<p>Ortesi orale Oniris<\/p>\n\n\n<div class=\"wp-block-image\">\n<figure class=\"aligncenter is-resized\"><a href=\"https:\/\/www.amazon.fr\/ONIRIS-4346-Oniris-LOrth%C3%83%C2%A8se-Anti-Ronflement\/dp\/B00DJ57ZJC?hvadid=701512144760&amp;hvpos=&amp;hvnetw=g&amp;hvrand=1815879384671166871&amp;hvpone=&amp;hvptwo=&amp;hvqmt=&amp;hvdev=c&amp;hvdvcmdl=&amp;hvlocint=&amp;hvlocphy=9195765&amp;hvtargid=pla-468344205080&amp;mcid=c861217597a03e5b989ff664461ebedf&amp;gad_source=1&amp;th=1&amp;linkCode=ll1&amp;tag=antironflem00-21&amp;linkId=50cacdb5111278f9670b70995420d671&amp;language=fr_FR&amp;ref_=as_li_ss_tl\"><img loading=\"lazy\" decoding=\"async\" width=\"640\" height=\"480\" src=\"https:\/\/antironflement.org\/wp-content\/uploads\/2024\/08\/image-1.png\" alt=\"\" class=\"wp-image-4306\" style=\"width:323px;height:auto\" srcset=\"https:\/\/antironflement.org\/wp-content\/uploads\/2024\/08\/image-1.png 640w, https:\/\/antironflement.org\/wp-content\/uploads\/2024\/08\/image-1-300x225.png 300w, https:\/\/antironflement.org\/wp-content\/uploads\/2024\/08\/image-1-600x450.png 600w\" sizes=\"(max-width: 640px) 100vw, 640px\" \/><\/a><\/figure>\n<\/div>\n\n\n<p>Poggia mento<\/p>\n\n\n\n<p>La valutazione su Amazon \u00e8 3<em>. Si tratta dello stesso prodotto che ho ordinato nel 2021 (di seguito \u00e8 riportato il tracciamento del mio ordine). Tuttavia, la mia opinione \u00e8 diversa da quella di chi ha dato una valutazione inferiore a 4<\/em>.<\/p>\n\n\n<div class=\"wp-block-image\">\n<figure class=\"aligncenter size-full is-resized\"><a href=\"https:\/\/amzn.to\/4hqTgGB\"><img loading=\"lazy\" decoding=\"async\" width=\"640\" height=\"480\" src=\"https:\/\/antironflement.org\/wp-content\/uploads\/2025\/01\/image.png\" alt=\"\" class=\"wp-image-4384\" style=\"width:341px;height:auto\" srcset=\"https:\/\/antironflement.org\/wp-content\/uploads\/2025\/01\/image.png 640w, https:\/\/antironflement.org\/wp-content\/uploads\/2025\/01\/image-300x225.png 300w, https:\/\/antironflement.org\/wp-content\/uploads\/2025\/01\/image-600x450.png 600w\" sizes=\"(max-width: 640px) 100vw, 640px\" \/><\/a><\/figure>\n<\/div>\n\n<div class=\"wp-block-image\">\n<figure class=\"aligncenter size-large is-resized\"><img loading=\"lazy\" decoding=\"async\" width=\"1024\" height=\"425\" src=\"https:\/\/antironflement.org\/wp-content\/uploads\/2025\/01\/commande-de-ma-mentonniere-1024x425.jpg\" alt=\"\" class=\"wp-image-4385\" style=\"width:548px;height:auto\" srcset=\"https:\/\/antironflement.org\/wp-content\/uploads\/2025\/01\/commande-de-ma-mentonniere-1024x425.jpg 1024w, https:\/\/antironflement.org\/wp-content\/uploads\/2025\/01\/commande-de-ma-mentonniere-300x124.jpg 300w, https:\/\/antironflement.org\/wp-content\/uploads\/2025\/01\/commande-de-ma-mentonniere-768x318.jpg 768w, https:\/\/antironflement.org\/wp-content\/uploads\/2025\/01\/commande-de-ma-mentonniere-1536x637.jpg 1536w, https:\/\/antironflement.org\/wp-content\/uploads\/2025\/01\/commande-de-ma-mentonniere-1140x473.jpg 1140w, https:\/\/antironflement.org\/wp-content\/uploads\/2025\/01\/commande-de-ma-mentonniere-600x249.jpg 600w, https:\/\/antironflement.org\/wp-content\/uploads\/2025\/01\/commande-de-ma-mentonniere.jpg 1592w\" sizes=\"(max-width: 1024px) 100vw, 1024px\" \/><\/figure>\n<\/div>\n\n\n<div style=\"height:100px\" aria-hidden=\"true\" class=\"wp-block-spacer\"><\/div>\n\n\n\n<div style=\"height:100px\" aria-hidden=\"true\" class=\"wp-block-spacer\"><\/div>\n\n\n\n<div style=\"height:100px\" aria-hidden=\"true\" class=\"wp-block-spacer\"><\/div>\n\n\n<div class=\"wp-block-image\">\n<figure class=\"aligncenter\"><img loading=\"lazy\" decoding=\"async\" width=\"200\" height=\"25\" src=\"https:\/\/antironflement.org\/wp-content\/uploads\/2022\/03\/ligne-separation.png\" alt=\"\" class=\"wp-image-587\"\/><\/figure>\n<\/div>\n\n\n<p><em>Qui, proviamo a fornire ai nostri lettori codici promozionali sui migliori articoli che abbiamo testato.<\/em><\/p>\n\n\n\n<p><em>I link sopra possono essere sponsorizzati con partner<\/em><\/p>\n\n\n\n<p><\/p>\n","protected":false},"excerpt":{"rendered":"<p>Maglietta Somnipax Codice promozionale per te:&nbsp;antironflement10 Spray decongestionante Divaricatore nasale Ortesi orale Oniris Poggia mento La valutazione su Amazon \u00e8 3. Si tratta dello stesso prodotto che ho ordinato nel 2021 (di seguito \u00e8 riportato il tracciamento del mio ordine). Tuttavia, la mia opinione \u00e8 diversa da quella di chi ha dato una valutazione inferiore a 4. Qui, proviamo a fornire ai nostri lettori codici promozionali sui migliori articoli che abbiamo testato. I link sopra possono essere sponsorizzati con partner<\/p>\n","protected":false},"author":2,"featured_media":0,"parent":0,"menu_order":0,"comment_status":"closed","ping_status":"closed","template":"","meta":{"two_page_speed":[],"footnotes":""},"class_list":["post-2304","page","type-page","status-publish","hentry"],"yoast_head":"<!-- This site is optimized with the Yoast SEO plugin v27.4 - https:\/\/yoast.com\/product\/yoast-seo-wordpress\/ -->\n<title>I miei prodotti preferiti per limitare il russamento \u2192 clicca sulle foto - Anti Ronflement<\/title>\n<meta name=\"description\" content=\"Je vous propose ici les articles que je pr\u00e9f\u00e8re, apr\u00e8s les avoir test\u00e9s. Les produits qui marchent vraiment pour moins ronfler.\" \/>\n<meta name=\"robots\" content=\"index, follow, max-snippet:-1, max-image-preview:large, max-video-preview:-1\" \/>\n<link rel=\"canonical\" href=\"https:\/\/antironflement.org\/index.php\/it\/i-miei-prodotti-preferiti-per-limitare-il-tuo-russare\/\" \/>\n<meta property=\"og:locale\" content=\"fr_FR\" \/>\n<meta property=\"og:type\" content=\"article\" \/>\n<meta property=\"og:title\" content=\"I miei prodotti preferiti per limitare il russamento \u2192 clicca sulle foto - Anti Ronflement\" \/>\n<meta property=\"og:description\" content=\"Je vous propose ici les articles que je pr\u00e9f\u00e8re, apr\u00e8s les avoir test\u00e9s. Les produits qui marchent vraiment pour moins ronfler.\" \/>\n<meta property=\"og:url\" content=\"https:\/\/antironflement.org\/index.php\/it\/i-miei-prodotti-preferiti-per-limitare-il-tuo-russare\/\" \/>\n<meta property=\"og:site_name\" content=\"Anti Ronflement\" \/>\n<meta property=\"article:modified_time\" content=\"2025-01-24T07:19:11+00:00\" \/>\n<meta property=\"og:image\" content=\"https:\/\/antironflement.org\/wp-content\/uploads\/2024\/08\/image-4.png\" \/>\n\t<meta property=\"og:image:width\" content=\"640\" \/>\n\t<meta property=\"og:image:height\" content=\"480\" \/>\n\t<meta property=\"og:image:type\" content=\"image\/png\" \/>\n<meta name=\"twitter:card\" content=\"summary_large_image\" \/>\n<meta name=\"twitter:label1\" content=\"Dur\u00e9e de lecture estim\u00e9e\" \/>\n\t<meta name=\"twitter:data1\" content=\"2 minutes\" \/>\n<script type=\"application\/ld+json\" class=\"yoast-schema-graph\">{\"@context\":\"https:\\\/\\\/schema.org\",\"@graph\":[{\"@type\":\"WebPage\",\"@id\":\"https:\\\/\\\/antironflement.org\\\/index.php\\\/it\\\/i-miei-prodotti-preferiti-per-limitare-il-tuo-russare\\\/\",\"url\":\"https:\\\/\\\/antironflement.org\\\/index.php\\\/it\\\/i-miei-prodotti-preferiti-per-limitare-il-tuo-russare\\\/\",\"name\":\"I miei prodotti preferiti per limitare il russamento \u2192 clicca sulle foto - Anti Ronflement\",\"isPartOf\":{\"@id\":\"https:\\\/\\\/antironflement.org\\\/#website\"},\"primaryImageOfPage\":{\"@id\":\"https:\\\/\\\/antironflement.org\\\/index.php\\\/it\\\/i-miei-prodotti-preferiti-per-limitare-il-tuo-russare\\\/#primaryimage\"},\"image\":{\"@id\":\"https:\\\/\\\/antironflement.org\\\/index.php\\\/it\\\/i-miei-prodotti-preferiti-per-limitare-il-tuo-russare\\\/#primaryimage\"},\"thumbnailUrl\":\"https:\\\/\\\/antironflement.org\\\/wp-content\\\/uploads\\\/2024\\\/08\\\/image-4.png\",\"datePublished\":\"2023-06-29T16:21:35+00:00\",\"dateModified\":\"2025-01-24T07:19:11+00:00\",\"description\":\"Je vous propose ici les articles que je pr\u00e9f\u00e8re, apr\u00e8s les avoir test\u00e9s. Les produits qui marchent vraiment pour moins ronfler.\",\"breadcrumb\":{\"@id\":\"https:\\\/\\\/antironflement.org\\\/index.php\\\/it\\\/i-miei-prodotti-preferiti-per-limitare-il-tuo-russare\\\/#breadcrumb\"},\"inLanguage\":\"fr-FR\",\"potentialAction\":[{\"@type\":\"ReadAction\",\"target\":[\"https:\\\/\\\/antironflement.org\\\/index.php\\\/it\\\/i-miei-prodotti-preferiti-per-limitare-il-tuo-russare\\\/\"]}]},{\"@type\":\"ImageObject\",\"inLanguage\":\"fr-FR\",\"@id\":\"https:\\\/\\\/antironflement.org\\\/index.php\\\/it\\\/i-miei-prodotti-preferiti-per-limitare-il-tuo-russare\\\/#primaryimage\",\"url\":\"https:\\\/\\\/antironflement.org\\\/wp-content\\\/uploads\\\/2024\\\/08\\\/image-4.png\",\"contentUrl\":\"https:\\\/\\\/antironflement.org\\\/wp-content\\\/uploads\\\/2024\\\/08\\\/image-4.png\",\"width\":640,\"height\":480},{\"@type\":\"BreadcrumbList\",\"@id\":\"https:\\\/\\\/antironflement.org\\\/index.php\\\/it\\\/i-miei-prodotti-preferiti-per-limitare-il-tuo-russare\\\/#breadcrumb\",\"itemListElement\":[{\"@type\":\"ListItem\",\"position\":1,\"name\":\"Accueil\",\"item\":\"https:\\\/\\\/antironflement.org\\\/index.php\\\/en\\\/\"},{\"@type\":\"ListItem\",\"position\":2,\"name\":\"I miei prodotti preferiti per limitare il russamento \u2192 clicca sulle foto\"}]},{\"@type\":\"WebSite\",\"@id\":\"https:\\\/\\\/antironflement.org\\\/#website\",\"url\":\"https:\\\/\\\/antironflement.org\\\/\",\"name\":\"Anti Ronflement\",\"description\":\"Avis et tests des solutions pour moins ronfler\",\"publisher\":{\"@id\":\"https:\\\/\\\/antironflement.org\\\/#organization\"},\"potentialAction\":[{\"@type\":\"SearchAction\",\"target\":{\"@type\":\"EntryPoint\",\"urlTemplate\":\"https:\\\/\\\/antironflement.org\\\/?s={search_term_string}\"},\"query-input\":{\"@type\":\"PropertyValueSpecification\",\"valueRequired\":true,\"valueName\":\"search_term_string\"}}],\"inLanguage\":\"fr-FR\"},{\"@type\":\"Organization\",\"@id\":\"https:\\\/\\\/antironflement.org\\\/#organization\",\"name\":\"Anti Ronflement\",\"url\":\"https:\\\/\\\/antironflement.org\\\/\",\"logo\":{\"@type\":\"ImageObject\",\"inLanguage\":\"fr-FR\",\"@id\":\"https:\\\/\\\/antironflement.org\\\/#\\\/schema\\\/logo\\\/image\\\/\",\"url\":\"https:\\\/\\\/antironflement.org\\\/wp-content\\\/uploads\\\/2022\\\/04\\\/antironflementlogotopgris.webp\",\"contentUrl\":\"https:\\\/\\\/antironflement.org\\\/wp-content\\\/uploads\\\/2022\\\/04\\\/antironflementlogotopgris.webp\",\"width\":450,\"height\":200,\"caption\":\"Anti Ronflement\"},\"image\":{\"@id\":\"https:\\\/\\\/antironflement.org\\\/#\\\/schema\\\/logo\\\/image\\\/\"}}]}<\/script>\n<!-- \/ Yoast SEO plugin. -->","yoast_head_json":{"title":"I miei prodotti preferiti per limitare il russamento \u2192 clicca sulle foto - Anti Ronflement","description":"Je vous propose ici les articles que je pr\u00e9f\u00e8re, apr\u00e8s les avoir test\u00e9s. Les produits qui marchent vraiment pour moins ronfler.","robots":{"index":"index","follow":"follow","max-snippet":"max-snippet:-1","max-image-preview":"max-image-preview:large","max-video-preview":"max-video-preview:-1"},"canonical":"https:\/\/antironflement.org\/index.php\/it\/i-miei-prodotti-preferiti-per-limitare-il-tuo-russare\/","og_locale":"fr_FR","og_type":"article","og_title":"I miei prodotti preferiti per limitare il russamento \u2192 clicca sulle foto - Anti Ronflement","og_description":"Je vous propose ici les articles que je pr\u00e9f\u00e8re, apr\u00e8s les avoir test\u00e9s. Les produits qui marchent vraiment pour moins ronfler.","og_url":"https:\/\/antironflement.org\/index.php\/it\/i-miei-prodotti-preferiti-per-limitare-il-tuo-russare\/","og_site_name":"Anti Ronflement","article_modified_time":"2025-01-24T07:19:11+00:00","og_image":[{"width":640,"height":480,"url":"https:\/\/antironflement.org\/wp-content\/uploads\/2024\/08\/image-4.png","type":"image\/png"}],"twitter_card":"summary_large_image","twitter_misc":{"Dur\u00e9e de lecture estim\u00e9e":"2 minutes"},"schema":{"@context":"https:\/\/schema.org","@graph":[{"@type":"WebPage","@id":"https:\/\/antironflement.org\/index.php\/it\/i-miei-prodotti-preferiti-per-limitare-il-tuo-russare\/","url":"https:\/\/antironflement.org\/index.php\/it\/i-miei-prodotti-preferiti-per-limitare-il-tuo-russare\/","name":"I miei prodotti preferiti per limitare il russamento \u2192 clicca sulle foto - Anti Ronflement","isPartOf":{"@id":"https:\/\/antironflement.org\/#website"},"primaryImageOfPage":{"@id":"https:\/\/antironflement.org\/index.php\/it\/i-miei-prodotti-preferiti-per-limitare-il-tuo-russare\/#primaryimage"},"image":{"@id":"https:\/\/antironflement.org\/index.php\/it\/i-miei-prodotti-preferiti-per-limitare-il-tuo-russare\/#primaryimage"},"thumbnailUrl":"https:\/\/antironflement.org\/wp-content\/uploads\/2024\/08\/image-4.png","datePublished":"2023-06-29T16:21:35+00:00","dateModified":"2025-01-24T07:19:11+00:00","description":"Je vous propose ici les articles que je pr\u00e9f\u00e8re, apr\u00e8s les avoir test\u00e9s. Les produits qui marchent vraiment pour moins ronfler.","breadcrumb":{"@id":"https:\/\/antironflement.org\/index.php\/it\/i-miei-prodotti-preferiti-per-limitare-il-tuo-russare\/#breadcrumb"},"inLanguage":"fr-FR","potentialAction":[{"@type":"ReadAction","target":["https:\/\/antironflement.org\/index.php\/it\/i-miei-prodotti-preferiti-per-limitare-il-tuo-russare\/"]}]},{"@type":"ImageObject","inLanguage":"fr-FR","@id":"https:\/\/antironflement.org\/index.php\/it\/i-miei-prodotti-preferiti-per-limitare-il-tuo-russare\/#primaryimage","url":"https:\/\/antironflement.org\/wp-content\/uploads\/2024\/08\/image-4.png","contentUrl":"https:\/\/antironflement.org\/wp-content\/uploads\/2024\/08\/image-4.png","width":640,"height":480},{"@type":"BreadcrumbList","@id":"https:\/\/antironflement.org\/index.php\/it\/i-miei-prodotti-preferiti-per-limitare-il-tuo-russare\/#breadcrumb","itemListElement":[{"@type":"ListItem","position":1,"name":"Accueil","item":"https:\/\/antironflement.org\/index.php\/en\/"},{"@type":"ListItem","position":2,"name":"I miei prodotti preferiti per limitare il russamento \u2192 clicca sulle foto"}]},{"@type":"WebSite","@id":"https:\/\/antironflement.org\/#website","url":"https:\/\/antironflement.org\/","name":"Anti Ronflement","description":"Avis et tests des solutions pour moins ronfler","publisher":{"@id":"https:\/\/antironflement.org\/#organization"},"potentialAction":[{"@type":"SearchAction","target":{"@type":"EntryPoint","urlTemplate":"https:\/\/antironflement.org\/?s={search_term_string}"},"query-input":{"@type":"PropertyValueSpecification","valueRequired":true,"valueName":"search_term_string"}}],"inLanguage":"fr-FR"},{"@type":"Organization","@id":"https:\/\/antironflement.org\/#organization","name":"Anti Ronflement","url":"https:\/\/antironflement.org\/","logo":{"@type":"ImageObject","inLanguage":"fr-FR","@id":"https:\/\/antironflement.org\/#\/schema\/logo\/image\/","url":"https:\/\/antironflement.org\/wp-content\/uploads\/2022\/04\/antironflementlogotopgris.webp","contentUrl":"https:\/\/antironflement.org\/wp-content\/uploads\/2022\/04\/antironflementlogotopgris.webp","width":450,"height":200,"caption":"Anti Ronflement"},"image":{"@id":"https:\/\/antironflement.org\/#\/schema\/logo\/image\/"}}]}},"acf":[],"_links":{"self":[{"href":"https:\/\/antironflement.org\/index.php\/wp-json\/wp\/v2\/pages\/2304","targetHints":{"allow":["GET"]}}],"collection":[{"href":"https:\/\/antironflement.org\/index.php\/wp-json\/wp\/v2\/pages"}],"about":[{"href":"https:\/\/antironflement.org\/index.php\/wp-json\/wp\/v2\/types\/page"}],"author":[{"embeddable":true,"href":"https:\/\/antironflement.org\/index.php\/wp-json\/wp\/v2\/users\/2"}],"replies":[{"embeddable":true,"href":"https:\/\/antironflement.org\/index.php\/wp-json\/wp\/v2\/comments?post=2304"}],"version-history":[{"count":7,"href":"https:\/\/antironflement.org\/index.php\/wp-json\/wp\/v2\/pages\/2304\/revisions"}],"predecessor-version":[{"id":4393,"href":"https:\/\/antironflement.org\/index.php\/wp-json\/wp\/v2\/pages\/2304\/revisions\/4393"}],"wp:attachment":[{"href":"https:\/\/antironflement.org\/index.php\/wp-json\/wp\/v2\/media?parent=2304"}],"curies":[{"name":"wp","href":"https:\/\/api.w.org\/{rel}","templated":true}]}}