{"id":2298,"date":"2023-06-29T18:14:45","date_gmt":"2023-06-29T16:14:45","guid":{"rendered":"https:\/\/antironflement.org\/?page_id=2298"},"modified":"2023-06-29T18:15:12","modified_gmt":"2023-06-29T16:15:12","slug":"le-cause-del-russare","status":"publish","type":"page","link":"https:\/\/antironflement.org\/index.php\/it\/le-cause-del-russare\/","title":{"rendered":"Le cause del russare"},"content":{"rendered":"\n<h2 class=\"wp-block-heading\">1\/ Sesso: gli uomini russano pi\u00f9 delle donne<\/h2>\n\n\n<div class=\"wp-block-image\">\n<figure class=\"aligncenter is-resized\"><img fetchpriority=\"high\" decoding=\"async\" src=\"https:\/\/antironflement.org\/wp-content\/uploads\/2023\/06\/les-hommes-ronflent-plus-que-les-femmes-.jpg\" alt=\"\" class=\"wp-image-1414\" width=\"336\" height=\"313\" srcset=\"https:\/\/antironflement.org\/wp-content\/uploads\/2023\/06\/les-hommes-ronflent-plus-que-les-femmes-.jpg 1024w, https:\/\/antironflement.org\/wp-content\/uploads\/2023\/06\/les-hommes-ronflent-plus-que-les-femmes--300x280.jpg 300w, https:\/\/antironflement.org\/wp-content\/uploads\/2023\/06\/les-hommes-ronflent-plus-que-les-femmes--768x716.jpg 768w, https:\/\/antironflement.org\/wp-content\/uploads\/2023\/06\/les-hommes-ronflent-plus-que-les-femmes--600x560.jpg 600w\" sizes=\"(max-width: 336px) 100vw, 336px\" \/><\/figure>\n<\/div>\n\n\n<p>Gli uomini hanno vie aeree pi\u00f9 strette rispetto alle donne, che nel tempo (con l&rsquo;avanzare dell&rsquo;et\u00e0, vedi sotto) causeranno il russare (nella maggior parte dei casi).<\/p>\n\n\n\n<h2 class=\"wp-block-heading\">2\/ Et\u00e0: il russare aumenta con l&rsquo;et\u00e0.<\/h2>\n\n\n\n<p>Con l&rsquo;et\u00e0, i muscoli della gola perdono tono e i tessuti si rilassano, il che pu\u00f2 causare il russamento.<\/p>\n\n\n<div class=\"wp-block-image\">\n<figure class=\"aligncenter is-resized\"><img decoding=\"async\" src=\"https:\/\/antironflement.org\/wp-content\/uploads\/2023\/06\/trentenaire-en-train-de-dormir-.jpg\" alt=\"\" class=\"wp-image-1415\" width=\"333\" height=\"313\" srcset=\"https:\/\/antironflement.org\/wp-content\/uploads\/2023\/06\/trentenaire-en-train-de-dormir-.jpg 1024w, https:\/\/antironflement.org\/wp-content\/uploads\/2023\/06\/trentenaire-en-train-de-dormir--300x282.jpg 300w, https:\/\/antironflement.org\/wp-content\/uploads\/2023\/06\/trentenaire-en-train-de-dormir--768x723.jpg 768w, https:\/\/antironflement.org\/wp-content\/uploads\/2023\/06\/trentenaire-en-train-de-dormir--600x565.jpg 600w\" sizes=\"(max-width: 333px) 100vw, 333px\" \/><\/figure>\n<\/div>\n\n\n<p>Ma va notato che nel corso degli anni la curva pu\u00f2 essere invertita.&nbsp;Le persone molto anziane possono russare, ma \u00e8 vero che anche il russamento tende a diminuire in et\u00e0 molto avanzata.<\/p>\n\n\n\n<p>Il russamento \u00e8 causato dalle vibrazioni dei tessuti molli della gola, in particolare del palato molle (la parte posteriore del palato).&nbsp;Il rilassamento dei muscoli durante il sonno \u00e8 in parte la causa.<\/p>\n\n\n\n<p>I muscoli della gola perdono tono con l&rsquo;et\u00e0, il che pu\u00f2 ridurre il russamento nelle persone molto anziane.&nbsp;Si pu\u00f2 stimare che il russamento raggiunga il suo apice tra i 40 e i 60 anni.&nbsp;Ci\u00f2 non esclude il russamento al di fuori di questa fascia di et\u00e0.<\/p>\n\n\n<div class=\"wp-block-image\">\n<figure class=\"aligncenter is-resized\"><img decoding=\"async\" src=\"https:\/\/antironflement.org\/wp-content\/uploads\/2023\/06\/personne-age-qui-dort.jpg\" alt=\"\" class=\"wp-image-1417\" width=\"332\" height=\"313\" srcset=\"https:\/\/antironflement.org\/wp-content\/uploads\/2023\/06\/personne-age-qui-dort.jpg 1024w, https:\/\/antironflement.org\/wp-content\/uploads\/2023\/06\/personne-age-qui-dort-300x283.jpg 300w, https:\/\/antironflement.org\/wp-content\/uploads\/2023\/06\/personne-age-qui-dort-768x725.jpg 768w, https:\/\/antironflement.org\/wp-content\/uploads\/2023\/06\/personne-age-qui-dort-600x567.jpg 600w\" sizes=\"(max-width: 332px) 100vw, 332px\" \/><\/figure>\n<\/div>\n\n\n<h2 class=\"wp-block-heading\">3\/ Peso e dieta<\/h2>\n\n\n\n<p>Il sovrappeso e l&rsquo;obesit\u00e0 promuovono il russamento quotidiano che pu\u00f2 essere accompagnato dall&rsquo;apnea notturna.<br>il sovrappeso e l&rsquo;obesit\u00e0 possono causare il russare a causa dell&rsquo;accumulo di grasso intorno al collo che pu\u00f2 comprimere le vie respiratorie.<\/p>\n\n\n\n<p>Una dieta equilibrata associata a uno stile di vita sano (attivit\u00e0 sportiva) pu\u00f2 ridurre o addirittura eliminare il russare.<\/p>\n\n\n<div class=\"wp-block-image\">\n<figure class=\"aligncenter is-resized\"><img loading=\"lazy\" decoding=\"async\" src=\"https:\/\/antironflement.org\/wp-content\/uploads\/2023\/06\/relachement-muscles-gorge.jpg\" alt=\"\" class=\"wp-image-1418\" width=\"322\" height=\"295\" srcset=\"https:\/\/antironflement.org\/wp-content\/uploads\/2023\/06\/relachement-muscles-gorge.jpg 476w, https:\/\/antironflement.org\/wp-content\/uploads\/2023\/06\/relachement-muscles-gorge-300x275.jpg 300w\" sizes=\"(max-width: 322px) 100vw, 322px\" \/><\/figure>\n<\/div>\n\n\n<h2 class=\"wp-block-heading\">4\/ Ostruzione nasale o rinofaringea<\/h2>\n\n\n<div class=\"wp-block-image\">\n<figure class=\"aligncenter is-resized\"><img loading=\"lazy\" decoding=\"async\" src=\"https:\/\/antironflement.org\/wp-content\/uploads\/2023\/06\/nez-bouche.jpg\" alt=\"\" class=\"wp-image-1419\" width=\"325\" height=\"300\" srcset=\"https:\/\/antironflement.org\/wp-content\/uploads\/2023\/06\/nez-bouche.jpg 1024w, https:\/\/antironflement.org\/wp-content\/uploads\/2023\/06\/nez-bouche-300x278.jpg 300w, https:\/\/antironflement.org\/wp-content\/uploads\/2023\/06\/nez-bouche-768x711.jpg 768w, https:\/\/antironflement.org\/wp-content\/uploads\/2023\/06\/nez-bouche-600x555.jpg 600w\" sizes=\"(max-width: 325px) 100vw, 325px\" \/><\/figure>\n<\/div>\n\n\n<p>Un naso \u00ab\u00a0chiuso\u00a0\u00bb pu\u00f2 essere causato da un setto deviato, infiammazione del seno, allergie o persino stafilococchi.<\/p>\n\n\n\n<p>L&rsquo;ostruzione nasofaringea pu\u00f2 anche essere causata da tonsille o adenoidi ingrossate.<\/p>\n\n\n\n<h2 class=\"wp-block-heading\">5\/ Stare sdraiati sulla schiena peggiora il russare.<\/h2>\n\n\n<div class=\"wp-block-image\">\n<figure class=\"aligncenter is-resized\"><img loading=\"lazy\" decoding=\"async\" src=\"https:\/\/antironflement.org\/wp-content\/uploads\/2023\/06\/dessin-dun-homme-qui-dort-sur-le-dos-et-ronfle.jpg\" alt=\"\" class=\"wp-image-1421\" width=\"349\" height=\"284\" srcset=\"https:\/\/antironflement.org\/wp-content\/uploads\/2023\/06\/dessin-dun-homme-qui-dort-sur-le-dos-et-ronfle.jpg 1024w, https:\/\/antironflement.org\/wp-content\/uploads\/2023\/06\/dessin-dun-homme-qui-dort-sur-le-dos-et-ronfle-300x244.jpg 300w, https:\/\/antironflement.org\/wp-content\/uploads\/2023\/06\/dessin-dun-homme-qui-dort-sur-le-dos-et-ronfle-768x626.jpg 768w, https:\/\/antironflement.org\/wp-content\/uploads\/2023\/06\/dessin-dun-homme-qui-dort-sur-le-dos-et-ronfle-600x489.jpg 600w\" sizes=\"(max-width: 349px) 100vw, 349px\" \/><\/figure>\n<\/div>\n\n\n<p>Dormire sulla schiena pu\u00f2 far ricadere la lingua e bloccare le vie respiratorie.<\/p>\n\n\n\n<h2 class=\"wp-block-heading\">6\/ L&rsquo;assorbimento dell&rsquo;alcool.<\/h2>\n\n\n\n<p>L&rsquo;alcol rilassa i muscoli della gola e quindi peggiora il russare.<\/p>\n\n\n<div class=\"wp-block-image\">\n<figure class=\"aligncenter is-resized\"><img loading=\"lazy\" decoding=\"async\" src=\"https:\/\/antironflement.org\/wp-content\/uploads\/2023\/06\/alcool-et-relachement-muscle-de-la-gorge.jpg\" alt=\"\" class=\"wp-image-1420\" width=\"314\" height=\"297\" srcset=\"https:\/\/antironflement.org\/wp-content\/uploads\/2023\/06\/alcool-et-relachement-muscle-de-la-gorge.jpg 1024w, https:\/\/antironflement.org\/wp-content\/uploads\/2023\/06\/alcool-et-relachement-muscle-de-la-gorge-300x284.jpg 300w, https:\/\/antironflement.org\/wp-content\/uploads\/2023\/06\/alcool-et-relachement-muscle-de-la-gorge-768x728.jpg 768w, https:\/\/antironflement.org\/wp-content\/uploads\/2023\/06\/alcool-et-relachement-muscle-de-la-gorge-600x569.jpg 600w\" sizes=\"(max-width: 314px) 100vw, 314px\" \/><\/figure>\n<\/div>","protected":false},"excerpt":{"rendered":"<p>1\/ Sesso: gli uomini russano pi\u00f9 delle donne Gli uomini hanno vie aeree pi\u00f9 strette rispetto alle donne, che nel tempo (con l&rsquo;avanzare dell&rsquo;et\u00e0, vedi sotto) causeranno il russare (nella maggior parte dei casi). 2\/ Et\u00e0: il russare aumenta con l&rsquo;et\u00e0. Con l&rsquo;et\u00e0, i muscoli della gola perdono tono e i tessuti si rilassano, il che pu\u00f2 causare il russamento. Ma va notato che nel corso degli anni la curva pu\u00f2 essere invertita.&nbsp;Le persone molto anziane possono russare, ma \u00e8 vero che anche il russamento tende a diminuire in et\u00e0 molto avanzata. Il russamento \u00e8 causato dalle vibrazioni dei tessuti molli della gola, in particolare del palato molle (la parte posteriore del palato).&nbsp;Il rilassamento dei muscoli durante il sonno \u00e8 in parte la causa. I muscoli della gola perdono tono con l&rsquo;et\u00e0, il che pu\u00f2 ridurre il russamento nelle persone molto anziane.&nbsp;Si pu\u00f2 stimare che il russamento raggiunga il suo apice tra i 40 e i 60 anni.&nbsp;Ci\u00f2 non esclude il russamento al di fuori di questa fascia di et\u00e0. 3\/ Peso e dieta Il sovrappeso e l&rsquo;obesit\u00e0 promuovono il russamento quotidiano che pu\u00f2 essere accompagnato dall&rsquo;apnea notturna.il sovrappeso e l&rsquo;obesit\u00e0 possono causare il russare a causa dell&rsquo;accumulo di grasso intorno al collo che pu\u00f2 comprimere le vie respiratorie. Una dieta equilibrata associata a uno stile di vita sano (attivit\u00e0 sportiva) pu\u00f2 ridurre o addirittura eliminare il russare. 4\/ Ostruzione nasale o rinofaringea Un naso \u00ab\u00a0chiuso\u00a0\u00bb pu\u00f2 essere causato da un setto deviato, infiammazione del seno, allergie o persino stafilococchi. L&rsquo;ostruzione nasofaringea pu\u00f2 anche essere causata da tonsille o adenoidi ingrossate. 5\/ Stare sdraiati sulla schiena peggiora il russare. Dormire sulla schiena pu\u00f2 far ricadere la lingua e bloccare le vie respiratorie. 6\/ L&rsquo;assorbimento dell&rsquo;alcool. L&rsquo;alcol rilassa i muscoli della gola e quindi peggiora il russare.<\/p>\n","protected":false},"author":2,"featured_media":0,"parent":0,"menu_order":0,"comment_status":"closed","ping_status":"closed","template":"","meta":{"two_page_speed":[],"footnotes":""},"class_list":["post-2298","page","type-page","status-publish","hentry"],"yoast_head":"<!-- This site is optimized with the Yoast SEO plugin v27.4 - https:\/\/yoast.com\/product\/yoast-seo-wordpress\/ -->\n<title>Le cause del russare - Anti Ronflement<\/title>\n<meta name=\"robots\" content=\"index, follow, max-snippet:-1, max-image-preview:large, max-video-preview:-1\" \/>\n<link rel=\"canonical\" href=\"https:\/\/antironflement.org\/index.php\/it\/le-cause-del-russare\/\" \/>\n<meta property=\"og:locale\" content=\"fr_FR\" \/>\n<meta property=\"og:type\" content=\"article\" \/>\n<meta property=\"og:title\" content=\"Le cause del russare - Anti Ronflement\" \/>\n<meta property=\"og:description\" content=\"1\/ Sesso: gli uomini russano pi\u00f9 delle donne Gli uomini hanno vie aeree pi\u00f9 strette rispetto alle donne, che nel tempo (con l&rsquo;avanzare dell&rsquo;et\u00e0, vedi sotto) causeranno il russare (nella maggior parte dei casi). 2\/ Et\u00e0: il russare aumenta con l&rsquo;et\u00e0. Con l&rsquo;et\u00e0, i muscoli della gola perdono tono e i tessuti si rilassano, il che pu\u00f2 causare il russamento. Ma va notato che nel corso degli anni la curva pu\u00f2 essere invertita.&nbsp;Le persone molto anziane possono russare, ma \u00e8 vero che anche il russamento tende a diminuire in et\u00e0 molto avanzata. Il russamento \u00e8 causato dalle vibrazioni dei tessuti molli della gola, in particolare del palato molle (la parte posteriore del palato).&nbsp;Il rilassamento dei muscoli durante il sonno \u00e8 in parte la causa. I muscoli della gola perdono tono con l&rsquo;et\u00e0, il che pu\u00f2 ridurre il russamento nelle persone molto anziane.&nbsp;Si pu\u00f2 stimare che il russamento raggiunga il suo apice tra i 40 e i 60 anni.&nbsp;Ci\u00f2 non esclude il russamento al di fuori di questa fascia di et\u00e0. 3\/ Peso e dieta Il sovrappeso e l&rsquo;obesit\u00e0 promuovono il russamento quotidiano che pu\u00f2 essere accompagnato dall&rsquo;apnea notturna.il sovrappeso e l&rsquo;obesit\u00e0 possono causare il russare a causa dell&rsquo;accumulo di grasso intorno al collo che pu\u00f2 comprimere le vie respiratorie. Una dieta equilibrata associata a uno stile di vita sano (attivit\u00e0 sportiva) pu\u00f2 ridurre o addirittura eliminare il russare. 4\/ Ostruzione nasale o rinofaringea Un naso \u00ab\u00a0chiuso\u00a0\u00bb pu\u00f2 essere causato da un setto deviato, infiammazione del seno, allergie o persino stafilococchi. L&rsquo;ostruzione nasofaringea pu\u00f2 anche essere causata da tonsille o adenoidi ingrossate. 5\/ Stare sdraiati sulla schiena peggiora il russare. Dormire sulla schiena pu\u00f2 far ricadere la lingua e bloccare le vie respiratorie. 6\/ L&rsquo;assorbimento dell&rsquo;alcool. L&rsquo;alcol rilassa i muscoli della gola e quindi peggiora il russare.\" \/>\n<meta property=\"og:url\" content=\"https:\/\/antironflement.org\/index.php\/it\/le-cause-del-russare\/\" \/>\n<meta property=\"og:site_name\" content=\"Anti Ronflement\" \/>\n<meta property=\"article:modified_time\" content=\"2023-06-29T16:15:12+00:00\" \/>\n<meta property=\"og:image\" content=\"https:\/\/antironflement.org\/wp-content\/uploads\/2023\/06\/les-hommes-ronflent-plus-que-les-femmes-.jpg\" \/>\n<meta name=\"twitter:card\" content=\"summary_large_image\" \/>\n<meta name=\"twitter:label1\" content=\"Dur\u00e9e de lecture estim\u00e9e\" \/>\n\t<meta name=\"twitter:data1\" content=\"3 minutes\" \/>\n<script type=\"application\/ld+json\" class=\"yoast-schema-graph\">{\"@context\":\"https:\\\/\\\/schema.org\",\"@graph\":[{\"@type\":\"WebPage\",\"@id\":\"https:\\\/\\\/antironflement.org\\\/index.php\\\/it\\\/le-cause-del-russare\\\/\",\"url\":\"https:\\\/\\\/antironflement.org\\\/index.php\\\/it\\\/le-cause-del-russare\\\/\",\"name\":\"Le cause del russare - Anti Ronflement\",\"isPartOf\":{\"@id\":\"https:\\\/\\\/antironflement.org\\\/#website\"},\"primaryImageOfPage\":{\"@id\":\"https:\\\/\\\/antironflement.org\\\/index.php\\\/it\\\/le-cause-del-russare\\\/#primaryimage\"},\"image\":{\"@id\":\"https:\\\/\\\/antironflement.org\\\/index.php\\\/it\\\/le-cause-del-russare\\\/#primaryimage\"},\"thumbnailUrl\":\"https:\\\/\\\/antironflement.org\\\/wp-content\\\/uploads\\\/2023\\\/06\\\/les-hommes-ronflent-plus-que-les-femmes-.jpg\",\"datePublished\":\"2023-06-29T16:14:45+00:00\",\"dateModified\":\"2023-06-29T16:15:12+00:00\",\"breadcrumb\":{\"@id\":\"https:\\\/\\\/antironflement.org\\\/index.php\\\/it\\\/le-cause-del-russare\\\/#breadcrumb\"},\"inLanguage\":\"fr-FR\",\"potentialAction\":[{\"@type\":\"ReadAction\",\"target\":[\"https:\\\/\\\/antironflement.org\\\/index.php\\\/it\\\/le-cause-del-russare\\\/\"]}]},{\"@type\":\"ImageObject\",\"inLanguage\":\"fr-FR\",\"@id\":\"https:\\\/\\\/antironflement.org\\\/index.php\\\/it\\\/le-cause-del-russare\\\/#primaryimage\",\"url\":\"https:\\\/\\\/antironflement.org\\\/wp-content\\\/uploads\\\/2023\\\/06\\\/les-hommes-ronflent-plus-que-les-femmes-.jpg\",\"contentUrl\":\"https:\\\/\\\/antironflement.org\\\/wp-content\\\/uploads\\\/2023\\\/06\\\/les-hommes-ronflent-plus-que-les-femmes-.jpg\",\"width\":1024,\"height\":955},{\"@type\":\"BreadcrumbList\",\"@id\":\"https:\\\/\\\/antironflement.org\\\/index.php\\\/it\\\/le-cause-del-russare\\\/#breadcrumb\",\"itemListElement\":[{\"@type\":\"ListItem\",\"position\":1,\"name\":\"Accueil\",\"item\":\"https:\\\/\\\/antironflement.org\\\/index.php\\\/en\\\/\"},{\"@type\":\"ListItem\",\"position\":2,\"name\":\"Le cause del russare\"}]},{\"@type\":\"WebSite\",\"@id\":\"https:\\\/\\\/antironflement.org\\\/#website\",\"url\":\"https:\\\/\\\/antironflement.org\\\/\",\"name\":\"Anti Ronflement\",\"description\":\"Avis et tests des solutions pour moins ronfler\",\"publisher\":{\"@id\":\"https:\\\/\\\/antironflement.org\\\/#organization\"},\"potentialAction\":[{\"@type\":\"SearchAction\",\"target\":{\"@type\":\"EntryPoint\",\"urlTemplate\":\"https:\\\/\\\/antironflement.org\\\/?s={search_term_string}\"},\"query-input\":{\"@type\":\"PropertyValueSpecification\",\"valueRequired\":true,\"valueName\":\"search_term_string\"}}],\"inLanguage\":\"fr-FR\"},{\"@type\":\"Organization\",\"@id\":\"https:\\\/\\\/antironflement.org\\\/#organization\",\"name\":\"Anti Ronflement\",\"url\":\"https:\\\/\\\/antironflement.org\\\/\",\"logo\":{\"@type\":\"ImageObject\",\"inLanguage\":\"fr-FR\",\"@id\":\"https:\\\/\\\/antironflement.org\\\/#\\\/schema\\\/logo\\\/image\\\/\",\"url\":\"https:\\\/\\\/antironflement.org\\\/wp-content\\\/uploads\\\/2022\\\/04\\\/antironflementlogotopgris.webp\",\"contentUrl\":\"https:\\\/\\\/antironflement.org\\\/wp-content\\\/uploads\\\/2022\\\/04\\\/antironflementlogotopgris.webp\",\"width\":450,\"height\":200,\"caption\":\"Anti Ronflement\"},\"image\":{\"@id\":\"https:\\\/\\\/antironflement.org\\\/#\\\/schema\\\/logo\\\/image\\\/\"}}]}<\/script>\n<!-- \/ Yoast SEO plugin. -->","yoast_head_json":{"title":"Le cause del russare - Anti Ronflement","robots":{"index":"index","follow":"follow","max-snippet":"max-snippet:-1","max-image-preview":"max-image-preview:large","max-video-preview":"max-video-preview:-1"},"canonical":"https:\/\/antironflement.org\/index.php\/it\/le-cause-del-russare\/","og_locale":"fr_FR","og_type":"article","og_title":"Le cause del russare - Anti Ronflement","og_description":"1\/ Sesso: gli uomini russano pi\u00f9 delle donne Gli uomini hanno vie aeree pi\u00f9 strette rispetto alle donne, che nel tempo (con l&rsquo;avanzare dell&rsquo;et\u00e0, vedi sotto) causeranno il russare (nella maggior parte dei casi). 2\/ Et\u00e0: il russare aumenta con l&rsquo;et\u00e0. Con l&rsquo;et\u00e0, i muscoli della gola perdono tono e i tessuti si rilassano, il che pu\u00f2 causare il russamento. Ma va notato che nel corso degli anni la curva pu\u00f2 essere invertita.&nbsp;Le persone molto anziane possono russare, ma \u00e8 vero che anche il russamento tende a diminuire in et\u00e0 molto avanzata. Il russamento \u00e8 causato dalle vibrazioni dei tessuti molli della gola, in particolare del palato molle (la parte posteriore del palato).&nbsp;Il rilassamento dei muscoli durante il sonno \u00e8 in parte la causa. I muscoli della gola perdono tono con l&rsquo;et\u00e0, il che pu\u00f2 ridurre il russamento nelle persone molto anziane.&nbsp;Si pu\u00f2 stimare che il russamento raggiunga il suo apice tra i 40 e i 60 anni.&nbsp;Ci\u00f2 non esclude il russamento al di fuori di questa fascia di et\u00e0. 3\/ Peso e dieta Il sovrappeso e l&rsquo;obesit\u00e0 promuovono il russamento quotidiano che pu\u00f2 essere accompagnato dall&rsquo;apnea notturna.il sovrappeso e l&rsquo;obesit\u00e0 possono causare il russare a causa dell&rsquo;accumulo di grasso intorno al collo che pu\u00f2 comprimere le vie respiratorie. Una dieta equilibrata associata a uno stile di vita sano (attivit\u00e0 sportiva) pu\u00f2 ridurre o addirittura eliminare il russare. 4\/ Ostruzione nasale o rinofaringea Un naso \u00ab\u00a0chiuso\u00a0\u00bb pu\u00f2 essere causato da un setto deviato, infiammazione del seno, allergie o persino stafilococchi. L&rsquo;ostruzione nasofaringea pu\u00f2 anche essere causata da tonsille o adenoidi ingrossate. 5\/ Stare sdraiati sulla schiena peggiora il russare. Dormire sulla schiena pu\u00f2 far ricadere la lingua e bloccare le vie respiratorie. 6\/ L&rsquo;assorbimento dell&rsquo;alcool. L&rsquo;alcol rilassa i muscoli della gola e quindi peggiora il russare.","og_url":"https:\/\/antironflement.org\/index.php\/it\/le-cause-del-russare\/","og_site_name":"Anti Ronflement","article_modified_time":"2023-06-29T16:15:12+00:00","og_image":[{"url":"https:\/\/antironflement.org\/wp-content\/uploads\/2023\/06\/les-hommes-ronflent-plus-que-les-femmes-.jpg","type":"","width":"","height":""}],"twitter_card":"summary_large_image","twitter_misc":{"Dur\u00e9e de lecture estim\u00e9e":"3 minutes"},"schema":{"@context":"https:\/\/schema.org","@graph":[{"@type":"WebPage","@id":"https:\/\/antironflement.org\/index.php\/it\/le-cause-del-russare\/","url":"https:\/\/antironflement.org\/index.php\/it\/le-cause-del-russare\/","name":"Le cause del russare - Anti Ronflement","isPartOf":{"@id":"https:\/\/antironflement.org\/#website"},"primaryImageOfPage":{"@id":"https:\/\/antironflement.org\/index.php\/it\/le-cause-del-russare\/#primaryimage"},"image":{"@id":"https:\/\/antironflement.org\/index.php\/it\/le-cause-del-russare\/#primaryimage"},"thumbnailUrl":"https:\/\/antironflement.org\/wp-content\/uploads\/2023\/06\/les-hommes-ronflent-plus-que-les-femmes-.jpg","datePublished":"2023-06-29T16:14:45+00:00","dateModified":"2023-06-29T16:15:12+00:00","breadcrumb":{"@id":"https:\/\/antironflement.org\/index.php\/it\/le-cause-del-russare\/#breadcrumb"},"inLanguage":"fr-FR","potentialAction":[{"@type":"ReadAction","target":["https:\/\/antironflement.org\/index.php\/it\/le-cause-del-russare\/"]}]},{"@type":"ImageObject","inLanguage":"fr-FR","@id":"https:\/\/antironflement.org\/index.php\/it\/le-cause-del-russare\/#primaryimage","url":"https:\/\/antironflement.org\/wp-content\/uploads\/2023\/06\/les-hommes-ronflent-plus-que-les-femmes-.jpg","contentUrl":"https:\/\/antironflement.org\/wp-content\/uploads\/2023\/06\/les-hommes-ronflent-plus-que-les-femmes-.jpg","width":1024,"height":955},{"@type":"BreadcrumbList","@id":"https:\/\/antironflement.org\/index.php\/it\/le-cause-del-russare\/#breadcrumb","itemListElement":[{"@type":"ListItem","position":1,"name":"Accueil","item":"https:\/\/antironflement.org\/index.php\/en\/"},{"@type":"ListItem","position":2,"name":"Le cause del russare"}]},{"@type":"WebSite","@id":"https:\/\/antironflement.org\/#website","url":"https:\/\/antironflement.org\/","name":"Anti Ronflement","description":"Avis et tests des solutions pour moins ronfler","publisher":{"@id":"https:\/\/antironflement.org\/#organization"},"potentialAction":[{"@type":"SearchAction","target":{"@type":"EntryPoint","urlTemplate":"https:\/\/antironflement.org\/?s={search_term_string}"},"query-input":{"@type":"PropertyValueSpecification","valueRequired":true,"valueName":"search_term_string"}}],"inLanguage":"fr-FR"},{"@type":"Organization","@id":"https:\/\/antironflement.org\/#organization","name":"Anti Ronflement","url":"https:\/\/antironflement.org\/","logo":{"@type":"ImageObject","inLanguage":"fr-FR","@id":"https:\/\/antironflement.org\/#\/schema\/logo\/image\/","url":"https:\/\/antironflement.org\/wp-content\/uploads\/2022\/04\/antironflementlogotopgris.webp","contentUrl":"https:\/\/antironflement.org\/wp-content\/uploads\/2022\/04\/antironflementlogotopgris.webp","width":450,"height":200,"caption":"Anti Ronflement"},"image":{"@id":"https:\/\/antironflement.org\/#\/schema\/logo\/image\/"}}]}},"acf":[],"_links":{"self":[{"href":"https:\/\/antironflement.org\/index.php\/wp-json\/wp\/v2\/pages\/2298","targetHints":{"allow":["GET"]}}],"collection":[{"href":"https:\/\/antironflement.org\/index.php\/wp-json\/wp\/v2\/pages"}],"about":[{"href":"https:\/\/antironflement.org\/index.php\/wp-json\/wp\/v2\/types\/page"}],"author":[{"embeddable":true,"href":"https:\/\/antironflement.org\/index.php\/wp-json\/wp\/v2\/users\/2"}],"replies":[{"embeddable":true,"href":"https:\/\/antironflement.org\/index.php\/wp-json\/wp\/v2\/comments?post=2298"}],"version-history":[{"count":2,"href":"https:\/\/antironflement.org\/index.php\/wp-json\/wp\/v2\/pages\/2298\/revisions"}],"predecessor-version":[{"id":2300,"href":"https:\/\/antironflement.org\/index.php\/wp-json\/wp\/v2\/pages\/2298\/revisions\/2300"}],"wp:attachment":[{"href":"https:\/\/antironflement.org\/index.php\/wp-json\/wp\/v2\/media?parent=2298"}],"curies":[{"name":"wp","href":"https:\/\/api.w.org\/{rel}","templated":true}]}}