{"id":2254,"date":"2023-06-28T19:59:47","date_gmt":"2023-06-28T17:59:47","guid":{"rendered":"https:\/\/antironflement.org\/index.php\/home-italiano\/"},"modified":"2023-06-29T19:28:27","modified_gmt":"2023-06-29T17:28:27","slug":"home-italiano","status":"publish","type":"page","link":"https:\/\/antironflement.org\/index.php\/it\/","title":{"rendered":"Homepage"},"content":{"rendered":"\n<h2 class=\"wp-block-heading\">Recensioni e test di soluzioni per ridurre il russare<\/h2>\n\n\n\n<p>Trova qui, recensioni e test di soluzioni anti-russamento.&nbsp;Presentazione dei prodotti, tecniche per russare di meno.<\/p>\n\n\n<div class=\"wp-block-image\">\n<figure class=\"aligncenter\"><img fetchpriority=\"high\" decoding=\"async\" width=\"640\" height=\"427\" src=\"https:\/\/antironflement.org\/wp-content\/uploads\/2022\/03\/Ronflement-couple-2-Small.jpg\" alt=\"coppia, uomo russante\" class=\"wp-image-457\" srcset=\"https:\/\/antironflement.org\/wp-content\/uploads\/2022\/03\/Ronflement-couple-2-Small.jpg 640w, https:\/\/antironflement.org\/wp-content\/uploads\/2022\/03\/Ronflement-couple-2-Small-600x400.jpg 600w, https:\/\/antironflement.org\/wp-content\/uploads\/2022\/03\/Ronflement-couple-2-Small-300x200.jpg 300w\" sizes=\"(max-width: 640px) 100vw, 640px\" \/><\/figure>\n<\/div>\n\n\n<h2 class=\"wp-block-heading\">Quante persone sono colpite dal russare?<\/h2>\n\n\n\n<p>Secondo l'\u00a0\u00bbAmerican Academy of Otolaryngology\u00a0\u00bb, il 70% degli adulti soffre di russamento.<\/p>\n\n\n\n<h2 class=\"wp-block-heading\">Quali sono le cause del russare?<\/h2>\n\n\n\n<p>Le cause sono molteplici, stile di vita, alcol, ostruzione e\/o deviazione nasale, et\u00e0, sovrappeso, apnea notturna, ne parler\u00f2 in questo blog cos\u00ec come le soluzioni esistenti.\u00a0<a href=\"https:\/\/antironflement-org.translate.goog\/index.php\/causes\/?_x_tr_sl=fr&amp;_x_tr_tl=it&amp;_x_tr_hl=fr&amp;_x_tr_pto=wapp\">In questa pagina <\/a><a href=\"https:\/\/antironflement.org\/index.php\/it\/le-cause-del-russare\/\">n<\/a><a href=\"https:\/\/antironflement-org.translate.goog\/index.php\/causes\/?_x_tr_sl=fr&amp;_x_tr_tl=it&amp;_x_tr_hl=fr&amp;_x_tr_pto=wapp\">e discuto le cause<\/a>\u00a0.<\/p>\n\n\n\n<h2 class=\"wp-block-heading\">Quali sono le conseguenze del russare?<\/h2>\n\n\n\n<p>Anche le conseguenze sono diverse: scarsa qualit\u00e0 del sonno, problemi di coppia, possibilit\u00e0 di apnea notturna, affaticamento&#8230;<\/p>\n\n\n\n<h2 class=\"wp-block-heading\">Quali sono le soluzioni per ridurre il russare?<\/h2>\n\n\n\n<p>L&rsquo;obiettivo di questo Blog \u00e8 raccontarvi,\u00a0<a href=\"https:\/\/antironflement.org\/index.php\/it\/a-proposito-2\/\">secondo la mia esperienza<\/a>\u00a0, delle tecniche e delle soluzioni che mi hanno permesso di ridurre il russamento e migliorare la qualit\u00e0 del sonno.<br>Troverai sezioni ma anche redazionali\/articoli\/argomenti, brevi, di facile lettura, su queste aree, o sui dispositivi anti-russamento, soluzioni, che ho potuto testare.\u00a0Quali funzionano e quali no.<\/p>\n\n\n\n<p>Ognuno \u00e8 diverso e questo blog non pu\u00f2 sostituire, ovviamente, il rapporto tra te e un otorinolaringoiatra, specialista del sonno (menzioner\u00f2 anche la necessit\u00e0 di consultare, quando e che tipo di specialista e cosa mi hanno offerto).<\/p>\n\n\n\n<p>Spero che i miei consigli, la mia esperienza, possano guidarti al meglio nella tua ricerca per migliorare la qualit\u00e0 della tua notte, e del tuo sonno.&nbsp;Pu\u00f2 davvero cambiarti la vita.<\/p>\n\n\n\n<h2 class=\"wp-block-heading\">I miei prodotti preferiti<\/h2>\n\n\n\n<p>Trovi anche nella sezione \u201c\u00a0<a href=\"https:\/\/antironflement.org\/index.php\/it\/i-miei-prodotti-preferiti-per-limitare-il-tuo-russare\/\">I miei prodotti preferiti<\/a>\u00a0\u201d, i prodotti che uso quotidianamente!<\/p>\n\n\n\n<p>Buona lettura !<\/p>\n\n\n\n<hr class=\"wp-block-separator has-alpha-channel-opacity\"\/>\n\n\n\n<blockquote class=\"wp-block-quote is-layout-flow wp-block-quote-is-layout-flow\">\n<p><em>\u00ab\u00a0Per assicurarti di russare, anche se sei solo, addormentati in un luogo dove c&rsquo;\u00e8 un&rsquo;eco e svegliati abbastanza velocemente da sentire l&rsquo;eco del russare che ti arriva. torna indietro.<\/em>\u00ab\u00a0<\/p>\n<cite>Boris Vian<\/cite><\/blockquote>\n","protected":false},"excerpt":{"rendered":"<p>Recensioni e test di soluzioni per ridurre il russare Trova qui, recensioni e test di soluzioni anti-russamento.&nbsp;Presentazione dei prodotti, tecniche per russare di meno. Quante persone sono colpite dal russare? Secondo l&rsquo;\u00a0\u00bbAmerican Academy of Otolaryngology\u00a0\u00bb, il 70% degli adulti soffre di russamento. Quali sono le cause del russare? Le cause sono molteplici, stile di vita, alcol, ostruzione e\/o deviazione nasale, et\u00e0, sovrappeso, apnea notturna, ne parler\u00f2 in questo blog cos\u00ec come le soluzioni esistenti.\u00a0In questa pagina ne discuto le cause\u00a0. Quali sono le conseguenze del russare? Anche le conseguenze sono diverse: scarsa qualit\u00e0 del sonno, problemi di coppia, possibilit\u00e0 di apnea notturna, affaticamento&#8230; Quali sono le soluzioni per ridurre il russare? L&rsquo;obiettivo di questo Blog \u00e8 raccontarvi,\u00a0secondo la mia esperienza\u00a0, delle tecniche e delle soluzioni che mi hanno permesso di ridurre il russamento e migliorare la qualit\u00e0 del sonno.Troverai sezioni ma anche redazionali\/articoli\/argomenti, brevi, di facile lettura, su queste aree, o sui dispositivi anti-russamento, soluzioni, che ho potuto testare.\u00a0Quali funzionano e quali no. Ognuno \u00e8 diverso e questo blog non pu\u00f2 sostituire, ovviamente, il rapporto tra te e un otorinolaringoiatra, specialista del sonno (menzioner\u00f2 anche la necessit\u00e0 di consultare, quando e che tipo di specialista e cosa mi hanno offerto). Spero che i miei consigli, la mia esperienza, possano guidarti al meglio nella tua ricerca per migliorare la qualit\u00e0 della tua notte, e del tuo sonno.&nbsp;Pu\u00f2 davvero cambiarti la vita. I miei prodotti preferiti Trovi anche nella sezione \u201c\u00a0I miei prodotti preferiti\u00a0\u201d, i prodotti che uso quotidianamente! Buona lettura ! \u00ab\u00a0Per assicurarti di russare, anche se sei solo, addormentati in un luogo dove c&rsquo;\u00e8 un&rsquo;eco e svegliati abbastanza velocemente da sentire l&rsquo;eco del russare che ti arriva. torna indietro.\u00ab\u00a0 Boris Vian<\/p>\n","protected":false},"author":2,"featured_media":0,"parent":0,"menu_order":0,"comment_status":"closed","ping_status":"closed","template":"","meta":{"two_page_speed":[],"footnotes":""},"class_list":["post-2254","page","type-page","status-publish","hentry"],"yoast_head":"<!-- This site is optimized with the Yoast SEO plugin v27.3 - https:\/\/yoast.com\/product\/yoast-seo-wordpress\/ -->\n<title>Homepage - Anti Ronflement<\/title>\n<meta name=\"robots\" content=\"index, follow, max-snippet:-1, max-image-preview:large, max-video-preview:-1\" \/>\n<link rel=\"canonical\" href=\"https:\/\/antironflement.org\/index.php\/it\/\" \/>\n<meta property=\"og:locale\" content=\"fr_FR\" \/>\n<meta property=\"og:type\" content=\"article\" \/>\n<meta property=\"og:title\" content=\"Homepage - Anti Ronflement\" \/>\n<meta property=\"og:description\" content=\"Recensioni e test di soluzioni per ridurre il russare Trova qui, recensioni e test di soluzioni anti-russamento.&nbsp;Presentazione dei prodotti, tecniche per russare di meno. Quante persone sono colpite dal russare? Secondo l&#039;\u00a0\u00bbAmerican Academy of Otolaryngology\u00a0\u00bb, il 70% degli adulti soffre di russamento. Quali sono le cause del russare? Le cause sono molteplici, stile di vita, alcol, ostruzione e\/o deviazione nasale, et\u00e0, sovrappeso, apnea notturna, ne parler\u00f2 in questo blog cos\u00ec come le soluzioni esistenti.\u00a0In questa pagina ne discuto le cause\u00a0. Quali sono le conseguenze del russare? Anche le conseguenze sono diverse: scarsa qualit\u00e0 del sonno, problemi di coppia, possibilit\u00e0 di apnea notturna, affaticamento&#8230; Quali sono le soluzioni per ridurre il russare? L&rsquo;obiettivo di questo Blog \u00e8 raccontarvi,\u00a0secondo la mia esperienza\u00a0, delle tecniche e delle soluzioni che mi hanno permesso di ridurre il russamento e migliorare la qualit\u00e0 del sonno.Troverai sezioni ma anche redazionali\/articoli\/argomenti, brevi, di facile lettura, su queste aree, o sui dispositivi anti-russamento, soluzioni, che ho potuto testare.\u00a0Quali funzionano e quali no. Ognuno \u00e8 diverso e questo blog non pu\u00f2 sostituire, ovviamente, il rapporto tra te e un otorinolaringoiatra, specialista del sonno (menzioner\u00f2 anche la necessit\u00e0 di consultare, quando e che tipo di specialista e cosa mi hanno offerto). Spero che i miei consigli, la mia esperienza, possano guidarti al meglio nella tua ricerca per migliorare la qualit\u00e0 della tua notte, e del tuo sonno.&nbsp;Pu\u00f2 davvero cambiarti la vita. I miei prodotti preferiti Trovi anche nella sezione \u201c\u00a0I miei prodotti preferiti\u00a0\u201d, i prodotti che uso quotidianamente! Buona lettura ! \u00ab\u00a0Per assicurarti di russare, anche se sei solo, addormentati in un luogo dove c&rsquo;\u00e8 un&rsquo;eco e svegliati abbastanza velocemente da sentire l&rsquo;eco del russare che ti arriva. torna indietro.\u00ab\u00a0 Boris Vian\" \/>\n<meta property=\"og:url\" content=\"https:\/\/antironflement.org\/index.php\/it\/\" \/>\n<meta property=\"og:site_name\" content=\"Anti Ronflement\" \/>\n<meta property=\"article:modified_time\" content=\"2023-06-29T17:28:27+00:00\" \/>\n<meta property=\"og:image\" content=\"https:\/\/antironflement.org\/wp-content\/uploads\/2022\/03\/Ronflement-couple-2-Small.jpg\" \/>\n<meta name=\"twitter:card\" content=\"summary_large_image\" \/>\n<meta name=\"twitter:label1\" content=\"Dur\u00e9e de lecture estim\u00e9e\" \/>\n\t<meta name=\"twitter:data1\" content=\"2 minutes\" \/>\n<script type=\"application\/ld+json\" class=\"yoast-schema-graph\">{\"@context\":\"https:\\\/\\\/schema.org\",\"@graph\":[{\"@type\":\"WebPage\",\"@id\":\"https:\\\/\\\/antironflement.org\\\/index.php\\\/it\\\/\",\"url\":\"https:\\\/\\\/antironflement.org\\\/index.php\\\/it\\\/\",\"name\":\"Homepage - Anti Ronflement\",\"isPartOf\":{\"@id\":\"https:\\\/\\\/antironflement.org\\\/#website\"},\"primaryImageOfPage\":{\"@id\":\"https:\\\/\\\/antironflement.org\\\/index.php\\\/it\\\/#primaryimage\"},\"image\":{\"@id\":\"https:\\\/\\\/antironflement.org\\\/index.php\\\/it\\\/#primaryimage\"},\"thumbnailUrl\":\"https:\\\/\\\/antironflement.org\\\/wp-content\\\/uploads\\\/2022\\\/03\\\/Ronflement-couple-2-Small.jpg\",\"datePublished\":\"2023-06-28T17:59:47+00:00\",\"dateModified\":\"2023-06-29T17:28:27+00:00\",\"breadcrumb\":{\"@id\":\"https:\\\/\\\/antironflement.org\\\/index.php\\\/it\\\/#breadcrumb\"},\"inLanguage\":\"fr-FR\",\"potentialAction\":[{\"@type\":\"ReadAction\",\"target\":[\"https:\\\/\\\/antironflement.org\\\/index.php\\\/it\\\/\"]}]},{\"@type\":\"ImageObject\",\"inLanguage\":\"fr-FR\",\"@id\":\"https:\\\/\\\/antironflement.org\\\/index.php\\\/it\\\/#primaryimage\",\"url\":\"https:\\\/\\\/antironflement.org\\\/wp-content\\\/uploads\\\/2022\\\/03\\\/Ronflement-couple-2-Small.jpg\",\"contentUrl\":\"https:\\\/\\\/antironflement.org\\\/wp-content\\\/uploads\\\/2022\\\/03\\\/Ronflement-couple-2-Small.jpg\",\"width\":640,\"height\":427},{\"@type\":\"BreadcrumbList\",\"@id\":\"https:\\\/\\\/antironflement.org\\\/index.php\\\/it\\\/#breadcrumb\",\"itemListElement\":[{\"@type\":\"ListItem\",\"position\":1,\"name\":\"Accueil\",\"item\":\"https:\\\/\\\/antironflement.org\\\/index.php\\\/en\\\/\"},{\"@type\":\"ListItem\",\"position\":2,\"name\":\"Homepage\"}]},{\"@type\":\"WebSite\",\"@id\":\"https:\\\/\\\/antironflement.org\\\/#website\",\"url\":\"https:\\\/\\\/antironflement.org\\\/\",\"name\":\"Anti Ronflement\",\"description\":\"Avis et tests des solutions pour moins ronfler\",\"publisher\":{\"@id\":\"https:\\\/\\\/antironflement.org\\\/#organization\"},\"potentialAction\":[{\"@type\":\"SearchAction\",\"target\":{\"@type\":\"EntryPoint\",\"urlTemplate\":\"https:\\\/\\\/antironflement.org\\\/?s={search_term_string}\"},\"query-input\":{\"@type\":\"PropertyValueSpecification\",\"valueRequired\":true,\"valueName\":\"search_term_string\"}}],\"inLanguage\":\"fr-FR\"},{\"@type\":\"Organization\",\"@id\":\"https:\\\/\\\/antironflement.org\\\/#organization\",\"name\":\"Anti Ronflement\",\"url\":\"https:\\\/\\\/antironflement.org\\\/\",\"logo\":{\"@type\":\"ImageObject\",\"inLanguage\":\"fr-FR\",\"@id\":\"https:\\\/\\\/antironflement.org\\\/#\\\/schema\\\/logo\\\/image\\\/\",\"url\":\"https:\\\/\\\/antironflement.org\\\/wp-content\\\/uploads\\\/2022\\\/04\\\/antironflementlogotopgris.webp\",\"contentUrl\":\"https:\\\/\\\/antironflement.org\\\/wp-content\\\/uploads\\\/2022\\\/04\\\/antironflementlogotopgris.webp\",\"width\":450,\"height\":200,\"caption\":\"Anti Ronflement\"},\"image\":{\"@id\":\"https:\\\/\\\/antironflement.org\\\/#\\\/schema\\\/logo\\\/image\\\/\"}}]}<\/script>\n<!-- \/ Yoast SEO plugin. -->","yoast_head_json":{"title":"Homepage - Anti Ronflement","robots":{"index":"index","follow":"follow","max-snippet":"max-snippet:-1","max-image-preview":"max-image-preview:large","max-video-preview":"max-video-preview:-1"},"canonical":"https:\/\/antironflement.org\/index.php\/it\/","og_locale":"fr_FR","og_type":"article","og_title":"Homepage - Anti Ronflement","og_description":"Recensioni e test di soluzioni per ridurre il russare Trova qui, recensioni e test di soluzioni anti-russamento.&nbsp;Presentazione dei prodotti, tecniche per russare di meno. Quante persone sono colpite dal russare? Secondo l'\u00a0\u00bbAmerican Academy of Otolaryngology\u00a0\u00bb, il 70% degli adulti soffre di russamento. Quali sono le cause del russare? Le cause sono molteplici, stile di vita, alcol, ostruzione e\/o deviazione nasale, et\u00e0, sovrappeso, apnea notturna, ne parler\u00f2 in questo blog cos\u00ec come le soluzioni esistenti.\u00a0In questa pagina ne discuto le cause\u00a0. Quali sono le conseguenze del russare? Anche le conseguenze sono diverse: scarsa qualit\u00e0 del sonno, problemi di coppia, possibilit\u00e0 di apnea notturna, affaticamento&#8230; Quali sono le soluzioni per ridurre il russare? L&rsquo;obiettivo di questo Blog \u00e8 raccontarvi,\u00a0secondo la mia esperienza\u00a0, delle tecniche e delle soluzioni che mi hanno permesso di ridurre il russamento e migliorare la qualit\u00e0 del sonno.Troverai sezioni ma anche redazionali\/articoli\/argomenti, brevi, di facile lettura, su queste aree, o sui dispositivi anti-russamento, soluzioni, che ho potuto testare.\u00a0Quali funzionano e quali no. Ognuno \u00e8 diverso e questo blog non pu\u00f2 sostituire, ovviamente, il rapporto tra te e un otorinolaringoiatra, specialista del sonno (menzioner\u00f2 anche la necessit\u00e0 di consultare, quando e che tipo di specialista e cosa mi hanno offerto). Spero che i miei consigli, la mia esperienza, possano guidarti al meglio nella tua ricerca per migliorare la qualit\u00e0 della tua notte, e del tuo sonno.&nbsp;Pu\u00f2 davvero cambiarti la vita. I miei prodotti preferiti Trovi anche nella sezione \u201c\u00a0I miei prodotti preferiti\u00a0\u201d, i prodotti che uso quotidianamente! Buona lettura ! \u00ab\u00a0Per assicurarti di russare, anche se sei solo, addormentati in un luogo dove c&rsquo;\u00e8 un&rsquo;eco e svegliati abbastanza velocemente da sentire l&rsquo;eco del russare che ti arriva. torna indietro.\u00ab\u00a0 Boris Vian","og_url":"https:\/\/antironflement.org\/index.php\/it\/","og_site_name":"Anti Ronflement","article_modified_time":"2023-06-29T17:28:27+00:00","og_image":[{"url":"https:\/\/antironflement.org\/wp-content\/uploads\/2022\/03\/Ronflement-couple-2-Small.jpg","type":"","width":"","height":""}],"twitter_card":"summary_large_image","twitter_misc":{"Dur\u00e9e de lecture estim\u00e9e":"2 minutes"},"schema":{"@context":"https:\/\/schema.org","@graph":[{"@type":"WebPage","@id":"https:\/\/antironflement.org\/index.php\/it\/","url":"https:\/\/antironflement.org\/index.php\/it\/","name":"Homepage - Anti Ronflement","isPartOf":{"@id":"https:\/\/antironflement.org\/#website"},"primaryImageOfPage":{"@id":"https:\/\/antironflement.org\/index.php\/it\/#primaryimage"},"image":{"@id":"https:\/\/antironflement.org\/index.php\/it\/#primaryimage"},"thumbnailUrl":"https:\/\/antironflement.org\/wp-content\/uploads\/2022\/03\/Ronflement-couple-2-Small.jpg","datePublished":"2023-06-28T17:59:47+00:00","dateModified":"2023-06-29T17:28:27+00:00","breadcrumb":{"@id":"https:\/\/antironflement.org\/index.php\/it\/#breadcrumb"},"inLanguage":"fr-FR","potentialAction":[{"@type":"ReadAction","target":["https:\/\/antironflement.org\/index.php\/it\/"]}]},{"@type":"ImageObject","inLanguage":"fr-FR","@id":"https:\/\/antironflement.org\/index.php\/it\/#primaryimage","url":"https:\/\/antironflement.org\/wp-content\/uploads\/2022\/03\/Ronflement-couple-2-Small.jpg","contentUrl":"https:\/\/antironflement.org\/wp-content\/uploads\/2022\/03\/Ronflement-couple-2-Small.jpg","width":640,"height":427},{"@type":"BreadcrumbList","@id":"https:\/\/antironflement.org\/index.php\/it\/#breadcrumb","itemListElement":[{"@type":"ListItem","position":1,"name":"Accueil","item":"https:\/\/antironflement.org\/index.php\/en\/"},{"@type":"ListItem","position":2,"name":"Homepage"}]},{"@type":"WebSite","@id":"https:\/\/antironflement.org\/#website","url":"https:\/\/antironflement.org\/","name":"Anti Ronflement","description":"Avis et tests des solutions pour moins ronfler","publisher":{"@id":"https:\/\/antironflement.org\/#organization"},"potentialAction":[{"@type":"SearchAction","target":{"@type":"EntryPoint","urlTemplate":"https:\/\/antironflement.org\/?s={search_term_string}"},"query-input":{"@type":"PropertyValueSpecification","valueRequired":true,"valueName":"search_term_string"}}],"inLanguage":"fr-FR"},{"@type":"Organization","@id":"https:\/\/antironflement.org\/#organization","name":"Anti Ronflement","url":"https:\/\/antironflement.org\/","logo":{"@type":"ImageObject","inLanguage":"fr-FR","@id":"https:\/\/antironflement.org\/#\/schema\/logo\/image\/","url":"https:\/\/antironflement.org\/wp-content\/uploads\/2022\/04\/antironflementlogotopgris.webp","contentUrl":"https:\/\/antironflement.org\/wp-content\/uploads\/2022\/04\/antironflementlogotopgris.webp","width":450,"height":200,"caption":"Anti Ronflement"},"image":{"@id":"https:\/\/antironflement.org\/#\/schema\/logo\/image\/"}}]}},"acf":[],"_links":{"self":[{"href":"https:\/\/antironflement.org\/index.php\/wp-json\/wp\/v2\/pages\/2254","targetHints":{"allow":["GET"]}}],"collection":[{"href":"https:\/\/antironflement.org\/index.php\/wp-json\/wp\/v2\/pages"}],"about":[{"href":"https:\/\/antironflement.org\/index.php\/wp-json\/wp\/v2\/types\/page"}],"author":[{"embeddable":true,"href":"https:\/\/antironflement.org\/index.php\/wp-json\/wp\/v2\/users\/2"}],"replies":[{"embeddable":true,"href":"https:\/\/antironflement.org\/index.php\/wp-json\/wp\/v2\/comments?post=2254"}],"version-history":[{"count":4,"href":"https:\/\/antironflement.org\/index.php\/wp-json\/wp\/v2\/pages\/2254\/revisions"}],"predecessor-version":[{"id":2422,"href":"https:\/\/antironflement.org\/index.php\/wp-json\/wp\/v2\/pages\/2254\/revisions\/2422"}],"wp:attachment":[{"href":"https:\/\/antironflement.org\/index.php\/wp-json\/wp\/v2\/media?parent=2254"}],"curies":[{"name":"wp","href":"https:\/\/api.w.org\/{rel}","templated":true}]}}