{"id":2072,"date":"2023-06-27T14:30:47","date_gmt":"2023-06-27T12:30:47","guid":{"rendered":"https:\/\/antironflement.org\/?page_id=2072"},"modified":"2024-08-15T00:09:33","modified_gmt":"2024-08-14T22:09:33","slug":"soluciones-anti-ronquidos","status":"publish","type":"page","link":"https:\/\/antironflement.org\/index.php\/es\/soluciones-anti-ronquidos\/","title":{"rendered":"Soluciones anti ronquidos"},"content":{"rendered":"\n<h2 class=\"wp-block-heading\">1\/ Primero determina por qu\u00e9 roncas<\/h2>\n\n\n<div class=\"wp-block-image\">\n<figure class=\"aligncenter is-resized\"><img fetchpriority=\"high\" decoding=\"async\" width=\"1024\" height=\"967\" src=\"https:\/\/antironflement.org\/wp-content\/uploads\/2023\/06\/ORL-sommeil-diagnostique.jpg\" alt=\"\" class=\"wp-image-1487\" style=\"width:346px;height:327px\" srcset=\"https:\/\/antironflement.org\/wp-content\/uploads\/2023\/06\/ORL-sommeil-diagnostique.jpg 1024w, https:\/\/antironflement.org\/wp-content\/uploads\/2023\/06\/ORL-sommeil-diagnostique-300x283.jpg 300w, https:\/\/antironflement.org\/wp-content\/uploads\/2023\/06\/ORL-sommeil-diagnostique-768x725.jpg 768w, https:\/\/antironflement.org\/wp-content\/uploads\/2023\/06\/ORL-sommeil-diagnostique-600x567.jpg 600w\" sizes=\"(max-width: 1024px) 100vw, 1024px\" \/><\/figure>\n<\/div>\n\n\n<p>Consulte mi p\u00e1gina de \u00a0\u00bb&nbsp;&nbsp;<a href=\"https:\/\/antironflement.org\/index.php\/es\/las-causas-de-los-ronquidos\/\">Causas<\/a>&nbsp;\u00ab\u00a0, hay muchas y todos somos diferentes.<\/p>\n\n\n\n<p>Para encontrar las soluciones adecuadas PARA USTED, deber\u00e1 realizar el diagn\u00f3stico correcto.<\/p>\n\n\n\n<p>Una consulta con un otorrinolaring\u00f3logo le ayudar\u00e1.<\/p>\n\n\n\n<h2 class=\"wp-block-heading\">2\/ Luego proceda a sus propias pruebas, con soluciones o productos que sean realmente efectivos (con buenas cr\u00edticas de los clientes)<\/h2>\n\n\n\n<p>Soluciones que funcionan:<\/p>\n\n\n\n<p>Con la compra de productos:<\/p>\n\n\n\n<ul class=\"wp-block-list\">\n<li><a href=\"https:\/\/antironflement.org\/index.php\/es\/category\/pruebas\/aerosol-nasal\/\">Aerosol nasal para liberar las mucosas<\/a><\/li>\n\n\n\n<li><a href=\"https:\/\/antironflement.org\/index.php\/es\/category\/pruebas\/retractor-nasal\/\">Retractor nasal que te permite respirar mejor por la nariz<\/a><\/li>\n\n\n\n<li><a href=\"https:\/\/antironflement.org\/index.php\/es\/category\/pruebas\/mentonera-y-boquilla\/\">Mantener la boca cerrada para respirar por la nariz: barboquejo o boquilla<\/a><\/li>\n\n\n\n<li><a href=\"https:\/\/antironflement.org\/index.php\/es\/category\/pruebas\/ortesis\/\">\u00d3rtesis bucal con avance mandibular que libera el paso del aire a nivel de la faringe<\/a>&nbsp;<\/li>\n\n\n\n<li><a href=\"https:\/\/antironflement.org\/index.php\/es\/category\/pruebas\/dormir-boca-abajo\/\">Obligarte a dormir boca abajo usando un dispositivo en tu espalda<\/a><\/li>\n\n\n\n<li><a href=\"https:\/\/antironflement.org\/index.php\/es\/category\/pruebas\/contra-el-ruido\/\">Ofrezca a su socio soluciones antirruido<\/a><\/li>\n<\/ul>\n\n\n\n<p>Sin productos:<\/p>\n\n\n\n<ul class=\"wp-block-list\">\n<li><a href=\"https:\/\/antironflement.org\/index.php\/es\/2023\/06\/27\/ejercicios-de-los-musculos-maxilofaciales\/\">Ejercicios de los m\u00fasculos maxilofaciales<\/a><\/li>\n\n\n\n<li><a href=\"https:\/\/antironflement.org\/index.php\/es\/2023\/06\/27\/deporte-sobrepeso\/\">Practica deportes, lleva un estilo de vida saludable, comida y sin alcohol<\/a><\/li>\n\n\n\n<li><a href=\"https:\/\/antironflement.org\/index.php\/es\/2023\/06\/27\/otorrinolaringologo-especialista-en-sueno-y-cirugia\/\">Consultar a un otorrinolaring\u00f3logo, con posible intervenci\u00f3n<\/a><\/li>\n<\/ul>\n\n\n\n<h2 class=\"wp-block-heading\">3\/ Analizar los resultados<\/h2>\n\n\n<div class=\"wp-block-image\">\n<figure class=\"aligncenter is-resized\"><img decoding=\"async\" width=\"951\" height=\"474\" src=\"https:\/\/antironflement.org\/wp-content\/uploads\/2023\/06\/analyse-du-sommeil.jpg\" alt=\"\" class=\"wp-image-1488\" style=\"width:519px;height:258px\" srcset=\"https:\/\/antironflement.org\/wp-content\/uploads\/2023\/06\/analyse-du-sommeil.jpg 951w, https:\/\/antironflement.org\/wp-content\/uploads\/2023\/06\/analyse-du-sommeil-300x150.jpg 300w, https:\/\/antironflement.org\/wp-content\/uploads\/2023\/06\/analyse-du-sommeil-768x383.jpg 768w, https:\/\/antironflement.org\/wp-content\/uploads\/2023\/06\/analyse-du-sommeil-600x299.jpg 600w\" sizes=\"(max-width: 951px) 100vw, 951px\" \/><\/figure>\n<\/div>\n\n\n<p>Esta parte es muy importante y llevar\u00e1 tiempo.&nbsp;Tambi\u00e9n ser\u00e1 necesario comparar con situaciones comparables (\u00a1no sacar conclusiones apresuradas si un resultado no es concluyente despu\u00e9s de una comida gigantesca y bien aguada!).<\/p>\n\n\n\n<p>La prueba tambi\u00e9n debe realizarse durante un per\u00edodo m\u00ednimo de una semana para obtener un promedio.<\/p>\n\n\n\n<p>Lo mejor es tambi\u00e9n alternar las soluciones, o hacer noches sin nada luego con\u2026 Procediendo as\u00ed por el mismo per\u00edodo, f\u00edsicamente id\u00e9nticos, tendr\u00e9is una excelente comparaci\u00f3n.<\/p>\n\n\n\n<p>Mejor que el \u00ab\u00a0feedback\u00a0\u00bb de tu pareja, usa una aplicaci\u00f3n que registre y analice tus ronquidos durante toda la noche.<\/p>\n\n\n\n<p>Por ejemplo, Snoreclock:<\/p>\n\n\n\n<p><a href=\"https:\/\/play.google.com\/store\/apps\/details?id=de.ralphsapps.snorecontrol&amp;hl=fr_CH&amp;gl=US\">Para Android, aqu\u00ed<\/a><\/p>\n\n\n\n<p><a href=\"https:\/\/apps.apple.com\/fr\/app\/snoreclock-vous-ronflez\/id673980122\">Y IOS, aqu\u00ed<\/a><\/p>\n\n\n\n<h2 class=\"wp-block-heading\">4\/ \u00a1Perseverar!<\/h2>\n\n\n<div class=\"wp-block-image\">\n<figure class=\"aligncenter is-resized\"><img decoding=\"async\" width=\"1024\" height=\"898\" src=\"https:\/\/antironflement.org\/wp-content\/uploads\/2023\/06\/image-de-perseverance-solutions-anti-ronflements.jpg\" alt=\"\" class=\"wp-image-1517\" style=\"width:359px;height:314px\" srcset=\"https:\/\/antironflement.org\/wp-content\/uploads\/2023\/06\/image-de-perseverance-solutions-anti-ronflements.jpg 1024w, https:\/\/antironflement.org\/wp-content\/uploads\/2023\/06\/image-de-perseverance-solutions-anti-ronflements-300x263.jpg 300w, https:\/\/antironflement.org\/wp-content\/uploads\/2023\/06\/image-de-perseverance-solutions-anti-ronflements-768x674.jpg 768w, https:\/\/antironflement.org\/wp-content\/uploads\/2023\/06\/image-de-perseverance-solutions-anti-ronflements-600x526.jpg 600w\" sizes=\"(max-width: 1024px) 100vw, 1024px\" \/><\/figure>\n<\/div>\n\n\n<p>Entre el fracaso y una soluci\u00f3n duradera, la diferencia suele estar en tu capacidad de perseverancia.<\/p>\n\n\n\n<p>Ejemplo: usar una \u00f3rtesis toda la noche no es agradable (\u00a1pero luego nada!) la primera noche.<\/p>\n\n\n\n<p>Luego, en el curso del agua, te acostumbras, porque, en alg\u00fan momento, ya no lo sientes.<\/p>\n\n\n\n<p>Los usuarios de lentes de contacto han experimentado esto.<\/p>\n\n\n\n<p><\/p>\n","protected":false},"excerpt":{"rendered":"<p>1\/ Primero determina por qu\u00e9 roncas Consulte mi p\u00e1gina de \u00a0\u00bb&nbsp;&nbsp;Causas&nbsp;\u00ab\u00a0, hay muchas y todos somos diferentes. Para encontrar las soluciones adecuadas PARA USTED, deber\u00e1 realizar el diagn\u00f3stico correcto. Una consulta con un otorrinolaring\u00f3logo le ayudar\u00e1. 2\/ Luego proceda a sus propias pruebas, con soluciones o productos que sean realmente efectivos (con buenas cr\u00edticas de los clientes) Soluciones que funcionan: Con la compra de productos: Sin productos: 3\/ Analizar los resultados Esta parte es muy importante y llevar\u00e1 tiempo.&nbsp;Tambi\u00e9n ser\u00e1 necesario comparar con situaciones comparables (\u00a1no sacar conclusiones apresuradas si un resultado no es concluyente despu\u00e9s de una comida gigantesca y bien aguada!). La prueba tambi\u00e9n debe realizarse durante un per\u00edodo m\u00ednimo de una semana para obtener un promedio. Lo mejor es tambi\u00e9n alternar las soluciones, o hacer noches sin nada luego con\u2026 Procediendo as\u00ed por el mismo per\u00edodo, f\u00edsicamente id\u00e9nticos, tendr\u00e9is una excelente comparaci\u00f3n. Mejor que el \u00ab\u00a0feedback\u00a0\u00bb de tu pareja, usa una aplicaci\u00f3n que registre y analice tus ronquidos durante toda la noche. Por ejemplo, Snoreclock: Para Android, aqu\u00ed Y IOS, aqu\u00ed 4\/ \u00a1Perseverar! Entre el fracaso y una soluci\u00f3n duradera, la diferencia suele estar en tu capacidad de perseverancia. Ejemplo: usar una \u00f3rtesis toda la noche no es agradable (\u00a1pero luego nada!) la primera noche. Luego, en el curso del agua, te acostumbras, porque, en alg\u00fan momento, ya no lo sientes. Los usuarios de lentes de contacto han experimentado esto.<\/p>\n","protected":false},"author":2,"featured_media":0,"parent":0,"menu_order":0,"comment_status":"closed","ping_status":"closed","template":"","meta":{"two_page_speed":[],"footnotes":""},"class_list":["post-2072","page","type-page","status-publish","hentry"],"yoast_head":"<!-- This site is optimized with the Yoast SEO plugin v27.4 - https:\/\/yoast.com\/product\/yoast-seo-wordpress\/ -->\n<title>Soluciones anti ronquidos - Anti Ronflement<\/title>\n<meta name=\"robots\" content=\"index, follow, max-snippet:-1, max-image-preview:large, max-video-preview:-1\" \/>\n<link rel=\"canonical\" href=\"https:\/\/antironflement.org\/index.php\/es\/soluciones-anti-ronquidos\/\" \/>\n<meta property=\"og:locale\" content=\"fr_FR\" \/>\n<meta property=\"og:type\" content=\"article\" \/>\n<meta property=\"og:title\" content=\"Soluciones anti ronquidos - Anti Ronflement\" \/>\n<meta property=\"og:description\" content=\"1\/ Primero determina por qu\u00e9 roncas Consulte mi p\u00e1gina de \u00a0\u00bb&nbsp;&nbsp;Causas&nbsp;\u00ab\u00a0, hay muchas y todos somos diferentes. Para encontrar las soluciones adecuadas PARA USTED, deber\u00e1 realizar el diagn\u00f3stico correcto. Una consulta con un otorrinolaring\u00f3logo le ayudar\u00e1. 2\/ Luego proceda a sus propias pruebas, con soluciones o productos que sean realmente efectivos (con buenas cr\u00edticas de los clientes) Soluciones que funcionan: Con la compra de productos: Sin productos: 3\/ Analizar los resultados Esta parte es muy importante y llevar\u00e1 tiempo.&nbsp;Tambi\u00e9n ser\u00e1 necesario comparar con situaciones comparables (\u00a1no sacar conclusiones apresuradas si un resultado no es concluyente despu\u00e9s de una comida gigantesca y bien aguada!). La prueba tambi\u00e9n debe realizarse durante un per\u00edodo m\u00ednimo de una semana para obtener un promedio. Lo mejor es tambi\u00e9n alternar las soluciones, o hacer noches sin nada luego con\u2026 Procediendo as\u00ed por el mismo per\u00edodo, f\u00edsicamente id\u00e9nticos, tendr\u00e9is una excelente comparaci\u00f3n. Mejor que el \u00ab\u00a0feedback\u00a0\u00bb de tu pareja, usa una aplicaci\u00f3n que registre y analice tus ronquidos durante toda la noche. Por ejemplo, Snoreclock: Para Android, aqu\u00ed Y IOS, aqu\u00ed 4\/ \u00a1Perseverar! Entre el fracaso y una soluci\u00f3n duradera, la diferencia suele estar en tu capacidad de perseverancia. Ejemplo: usar una \u00f3rtesis toda la noche no es agradable (\u00a1pero luego nada!) la primera noche. Luego, en el curso del agua, te acostumbras, porque, en alg\u00fan momento, ya no lo sientes. Los usuarios de lentes de contacto han experimentado esto.\" \/>\n<meta property=\"og:url\" content=\"https:\/\/antironflement.org\/index.php\/es\/soluciones-anti-ronquidos\/\" \/>\n<meta property=\"og:site_name\" content=\"Anti Ronflement\" \/>\n<meta property=\"article:modified_time\" content=\"2024-08-14T22:09:33+00:00\" \/>\n<meta property=\"og:image\" content=\"https:\/\/antironflement.org\/wp-content\/uploads\/2023\/06\/ORL-sommeil-diagnostique.jpg\" \/>\n<meta name=\"twitter:card\" content=\"summary_large_image\" \/>\n<meta name=\"twitter:label1\" content=\"Dur\u00e9e de lecture estim\u00e9e\" \/>\n\t<meta name=\"twitter:data1\" content=\"3 minutes\" \/>\n<script type=\"application\/ld+json\" class=\"yoast-schema-graph\">{\"@context\":\"https:\\\/\\\/schema.org\",\"@graph\":[{\"@type\":\"WebPage\",\"@id\":\"https:\\\/\\\/antironflement.org\\\/index.php\\\/es\\\/soluciones-anti-ronquidos\\\/\",\"url\":\"https:\\\/\\\/antironflement.org\\\/index.php\\\/es\\\/soluciones-anti-ronquidos\\\/\",\"name\":\"Soluciones anti ronquidos - Anti Ronflement\",\"isPartOf\":{\"@id\":\"https:\\\/\\\/antironflement.org\\\/#website\"},\"primaryImageOfPage\":{\"@id\":\"https:\\\/\\\/antironflement.org\\\/index.php\\\/es\\\/soluciones-anti-ronquidos\\\/#primaryimage\"},\"image\":{\"@id\":\"https:\\\/\\\/antironflement.org\\\/index.php\\\/es\\\/soluciones-anti-ronquidos\\\/#primaryimage\"},\"thumbnailUrl\":\"https:\\\/\\\/antironflement.org\\\/wp-content\\\/uploads\\\/2023\\\/06\\\/ORL-sommeil-diagnostique.jpg\",\"datePublished\":\"2023-06-27T12:30:47+00:00\",\"dateModified\":\"2024-08-14T22:09:33+00:00\",\"breadcrumb\":{\"@id\":\"https:\\\/\\\/antironflement.org\\\/index.php\\\/es\\\/soluciones-anti-ronquidos\\\/#breadcrumb\"},\"inLanguage\":\"fr-FR\",\"potentialAction\":[{\"@type\":\"ReadAction\",\"target\":[\"https:\\\/\\\/antironflement.org\\\/index.php\\\/es\\\/soluciones-anti-ronquidos\\\/\"]}]},{\"@type\":\"ImageObject\",\"inLanguage\":\"fr-FR\",\"@id\":\"https:\\\/\\\/antironflement.org\\\/index.php\\\/es\\\/soluciones-anti-ronquidos\\\/#primaryimage\",\"url\":\"https:\\\/\\\/antironflement.org\\\/wp-content\\\/uploads\\\/2023\\\/06\\\/ORL-sommeil-diagnostique.jpg\",\"contentUrl\":\"https:\\\/\\\/antironflement.org\\\/wp-content\\\/uploads\\\/2023\\\/06\\\/ORL-sommeil-diagnostique.jpg\",\"width\":1024,\"height\":967},{\"@type\":\"BreadcrumbList\",\"@id\":\"https:\\\/\\\/antironflement.org\\\/index.php\\\/es\\\/soluciones-anti-ronquidos\\\/#breadcrumb\",\"itemListElement\":[{\"@type\":\"ListItem\",\"position\":1,\"name\":\"Accueil\",\"item\":\"https:\\\/\\\/antironflement.org\\\/index.php\\\/en\\\/\"},{\"@type\":\"ListItem\",\"position\":2,\"name\":\"Soluciones anti ronquidos\"}]},{\"@type\":\"WebSite\",\"@id\":\"https:\\\/\\\/antironflement.org\\\/#website\",\"url\":\"https:\\\/\\\/antironflement.org\\\/\",\"name\":\"Anti Ronflement\",\"description\":\"Avis et tests des solutions pour moins ronfler\",\"publisher\":{\"@id\":\"https:\\\/\\\/antironflement.org\\\/#organization\"},\"potentialAction\":[{\"@type\":\"SearchAction\",\"target\":{\"@type\":\"EntryPoint\",\"urlTemplate\":\"https:\\\/\\\/antironflement.org\\\/?s={search_term_string}\"},\"query-input\":{\"@type\":\"PropertyValueSpecification\",\"valueRequired\":true,\"valueName\":\"search_term_string\"}}],\"inLanguage\":\"fr-FR\"},{\"@type\":\"Organization\",\"@id\":\"https:\\\/\\\/antironflement.org\\\/#organization\",\"name\":\"Anti Ronflement\",\"url\":\"https:\\\/\\\/antironflement.org\\\/\",\"logo\":{\"@type\":\"ImageObject\",\"inLanguage\":\"fr-FR\",\"@id\":\"https:\\\/\\\/antironflement.org\\\/#\\\/schema\\\/logo\\\/image\\\/\",\"url\":\"https:\\\/\\\/antironflement.org\\\/wp-content\\\/uploads\\\/2022\\\/04\\\/antironflementlogotopgris.webp\",\"contentUrl\":\"https:\\\/\\\/antironflement.org\\\/wp-content\\\/uploads\\\/2022\\\/04\\\/antironflementlogotopgris.webp\",\"width\":450,\"height\":200,\"caption\":\"Anti Ronflement\"},\"image\":{\"@id\":\"https:\\\/\\\/antironflement.org\\\/#\\\/schema\\\/logo\\\/image\\\/\"}}]}<\/script>\n<!-- \/ Yoast SEO plugin. -->","yoast_head_json":{"title":"Soluciones anti ronquidos - Anti Ronflement","robots":{"index":"index","follow":"follow","max-snippet":"max-snippet:-1","max-image-preview":"max-image-preview:large","max-video-preview":"max-video-preview:-1"},"canonical":"https:\/\/antironflement.org\/index.php\/es\/soluciones-anti-ronquidos\/","og_locale":"fr_FR","og_type":"article","og_title":"Soluciones anti ronquidos - Anti Ronflement","og_description":"1\/ Primero determina por qu\u00e9 roncas Consulte mi p\u00e1gina de \u00a0\u00bb&nbsp;&nbsp;Causas&nbsp;\u00ab\u00a0, hay muchas y todos somos diferentes. Para encontrar las soluciones adecuadas PARA USTED, deber\u00e1 realizar el diagn\u00f3stico correcto. Una consulta con un otorrinolaring\u00f3logo le ayudar\u00e1. 2\/ Luego proceda a sus propias pruebas, con soluciones o productos que sean realmente efectivos (con buenas cr\u00edticas de los clientes) Soluciones que funcionan: Con la compra de productos: Sin productos: 3\/ Analizar los resultados Esta parte es muy importante y llevar\u00e1 tiempo.&nbsp;Tambi\u00e9n ser\u00e1 necesario comparar con situaciones comparables (\u00a1no sacar conclusiones apresuradas si un resultado no es concluyente despu\u00e9s de una comida gigantesca y bien aguada!). La prueba tambi\u00e9n debe realizarse durante un per\u00edodo m\u00ednimo de una semana para obtener un promedio. Lo mejor es tambi\u00e9n alternar las soluciones, o hacer noches sin nada luego con\u2026 Procediendo as\u00ed por el mismo per\u00edodo, f\u00edsicamente id\u00e9nticos, tendr\u00e9is una excelente comparaci\u00f3n. Mejor que el \u00ab\u00a0feedback\u00a0\u00bb de tu pareja, usa una aplicaci\u00f3n que registre y analice tus ronquidos durante toda la noche. Por ejemplo, Snoreclock: Para Android, aqu\u00ed Y IOS, aqu\u00ed 4\/ \u00a1Perseverar! Entre el fracaso y una soluci\u00f3n duradera, la diferencia suele estar en tu capacidad de perseverancia. Ejemplo: usar una \u00f3rtesis toda la noche no es agradable (\u00a1pero luego nada!) la primera noche. Luego, en el curso del agua, te acostumbras, porque, en alg\u00fan momento, ya no lo sientes. Los usuarios de lentes de contacto han experimentado esto.","og_url":"https:\/\/antironflement.org\/index.php\/es\/soluciones-anti-ronquidos\/","og_site_name":"Anti Ronflement","article_modified_time":"2024-08-14T22:09:33+00:00","og_image":[{"url":"https:\/\/antironflement.org\/wp-content\/uploads\/2023\/06\/ORL-sommeil-diagnostique.jpg","type":"","width":"","height":""}],"twitter_card":"summary_large_image","twitter_misc":{"Dur\u00e9e de lecture estim\u00e9e":"3 minutes"},"schema":{"@context":"https:\/\/schema.org","@graph":[{"@type":"WebPage","@id":"https:\/\/antironflement.org\/index.php\/es\/soluciones-anti-ronquidos\/","url":"https:\/\/antironflement.org\/index.php\/es\/soluciones-anti-ronquidos\/","name":"Soluciones anti ronquidos - Anti Ronflement","isPartOf":{"@id":"https:\/\/antironflement.org\/#website"},"primaryImageOfPage":{"@id":"https:\/\/antironflement.org\/index.php\/es\/soluciones-anti-ronquidos\/#primaryimage"},"image":{"@id":"https:\/\/antironflement.org\/index.php\/es\/soluciones-anti-ronquidos\/#primaryimage"},"thumbnailUrl":"https:\/\/antironflement.org\/wp-content\/uploads\/2023\/06\/ORL-sommeil-diagnostique.jpg","datePublished":"2023-06-27T12:30:47+00:00","dateModified":"2024-08-14T22:09:33+00:00","breadcrumb":{"@id":"https:\/\/antironflement.org\/index.php\/es\/soluciones-anti-ronquidos\/#breadcrumb"},"inLanguage":"fr-FR","potentialAction":[{"@type":"ReadAction","target":["https:\/\/antironflement.org\/index.php\/es\/soluciones-anti-ronquidos\/"]}]},{"@type":"ImageObject","inLanguage":"fr-FR","@id":"https:\/\/antironflement.org\/index.php\/es\/soluciones-anti-ronquidos\/#primaryimage","url":"https:\/\/antironflement.org\/wp-content\/uploads\/2023\/06\/ORL-sommeil-diagnostique.jpg","contentUrl":"https:\/\/antironflement.org\/wp-content\/uploads\/2023\/06\/ORL-sommeil-diagnostique.jpg","width":1024,"height":967},{"@type":"BreadcrumbList","@id":"https:\/\/antironflement.org\/index.php\/es\/soluciones-anti-ronquidos\/#breadcrumb","itemListElement":[{"@type":"ListItem","position":1,"name":"Accueil","item":"https:\/\/antironflement.org\/index.php\/en\/"},{"@type":"ListItem","position":2,"name":"Soluciones anti ronquidos"}]},{"@type":"WebSite","@id":"https:\/\/antironflement.org\/#website","url":"https:\/\/antironflement.org\/","name":"Anti Ronflement","description":"Avis et tests des solutions pour moins ronfler","publisher":{"@id":"https:\/\/antironflement.org\/#organization"},"potentialAction":[{"@type":"SearchAction","target":{"@type":"EntryPoint","urlTemplate":"https:\/\/antironflement.org\/?s={search_term_string}"},"query-input":{"@type":"PropertyValueSpecification","valueRequired":true,"valueName":"search_term_string"}}],"inLanguage":"fr-FR"},{"@type":"Organization","@id":"https:\/\/antironflement.org\/#organization","name":"Anti Ronflement","url":"https:\/\/antironflement.org\/","logo":{"@type":"ImageObject","inLanguage":"fr-FR","@id":"https:\/\/antironflement.org\/#\/schema\/logo\/image\/","url":"https:\/\/antironflement.org\/wp-content\/uploads\/2022\/04\/antironflementlogotopgris.webp","contentUrl":"https:\/\/antironflement.org\/wp-content\/uploads\/2022\/04\/antironflementlogotopgris.webp","width":450,"height":200,"caption":"Anti Ronflement"},"image":{"@id":"https:\/\/antironflement.org\/#\/schema\/logo\/image\/"}}]}},"acf":[],"_links":{"self":[{"href":"https:\/\/antironflement.org\/index.php\/wp-json\/wp\/v2\/pages\/2072","targetHints":{"allow":["GET"]}}],"collection":[{"href":"https:\/\/antironflement.org\/index.php\/wp-json\/wp\/v2\/pages"}],"about":[{"href":"https:\/\/antironflement.org\/index.php\/wp-json\/wp\/v2\/types\/page"}],"author":[{"embeddable":true,"href":"https:\/\/antironflement.org\/index.php\/wp-json\/wp\/v2\/users\/2"}],"replies":[{"embeddable":true,"href":"https:\/\/antironflement.org\/index.php\/wp-json\/wp\/v2\/comments?post=2072"}],"version-history":[{"count":8,"href":"https:\/\/antironflement.org\/index.php\/wp-json\/wp\/v2\/pages\/2072\/revisions"}],"predecessor-version":[{"id":3843,"href":"https:\/\/antironflement.org\/index.php\/wp-json\/wp\/v2\/pages\/2072\/revisions\/3843"}],"wp:attachment":[{"href":"https:\/\/antironflement.org\/index.php\/wp-json\/wp\/v2\/media?parent=2072"}],"curies":[{"name":"wp","href":"https:\/\/api.w.org\/{rel}","templated":true}]}}