{"id":2061,"date":"2023-06-27T14:11:54","date_gmt":"2023-06-27T12:11:54","guid":{"rendered":"https:\/\/antironflement.org\/?page_id=2061"},"modified":"2023-06-27T14:11:55","modified_gmt":"2023-06-27T12:11:55","slug":"a-proposito","status":"publish","type":"page","link":"https:\/\/antironflement.org\/index.php\/es\/a-proposito\/","title":{"rendered":"A proposito"},"content":{"rendered":"\n<p>Mi nombre es Sergio, tengo 51 a\u00f1os.&nbsp;Un poco de \u00ab\u00a0gerente\u00a0\u00bb, y suficiente \u00ab\u00a0Geek\u00a0\u00bb para hacer este blog \ud83d\ude42.<\/p>\n\n\n\n<p>Cuando ten\u00eda 38 a\u00f1os, casi tuve un accidente automovil\u00edstico cuando me qued\u00e9 dormido al volante\u2026 Me di cuenta de mis problemas para dormir.&nbsp;Sufr\u00eda de fatiga diaria, bostezaba todo el d\u00eda, mis noches eran inquietas, interrumpidas, ten\u00eda ronquidos, \u00a1adem\u00e1s de insomnio!&nbsp;El total !<\/p>\n\n\n\n<figure class=\"wp-block-image\"><img decoding=\"async\" width=\"200\" height=\"25\" src=\"https:\/\/antironflement.org\/wp-content\/uploads\/2022\/03\/ligne-separation.png\" alt=\"\" class=\"wp-image-587\"\/><\/figure>\n\n\n\n<p>A partir de esa fecha comenc\u00e9 a interesarme por los temas de conciliar el sue\u00f1o y la calidad del sue\u00f1o.<\/p>\n\n\n\n<p>Despu\u00e9s de consultar a un otorrinolaring\u00f3logo, especialista en sue\u00f1o, tambi\u00e9n me detect\u00f3, \u00a1apnea del sue\u00f1o!<\/p>\n\n\n\n<p>Bueno, con todo esto, \u00a1ten\u00eda que actuar!&nbsp;Este blog le informar\u00e1 sobre mi itinerario.<\/p>\n\n\n\n<figure class=\"wp-block-image\"><img decoding=\"async\" width=\"200\" height=\"25\" src=\"https:\/\/antironflement.org\/wp-content\/uploads\/2022\/03\/ligne-separation.png\" alt=\"\" class=\"wp-image-587\"\/><\/figure>\n\n\n\n<p>Hoy me duermo con mucha facilidad, ya no me despierto 4 veces en la noche, he reducido mucho mis ronquidos.&nbsp;Y pas\u00e9 de 30 apneas por hora a 20, con una mejor\u00eda muy notable en mi sue\u00f1o profundo.<\/p>\n\n\n\n<p>Sin embargo, regularmente descubro y pruebo nuevos productos que a\u00fan tienen un impacto positivo (o nulo).&nbsp;Lo compartir\u00e9 contigo en este blog.<\/p>\n\n\n\n<figure class=\"wp-block-image\"><img decoding=\"async\" width=\"200\" height=\"25\" src=\"https:\/\/antironflement.org\/wp-content\/uploads\/2022\/03\/ligne-separation.png\" alt=\"\" class=\"wp-image-587\"\/><\/figure>\n\n\n\n<h2 class=\"wp-block-heading\">\u00bfPor qu\u00e9 este blog?<\/h2>\n\n\n\n<p>Cuando quise obtener informaci\u00f3n en Internet, no obtuve respuestas exhaustivas, concisas y pragm\u00e1ticas sobre estos temas.&nbsp;Trat\u00e9, con toda humildad, de ser lo m\u00e1s claro posible.<\/p>\n\n\n\n<p>Espero que este sitio pueda responder algunas de sus preguntas.<\/p>\n\n\n\n<p>Buena lectura !<\/p>\n","protected":false},"excerpt":{"rendered":"<p>Mi nombre es Sergio, tengo 51 a\u00f1os.&nbsp;Un poco de \u00ab\u00a0gerente\u00a0\u00bb, y suficiente \u00ab\u00a0Geek\u00a0\u00bb para hacer este blog \ud83d\ude42. Cuando ten\u00eda 38 a\u00f1os, casi tuve un accidente automovil\u00edstico cuando me qued\u00e9 dormido al volante\u2026 Me di cuenta de mis problemas para dormir.&nbsp;Sufr\u00eda de fatiga diaria, bostezaba todo el d\u00eda, mis noches eran inquietas, interrumpidas, ten\u00eda ronquidos, \u00a1adem\u00e1s de insomnio!&nbsp;El total ! A partir de esa fecha comenc\u00e9 a interesarme por los temas de conciliar el sue\u00f1o y la calidad del sue\u00f1o. Despu\u00e9s de consultar a un otorrinolaring\u00f3logo, especialista en sue\u00f1o, tambi\u00e9n me detect\u00f3, \u00a1apnea del sue\u00f1o! Bueno, con todo esto, \u00a1ten\u00eda que actuar!&nbsp;Este blog le informar\u00e1 sobre mi itinerario. Hoy me duermo con mucha facilidad, ya no me despierto 4 veces en la noche, he reducido mucho mis ronquidos.&nbsp;Y pas\u00e9 de 30 apneas por hora a 20, con una mejor\u00eda muy notable en mi sue\u00f1o profundo. Sin embargo, regularmente descubro y pruebo nuevos productos que a\u00fan tienen un impacto positivo (o nulo).&nbsp;Lo compartir\u00e9 contigo en este blog. \u00bfPor qu\u00e9 este blog? Cuando quise obtener informaci\u00f3n en Internet, no obtuve respuestas exhaustivas, concisas y pragm\u00e1ticas sobre estos temas.&nbsp;Trat\u00e9, con toda humildad, de ser lo m\u00e1s claro posible. Espero que este sitio pueda responder algunas de sus preguntas. Buena lectura !<\/p>\n","protected":false},"author":2,"featured_media":129,"parent":0,"menu_order":0,"comment_status":"closed","ping_status":"closed","template":"","meta":{"two_page_speed":[],"footnotes":""},"class_list":["post-2061","page","type-page","status-publish","has-post-thumbnail","hentry"],"yoast_head":"<!-- This site is optimized with the Yoast SEO plugin v27.4 - https:\/\/yoast.com\/product\/yoast-seo-wordpress\/ -->\n<title>A proposito - Anti Ronflement<\/title>\n<meta name=\"description\" content=\"Je vous pr\u00e9sente mon blog, antironflement.org. J&#039;esp\u00e8re que mon site pourra r\u00e9pondre en partie \u00e0 vos questions.\" \/>\n<meta name=\"robots\" content=\"index, follow, max-snippet:-1, max-image-preview:large, max-video-preview:-1\" \/>\n<link rel=\"canonical\" href=\"https:\/\/antironflement.org\/index.php\/es\/a-proposito\/\" \/>\n<meta property=\"og:locale\" content=\"fr_FR\" \/>\n<meta property=\"og:type\" content=\"article\" \/>\n<meta property=\"og:title\" content=\"A proposito - Anti Ronflement\" \/>\n<meta property=\"og:description\" content=\"Je vous pr\u00e9sente mon blog, antironflement.org. J&#039;esp\u00e8re que mon site pourra r\u00e9pondre en partie \u00e0 vos questions.\" \/>\n<meta property=\"og:url\" content=\"https:\/\/antironflement.org\/index.php\/es\/a-proposito\/\" \/>\n<meta property=\"og:site_name\" content=\"Anti Ronflement\" \/>\n<meta property=\"article:modified_time\" content=\"2023-06-27T12:11:55+00:00\" \/>\n<meta property=\"og:image\" content=\"https:\/\/antironflement.org\/wp-content\/uploads\/2022\/03\/portrait_m.png\" \/>\n\t<meta property=\"og:image:width\" content=\"217\" \/>\n\t<meta property=\"og:image:height\" content=\"208\" \/>\n\t<meta property=\"og:image:type\" content=\"image\/png\" \/>\n<meta name=\"twitter:card\" content=\"summary_large_image\" \/>\n<meta name=\"twitter:label1\" content=\"Dur\u00e9e de lecture estim\u00e9e\" \/>\n\t<meta name=\"twitter:data1\" content=\"2 minutes\" \/>\n<script type=\"application\/ld+json\" class=\"yoast-schema-graph\">{\"@context\":\"https:\\\/\\\/schema.org\",\"@graph\":[{\"@type\":\"WebPage\",\"@id\":\"https:\\\/\\\/antironflement.org\\\/index.php\\\/es\\\/a-proposito\\\/\",\"url\":\"https:\\\/\\\/antironflement.org\\\/index.php\\\/es\\\/a-proposito\\\/\",\"name\":\"A proposito - Anti Ronflement\",\"isPartOf\":{\"@id\":\"https:\\\/\\\/antironflement.org\\\/#website\"},\"primaryImageOfPage\":{\"@id\":\"https:\\\/\\\/antironflement.org\\\/index.php\\\/es\\\/a-proposito\\\/#primaryimage\"},\"image\":{\"@id\":\"https:\\\/\\\/antironflement.org\\\/index.php\\\/es\\\/a-proposito\\\/#primaryimage\"},\"thumbnailUrl\":\"https:\\\/\\\/antironflement.org\\\/wp-content\\\/uploads\\\/2022\\\/03\\\/portrait_m.png\",\"datePublished\":\"2023-06-27T12:11:54+00:00\",\"dateModified\":\"2023-06-27T12:11:55+00:00\",\"description\":\"Je vous pr\u00e9sente mon blog, antironflement.org. J'esp\u00e8re que mon site pourra r\u00e9pondre en partie \u00e0 vos questions.\",\"breadcrumb\":{\"@id\":\"https:\\\/\\\/antironflement.org\\\/index.php\\\/es\\\/a-proposito\\\/#breadcrumb\"},\"inLanguage\":\"fr-FR\",\"potentialAction\":[{\"@type\":\"ReadAction\",\"target\":[\"https:\\\/\\\/antironflement.org\\\/index.php\\\/es\\\/a-proposito\\\/\"]}]},{\"@type\":\"ImageObject\",\"inLanguage\":\"fr-FR\",\"@id\":\"https:\\\/\\\/antironflement.org\\\/index.php\\\/es\\\/a-proposito\\\/#primaryimage\",\"url\":\"https:\\\/\\\/antironflement.org\\\/wp-content\\\/uploads\\\/2022\\\/03\\\/portrait_m.png\",\"contentUrl\":\"https:\\\/\\\/antironflement.org\\\/wp-content\\\/uploads\\\/2022\\\/03\\\/portrait_m.png\",\"width\":217,\"height\":208},{\"@type\":\"BreadcrumbList\",\"@id\":\"https:\\\/\\\/antironflement.org\\\/index.php\\\/es\\\/a-proposito\\\/#breadcrumb\",\"itemListElement\":[{\"@type\":\"ListItem\",\"position\":1,\"name\":\"Accueil\",\"item\":\"https:\\\/\\\/antironflement.org\\\/index.php\\\/en\\\/\"},{\"@type\":\"ListItem\",\"position\":2,\"name\":\"A proposito\"}]},{\"@type\":\"WebSite\",\"@id\":\"https:\\\/\\\/antironflement.org\\\/#website\",\"url\":\"https:\\\/\\\/antironflement.org\\\/\",\"name\":\"Anti Ronflement\",\"description\":\"Avis et tests des solutions pour moins ronfler\",\"publisher\":{\"@id\":\"https:\\\/\\\/antironflement.org\\\/#organization\"},\"potentialAction\":[{\"@type\":\"SearchAction\",\"target\":{\"@type\":\"EntryPoint\",\"urlTemplate\":\"https:\\\/\\\/antironflement.org\\\/?s={search_term_string}\"},\"query-input\":{\"@type\":\"PropertyValueSpecification\",\"valueRequired\":true,\"valueName\":\"search_term_string\"}}],\"inLanguage\":\"fr-FR\"},{\"@type\":\"Organization\",\"@id\":\"https:\\\/\\\/antironflement.org\\\/#organization\",\"name\":\"Anti Ronflement\",\"url\":\"https:\\\/\\\/antironflement.org\\\/\",\"logo\":{\"@type\":\"ImageObject\",\"inLanguage\":\"fr-FR\",\"@id\":\"https:\\\/\\\/antironflement.org\\\/#\\\/schema\\\/logo\\\/image\\\/\",\"url\":\"https:\\\/\\\/antironflement.org\\\/wp-content\\\/uploads\\\/2022\\\/04\\\/antironflementlogotopgris.webp\",\"contentUrl\":\"https:\\\/\\\/antironflement.org\\\/wp-content\\\/uploads\\\/2022\\\/04\\\/antironflementlogotopgris.webp\",\"width\":450,\"height\":200,\"caption\":\"Anti Ronflement\"},\"image\":{\"@id\":\"https:\\\/\\\/antironflement.org\\\/#\\\/schema\\\/logo\\\/image\\\/\"}}]}<\/script>\n<!-- \/ Yoast SEO plugin. -->","yoast_head_json":{"title":"A proposito - Anti Ronflement","description":"Je vous pr\u00e9sente mon blog, antironflement.org. J'esp\u00e8re que mon site pourra r\u00e9pondre en partie \u00e0 vos questions.","robots":{"index":"index","follow":"follow","max-snippet":"max-snippet:-1","max-image-preview":"max-image-preview:large","max-video-preview":"max-video-preview:-1"},"canonical":"https:\/\/antironflement.org\/index.php\/es\/a-proposito\/","og_locale":"fr_FR","og_type":"article","og_title":"A proposito - Anti Ronflement","og_description":"Je vous pr\u00e9sente mon blog, antironflement.org. J'esp\u00e8re que mon site pourra r\u00e9pondre en partie \u00e0 vos questions.","og_url":"https:\/\/antironflement.org\/index.php\/es\/a-proposito\/","og_site_name":"Anti Ronflement","article_modified_time":"2023-06-27T12:11:55+00:00","og_image":[{"width":217,"height":208,"url":"https:\/\/antironflement.org\/wp-content\/uploads\/2022\/03\/portrait_m.png","type":"image\/png"}],"twitter_card":"summary_large_image","twitter_misc":{"Dur\u00e9e de lecture estim\u00e9e":"2 minutes"},"schema":{"@context":"https:\/\/schema.org","@graph":[{"@type":"WebPage","@id":"https:\/\/antironflement.org\/index.php\/es\/a-proposito\/","url":"https:\/\/antironflement.org\/index.php\/es\/a-proposito\/","name":"A proposito - Anti Ronflement","isPartOf":{"@id":"https:\/\/antironflement.org\/#website"},"primaryImageOfPage":{"@id":"https:\/\/antironflement.org\/index.php\/es\/a-proposito\/#primaryimage"},"image":{"@id":"https:\/\/antironflement.org\/index.php\/es\/a-proposito\/#primaryimage"},"thumbnailUrl":"https:\/\/antironflement.org\/wp-content\/uploads\/2022\/03\/portrait_m.png","datePublished":"2023-06-27T12:11:54+00:00","dateModified":"2023-06-27T12:11:55+00:00","description":"Je vous pr\u00e9sente mon blog, antironflement.org. J'esp\u00e8re que mon site pourra r\u00e9pondre en partie \u00e0 vos questions.","breadcrumb":{"@id":"https:\/\/antironflement.org\/index.php\/es\/a-proposito\/#breadcrumb"},"inLanguage":"fr-FR","potentialAction":[{"@type":"ReadAction","target":["https:\/\/antironflement.org\/index.php\/es\/a-proposito\/"]}]},{"@type":"ImageObject","inLanguage":"fr-FR","@id":"https:\/\/antironflement.org\/index.php\/es\/a-proposito\/#primaryimage","url":"https:\/\/antironflement.org\/wp-content\/uploads\/2022\/03\/portrait_m.png","contentUrl":"https:\/\/antironflement.org\/wp-content\/uploads\/2022\/03\/portrait_m.png","width":217,"height":208},{"@type":"BreadcrumbList","@id":"https:\/\/antironflement.org\/index.php\/es\/a-proposito\/#breadcrumb","itemListElement":[{"@type":"ListItem","position":1,"name":"Accueil","item":"https:\/\/antironflement.org\/index.php\/en\/"},{"@type":"ListItem","position":2,"name":"A proposito"}]},{"@type":"WebSite","@id":"https:\/\/antironflement.org\/#website","url":"https:\/\/antironflement.org\/","name":"Anti Ronflement","description":"Avis et tests des solutions pour moins ronfler","publisher":{"@id":"https:\/\/antironflement.org\/#organization"},"potentialAction":[{"@type":"SearchAction","target":{"@type":"EntryPoint","urlTemplate":"https:\/\/antironflement.org\/?s={search_term_string}"},"query-input":{"@type":"PropertyValueSpecification","valueRequired":true,"valueName":"search_term_string"}}],"inLanguage":"fr-FR"},{"@type":"Organization","@id":"https:\/\/antironflement.org\/#organization","name":"Anti Ronflement","url":"https:\/\/antironflement.org\/","logo":{"@type":"ImageObject","inLanguage":"fr-FR","@id":"https:\/\/antironflement.org\/#\/schema\/logo\/image\/","url":"https:\/\/antironflement.org\/wp-content\/uploads\/2022\/04\/antironflementlogotopgris.webp","contentUrl":"https:\/\/antironflement.org\/wp-content\/uploads\/2022\/04\/antironflementlogotopgris.webp","width":450,"height":200,"caption":"Anti Ronflement"},"image":{"@id":"https:\/\/antironflement.org\/#\/schema\/logo\/image\/"}}]}},"acf":[],"_links":{"self":[{"href":"https:\/\/antironflement.org\/index.php\/wp-json\/wp\/v2\/pages\/2061","targetHints":{"allow":["GET"]}}],"collection":[{"href":"https:\/\/antironflement.org\/index.php\/wp-json\/wp\/v2\/pages"}],"about":[{"href":"https:\/\/antironflement.org\/index.php\/wp-json\/wp\/v2\/types\/page"}],"author":[{"embeddable":true,"href":"https:\/\/antironflement.org\/index.php\/wp-json\/wp\/v2\/users\/2"}],"replies":[{"embeddable":true,"href":"https:\/\/antironflement.org\/index.php\/wp-json\/wp\/v2\/comments?post=2061"}],"version-history":[{"count":1,"href":"https:\/\/antironflement.org\/index.php\/wp-json\/wp\/v2\/pages\/2061\/revisions"}],"predecessor-version":[{"id":2062,"href":"https:\/\/antironflement.org\/index.php\/wp-json\/wp\/v2\/pages\/2061\/revisions\/2062"}],"wp:featuredmedia":[{"embeddable":true,"href":"https:\/\/antironflement.org\/index.php\/wp-json\/wp\/v2\/media\/129"}],"wp:attachment":[{"href":"https:\/\/antironflement.org\/index.php\/wp-json\/wp\/v2\/media?parent=2061"}],"curies":[{"name":"wp","href":"https:\/\/api.w.org\/{rel}","templated":true}]}}