{"id":1820,"date":"2023-06-23T19:36:13","date_gmt":"2023-06-23T17:36:13","guid":{"rendered":"https:\/\/antironflement.org\/?page_id=1820"},"modified":"2024-08-15T00:09:19","modified_gmt":"2024-08-14T22:09:19","slug":"losungen-gegen-schnarchen","status":"publish","type":"page","link":"https:\/\/antironflement.org\/index.php\/de\/losungen-gegen-schnarchen\/","title":{"rendered":"L\u00f6sungen gegen Schnarchen"},"content":{"rendered":"\n<h2 class=\"wp-block-heading\">1\/ Stellen Sie zun\u00e4chst fest, warum Sie schnarchen<\/h2>\n\n\n<div class=\"wp-block-image\">\n<figure class=\"aligncenter is-resized\"><img fetchpriority=\"high\" decoding=\"async\" width=\"1024\" height=\"967\" src=\"https:\/\/antironflement.org\/wp-content\/uploads\/2023\/06\/ORL-sommeil-diagnostique.jpg\" alt=\"\" class=\"wp-image-1487\" style=\"width:320px;height:302px\" srcset=\"https:\/\/antironflement.org\/wp-content\/uploads\/2023\/06\/ORL-sommeil-diagnostique.jpg 1024w, https:\/\/antironflement.org\/wp-content\/uploads\/2023\/06\/ORL-sommeil-diagnostique-300x283.jpg 300w, https:\/\/antironflement.org\/wp-content\/uploads\/2023\/06\/ORL-sommeil-diagnostique-768x725.jpg 768w, https:\/\/antironflement.org\/wp-content\/uploads\/2023\/06\/ORL-sommeil-diagnostique-600x567.jpg 600w\" sizes=\"(max-width: 1024px) 100vw, 1024px\" \/><\/figure>\n<\/div>\n\n\n<p>Sehen Sie sich meine Seite \u00a0\u00bb <a href=\"https:\/\/antironflement.org\/index.php\/de\/die-ursachen-des-schnarchens\/\">Ursachen<\/a>&nbsp;\u201c an, es gibt viele davon und wir sind alle unterschiedlich.<\/p>\n\n\n\n<p>Um die richtigen L\u00f6sungen F\u00dcR SIE zu finden, m\u00fcssen Sie daher die richtige Diagnose stellen.<\/p>\n\n\n\n<p>Eine Beratung durch einen HNO-Schlafspezialisten hilft Ihnen weiter.<\/p>\n\n\n\n<h2 class=\"wp-block-heading\">2\/ Fahren Sie dann mit Ihren eigenen Tests fort, mit L\u00f6sungen oder Produkten, die wirklich effektiv sind (mit guten Kundenbewertungen)<\/h2>\n\n\n\n<p>L\u00f6sungen, die funktionieren:<\/p>\n\n\n\n<p>Beim Kauf von Produkten:<\/p>\n\n\n\n<ul class=\"wp-block-list\">\n<li><a href=\"https:\/\/antironflement.org\/index.php\/de\/category\/testen\/nasenspray\/\">Nasenspray zur L\u00f6sung der Schleimh\u00e4ute<\/a><\/li>\n\n\n\n<li><a href=\"https:\/\/antironflement.org\/index.php\/de\/category\/testen\/nasenretraktor\/\">Nasenspreizer, der Ihnen eine bessere Atmung durch die Nase erm\u00f6glicht<\/a><\/li>\n\n\n\n<li><a href=\"https:\/\/antironflement.org\/index.php\/de\/category\/testen\/kinnhalter-und-mundstueck\/\">Den Mund geschlossen halten, um durch die Nase zu atmen: Kinnriemen oder Mundst\u00fcck<\/a><\/li>\n\n\n\n<li><a href=\"https:\/\/antironflement.org\/index.php\/de\/category\/testen\/mundorthese\/\">Mundorthese mit Unterkiefervorschub, die den Luftdurchgang auf H\u00f6he des Rachenraums freigibt&nbsp;<\/a><\/li>\n\n\n\n<li><a href=\"https:\/\/antironflement.org\/index.php\/de\/category\/testen\/schlafen-sie-auf-dem-bauch\/\">Sich mit einem Ger\u00e4t im R\u00fccken dazu zwingen, auf dem Bauch zu schlafen<\/a><\/li>\n\n\n\n<li><a href=\"https:\/\/antironflement.org\/index.php\/de\/category\/testen\/anti-laerm\/\">Bieten Sie Ihrem Partner L\u00e4rmschutzl\u00f6sungen an<\/a><\/li>\n<\/ul>\n\n\n\n<p>Ohne Produkte:<\/p>\n\n\n\n<ul class=\"wp-block-list\">\n<li><a href=\"https:\/\/antironflement.org\/index.php\/de\/2023\/06\/14\/ubungen-fur-die-kiefer-und-gesichtsmuskulatur\/\">\u00dcbungen f\u00fcr die Kiefer- und Gesichtsmuskulatur<\/a><\/li>\n\n\n\n<li><a href=\"https:\/\/antironflement.org\/index.php\/de\/2023\/06\/21\/sport-ubergewicht\/\">Treiben Sie Sport, leben Sie gesund, essen Sie und verzichten Sie auf Alkohol<\/a><\/li>\n\n\n\n<li><a href=\"https:\/\/antironflement.org\/index.php\/de\/2023\/06\/22\/hno-arzt-fur-schlaf-und-chirurgie\/\">Konsultieren Sie einen HNO-Arzt mit m\u00f6glicher Intervention<\/a><\/li>\n<\/ul>\n\n\n\n<h2 class=\"wp-block-heading\">3\/ Analysieren Sie die Ergebnisse<\/h2>\n\n\n<div class=\"wp-block-image\">\n<figure class=\"aligncenter is-resized\"><img decoding=\"async\" width=\"951\" height=\"474\" src=\"https:\/\/antironflement.org\/wp-content\/uploads\/2023\/06\/analyse-du-sommeil.jpg\" alt=\"\" class=\"wp-image-1488\" style=\"width:325px;height:161px\" srcset=\"https:\/\/antironflement.org\/wp-content\/uploads\/2023\/06\/analyse-du-sommeil.jpg 951w, https:\/\/antironflement.org\/wp-content\/uploads\/2023\/06\/analyse-du-sommeil-300x150.jpg 300w, https:\/\/antironflement.org\/wp-content\/uploads\/2023\/06\/analyse-du-sommeil-768x383.jpg 768w, https:\/\/antironflement.org\/wp-content\/uploads\/2023\/06\/analyse-du-sommeil-600x299.jpg 600w\" sizes=\"(max-width: 951px) 100vw, 951px\" \/><\/figure>\n<\/div>\n\n\n<p>Dieser Teil ist sehr wichtig und wird einige Zeit in Anspruch nehmen.&nbsp;Es wird auch notwendig sein, mit vergleichbaren Situationen zu vergleichen (ziehen Sie keine voreiligen Schlussfolgerungen, wenn das Ergebnis nach einer gigantischen und gut w\u00e4sserigen Mahlzeit nicht aussagekr\u00e4ftig ist!).<\/p>\n\n\n\n<p>Um einen Mittelwert zu ermitteln, muss der Test au\u00dferdem \u00fcber einen Zeitraum von mindestens einer Woche durchgef\u00fchrt werden.<\/p>\n\n\n\n<p>Am besten ist es auch, die L\u00f6sungen abzuwechseln oder N\u00e4chte ohne etwas zu verbringen, dann mit \u2026 Wenn Sie auf diese Weise f\u00fcr den gleichen Zeitraum vorgehen, der physisch identisch ist, erhalten Sie einen hervorragenden Vergleich.<\/p>\n\n\n\n<p>Nutzen Sie besser als das \u201eFeedback\u201c Ihres Partners eine App, die Ihr Schnarchen die ganze Nacht \u00fcber aufzeichnet und analysiert.<\/p>\n\n\n\n<p>Zum Beispiel Snoreclock:<\/p>\n\n\n\n<p><a href=\"https:\/\/play.google.com\/store\/apps\/details?id=de.ralphsapps.snorecontrol&amp;hl=fr_CH&amp;gl=US\">F\u00fcr Android hier<\/a><\/p>\n\n\n\n<p><a href=\"https:\/\/apps.apple.com\/fr\/app\/snoreclock-vous-ronflez\/id673980122\">Und IOS, hier<\/a><\/p>\n\n\n\n<h2 class=\"wp-block-heading\">4\/ Durchhalten!<\/h2>\n\n\n<div class=\"wp-block-image\">\n<figure class=\"aligncenter is-resized\"><img decoding=\"async\" width=\"1024\" height=\"898\" src=\"https:\/\/antironflement.org\/wp-content\/uploads\/2023\/06\/image-de-perseverance-solutions-anti-ronflements.jpg\" alt=\"\" class=\"wp-image-1517\" style=\"width:364px;height:318px\" srcset=\"https:\/\/antironflement.org\/wp-content\/uploads\/2023\/06\/image-de-perseverance-solutions-anti-ronflements.jpg 1024w, https:\/\/antironflement.org\/wp-content\/uploads\/2023\/06\/image-de-perseverance-solutions-anti-ronflements-300x263.jpg 300w, https:\/\/antironflement.org\/wp-content\/uploads\/2023\/06\/image-de-perseverance-solutions-anti-ronflements-768x674.jpg 768w, https:\/\/antironflement.org\/wp-content\/uploads\/2023\/06\/image-de-perseverance-solutions-anti-ronflements-600x526.jpg 600w\" sizes=\"(max-width: 1024px) 100vw, 1024px\" \/><\/figure>\n<\/div>\n\n\n<p>Der Unterschied zwischen Scheitern und einer dauerhaften L\u00f6sung liegt oft in Ihrer F\u00e4higkeit, durchzuhalten.<\/p>\n\n\n\n<p>Beispiel: Die ganze Nacht eine Orthese zu tragen, ist in der ersten Nacht nicht angenehm (aber dann \u00fcberhaupt nicht!).<\/p>\n\n\n\n<p>Dann gew\u00f6hnt man sich im Laufe des Wassers daran, denn irgendwann sp\u00fcrt man es nicht mehr.<\/p>\n\n\n\n<p>Kontaktlinsentr\u00e4ger haben dies erlebt.<\/p>\n","protected":false},"excerpt":{"rendered":"<p>1\/ Stellen Sie zun\u00e4chst fest, warum Sie schnarchen Sehen Sie sich meine Seite \u00a0\u00bb Ursachen&nbsp;\u201c an, es gibt viele davon und wir sind alle unterschiedlich. Um die richtigen L\u00f6sungen F\u00dcR SIE zu finden, m\u00fcssen Sie daher die richtige Diagnose stellen. Eine Beratung durch einen HNO-Schlafspezialisten hilft Ihnen weiter. 2\/ Fahren Sie dann mit Ihren eigenen Tests fort, mit L\u00f6sungen oder Produkten, die wirklich effektiv sind (mit guten Kundenbewertungen) L\u00f6sungen, die funktionieren: Beim Kauf von Produkten: Ohne Produkte: 3\/ Analysieren Sie die Ergebnisse Dieser Teil ist sehr wichtig und wird einige Zeit in Anspruch nehmen.&nbsp;Es wird auch notwendig sein, mit vergleichbaren Situationen zu vergleichen (ziehen Sie keine voreiligen Schlussfolgerungen, wenn das Ergebnis nach einer gigantischen und gut w\u00e4sserigen Mahlzeit nicht aussagekr\u00e4ftig ist!). Um einen Mittelwert zu ermitteln, muss der Test au\u00dferdem \u00fcber einen Zeitraum von mindestens einer Woche durchgef\u00fchrt werden. Am besten ist es auch, die L\u00f6sungen abzuwechseln oder N\u00e4chte ohne etwas zu verbringen, dann mit \u2026 Wenn Sie auf diese Weise f\u00fcr den gleichen Zeitraum vorgehen, der physisch identisch ist, erhalten Sie einen hervorragenden Vergleich. Nutzen Sie besser als das \u201eFeedback\u201c Ihres Partners eine App, die Ihr Schnarchen die ganze Nacht \u00fcber aufzeichnet und analysiert. Zum Beispiel Snoreclock: F\u00fcr Android hier Und IOS, hier 4\/ Durchhalten! Der Unterschied zwischen Scheitern und einer dauerhaften L\u00f6sung liegt oft in Ihrer F\u00e4higkeit, durchzuhalten. Beispiel: Die ganze Nacht eine Orthese zu tragen, ist in der ersten Nacht nicht angenehm (aber dann \u00fcberhaupt nicht!). Dann gew\u00f6hnt man sich im Laufe des Wassers daran, denn irgendwann sp\u00fcrt man es nicht mehr. Kontaktlinsentr\u00e4ger haben dies erlebt.<\/p>\n","protected":false},"author":2,"featured_media":0,"parent":0,"menu_order":0,"comment_status":"closed","ping_status":"closed","template":"","meta":{"two_page_speed":[],"footnotes":""},"class_list":["post-1820","page","type-page","status-publish","hentry"],"yoast_head":"<!-- This site is optimized with the Yoast SEO plugin v27.3 - https:\/\/yoast.com\/product\/yoast-seo-wordpress\/ -->\n<title>L\u00f6sungen gegen Schnarchen - Anti Ronflement<\/title>\n<meta name=\"robots\" content=\"index, follow, max-snippet:-1, max-image-preview:large, max-video-preview:-1\" \/>\n<link rel=\"canonical\" href=\"https:\/\/antironflement.org\/index.php\/de\/losungen-gegen-schnarchen\/\" \/>\n<meta property=\"og:locale\" content=\"fr_FR\" \/>\n<meta property=\"og:type\" content=\"article\" \/>\n<meta property=\"og:title\" content=\"L\u00f6sungen gegen Schnarchen - Anti Ronflement\" \/>\n<meta property=\"og:description\" content=\"1\/ Stellen Sie zun\u00e4chst fest, warum Sie schnarchen Sehen Sie sich meine Seite \u00a0\u00bb Ursachen&nbsp;\u201c an, es gibt viele davon und wir sind alle unterschiedlich. Um die richtigen L\u00f6sungen F\u00dcR SIE zu finden, m\u00fcssen Sie daher die richtige Diagnose stellen. Eine Beratung durch einen HNO-Schlafspezialisten hilft Ihnen weiter. 2\/ Fahren Sie dann mit Ihren eigenen Tests fort, mit L\u00f6sungen oder Produkten, die wirklich effektiv sind (mit guten Kundenbewertungen) L\u00f6sungen, die funktionieren: Beim Kauf von Produkten: Ohne Produkte: 3\/ Analysieren Sie die Ergebnisse Dieser Teil ist sehr wichtig und wird einige Zeit in Anspruch nehmen.&nbsp;Es wird auch notwendig sein, mit vergleichbaren Situationen zu vergleichen (ziehen Sie keine voreiligen Schlussfolgerungen, wenn das Ergebnis nach einer gigantischen und gut w\u00e4sserigen Mahlzeit nicht aussagekr\u00e4ftig ist!). Um einen Mittelwert zu ermitteln, muss der Test au\u00dferdem \u00fcber einen Zeitraum von mindestens einer Woche durchgef\u00fchrt werden. Am besten ist es auch, die L\u00f6sungen abzuwechseln oder N\u00e4chte ohne etwas zu verbringen, dann mit \u2026 Wenn Sie auf diese Weise f\u00fcr den gleichen Zeitraum vorgehen, der physisch identisch ist, erhalten Sie einen hervorragenden Vergleich. Nutzen Sie besser als das \u201eFeedback\u201c Ihres Partners eine App, die Ihr Schnarchen die ganze Nacht \u00fcber aufzeichnet und analysiert. Zum Beispiel Snoreclock: F\u00fcr Android hier Und IOS, hier 4\/ Durchhalten! Der Unterschied zwischen Scheitern und einer dauerhaften L\u00f6sung liegt oft in Ihrer F\u00e4higkeit, durchzuhalten. Beispiel: Die ganze Nacht eine Orthese zu tragen, ist in der ersten Nacht nicht angenehm (aber dann \u00fcberhaupt nicht!). Dann gew\u00f6hnt man sich im Laufe des Wassers daran, denn irgendwann sp\u00fcrt man es nicht mehr. Kontaktlinsentr\u00e4ger haben dies erlebt.\" \/>\n<meta property=\"og:url\" content=\"https:\/\/antironflement.org\/index.php\/de\/losungen-gegen-schnarchen\/\" \/>\n<meta property=\"og:site_name\" content=\"Anti Ronflement\" \/>\n<meta property=\"article:modified_time\" content=\"2024-08-14T22:09:19+00:00\" \/>\n<meta property=\"og:image\" content=\"https:\/\/antironflement.org\/wp-content\/uploads\/2023\/06\/ORL-sommeil-diagnostique.jpg\" \/>\n<meta name=\"twitter:card\" content=\"summary_large_image\" \/>\n<meta name=\"twitter:label1\" content=\"Dur\u00e9e de lecture estim\u00e9e\" \/>\n\t<meta name=\"twitter:data1\" content=\"3 minutes\" \/>\n<script type=\"application\/ld+json\" class=\"yoast-schema-graph\">{\"@context\":\"https:\\\/\\\/schema.org\",\"@graph\":[{\"@type\":\"WebPage\",\"@id\":\"https:\\\/\\\/antironflement.org\\\/index.php\\\/de\\\/losungen-gegen-schnarchen\\\/\",\"url\":\"https:\\\/\\\/antironflement.org\\\/index.php\\\/de\\\/losungen-gegen-schnarchen\\\/\",\"name\":\"L\u00f6sungen gegen Schnarchen - Anti Ronflement\",\"isPartOf\":{\"@id\":\"https:\\\/\\\/antironflement.org\\\/#website\"},\"primaryImageOfPage\":{\"@id\":\"https:\\\/\\\/antironflement.org\\\/index.php\\\/de\\\/losungen-gegen-schnarchen\\\/#primaryimage\"},\"image\":{\"@id\":\"https:\\\/\\\/antironflement.org\\\/index.php\\\/de\\\/losungen-gegen-schnarchen\\\/#primaryimage\"},\"thumbnailUrl\":\"https:\\\/\\\/antironflement.org\\\/wp-content\\\/uploads\\\/2023\\\/06\\\/ORL-sommeil-diagnostique.jpg\",\"datePublished\":\"2023-06-23T17:36:13+00:00\",\"dateModified\":\"2024-08-14T22:09:19+00:00\",\"breadcrumb\":{\"@id\":\"https:\\\/\\\/antironflement.org\\\/index.php\\\/de\\\/losungen-gegen-schnarchen\\\/#breadcrumb\"},\"inLanguage\":\"fr-FR\",\"potentialAction\":[{\"@type\":\"ReadAction\",\"target\":[\"https:\\\/\\\/antironflement.org\\\/index.php\\\/de\\\/losungen-gegen-schnarchen\\\/\"]}]},{\"@type\":\"ImageObject\",\"inLanguage\":\"fr-FR\",\"@id\":\"https:\\\/\\\/antironflement.org\\\/index.php\\\/de\\\/losungen-gegen-schnarchen\\\/#primaryimage\",\"url\":\"https:\\\/\\\/antironflement.org\\\/wp-content\\\/uploads\\\/2023\\\/06\\\/ORL-sommeil-diagnostique.jpg\",\"contentUrl\":\"https:\\\/\\\/antironflement.org\\\/wp-content\\\/uploads\\\/2023\\\/06\\\/ORL-sommeil-diagnostique.jpg\",\"width\":1024,\"height\":967},{\"@type\":\"BreadcrumbList\",\"@id\":\"https:\\\/\\\/antironflement.org\\\/index.php\\\/de\\\/losungen-gegen-schnarchen\\\/#breadcrumb\",\"itemListElement\":[{\"@type\":\"ListItem\",\"position\":1,\"name\":\"Accueil\",\"item\":\"https:\\\/\\\/antironflement.org\\\/index.php\\\/en\\\/\"},{\"@type\":\"ListItem\",\"position\":2,\"name\":\"L\u00f6sungen gegen Schnarchen\"}]},{\"@type\":\"WebSite\",\"@id\":\"https:\\\/\\\/antironflement.org\\\/#website\",\"url\":\"https:\\\/\\\/antironflement.org\\\/\",\"name\":\"Anti Ronflement\",\"description\":\"Avis et tests des solutions pour moins ronfler\",\"publisher\":{\"@id\":\"https:\\\/\\\/antironflement.org\\\/#organization\"},\"potentialAction\":[{\"@type\":\"SearchAction\",\"target\":{\"@type\":\"EntryPoint\",\"urlTemplate\":\"https:\\\/\\\/antironflement.org\\\/?s={search_term_string}\"},\"query-input\":{\"@type\":\"PropertyValueSpecification\",\"valueRequired\":true,\"valueName\":\"search_term_string\"}}],\"inLanguage\":\"fr-FR\"},{\"@type\":\"Organization\",\"@id\":\"https:\\\/\\\/antironflement.org\\\/#organization\",\"name\":\"Anti Ronflement\",\"url\":\"https:\\\/\\\/antironflement.org\\\/\",\"logo\":{\"@type\":\"ImageObject\",\"inLanguage\":\"fr-FR\",\"@id\":\"https:\\\/\\\/antironflement.org\\\/#\\\/schema\\\/logo\\\/image\\\/\",\"url\":\"https:\\\/\\\/antironflement.org\\\/wp-content\\\/uploads\\\/2022\\\/04\\\/antironflementlogotopgris.webp\",\"contentUrl\":\"https:\\\/\\\/antironflement.org\\\/wp-content\\\/uploads\\\/2022\\\/04\\\/antironflementlogotopgris.webp\",\"width\":450,\"height\":200,\"caption\":\"Anti Ronflement\"},\"image\":{\"@id\":\"https:\\\/\\\/antironflement.org\\\/#\\\/schema\\\/logo\\\/image\\\/\"}}]}<\/script>\n<!-- \/ Yoast SEO plugin. -->","yoast_head_json":{"title":"L\u00f6sungen gegen Schnarchen - Anti Ronflement","robots":{"index":"index","follow":"follow","max-snippet":"max-snippet:-1","max-image-preview":"max-image-preview:large","max-video-preview":"max-video-preview:-1"},"canonical":"https:\/\/antironflement.org\/index.php\/de\/losungen-gegen-schnarchen\/","og_locale":"fr_FR","og_type":"article","og_title":"L\u00f6sungen gegen Schnarchen - Anti Ronflement","og_description":"1\/ Stellen Sie zun\u00e4chst fest, warum Sie schnarchen Sehen Sie sich meine Seite \u00a0\u00bb Ursachen&nbsp;\u201c an, es gibt viele davon und wir sind alle unterschiedlich. Um die richtigen L\u00f6sungen F\u00dcR SIE zu finden, m\u00fcssen Sie daher die richtige Diagnose stellen. Eine Beratung durch einen HNO-Schlafspezialisten hilft Ihnen weiter. 2\/ Fahren Sie dann mit Ihren eigenen Tests fort, mit L\u00f6sungen oder Produkten, die wirklich effektiv sind (mit guten Kundenbewertungen) L\u00f6sungen, die funktionieren: Beim Kauf von Produkten: Ohne Produkte: 3\/ Analysieren Sie die Ergebnisse Dieser Teil ist sehr wichtig und wird einige Zeit in Anspruch nehmen.&nbsp;Es wird auch notwendig sein, mit vergleichbaren Situationen zu vergleichen (ziehen Sie keine voreiligen Schlussfolgerungen, wenn das Ergebnis nach einer gigantischen und gut w\u00e4sserigen Mahlzeit nicht aussagekr\u00e4ftig ist!). Um einen Mittelwert zu ermitteln, muss der Test au\u00dferdem \u00fcber einen Zeitraum von mindestens einer Woche durchgef\u00fchrt werden. Am besten ist es auch, die L\u00f6sungen abzuwechseln oder N\u00e4chte ohne etwas zu verbringen, dann mit \u2026 Wenn Sie auf diese Weise f\u00fcr den gleichen Zeitraum vorgehen, der physisch identisch ist, erhalten Sie einen hervorragenden Vergleich. Nutzen Sie besser als das \u201eFeedback\u201c Ihres Partners eine App, die Ihr Schnarchen die ganze Nacht \u00fcber aufzeichnet und analysiert. Zum Beispiel Snoreclock: F\u00fcr Android hier Und IOS, hier 4\/ Durchhalten! Der Unterschied zwischen Scheitern und einer dauerhaften L\u00f6sung liegt oft in Ihrer F\u00e4higkeit, durchzuhalten. Beispiel: Die ganze Nacht eine Orthese zu tragen, ist in der ersten Nacht nicht angenehm (aber dann \u00fcberhaupt nicht!). Dann gew\u00f6hnt man sich im Laufe des Wassers daran, denn irgendwann sp\u00fcrt man es nicht mehr. Kontaktlinsentr\u00e4ger haben dies erlebt.","og_url":"https:\/\/antironflement.org\/index.php\/de\/losungen-gegen-schnarchen\/","og_site_name":"Anti Ronflement","article_modified_time":"2024-08-14T22:09:19+00:00","og_image":[{"url":"https:\/\/antironflement.org\/wp-content\/uploads\/2023\/06\/ORL-sommeil-diagnostique.jpg","type":"","width":"","height":""}],"twitter_card":"summary_large_image","twitter_misc":{"Dur\u00e9e de lecture estim\u00e9e":"3 minutes"},"schema":{"@context":"https:\/\/schema.org","@graph":[{"@type":"WebPage","@id":"https:\/\/antironflement.org\/index.php\/de\/losungen-gegen-schnarchen\/","url":"https:\/\/antironflement.org\/index.php\/de\/losungen-gegen-schnarchen\/","name":"L\u00f6sungen gegen Schnarchen - Anti Ronflement","isPartOf":{"@id":"https:\/\/antironflement.org\/#website"},"primaryImageOfPage":{"@id":"https:\/\/antironflement.org\/index.php\/de\/losungen-gegen-schnarchen\/#primaryimage"},"image":{"@id":"https:\/\/antironflement.org\/index.php\/de\/losungen-gegen-schnarchen\/#primaryimage"},"thumbnailUrl":"https:\/\/antironflement.org\/wp-content\/uploads\/2023\/06\/ORL-sommeil-diagnostique.jpg","datePublished":"2023-06-23T17:36:13+00:00","dateModified":"2024-08-14T22:09:19+00:00","breadcrumb":{"@id":"https:\/\/antironflement.org\/index.php\/de\/losungen-gegen-schnarchen\/#breadcrumb"},"inLanguage":"fr-FR","potentialAction":[{"@type":"ReadAction","target":["https:\/\/antironflement.org\/index.php\/de\/losungen-gegen-schnarchen\/"]}]},{"@type":"ImageObject","inLanguage":"fr-FR","@id":"https:\/\/antironflement.org\/index.php\/de\/losungen-gegen-schnarchen\/#primaryimage","url":"https:\/\/antironflement.org\/wp-content\/uploads\/2023\/06\/ORL-sommeil-diagnostique.jpg","contentUrl":"https:\/\/antironflement.org\/wp-content\/uploads\/2023\/06\/ORL-sommeil-diagnostique.jpg","width":1024,"height":967},{"@type":"BreadcrumbList","@id":"https:\/\/antironflement.org\/index.php\/de\/losungen-gegen-schnarchen\/#breadcrumb","itemListElement":[{"@type":"ListItem","position":1,"name":"Accueil","item":"https:\/\/antironflement.org\/index.php\/en\/"},{"@type":"ListItem","position":2,"name":"L\u00f6sungen gegen Schnarchen"}]},{"@type":"WebSite","@id":"https:\/\/antironflement.org\/#website","url":"https:\/\/antironflement.org\/","name":"Anti Ronflement","description":"Avis et tests des solutions pour moins ronfler","publisher":{"@id":"https:\/\/antironflement.org\/#organization"},"potentialAction":[{"@type":"SearchAction","target":{"@type":"EntryPoint","urlTemplate":"https:\/\/antironflement.org\/?s={search_term_string}"},"query-input":{"@type":"PropertyValueSpecification","valueRequired":true,"valueName":"search_term_string"}}],"inLanguage":"fr-FR"},{"@type":"Organization","@id":"https:\/\/antironflement.org\/#organization","name":"Anti Ronflement","url":"https:\/\/antironflement.org\/","logo":{"@type":"ImageObject","inLanguage":"fr-FR","@id":"https:\/\/antironflement.org\/#\/schema\/logo\/image\/","url":"https:\/\/antironflement.org\/wp-content\/uploads\/2022\/04\/antironflementlogotopgris.webp","contentUrl":"https:\/\/antironflement.org\/wp-content\/uploads\/2022\/04\/antironflementlogotopgris.webp","width":450,"height":200,"caption":"Anti Ronflement"},"image":{"@id":"https:\/\/antironflement.org\/#\/schema\/logo\/image\/"}}]}},"acf":[],"_links":{"self":[{"href":"https:\/\/antironflement.org\/index.php\/wp-json\/wp\/v2\/pages\/1820","targetHints":{"allow":["GET"]}}],"collection":[{"href":"https:\/\/antironflement.org\/index.php\/wp-json\/wp\/v2\/pages"}],"about":[{"href":"https:\/\/antironflement.org\/index.php\/wp-json\/wp\/v2\/types\/page"}],"author":[{"embeddable":true,"href":"https:\/\/antironflement.org\/index.php\/wp-json\/wp\/v2\/users\/2"}],"replies":[{"embeddable":true,"href":"https:\/\/antironflement.org\/index.php\/wp-json\/wp\/v2\/comments?post=1820"}],"version-history":[{"count":10,"href":"https:\/\/antironflement.org\/index.php\/wp-json\/wp\/v2\/pages\/1820\/revisions"}],"predecessor-version":[{"id":3837,"href":"https:\/\/antironflement.org\/index.php\/wp-json\/wp\/v2\/pages\/1820\/revisions\/3837"}],"wp:attachment":[{"href":"https:\/\/antironflement.org\/index.php\/wp-json\/wp\/v2\/media?parent=1820"}],"curies":[{"name":"wp","href":"https:\/\/api.w.org\/{rel}","templated":true}]}}