{"id":1818,"date":"2023-06-23T19:33:51","date_gmt":"2023-06-23T17:33:51","guid":{"rendered":"https:\/\/antironflement.org\/?page_id=1818"},"modified":"2023-06-23T19:33:53","modified_gmt":"2023-06-23T17:33:53","slug":"die-ursachen-des-schnarchens","status":"publish","type":"page","link":"https:\/\/antironflement.org\/index.php\/de\/die-ursachen-des-schnarchens\/","title":{"rendered":"Die Ursachen des Schnarchens"},"content":{"rendered":"\n<h2 class=\"wp-block-heading\">1\/ Geschlecht: M\u00e4nner schnarchen mehr als Frauen<\/h2>\n\n\n<div class=\"wp-block-image\">\n<figure class=\"aligncenter is-resized\"><img fetchpriority=\"high\" decoding=\"async\" src=\"https:\/\/antironflement.org\/wp-content\/uploads\/2023\/06\/les-hommes-ronflent-plus-que-les-femmes-.jpg\" alt=\"\" class=\"wp-image-1414\" width=\"287\" height=\"269\" srcset=\"https:\/\/antironflement.org\/wp-content\/uploads\/2023\/06\/les-hommes-ronflent-plus-que-les-femmes-.jpg 1024w, https:\/\/antironflement.org\/wp-content\/uploads\/2023\/06\/les-hommes-ronflent-plus-que-les-femmes--300x280.jpg 300w, https:\/\/antironflement.org\/wp-content\/uploads\/2023\/06\/les-hommes-ronflent-plus-que-les-femmes--768x716.jpg 768w, https:\/\/antironflement.org\/wp-content\/uploads\/2023\/06\/les-hommes-ronflent-plus-que-les-femmes--600x560.jpg 600w\" sizes=\"(max-width: 287px) 100vw, 287px\" \/><\/figure>\n<\/div>\n\n\n<p>M\u00e4nner haben engere Atemwege als Frauen, was mit der Zeit (mit zunehmendem Alter, siehe unten) (in den meisten F\u00e4llen) zu Schnarchen f\u00fchrt.<\/p>\n\n\n\n<h2 class=\"wp-block-heading\">2\/ Alter: Das Schnarchen nimmt mit zunehmendem Alter zu.<\/h2>\n\n\n\n<p>Mit zunehmendem Alter verliert die Halsmuskulatur an Spannkraft und das Gewebe wird schlaff, was zu Schnarchen f\u00fchren kann.<\/p>\n\n\n<div class=\"wp-block-image\">\n<figure class=\"aligncenter is-resized\"><img decoding=\"async\" src=\"https:\/\/antironflement.org\/wp-content\/uploads\/2023\/06\/trentenaire-en-train-de-dormir-.jpg\" alt=\"\" class=\"wp-image-1415\" width=\"333\" height=\"312\" srcset=\"https:\/\/antironflement.org\/wp-content\/uploads\/2023\/06\/trentenaire-en-train-de-dormir-.jpg 1024w, https:\/\/antironflement.org\/wp-content\/uploads\/2023\/06\/trentenaire-en-train-de-dormir--300x282.jpg 300w, https:\/\/antironflement.org\/wp-content\/uploads\/2023\/06\/trentenaire-en-train-de-dormir--768x723.jpg 768w\" sizes=\"(max-width: 333px) 100vw, 333px\" \/><\/figure>\n<\/div>\n\n\n<p>Es ist jedoch zu beachten, dass sich die Kurve im Laufe der Jahre umkehren kann.&nbsp;Sehr alte Menschen k\u00f6nnen schnarchen, aber es stimmt, dass das Schnarchen im hohen Alter tendenziell auch abnimmt.<\/p>\n\n\n\n<p>Schnarchen wird durch Vibrationen der Weichteile des Rachens verursacht, insbesondere des weichen Gaumens (hinterer Teil des Gaumens).&nbsp;Teilweise ist die Muskelentspannung im Schlaf die Ursache.<\/p>\n\n\n\n<p>Mit zunehmendem Alter verliert die Halsmuskulatur an Spannkraft, was bei sehr alten Menschen zu einer Verringerung des Schnarchens f\u00fchren kann.&nbsp;Sch\u00e4tzungen zufolge erreicht das Schnarchen seinen H\u00f6hepunkt im Alter zwischen 40 und 60 Jahren.&nbsp;Dies schlie\u00dft Schnarchen au\u00dferhalb dieser Altersgruppe nicht aus.<\/p>\n\n\n<div class=\"wp-block-image\">\n<figure class=\"aligncenter is-resized\"><img decoding=\"async\" src=\"https:\/\/antironflement.org\/wp-content\/uploads\/2023\/06\/personne-age-qui-dort.jpg\" alt=\"\" class=\"wp-image-1417\" width=\"317\" height=\"299\" srcset=\"https:\/\/antironflement.org\/wp-content\/uploads\/2023\/06\/personne-age-qui-dort.jpg 1024w, https:\/\/antironflement.org\/wp-content\/uploads\/2023\/06\/personne-age-qui-dort-300x283.jpg 300w, https:\/\/antironflement.org\/wp-content\/uploads\/2023\/06\/personne-age-qui-dort-768x725.jpg 768w, https:\/\/antironflement.org\/wp-content\/uploads\/2023\/06\/personne-age-qui-dort-600x567.jpg 600w\" sizes=\"(max-width: 317px) 100vw, 317px\" \/><\/figure>\n<\/div>\n\n\n<h2 class=\"wp-block-heading\">3\/ Gewicht und Ern\u00e4hrung<\/h2>\n\n\n\n<p>\u00dcbergewicht und Fettleibigkeit beg\u00fcnstigen das t\u00e4gliche Schnarchen, das mit Schlafapnoe einhergehen kann.<br>\u00dcbergewicht und Fettleibigkeit k\u00f6nnen Schnarchen verursachen, da sich Fett um den Hals ansammelt und die Atemwege verengen kann.<\/p>\n\n\n\n<p>Eine ausgewogene Ern\u00e4hrung verbunden mit einem gesunden Lebensstil (sportliche Aktivit\u00e4t) kann das Schnarchen reduzieren oder sogar beseitigen.<\/p>\n\n\n<div class=\"wp-block-image\">\n<figure class=\"aligncenter is-resized\"><img loading=\"lazy\" decoding=\"async\" src=\"https:\/\/antironflement.org\/wp-content\/uploads\/2023\/06\/relachement-muscles-gorge.jpg\" alt=\"\" class=\"wp-image-1418\" width=\"347\" height=\"318\" srcset=\"https:\/\/antironflement.org\/wp-content\/uploads\/2023\/06\/relachement-muscles-gorge.jpg 476w, https:\/\/antironflement.org\/wp-content\/uploads\/2023\/06\/relachement-muscles-gorge-300x275.jpg 300w\" sizes=\"(max-width: 347px) 100vw, 347px\" \/><\/figure>\n<\/div>\n\n\n<h2 class=\"wp-block-heading\">4\/ Verstopfung der Nase oder des Nasopharynx<\/h2>\n\n\n<div class=\"wp-block-image\">\n<figure class=\"aligncenter is-resized\"><img loading=\"lazy\" decoding=\"async\" src=\"https:\/\/antironflement.org\/wp-content\/uploads\/2023\/06\/nez-bouche.jpg\" alt=\"\" class=\"wp-image-1419\" width=\"344\" height=\"318\" srcset=\"https:\/\/antironflement.org\/wp-content\/uploads\/2023\/06\/nez-bouche.jpg 1024w, https:\/\/antironflement.org\/wp-content\/uploads\/2023\/06\/nez-bouche-300x278.jpg 300w, https:\/\/antironflement.org\/wp-content\/uploads\/2023\/06\/nez-bouche-768x711.jpg 768w, https:\/\/antironflement.org\/wp-content\/uploads\/2023\/06\/nez-bouche-600x555.jpg 600w\" sizes=\"(max-width: 344px) 100vw, 344px\" \/><\/figure>\n<\/div>\n\n\n<p>Eine \u201everstopfte\u201c Nase kann durch eine krumme Nasenscheidewand, eine Nebenh\u00f6hlenentz\u00fcndung, Allergien oder sogar Staphylokokken verursacht werden.<\/p>\n\n\n\n<p>Eine Obstruktion des Nasopharynx kann auch durch vergr\u00f6\u00dferte Mandeln oder Adenoide verursacht werden.<\/p>\n\n\n\n<h2 class=\"wp-block-heading\">5\/ Auf dem R\u00fccken zu liegen macht das Schnarchen schlimmer.<\/h2>\n\n\n<div class=\"wp-block-image\">\n<figure class=\"aligncenter is-resized\"><img loading=\"lazy\" decoding=\"async\" src=\"https:\/\/antironflement.org\/wp-content\/uploads\/2023\/06\/dessin-dun-homme-qui-dort-sur-le-dos-et-ronfle.jpg\" alt=\"\" class=\"wp-image-1421\" width=\"319\" height=\"260\" srcset=\"https:\/\/antironflement.org\/wp-content\/uploads\/2023\/06\/dessin-dun-homme-qui-dort-sur-le-dos-et-ronfle.jpg 1024w, https:\/\/antironflement.org\/wp-content\/uploads\/2023\/06\/dessin-dun-homme-qui-dort-sur-le-dos-et-ronfle-300x244.jpg 300w, https:\/\/antironflement.org\/wp-content\/uploads\/2023\/06\/dessin-dun-homme-qui-dort-sur-le-dos-et-ronfle-768x626.jpg 768w, https:\/\/antironflement.org\/wp-content\/uploads\/2023\/06\/dessin-dun-homme-qui-dort-sur-le-dos-et-ronfle-600x489.jpg 600w\" sizes=\"(max-width: 319px) 100vw, 319px\" \/><\/figure>\n<\/div>\n\n\n<p>Wenn Sie auf dem R\u00fccken schlafen, kann dies dazu f\u00fchren, dass Ihre Zunge zur\u00fcckf\u00e4llt und Ihre Atemwege blockiert.<\/p>\n\n\n\n<h2 class=\"wp-block-heading\">6\/ Die Aufnahme von Alkohol.<\/h2>\n\n\n\n<p>Alkohol entspannt die Halsmuskulatur und verst\u00e4rkt dadurch das Schnarchen.<\/p>\n\n\n<div class=\"wp-block-image\">\n<figure class=\"aligncenter is-resized\"><img loading=\"lazy\" decoding=\"async\" src=\"https:\/\/antironflement.org\/wp-content\/uploads\/2023\/06\/alcool-et-relachement-muscle-de-la-gorge.jpg\" alt=\"\" class=\"wp-image-1420\" width=\"274\" height=\"260\" srcset=\"https:\/\/antironflement.org\/wp-content\/uploads\/2023\/06\/alcool-et-relachement-muscle-de-la-gorge.jpg 1024w, https:\/\/antironflement.org\/wp-content\/uploads\/2023\/06\/alcool-et-relachement-muscle-de-la-gorge-300x284.jpg 300w, https:\/\/antironflement.org\/wp-content\/uploads\/2023\/06\/alcool-et-relachement-muscle-de-la-gorge-768x728.jpg 768w, https:\/\/antironflement.org\/wp-content\/uploads\/2023\/06\/alcool-et-relachement-muscle-de-la-gorge-600x569.jpg 600w\" sizes=\"(max-width: 274px) 100vw, 274px\" \/><\/figure>\n<\/div>","protected":false},"excerpt":{"rendered":"<p>1\/ Geschlecht: M\u00e4nner schnarchen mehr als Frauen M\u00e4nner haben engere Atemwege als Frauen, was mit der Zeit (mit zunehmendem Alter, siehe unten) (in den meisten F\u00e4llen) zu Schnarchen f\u00fchrt. 2\/ Alter: Das Schnarchen nimmt mit zunehmendem Alter zu. Mit zunehmendem Alter verliert die Halsmuskulatur an Spannkraft und das Gewebe wird schlaff, was zu Schnarchen f\u00fchren kann. Es ist jedoch zu beachten, dass sich die Kurve im Laufe der Jahre umkehren kann.&nbsp;Sehr alte Menschen k\u00f6nnen schnarchen, aber es stimmt, dass das Schnarchen im hohen Alter tendenziell auch abnimmt. Schnarchen wird durch Vibrationen der Weichteile des Rachens verursacht, insbesondere des weichen Gaumens (hinterer Teil des Gaumens).&nbsp;Teilweise ist die Muskelentspannung im Schlaf die Ursache. Mit zunehmendem Alter verliert die Halsmuskulatur an Spannkraft, was bei sehr alten Menschen zu einer Verringerung des Schnarchens f\u00fchren kann.&nbsp;Sch\u00e4tzungen zufolge erreicht das Schnarchen seinen H\u00f6hepunkt im Alter zwischen 40 und 60 Jahren.&nbsp;Dies schlie\u00dft Schnarchen au\u00dferhalb dieser Altersgruppe nicht aus. 3\/ Gewicht und Ern\u00e4hrung \u00dcbergewicht und Fettleibigkeit beg\u00fcnstigen das t\u00e4gliche Schnarchen, das mit Schlafapnoe einhergehen kann.\u00dcbergewicht und Fettleibigkeit k\u00f6nnen Schnarchen verursachen, da sich Fett um den Hals ansammelt und die Atemwege verengen kann. Eine ausgewogene Ern\u00e4hrung verbunden mit einem gesunden Lebensstil (sportliche Aktivit\u00e4t) kann das Schnarchen reduzieren oder sogar beseitigen. 4\/ Verstopfung der Nase oder des Nasopharynx Eine \u201everstopfte\u201c Nase kann durch eine krumme Nasenscheidewand, eine Nebenh\u00f6hlenentz\u00fcndung, Allergien oder sogar Staphylokokken verursacht werden. Eine Obstruktion des Nasopharynx kann auch durch vergr\u00f6\u00dferte Mandeln oder Adenoide verursacht werden. 5\/ Auf dem R\u00fccken zu liegen macht das Schnarchen schlimmer. Wenn Sie auf dem R\u00fccken schlafen, kann dies dazu f\u00fchren, dass Ihre Zunge zur\u00fcckf\u00e4llt und Ihre Atemwege blockiert. 6\/ Die Aufnahme von Alkohol. Alkohol entspannt die Halsmuskulatur und verst\u00e4rkt dadurch das Schnarchen.<\/p>\n","protected":false},"author":2,"featured_media":0,"parent":0,"menu_order":0,"comment_status":"closed","ping_status":"closed","template":"","meta":{"two_page_speed":[],"footnotes":""},"class_list":["post-1818","page","type-page","status-publish","hentry"],"yoast_head":"<!-- This site is optimized with the Yoast SEO plugin v27.3 - https:\/\/yoast.com\/product\/yoast-seo-wordpress\/ -->\n<title>Die Ursachen des Schnarchens - Anti Ronflement<\/title>\n<meta name=\"robots\" content=\"index, follow, max-snippet:-1, max-image-preview:large, max-video-preview:-1\" \/>\n<link rel=\"canonical\" href=\"https:\/\/antironflement.org\/index.php\/de\/die-ursachen-des-schnarchens\/\" \/>\n<meta property=\"og:locale\" content=\"fr_FR\" \/>\n<meta property=\"og:type\" content=\"article\" \/>\n<meta property=\"og:title\" content=\"Die Ursachen des Schnarchens - Anti Ronflement\" \/>\n<meta property=\"og:description\" content=\"1\/ Geschlecht: M\u00e4nner schnarchen mehr als Frauen M\u00e4nner haben engere Atemwege als Frauen, was mit der Zeit (mit zunehmendem Alter, siehe unten) (in den meisten F\u00e4llen) zu Schnarchen f\u00fchrt. 2\/ Alter: Das Schnarchen nimmt mit zunehmendem Alter zu. Mit zunehmendem Alter verliert die Halsmuskulatur an Spannkraft und das Gewebe wird schlaff, was zu Schnarchen f\u00fchren kann. Es ist jedoch zu beachten, dass sich die Kurve im Laufe der Jahre umkehren kann.&nbsp;Sehr alte Menschen k\u00f6nnen schnarchen, aber es stimmt, dass das Schnarchen im hohen Alter tendenziell auch abnimmt. Schnarchen wird durch Vibrationen der Weichteile des Rachens verursacht, insbesondere des weichen Gaumens (hinterer Teil des Gaumens).&nbsp;Teilweise ist die Muskelentspannung im Schlaf die Ursache. Mit zunehmendem Alter verliert die Halsmuskulatur an Spannkraft, was bei sehr alten Menschen zu einer Verringerung des Schnarchens f\u00fchren kann.&nbsp;Sch\u00e4tzungen zufolge erreicht das Schnarchen seinen H\u00f6hepunkt im Alter zwischen 40 und 60 Jahren.&nbsp;Dies schlie\u00dft Schnarchen au\u00dferhalb dieser Altersgruppe nicht aus. 3\/ Gewicht und Ern\u00e4hrung \u00dcbergewicht und Fettleibigkeit beg\u00fcnstigen das t\u00e4gliche Schnarchen, das mit Schlafapnoe einhergehen kann.\u00dcbergewicht und Fettleibigkeit k\u00f6nnen Schnarchen verursachen, da sich Fett um den Hals ansammelt und die Atemwege verengen kann. Eine ausgewogene Ern\u00e4hrung verbunden mit einem gesunden Lebensstil (sportliche Aktivit\u00e4t) kann das Schnarchen reduzieren oder sogar beseitigen. 4\/ Verstopfung der Nase oder des Nasopharynx Eine \u201everstopfte\u201c Nase kann durch eine krumme Nasenscheidewand, eine Nebenh\u00f6hlenentz\u00fcndung, Allergien oder sogar Staphylokokken verursacht werden. Eine Obstruktion des Nasopharynx kann auch durch vergr\u00f6\u00dferte Mandeln oder Adenoide verursacht werden. 5\/ Auf dem R\u00fccken zu liegen macht das Schnarchen schlimmer. Wenn Sie auf dem R\u00fccken schlafen, kann dies dazu f\u00fchren, dass Ihre Zunge zur\u00fcckf\u00e4llt und Ihre Atemwege blockiert. 6\/ Die Aufnahme von Alkohol. Alkohol entspannt die Halsmuskulatur und verst\u00e4rkt dadurch das Schnarchen.\" \/>\n<meta property=\"og:url\" content=\"https:\/\/antironflement.org\/index.php\/de\/die-ursachen-des-schnarchens\/\" \/>\n<meta property=\"og:site_name\" content=\"Anti Ronflement\" \/>\n<meta property=\"article:modified_time\" content=\"2023-06-23T17:33:53+00:00\" \/>\n<meta property=\"og:image\" content=\"https:\/\/antironflement.org\/wp-content\/uploads\/2023\/06\/les-hommes-ronflent-plus-que-les-femmes-.jpg\" \/>\n<meta name=\"twitter:card\" content=\"summary_large_image\" \/>\n<meta name=\"twitter:label1\" content=\"Dur\u00e9e de lecture estim\u00e9e\" \/>\n\t<meta name=\"twitter:data1\" content=\"3 minutes\" \/>\n<script type=\"application\/ld+json\" class=\"yoast-schema-graph\">{\"@context\":\"https:\\\/\\\/schema.org\",\"@graph\":[{\"@type\":\"WebPage\",\"@id\":\"https:\\\/\\\/antironflement.org\\\/index.php\\\/de\\\/die-ursachen-des-schnarchens\\\/\",\"url\":\"https:\\\/\\\/antironflement.org\\\/index.php\\\/de\\\/die-ursachen-des-schnarchens\\\/\",\"name\":\"Die Ursachen des Schnarchens - Anti Ronflement\",\"isPartOf\":{\"@id\":\"https:\\\/\\\/antironflement.org\\\/#website\"},\"primaryImageOfPage\":{\"@id\":\"https:\\\/\\\/antironflement.org\\\/index.php\\\/de\\\/die-ursachen-des-schnarchens\\\/#primaryimage\"},\"image\":{\"@id\":\"https:\\\/\\\/antironflement.org\\\/index.php\\\/de\\\/die-ursachen-des-schnarchens\\\/#primaryimage\"},\"thumbnailUrl\":\"https:\\\/\\\/antironflement.org\\\/wp-content\\\/uploads\\\/2023\\\/06\\\/les-hommes-ronflent-plus-que-les-femmes-.jpg\",\"datePublished\":\"2023-06-23T17:33:51+00:00\",\"dateModified\":\"2023-06-23T17:33:53+00:00\",\"breadcrumb\":{\"@id\":\"https:\\\/\\\/antironflement.org\\\/index.php\\\/de\\\/die-ursachen-des-schnarchens\\\/#breadcrumb\"},\"inLanguage\":\"fr-FR\",\"potentialAction\":[{\"@type\":\"ReadAction\",\"target\":[\"https:\\\/\\\/antironflement.org\\\/index.php\\\/de\\\/die-ursachen-des-schnarchens\\\/\"]}]},{\"@type\":\"ImageObject\",\"inLanguage\":\"fr-FR\",\"@id\":\"https:\\\/\\\/antironflement.org\\\/index.php\\\/de\\\/die-ursachen-des-schnarchens\\\/#primaryimage\",\"url\":\"https:\\\/\\\/antironflement.org\\\/wp-content\\\/uploads\\\/2023\\\/06\\\/les-hommes-ronflent-plus-que-les-femmes-.jpg\",\"contentUrl\":\"https:\\\/\\\/antironflement.org\\\/wp-content\\\/uploads\\\/2023\\\/06\\\/les-hommes-ronflent-plus-que-les-femmes-.jpg\",\"width\":1024,\"height\":955},{\"@type\":\"BreadcrumbList\",\"@id\":\"https:\\\/\\\/antironflement.org\\\/index.php\\\/de\\\/die-ursachen-des-schnarchens\\\/#breadcrumb\",\"itemListElement\":[{\"@type\":\"ListItem\",\"position\":1,\"name\":\"Accueil\",\"item\":\"https:\\\/\\\/antironflement.org\\\/index.php\\\/en\\\/\"},{\"@type\":\"ListItem\",\"position\":2,\"name\":\"Die Ursachen des Schnarchens\"}]},{\"@type\":\"WebSite\",\"@id\":\"https:\\\/\\\/antironflement.org\\\/#website\",\"url\":\"https:\\\/\\\/antironflement.org\\\/\",\"name\":\"Anti Ronflement\",\"description\":\"Avis et tests des solutions pour moins ronfler\",\"publisher\":{\"@id\":\"https:\\\/\\\/antironflement.org\\\/#organization\"},\"potentialAction\":[{\"@type\":\"SearchAction\",\"target\":{\"@type\":\"EntryPoint\",\"urlTemplate\":\"https:\\\/\\\/antironflement.org\\\/?s={search_term_string}\"},\"query-input\":{\"@type\":\"PropertyValueSpecification\",\"valueRequired\":true,\"valueName\":\"search_term_string\"}}],\"inLanguage\":\"fr-FR\"},{\"@type\":\"Organization\",\"@id\":\"https:\\\/\\\/antironflement.org\\\/#organization\",\"name\":\"Anti Ronflement\",\"url\":\"https:\\\/\\\/antironflement.org\\\/\",\"logo\":{\"@type\":\"ImageObject\",\"inLanguage\":\"fr-FR\",\"@id\":\"https:\\\/\\\/antironflement.org\\\/#\\\/schema\\\/logo\\\/image\\\/\",\"url\":\"https:\\\/\\\/antironflement.org\\\/wp-content\\\/uploads\\\/2022\\\/04\\\/antironflementlogotopgris.webp\",\"contentUrl\":\"https:\\\/\\\/antironflement.org\\\/wp-content\\\/uploads\\\/2022\\\/04\\\/antironflementlogotopgris.webp\",\"width\":450,\"height\":200,\"caption\":\"Anti Ronflement\"},\"image\":{\"@id\":\"https:\\\/\\\/antironflement.org\\\/#\\\/schema\\\/logo\\\/image\\\/\"}}]}<\/script>\n<!-- \/ Yoast SEO plugin. -->","yoast_head_json":{"title":"Die Ursachen des Schnarchens - Anti Ronflement","robots":{"index":"index","follow":"follow","max-snippet":"max-snippet:-1","max-image-preview":"max-image-preview:large","max-video-preview":"max-video-preview:-1"},"canonical":"https:\/\/antironflement.org\/index.php\/de\/die-ursachen-des-schnarchens\/","og_locale":"fr_FR","og_type":"article","og_title":"Die Ursachen des Schnarchens - Anti Ronflement","og_description":"1\/ Geschlecht: M\u00e4nner schnarchen mehr als Frauen M\u00e4nner haben engere Atemwege als Frauen, was mit der Zeit (mit zunehmendem Alter, siehe unten) (in den meisten F\u00e4llen) zu Schnarchen f\u00fchrt. 2\/ Alter: Das Schnarchen nimmt mit zunehmendem Alter zu. Mit zunehmendem Alter verliert die Halsmuskulatur an Spannkraft und das Gewebe wird schlaff, was zu Schnarchen f\u00fchren kann. Es ist jedoch zu beachten, dass sich die Kurve im Laufe der Jahre umkehren kann.&nbsp;Sehr alte Menschen k\u00f6nnen schnarchen, aber es stimmt, dass das Schnarchen im hohen Alter tendenziell auch abnimmt. Schnarchen wird durch Vibrationen der Weichteile des Rachens verursacht, insbesondere des weichen Gaumens (hinterer Teil des Gaumens).&nbsp;Teilweise ist die Muskelentspannung im Schlaf die Ursache. Mit zunehmendem Alter verliert die Halsmuskulatur an Spannkraft, was bei sehr alten Menschen zu einer Verringerung des Schnarchens f\u00fchren kann.&nbsp;Sch\u00e4tzungen zufolge erreicht das Schnarchen seinen H\u00f6hepunkt im Alter zwischen 40 und 60 Jahren.&nbsp;Dies schlie\u00dft Schnarchen au\u00dferhalb dieser Altersgruppe nicht aus. 3\/ Gewicht und Ern\u00e4hrung \u00dcbergewicht und Fettleibigkeit beg\u00fcnstigen das t\u00e4gliche Schnarchen, das mit Schlafapnoe einhergehen kann.\u00dcbergewicht und Fettleibigkeit k\u00f6nnen Schnarchen verursachen, da sich Fett um den Hals ansammelt und die Atemwege verengen kann. Eine ausgewogene Ern\u00e4hrung verbunden mit einem gesunden Lebensstil (sportliche Aktivit\u00e4t) kann das Schnarchen reduzieren oder sogar beseitigen. 4\/ Verstopfung der Nase oder des Nasopharynx Eine \u201everstopfte\u201c Nase kann durch eine krumme Nasenscheidewand, eine Nebenh\u00f6hlenentz\u00fcndung, Allergien oder sogar Staphylokokken verursacht werden. Eine Obstruktion des Nasopharynx kann auch durch vergr\u00f6\u00dferte Mandeln oder Adenoide verursacht werden. 5\/ Auf dem R\u00fccken zu liegen macht das Schnarchen schlimmer. Wenn Sie auf dem R\u00fccken schlafen, kann dies dazu f\u00fchren, dass Ihre Zunge zur\u00fcckf\u00e4llt und Ihre Atemwege blockiert. 6\/ Die Aufnahme von Alkohol. Alkohol entspannt die Halsmuskulatur und verst\u00e4rkt dadurch das Schnarchen.","og_url":"https:\/\/antironflement.org\/index.php\/de\/die-ursachen-des-schnarchens\/","og_site_name":"Anti Ronflement","article_modified_time":"2023-06-23T17:33:53+00:00","og_image":[{"url":"https:\/\/antironflement.org\/wp-content\/uploads\/2023\/06\/les-hommes-ronflent-plus-que-les-femmes-.jpg","type":"","width":"","height":""}],"twitter_card":"summary_large_image","twitter_misc":{"Dur\u00e9e de lecture estim\u00e9e":"3 minutes"},"schema":{"@context":"https:\/\/schema.org","@graph":[{"@type":"WebPage","@id":"https:\/\/antironflement.org\/index.php\/de\/die-ursachen-des-schnarchens\/","url":"https:\/\/antironflement.org\/index.php\/de\/die-ursachen-des-schnarchens\/","name":"Die Ursachen des Schnarchens - Anti Ronflement","isPartOf":{"@id":"https:\/\/antironflement.org\/#website"},"primaryImageOfPage":{"@id":"https:\/\/antironflement.org\/index.php\/de\/die-ursachen-des-schnarchens\/#primaryimage"},"image":{"@id":"https:\/\/antironflement.org\/index.php\/de\/die-ursachen-des-schnarchens\/#primaryimage"},"thumbnailUrl":"https:\/\/antironflement.org\/wp-content\/uploads\/2023\/06\/les-hommes-ronflent-plus-que-les-femmes-.jpg","datePublished":"2023-06-23T17:33:51+00:00","dateModified":"2023-06-23T17:33:53+00:00","breadcrumb":{"@id":"https:\/\/antironflement.org\/index.php\/de\/die-ursachen-des-schnarchens\/#breadcrumb"},"inLanguage":"fr-FR","potentialAction":[{"@type":"ReadAction","target":["https:\/\/antironflement.org\/index.php\/de\/die-ursachen-des-schnarchens\/"]}]},{"@type":"ImageObject","inLanguage":"fr-FR","@id":"https:\/\/antironflement.org\/index.php\/de\/die-ursachen-des-schnarchens\/#primaryimage","url":"https:\/\/antironflement.org\/wp-content\/uploads\/2023\/06\/les-hommes-ronflent-plus-que-les-femmes-.jpg","contentUrl":"https:\/\/antironflement.org\/wp-content\/uploads\/2023\/06\/les-hommes-ronflent-plus-que-les-femmes-.jpg","width":1024,"height":955},{"@type":"BreadcrumbList","@id":"https:\/\/antironflement.org\/index.php\/de\/die-ursachen-des-schnarchens\/#breadcrumb","itemListElement":[{"@type":"ListItem","position":1,"name":"Accueil","item":"https:\/\/antironflement.org\/index.php\/en\/"},{"@type":"ListItem","position":2,"name":"Die Ursachen des Schnarchens"}]},{"@type":"WebSite","@id":"https:\/\/antironflement.org\/#website","url":"https:\/\/antironflement.org\/","name":"Anti Ronflement","description":"Avis et tests des solutions pour moins ronfler","publisher":{"@id":"https:\/\/antironflement.org\/#organization"},"potentialAction":[{"@type":"SearchAction","target":{"@type":"EntryPoint","urlTemplate":"https:\/\/antironflement.org\/?s={search_term_string}"},"query-input":{"@type":"PropertyValueSpecification","valueRequired":true,"valueName":"search_term_string"}}],"inLanguage":"fr-FR"},{"@type":"Organization","@id":"https:\/\/antironflement.org\/#organization","name":"Anti Ronflement","url":"https:\/\/antironflement.org\/","logo":{"@type":"ImageObject","inLanguage":"fr-FR","@id":"https:\/\/antironflement.org\/#\/schema\/logo\/image\/","url":"https:\/\/antironflement.org\/wp-content\/uploads\/2022\/04\/antironflementlogotopgris.webp","contentUrl":"https:\/\/antironflement.org\/wp-content\/uploads\/2022\/04\/antironflementlogotopgris.webp","width":450,"height":200,"caption":"Anti Ronflement"},"image":{"@id":"https:\/\/antironflement.org\/#\/schema\/logo\/image\/"}}]}},"acf":[],"_links":{"self":[{"href":"https:\/\/antironflement.org\/index.php\/wp-json\/wp\/v2\/pages\/1818","targetHints":{"allow":["GET"]}}],"collection":[{"href":"https:\/\/antironflement.org\/index.php\/wp-json\/wp\/v2\/pages"}],"about":[{"href":"https:\/\/antironflement.org\/index.php\/wp-json\/wp\/v2\/types\/page"}],"author":[{"embeddable":true,"href":"https:\/\/antironflement.org\/index.php\/wp-json\/wp\/v2\/users\/2"}],"replies":[{"embeddable":true,"href":"https:\/\/antironflement.org\/index.php\/wp-json\/wp\/v2\/comments?post=1818"}],"version-history":[{"count":1,"href":"https:\/\/antironflement.org\/index.php\/wp-json\/wp\/v2\/pages\/1818\/revisions"}],"predecessor-version":[{"id":1819,"href":"https:\/\/antironflement.org\/index.php\/wp-json\/wp\/v2\/pages\/1818\/revisions\/1819"}],"wp:attachment":[{"href":"https:\/\/antironflement.org\/index.php\/wp-json\/wp\/v2\/media?parent=1818"}],"curies":[{"name":"wp","href":"https:\/\/api.w.org\/{rel}","templated":true}]}}