{"id":1581,"date":"2023-06-16T20:37:21","date_gmt":"2023-06-16T18:37:21","guid":{"rendered":"https:\/\/antironflement.org\/?page_id=1581"},"modified":"2024-08-14T23:15:29","modified_gmt":"2024-08-14T21:15:29","slug":"accueil","status":"publish","type":"page","link":"https:\/\/antironflement.org\/","title":{"rendered":"Accueil"},"content":{"rendered":"\n<h2 class=\"wp-block-heading\">Avis et tests des solutions pour moins ronfler<\/h2>\n\n\n\n<p>Retrouvez ici, les avis et tests des solutions anti ronflements. Pr\u00e9sentation des produits, techniques pour moins ronfler.<\/p>\n\n\n<div class=\"wp-block-image\">\n<figure class=\"aligncenter size-full\"><img fetchpriority=\"high\" decoding=\"async\" width=\"640\" height=\"427\" src=\"https:\/\/antironflement.org\/wp-content\/uploads\/2022\/03\/Ronflement-couple-2-Small.jpg\" alt=\"couple, homme qui ronfle\" class=\"wp-image-457\" srcset=\"https:\/\/antironflement.org\/wp-content\/uploads\/2022\/03\/Ronflement-couple-2-Small.jpg 640w, https:\/\/antironflement.org\/wp-content\/uploads\/2022\/03\/Ronflement-couple-2-Small-600x400.jpg 600w, https:\/\/antironflement.org\/wp-content\/uploads\/2022\/03\/Ronflement-couple-2-Small-300x200.jpg 300w\" sizes=\"(max-width: 640px) 100vw, 640px\" \/><\/figure>\n<\/div>\n\n\n<h2 class=\"wp-block-heading has-text-color\" style=\"color:#075aae\">Combien de personnes sont-elles concern\u00e9es par les ronflements ?<\/h2>\n\n\n\n<p>Selon \u00ab\u00a0l&rsquo;American Academy of Otolaryngology\u00a0\u00bb, 70% des adultes souffrent de ronflements. <\/p>\n\n\n\n<h2 class=\"wp-block-heading has-text-color\" style=\"color:#075aae\">Quelles sont les causes des ronflements ?<\/h2>\n\n\n\n<p>Les causes sont multiples, hygi\u00e8ne de vie, alcool, obstruction et\/ou d\u00e9viation nasale, l&rsquo;\u00e2ge, le surpoids, l&rsquo;apn\u00e9e du sommeil, je vais les \u00e9voquer dans ce blog ainsi que les solutions qui existent. <a href=\"https:\/\/antironflement.org\/index.php\/causes\/\">Sur cette page j&rsquo;aborde les causes<\/a>.<\/p>\n\n\n\n<h2 class=\"wp-block-heading has-text-color\" style=\"color:#075aae\">Quelles sont les cons\u00e9quences des ronflements ?<\/h2>\n\n\n\n<p>Les cons\u00e9quences, elles aussi, sont diverses : mauvaise qualit\u00e9 de sommeil, probl\u00e8me de couple, possibilit\u00e9 d&rsquo;apn\u00e9e du sommeil, fatigue\u2026<\/p>\n\n\n\n<h2 class=\"wp-block-heading has-text-color\" style=\"color:#075aae\">Quelles sont les solutions pour moins ronfler ?<\/h2>\n\n\n\n<p>L\u2019objectif de ce Blog, est de vous parler, <a href=\"https:\/\/antironflement.org\/index.php\/a-propos\/\">selon ma propre exp\u00e9rience<\/a>, des techniques et solutions qui m&rsquo;ont permis de diminuer les ronflements et d&rsquo;am\u00e9liorer ma qualit\u00e9 de sommeil. <br>Vous trouverez des rubriques ainsi que des \u00e9ditos\/articles\/sujets, courts, faciles \u00e0 lire, sur ces domaines, ou sur les dispositifs anti-ronflements, solutions, que j\u2019ai pu tester. Ceux qui fonctionnent, et ceux qui fonctionnent moins.<\/p>\n\n\n\n<p>Tout le monde est diff\u00e9rent, et ce blog ne saurait remplacer, bien s\u00fbr, la relation entre vous et un ORL, sp\u00e9cialiste du sommeil (j&rsquo;\u00e9voquerai aussi la n\u00e9cessit\u00e9 de consulter, quand, et quel type de sp\u00e9cialiste, et ce qu&rsquo;ils m&rsquo;ont propos\u00e9).<\/p>\n\n\n\n<p>J\u2019esp\u00e8re que mes conseils, mon exp\u00e9rience, pourront vous orienter au mieux dans vos recherches pour am\u00e9liorer la qualit\u00e9 de votre nuit, et de votre sommeil. Cela peut changer r\u00e9ellement sa vie.<\/p>\n\n\n\n<h2 class=\"wp-block-heading has-text-color\" style=\"color:#075aae\">Mes produits pr\u00e9f\u00e9r\u00e9s<\/h2>\n\n\n\n<p>Retrouvez aussi \u00e0 la rubrique, \u00a0\u00bb <a href=\"https:\/\/antironflement.org\/index.php\/mes-produits-preferes\/\">Mes produits pr\u00e9f\u00e9r\u00e9s<\/a> \u00ab\u00a0, les produits que j&rsquo;utilise au quotidien !<\/p>\n\n\n\n<p>Bonne lecture !<\/p>\n\n\n\n<hr class=\"wp-block-separator has-css-opacity\"\/>\n\n\n\n<blockquote class=\"wp-block-quote is-layout-flow wp-block-quote-is-layout-flow\">\n<p><em>\u00ab\u00a0Pour s&rsquo;assurer que l&rsquo;on ronfle, m\u00eame si l&rsquo;on est seul, il suffit de s&rsquo;endormir dans un endroit o\u00f9 il y a un \u00e9cho et de s&rsquo;\u00e9veiller assez rapidement pour entendre l&rsquo;\u00e9cho du ronflement qui vous revient.\u00a0\u00bb<\/em><\/p>\n<cite>Boris Vian<\/cite><\/blockquote>\n\n\n\n<p class=\"has-small-font-size\"><\/p>\n\n\n\n<p><\/p>\n\n\n\n<p><\/p>\n","protected":false},"excerpt":{"rendered":"<p>Avis et tests des solutions pour moins ronfler Retrouvez ici, les avis et tests des solutions anti ronflements. Pr\u00e9sentation des produits, techniques pour moins ronfler. Combien de personnes sont-elles concern\u00e9es par les ronflements ? Selon \u00ab\u00a0l&rsquo;American Academy of Otolaryngology\u00a0\u00bb, 70% des adultes souffrent de ronflements. Quelles sont les causes des ronflements ? Les causes sont multiples, hygi\u00e8ne de vie, alcool, obstruction et\/ou d\u00e9viation nasale, l&rsquo;\u00e2ge, le surpoids, l&rsquo;apn\u00e9e du sommeil, je vais les \u00e9voquer dans ce blog ainsi que les solutions qui existent. Sur cette page j&rsquo;aborde les causes. Quelles sont les cons\u00e9quences des ronflements ? Les cons\u00e9quences, elles aussi, sont diverses : mauvaise qualit\u00e9 de sommeil, probl\u00e8me de couple, possibilit\u00e9 d&rsquo;apn\u00e9e du sommeil, fatigue\u2026 Quelles sont les solutions pour moins ronfler ? L\u2019objectif de ce Blog, est de vous parler, selon ma propre exp\u00e9rience, des techniques et solutions qui m&rsquo;ont permis de diminuer les ronflements et d&rsquo;am\u00e9liorer ma qualit\u00e9 de sommeil. Vous trouverez des rubriques ainsi que des \u00e9ditos\/articles\/sujets, courts, faciles \u00e0 lire, sur ces domaines, ou sur les dispositifs anti-ronflements, solutions, que j\u2019ai pu tester. Ceux qui fonctionnent, et ceux qui fonctionnent moins. Tout le monde est diff\u00e9rent, et ce blog ne saurait remplacer, bien s\u00fbr, la relation entre vous et un ORL, sp\u00e9cialiste du sommeil (j&rsquo;\u00e9voquerai aussi la n\u00e9cessit\u00e9 de consulter, quand, et quel type de sp\u00e9cialiste, et ce qu&rsquo;ils m&rsquo;ont propos\u00e9). J\u2019esp\u00e8re que mes conseils, mon exp\u00e9rience, pourront vous orienter au mieux dans vos recherches pour am\u00e9liorer la qualit\u00e9 de votre nuit, et de votre sommeil. Cela peut changer r\u00e9ellement sa vie. Mes produits pr\u00e9f\u00e9r\u00e9s Retrouvez aussi \u00e0 la rubrique, \u00a0\u00bb Mes produits pr\u00e9f\u00e9r\u00e9s \u00ab\u00a0, les produits que j&rsquo;utilise au quotidien ! Bonne lecture ! \u00ab\u00a0Pour s&rsquo;assurer que l&rsquo;on ronfle, m\u00eame si l&rsquo;on est seul, il suffit de s&rsquo;endormir dans un endroit o\u00f9 il y a un \u00e9cho et de s&rsquo;\u00e9veiller assez rapidement pour entendre l&rsquo;\u00e9cho du ronflement qui vous revient.\u00a0\u00bb Boris Vian<\/p>\n","protected":false},"author":2,"featured_media":0,"parent":0,"menu_order":0,"comment_status":"closed","ping_status":"closed","template":"","meta":{"two_page_speed":{"current_score":{"desktop_score":100,"desktop_tti":"0.2\u00a0","mobile_score":99,"mobile_tti":"1.2\u00a0","date":"15.08.2024 04:50:09 pm","status":"error_no_score"},"previous_score":{"desktop_score":92,"desktop_tti":"1.9\u00a0","mobile_score":59,"mobile_tti":"11.5\u00a0","date":"10.07.2023 10:49:57 am","status":"completed"}},"footnotes":""},"class_list":["post-1581","page","type-page","status-publish","hentry"],"yoast_head":"<!-- This site is optimized with the Yoast SEO plugin v27.3 - https:\/\/yoast.com\/product\/yoast-seo-wordpress\/ -->\n<title>Accueil - Anti Ronflement<\/title>\n<meta name=\"robots\" content=\"index, follow, max-snippet:-1, max-image-preview:large, max-video-preview:-1\" \/>\n<link rel=\"canonical\" href=\"https:\/\/antironflement.org\/\" \/>\n<meta property=\"og:locale\" content=\"fr_FR\" \/>\n<meta property=\"og:type\" content=\"article\" \/>\n<meta property=\"og:title\" content=\"Accueil - Anti Ronflement\" \/>\n<meta property=\"og:description\" content=\"Avis et tests des solutions pour moins ronfler Retrouvez ici, les avis et tests des solutions anti ronflements. Pr\u00e9sentation des produits, techniques pour moins ronfler. Combien de personnes sont-elles concern\u00e9es par les ronflements ? Selon \u00ab\u00a0l&rsquo;American Academy of Otolaryngology\u00a0\u00bb, 70% des adultes souffrent de ronflements. Quelles sont les causes des ronflements ? Les causes sont multiples, hygi\u00e8ne de vie, alcool, obstruction et\/ou d\u00e9viation nasale, l&rsquo;\u00e2ge, le surpoids, l&rsquo;apn\u00e9e du sommeil, je vais les \u00e9voquer dans ce blog ainsi que les solutions qui existent. Sur cette page j&rsquo;aborde les causes. Quelles sont les cons\u00e9quences des ronflements ? Les cons\u00e9quences, elles aussi, sont diverses : mauvaise qualit\u00e9 de sommeil, probl\u00e8me de couple, possibilit\u00e9 d&rsquo;apn\u00e9e du sommeil, fatigue\u2026 Quelles sont les solutions pour moins ronfler ? L\u2019objectif de ce Blog, est de vous parler, selon ma propre exp\u00e9rience, des techniques et solutions qui m&rsquo;ont permis de diminuer les ronflements et d&rsquo;am\u00e9liorer ma qualit\u00e9 de sommeil. Vous trouverez des rubriques ainsi que des \u00e9ditos\/articles\/sujets, courts, faciles \u00e0 lire, sur ces domaines, ou sur les dispositifs anti-ronflements, solutions, que j\u2019ai pu tester. Ceux qui fonctionnent, et ceux qui fonctionnent moins. Tout le monde est diff\u00e9rent, et ce blog ne saurait remplacer, bien s\u00fbr, la relation entre vous et un ORL, sp\u00e9cialiste du sommeil (j&rsquo;\u00e9voquerai aussi la n\u00e9cessit\u00e9 de consulter, quand, et quel type de sp\u00e9cialiste, et ce qu&rsquo;ils m&rsquo;ont propos\u00e9). J\u2019esp\u00e8re que mes conseils, mon exp\u00e9rience, pourront vous orienter au mieux dans vos recherches pour am\u00e9liorer la qualit\u00e9 de votre nuit, et de votre sommeil. Cela peut changer r\u00e9ellement sa vie. Mes produits pr\u00e9f\u00e9r\u00e9s Retrouvez aussi \u00e0 la rubrique, \u00a0\u00bb Mes produits pr\u00e9f\u00e9r\u00e9s \u00ab\u00a0, les produits que j&rsquo;utilise au quotidien ! Bonne lecture ! \u00ab\u00a0Pour s&rsquo;assurer que l&rsquo;on ronfle, m\u00eame si l&rsquo;on est seul, il suffit de s&rsquo;endormir dans un endroit o\u00f9 il y a un \u00e9cho et de s&rsquo;\u00e9veiller assez rapidement pour entendre l&rsquo;\u00e9cho du ronflement qui vous revient.\u00a0\u00bb Boris Vian\" \/>\n<meta property=\"og:url\" content=\"https:\/\/antironflement.org\/\" \/>\n<meta property=\"og:site_name\" content=\"Anti Ronflement\" \/>\n<meta property=\"article:modified_time\" content=\"2024-08-14T21:15:29+00:00\" \/>\n<meta property=\"og:image\" content=\"https:\/\/antironflement.org\/wp-content\/uploads\/2022\/03\/Ronflement-couple-2-Small.jpg\" \/>\n<meta name=\"twitter:card\" content=\"summary_large_image\" \/>\n<meta name=\"twitter:label1\" content=\"Dur\u00e9e de lecture estim\u00e9e\" \/>\n\t<meta name=\"twitter:data1\" content=\"2 minutes\" \/>\n<script type=\"application\/ld+json\" class=\"yoast-schema-graph\">{\"@context\":\"https:\\\/\\\/schema.org\",\"@graph\":[{\"@type\":\"WebPage\",\"@id\":\"https:\\\/\\\/antironflement.org\\\/\",\"url\":\"https:\\\/\\\/antironflement.org\\\/\",\"name\":\"Accueil - Anti Ronflement\",\"isPartOf\":{\"@id\":\"https:\\\/\\\/antironflement.org\\\/#website\"},\"primaryImageOfPage\":{\"@id\":\"https:\\\/\\\/antironflement.org\\\/#primaryimage\"},\"image\":{\"@id\":\"https:\\\/\\\/antironflement.org\\\/#primaryimage\"},\"thumbnailUrl\":\"https:\\\/\\\/antironflement.org\\\/wp-content\\\/uploads\\\/2022\\\/03\\\/Ronflement-couple-2-Small.jpg\",\"datePublished\":\"2023-06-16T18:37:21+00:00\",\"dateModified\":\"2024-08-14T21:15:29+00:00\",\"breadcrumb\":{\"@id\":\"https:\\\/\\\/antironflement.org\\\/#breadcrumb\"},\"inLanguage\":\"fr-FR\",\"potentialAction\":[{\"@type\":\"ReadAction\",\"target\":[\"https:\\\/\\\/antironflement.org\\\/\"]}]},{\"@type\":\"ImageObject\",\"inLanguage\":\"fr-FR\",\"@id\":\"https:\\\/\\\/antironflement.org\\\/#primaryimage\",\"url\":\"https:\\\/\\\/antironflement.org\\\/wp-content\\\/uploads\\\/2022\\\/03\\\/Ronflement-couple-2-Small.jpg\",\"contentUrl\":\"https:\\\/\\\/antironflement.org\\\/wp-content\\\/uploads\\\/2022\\\/03\\\/Ronflement-couple-2-Small.jpg\",\"width\":640,\"height\":427},{\"@type\":\"BreadcrumbList\",\"@id\":\"https:\\\/\\\/antironflement.org\\\/#breadcrumb\",\"itemListElement\":[{\"@type\":\"ListItem\",\"position\":1,\"name\":\"Accueil\",\"item\":\"https:\\\/\\\/antironflement.org\\\/index.php\\\/en\\\/\"},{\"@type\":\"ListItem\",\"position\":2,\"name\":\"Accueil\"}]},{\"@type\":\"WebSite\",\"@id\":\"https:\\\/\\\/antironflement.org\\\/#website\",\"url\":\"https:\\\/\\\/antironflement.org\\\/\",\"name\":\"Anti Ronflement\",\"description\":\"Avis et tests des solutions pour moins ronfler\",\"publisher\":{\"@id\":\"https:\\\/\\\/antironflement.org\\\/#organization\"},\"potentialAction\":[{\"@type\":\"SearchAction\",\"target\":{\"@type\":\"EntryPoint\",\"urlTemplate\":\"https:\\\/\\\/antironflement.org\\\/?s={search_term_string}\"},\"query-input\":{\"@type\":\"PropertyValueSpecification\",\"valueRequired\":true,\"valueName\":\"search_term_string\"}}],\"inLanguage\":\"fr-FR\"},{\"@type\":\"Organization\",\"@id\":\"https:\\\/\\\/antironflement.org\\\/#organization\",\"name\":\"Anti Ronflement\",\"url\":\"https:\\\/\\\/antironflement.org\\\/\",\"logo\":{\"@type\":\"ImageObject\",\"inLanguage\":\"fr-FR\",\"@id\":\"https:\\\/\\\/antironflement.org\\\/#\\\/schema\\\/logo\\\/image\\\/\",\"url\":\"https:\\\/\\\/antironflement.org\\\/wp-content\\\/uploads\\\/2022\\\/04\\\/antironflementlogotopgris.webp\",\"contentUrl\":\"https:\\\/\\\/antironflement.org\\\/wp-content\\\/uploads\\\/2022\\\/04\\\/antironflementlogotopgris.webp\",\"width\":450,\"height\":200,\"caption\":\"Anti Ronflement\"},\"image\":{\"@id\":\"https:\\\/\\\/antironflement.org\\\/#\\\/schema\\\/logo\\\/image\\\/\"}}]}<\/script>\n<!-- \/ Yoast SEO plugin. -->","yoast_head_json":{"title":"Accueil - Anti Ronflement","robots":{"index":"index","follow":"follow","max-snippet":"max-snippet:-1","max-image-preview":"max-image-preview:large","max-video-preview":"max-video-preview:-1"},"canonical":"https:\/\/antironflement.org\/","og_locale":"fr_FR","og_type":"article","og_title":"Accueil - Anti Ronflement","og_description":"Avis et tests des solutions pour moins ronfler Retrouvez ici, les avis et tests des solutions anti ronflements. Pr\u00e9sentation des produits, techniques pour moins ronfler. Combien de personnes sont-elles concern\u00e9es par les ronflements ? Selon \u00ab\u00a0l&rsquo;American Academy of Otolaryngology\u00a0\u00bb, 70% des adultes souffrent de ronflements. Quelles sont les causes des ronflements ? Les causes sont multiples, hygi\u00e8ne de vie, alcool, obstruction et\/ou d\u00e9viation nasale, l&rsquo;\u00e2ge, le surpoids, l&rsquo;apn\u00e9e du sommeil, je vais les \u00e9voquer dans ce blog ainsi que les solutions qui existent. Sur cette page j&rsquo;aborde les causes. Quelles sont les cons\u00e9quences des ronflements ? Les cons\u00e9quences, elles aussi, sont diverses : mauvaise qualit\u00e9 de sommeil, probl\u00e8me de couple, possibilit\u00e9 d&rsquo;apn\u00e9e du sommeil, fatigue\u2026 Quelles sont les solutions pour moins ronfler ? L\u2019objectif de ce Blog, est de vous parler, selon ma propre exp\u00e9rience, des techniques et solutions qui m&rsquo;ont permis de diminuer les ronflements et d&rsquo;am\u00e9liorer ma qualit\u00e9 de sommeil. Vous trouverez des rubriques ainsi que des \u00e9ditos\/articles\/sujets, courts, faciles \u00e0 lire, sur ces domaines, ou sur les dispositifs anti-ronflements, solutions, que j\u2019ai pu tester. Ceux qui fonctionnent, et ceux qui fonctionnent moins. Tout le monde est diff\u00e9rent, et ce blog ne saurait remplacer, bien s\u00fbr, la relation entre vous et un ORL, sp\u00e9cialiste du sommeil (j&rsquo;\u00e9voquerai aussi la n\u00e9cessit\u00e9 de consulter, quand, et quel type de sp\u00e9cialiste, et ce qu&rsquo;ils m&rsquo;ont propos\u00e9). J\u2019esp\u00e8re que mes conseils, mon exp\u00e9rience, pourront vous orienter au mieux dans vos recherches pour am\u00e9liorer la qualit\u00e9 de votre nuit, et de votre sommeil. Cela peut changer r\u00e9ellement sa vie. Mes produits pr\u00e9f\u00e9r\u00e9s Retrouvez aussi \u00e0 la rubrique, \u00a0\u00bb Mes produits pr\u00e9f\u00e9r\u00e9s \u00ab\u00a0, les produits que j&rsquo;utilise au quotidien ! Bonne lecture ! \u00ab\u00a0Pour s&rsquo;assurer que l&rsquo;on ronfle, m\u00eame si l&rsquo;on est seul, il suffit de s&rsquo;endormir dans un endroit o\u00f9 il y a un \u00e9cho et de s&rsquo;\u00e9veiller assez rapidement pour entendre l&rsquo;\u00e9cho du ronflement qui vous revient.\u00a0\u00bb Boris Vian","og_url":"https:\/\/antironflement.org\/","og_site_name":"Anti Ronflement","article_modified_time":"2024-08-14T21:15:29+00:00","og_image":[{"url":"https:\/\/antironflement.org\/wp-content\/uploads\/2022\/03\/Ronflement-couple-2-Small.jpg","type":"","width":"","height":""}],"twitter_card":"summary_large_image","twitter_misc":{"Dur\u00e9e de lecture estim\u00e9e":"2 minutes"},"schema":{"@context":"https:\/\/schema.org","@graph":[{"@type":"WebPage","@id":"https:\/\/antironflement.org\/","url":"https:\/\/antironflement.org\/","name":"Accueil - Anti Ronflement","isPartOf":{"@id":"https:\/\/antironflement.org\/#website"},"primaryImageOfPage":{"@id":"https:\/\/antironflement.org\/#primaryimage"},"image":{"@id":"https:\/\/antironflement.org\/#primaryimage"},"thumbnailUrl":"https:\/\/antironflement.org\/wp-content\/uploads\/2022\/03\/Ronflement-couple-2-Small.jpg","datePublished":"2023-06-16T18:37:21+00:00","dateModified":"2024-08-14T21:15:29+00:00","breadcrumb":{"@id":"https:\/\/antironflement.org\/#breadcrumb"},"inLanguage":"fr-FR","potentialAction":[{"@type":"ReadAction","target":["https:\/\/antironflement.org\/"]}]},{"@type":"ImageObject","inLanguage":"fr-FR","@id":"https:\/\/antironflement.org\/#primaryimage","url":"https:\/\/antironflement.org\/wp-content\/uploads\/2022\/03\/Ronflement-couple-2-Small.jpg","contentUrl":"https:\/\/antironflement.org\/wp-content\/uploads\/2022\/03\/Ronflement-couple-2-Small.jpg","width":640,"height":427},{"@type":"BreadcrumbList","@id":"https:\/\/antironflement.org\/#breadcrumb","itemListElement":[{"@type":"ListItem","position":1,"name":"Accueil","item":"https:\/\/antironflement.org\/index.php\/en\/"},{"@type":"ListItem","position":2,"name":"Accueil"}]},{"@type":"WebSite","@id":"https:\/\/antironflement.org\/#website","url":"https:\/\/antironflement.org\/","name":"Anti Ronflement","description":"Avis et tests des solutions pour moins ronfler","publisher":{"@id":"https:\/\/antironflement.org\/#organization"},"potentialAction":[{"@type":"SearchAction","target":{"@type":"EntryPoint","urlTemplate":"https:\/\/antironflement.org\/?s={search_term_string}"},"query-input":{"@type":"PropertyValueSpecification","valueRequired":true,"valueName":"search_term_string"}}],"inLanguage":"fr-FR"},{"@type":"Organization","@id":"https:\/\/antironflement.org\/#organization","name":"Anti Ronflement","url":"https:\/\/antironflement.org\/","logo":{"@type":"ImageObject","inLanguage":"fr-FR","@id":"https:\/\/antironflement.org\/#\/schema\/logo\/image\/","url":"https:\/\/antironflement.org\/wp-content\/uploads\/2022\/04\/antironflementlogotopgris.webp","contentUrl":"https:\/\/antironflement.org\/wp-content\/uploads\/2022\/04\/antironflementlogotopgris.webp","width":450,"height":200,"caption":"Anti Ronflement"},"image":{"@id":"https:\/\/antironflement.org\/#\/schema\/logo\/image\/"}}]}},"acf":[],"_links":{"self":[{"href":"https:\/\/antironflement.org\/index.php\/wp-json\/wp\/v2\/pages\/1581","targetHints":{"allow":["GET"]}}],"collection":[{"href":"https:\/\/antironflement.org\/index.php\/wp-json\/wp\/v2\/pages"}],"about":[{"href":"https:\/\/antironflement.org\/index.php\/wp-json\/wp\/v2\/types\/page"}],"author":[{"embeddable":true,"href":"https:\/\/antironflement.org\/index.php\/wp-json\/wp\/v2\/users\/2"}],"replies":[{"embeddable":true,"href":"https:\/\/antironflement.org\/index.php\/wp-json\/wp\/v2\/comments?post=1581"}],"version-history":[{"count":2,"href":"https:\/\/antironflement.org\/index.php\/wp-json\/wp\/v2\/pages\/1581\/revisions"}],"predecessor-version":[{"id":3824,"href":"https:\/\/antironflement.org\/index.php\/wp-json\/wp\/v2\/pages\/1581\/revisions\/3824"}],"wp:attachment":[{"href":"https:\/\/antironflement.org\/index.php\/wp-json\/wp\/v2\/media?parent=1581"}],"curies":[{"name":"wp","href":"https:\/\/api.w.org\/{rel}","templated":true}]}}