{"id":1576,"date":"2023-06-17T14:14:29","date_gmt":"2023-06-17T12:14:29","guid":{"rendered":"https:\/\/antironflement.org\/?page_id=1576"},"modified":"2023-06-17T20:22:20","modified_gmt":"2023-06-17T18:22:20","slug":"about-us","status":"publish","type":"page","link":"https:\/\/antironflement.org\/index.php\/en\/about-us\/","title":{"rendered":"About us"},"content":{"rendered":"\n<p>My name is Serge, I am 51 years old. A little \u00ab\u00a0manager\u00a0\u00bb, and enough \u00ab\u00a0Geek\u00a0\u00bb to make this blog \ud83d\ude42.<\/p>\n\n\n\n<p>At 38, I almost had a car accident while falling asleep at the wheel\u2026 I became aware of my sleep problems. I suffered from daily fatigue, I yawned all day, my nights were restless, interrupted, I had snoring, as well as insomnia! The total !<\/p>\n\n\n<div class=\"wp-block-image\">\n<figure class=\"aligncenter size-full\"><img decoding=\"async\" width=\"200\" height=\"25\" src=\"https:\/\/antironflement.org\/wp-content\/uploads\/2023\/06\/image-3.png\" alt=\"\" class=\"wp-image-1577\"\/><\/figure>\n<\/div>\n\n\n<p>From that date, I began to take an interest in the subjects of falling asleep and the quality of sleep.<\/p>\n\n\n\n<p>After consulting an doctor, sleep specialist, he also detected me, sleep apnea!<\/p>\n\n\n\n<p>Well, with all this, I had to act! This blog will tell you about my itinerary.<\/p>\n\n\n<div class=\"wp-block-image\">\n<figure class=\"aligncenter size-full\"><img decoding=\"async\" width=\"200\" height=\"25\" src=\"https:\/\/antironflement.org\/wp-content\/uploads\/2023\/06\/image-3.png\" alt=\"\" class=\"wp-image-1577\"\/><\/figure>\n<\/div>\n\n\n<p>Today, I fall asleep very easily, I no longer wake up 4 times in the night, I have significantly reduced my snoring. And I went from 30 apneas per hour to 20, with a very noticeable improvement in my deep sleep.<\/p>\n\n\n\n<p>However, I regularly discover and test new products that still have a positive (or zero) impact. I will share it with you in this blog.<\/p>\n\n\n<div class=\"wp-block-image\">\n<figure class=\"aligncenter size-full\"><img decoding=\"async\" width=\"200\" height=\"25\" src=\"https:\/\/antironflement.org\/wp-content\/uploads\/2023\/06\/image-3.png\" alt=\"\" class=\"wp-image-1577\"\/><\/figure>\n<\/div>\n\n\n<h2 class=\"wp-block-heading\">Why this blog ?<\/h2>\n\n\n\n<p><br>When I wanted to obtain information on the Internet, I did not get exhaustive, concise and pragmatic answers on these issues. I tried, in all humility, to be as clear as possible.<\/p>\n\n\n\n<p>I hope this site can answer some of your questions.<\/p>\n\n\n\n<p>Good reading !<\/p>\n","protected":false},"excerpt":{"rendered":"<p>My name is Serge, I am 51 years old. A little \u00ab\u00a0manager\u00a0\u00bb, and enough \u00ab\u00a0Geek\u00a0\u00bb to make this blog \ud83d\ude42. At 38, I almost had a car accident while falling asleep at the wheel\u2026 I became aware of my sleep problems. I suffered from daily fatigue, I yawned all day, my nights were restless, interrupted, I had snoring, as well as insomnia! The total ! From that date, I began to take an interest in the subjects of falling asleep and the quality of sleep. After consulting an doctor, sleep specialist, he also detected me, sleep apnea! Well, with all this, I had to act! This blog will tell you about my itinerary. Today, I fall asleep very easily, I no longer wake up 4 times in the night, I have significantly reduced my snoring. And I went from 30 apneas per hour to 20, with a very noticeable improvement in my deep sleep. However, I regularly discover and test new products that still have a positive (or zero) impact. I will share it with you in this blog. Why this blog ? When I wanted to obtain information on the Internet, I did not get exhaustive, concise and pragmatic answers on these issues. I tried, in all humility, to be as clear as possible. I hope this site can answer some of your questions. Good reading !<\/p>\n","protected":false},"author":2,"featured_media":129,"parent":0,"menu_order":0,"comment_status":"closed","ping_status":"closed","template":"","meta":{"two_page_speed":[],"footnotes":""},"class_list":["post-1576","page","type-page","status-publish","has-post-thumbnail","hentry"],"yoast_head":"<!-- This site is optimized with the Yoast SEO plugin v27.3 - https:\/\/yoast.com\/product\/yoast-seo-wordpress\/ -->\n<title>About us - Anti Ronflement<\/title>\n<meta name=\"description\" content=\"Je vous pr\u00e9sente mon blog, antironflement.org. J&#039;esp\u00e8re que mon site pourra r\u00e9pondre en partie \u00e0 vos questions.\" \/>\n<meta name=\"robots\" content=\"index, follow, max-snippet:-1, max-image-preview:large, max-video-preview:-1\" \/>\n<link rel=\"canonical\" href=\"https:\/\/antironflement.org\/index.php\/en\/about-us\/\" \/>\n<meta property=\"og:locale\" content=\"fr_FR\" \/>\n<meta property=\"og:type\" content=\"article\" \/>\n<meta property=\"og:title\" content=\"About us - Anti Ronflement\" \/>\n<meta property=\"og:description\" content=\"Je vous pr\u00e9sente mon blog, antironflement.org. J&#039;esp\u00e8re que mon site pourra r\u00e9pondre en partie \u00e0 vos questions.\" \/>\n<meta property=\"og:url\" content=\"https:\/\/antironflement.org\/index.php\/en\/about-us\/\" \/>\n<meta property=\"og:site_name\" content=\"Anti Ronflement\" \/>\n<meta property=\"article:modified_time\" content=\"2023-06-17T18:22:20+00:00\" \/>\n<meta property=\"og:image\" content=\"https:\/\/antironflement.org\/wp-content\/uploads\/2022\/03\/portrait_m.png\" \/>\n\t<meta property=\"og:image:width\" content=\"217\" \/>\n\t<meta property=\"og:image:height\" content=\"208\" \/>\n\t<meta property=\"og:image:type\" content=\"image\/png\" \/>\n<meta name=\"twitter:card\" content=\"summary_large_image\" \/>\n<meta name=\"twitter:label1\" content=\"Dur\u00e9e de lecture estim\u00e9e\" \/>\n\t<meta name=\"twitter:data1\" content=\"2 minutes\" \/>\n<script type=\"application\/ld+json\" class=\"yoast-schema-graph\">{\"@context\":\"https:\\\/\\\/schema.org\",\"@graph\":[{\"@type\":\"WebPage\",\"@id\":\"https:\\\/\\\/antironflement.org\\\/index.php\\\/en\\\/about-us\\\/\",\"url\":\"https:\\\/\\\/antironflement.org\\\/index.php\\\/en\\\/about-us\\\/\",\"name\":\"About us - Anti Ronflement\",\"isPartOf\":{\"@id\":\"https:\\\/\\\/antironflement.org\\\/#website\"},\"primaryImageOfPage\":{\"@id\":\"https:\\\/\\\/antironflement.org\\\/index.php\\\/en\\\/about-us\\\/#primaryimage\"},\"image\":{\"@id\":\"https:\\\/\\\/antironflement.org\\\/index.php\\\/en\\\/about-us\\\/#primaryimage\"},\"thumbnailUrl\":\"https:\\\/\\\/antironflement.org\\\/wp-content\\\/uploads\\\/2022\\\/03\\\/portrait_m.png\",\"datePublished\":\"2023-06-17T12:14:29+00:00\",\"dateModified\":\"2023-06-17T18:22:20+00:00\",\"description\":\"Je vous pr\u00e9sente mon blog, antironflement.org. J'esp\u00e8re que mon site pourra r\u00e9pondre en partie \u00e0 vos questions.\",\"breadcrumb\":{\"@id\":\"https:\\\/\\\/antironflement.org\\\/index.php\\\/en\\\/about-us\\\/#breadcrumb\"},\"inLanguage\":\"fr-FR\",\"potentialAction\":[{\"@type\":\"ReadAction\",\"target\":[\"https:\\\/\\\/antironflement.org\\\/index.php\\\/en\\\/about-us\\\/\"]}]},{\"@type\":\"ImageObject\",\"inLanguage\":\"fr-FR\",\"@id\":\"https:\\\/\\\/antironflement.org\\\/index.php\\\/en\\\/about-us\\\/#primaryimage\",\"url\":\"https:\\\/\\\/antironflement.org\\\/wp-content\\\/uploads\\\/2022\\\/03\\\/portrait_m.png\",\"contentUrl\":\"https:\\\/\\\/antironflement.org\\\/wp-content\\\/uploads\\\/2022\\\/03\\\/portrait_m.png\",\"width\":217,\"height\":208},{\"@type\":\"BreadcrumbList\",\"@id\":\"https:\\\/\\\/antironflement.org\\\/index.php\\\/en\\\/about-us\\\/#breadcrumb\",\"itemListElement\":[{\"@type\":\"ListItem\",\"position\":1,\"name\":\"Accueil\",\"item\":\"https:\\\/\\\/antironflement.org\\\/index.php\\\/en\\\/\"},{\"@type\":\"ListItem\",\"position\":2,\"name\":\"About us\"}]},{\"@type\":\"WebSite\",\"@id\":\"https:\\\/\\\/antironflement.org\\\/#website\",\"url\":\"https:\\\/\\\/antironflement.org\\\/\",\"name\":\"Anti Ronflement\",\"description\":\"Avis et tests des solutions pour moins ronfler\",\"publisher\":{\"@id\":\"https:\\\/\\\/antironflement.org\\\/#organization\"},\"potentialAction\":[{\"@type\":\"SearchAction\",\"target\":{\"@type\":\"EntryPoint\",\"urlTemplate\":\"https:\\\/\\\/antironflement.org\\\/?s={search_term_string}\"},\"query-input\":{\"@type\":\"PropertyValueSpecification\",\"valueRequired\":true,\"valueName\":\"search_term_string\"}}],\"inLanguage\":\"fr-FR\"},{\"@type\":\"Organization\",\"@id\":\"https:\\\/\\\/antironflement.org\\\/#organization\",\"name\":\"Anti Ronflement\",\"url\":\"https:\\\/\\\/antironflement.org\\\/\",\"logo\":{\"@type\":\"ImageObject\",\"inLanguage\":\"fr-FR\",\"@id\":\"https:\\\/\\\/antironflement.org\\\/#\\\/schema\\\/logo\\\/image\\\/\",\"url\":\"https:\\\/\\\/antironflement.org\\\/wp-content\\\/uploads\\\/2022\\\/04\\\/antironflementlogotopgris.webp\",\"contentUrl\":\"https:\\\/\\\/antironflement.org\\\/wp-content\\\/uploads\\\/2022\\\/04\\\/antironflementlogotopgris.webp\",\"width\":450,\"height\":200,\"caption\":\"Anti Ronflement\"},\"image\":{\"@id\":\"https:\\\/\\\/antironflement.org\\\/#\\\/schema\\\/logo\\\/image\\\/\"}}]}<\/script>\n<!-- \/ Yoast SEO plugin. -->","yoast_head_json":{"title":"About us - Anti Ronflement","description":"Je vous pr\u00e9sente mon blog, antironflement.org. J'esp\u00e8re que mon site pourra r\u00e9pondre en partie \u00e0 vos questions.","robots":{"index":"index","follow":"follow","max-snippet":"max-snippet:-1","max-image-preview":"max-image-preview:large","max-video-preview":"max-video-preview:-1"},"canonical":"https:\/\/antironflement.org\/index.php\/en\/about-us\/","og_locale":"fr_FR","og_type":"article","og_title":"About us - Anti Ronflement","og_description":"Je vous pr\u00e9sente mon blog, antironflement.org. J'esp\u00e8re que mon site pourra r\u00e9pondre en partie \u00e0 vos questions.","og_url":"https:\/\/antironflement.org\/index.php\/en\/about-us\/","og_site_name":"Anti Ronflement","article_modified_time":"2023-06-17T18:22:20+00:00","og_image":[{"width":217,"height":208,"url":"https:\/\/antironflement.org\/wp-content\/uploads\/2022\/03\/portrait_m.png","type":"image\/png"}],"twitter_card":"summary_large_image","twitter_misc":{"Dur\u00e9e de lecture estim\u00e9e":"2 minutes"},"schema":{"@context":"https:\/\/schema.org","@graph":[{"@type":"WebPage","@id":"https:\/\/antironflement.org\/index.php\/en\/about-us\/","url":"https:\/\/antironflement.org\/index.php\/en\/about-us\/","name":"About us - Anti Ronflement","isPartOf":{"@id":"https:\/\/antironflement.org\/#website"},"primaryImageOfPage":{"@id":"https:\/\/antironflement.org\/index.php\/en\/about-us\/#primaryimage"},"image":{"@id":"https:\/\/antironflement.org\/index.php\/en\/about-us\/#primaryimage"},"thumbnailUrl":"https:\/\/antironflement.org\/wp-content\/uploads\/2022\/03\/portrait_m.png","datePublished":"2023-06-17T12:14:29+00:00","dateModified":"2023-06-17T18:22:20+00:00","description":"Je vous pr\u00e9sente mon blog, antironflement.org. J'esp\u00e8re que mon site pourra r\u00e9pondre en partie \u00e0 vos questions.","breadcrumb":{"@id":"https:\/\/antironflement.org\/index.php\/en\/about-us\/#breadcrumb"},"inLanguage":"fr-FR","potentialAction":[{"@type":"ReadAction","target":["https:\/\/antironflement.org\/index.php\/en\/about-us\/"]}]},{"@type":"ImageObject","inLanguage":"fr-FR","@id":"https:\/\/antironflement.org\/index.php\/en\/about-us\/#primaryimage","url":"https:\/\/antironflement.org\/wp-content\/uploads\/2022\/03\/portrait_m.png","contentUrl":"https:\/\/antironflement.org\/wp-content\/uploads\/2022\/03\/portrait_m.png","width":217,"height":208},{"@type":"BreadcrumbList","@id":"https:\/\/antironflement.org\/index.php\/en\/about-us\/#breadcrumb","itemListElement":[{"@type":"ListItem","position":1,"name":"Accueil","item":"https:\/\/antironflement.org\/index.php\/en\/"},{"@type":"ListItem","position":2,"name":"About us"}]},{"@type":"WebSite","@id":"https:\/\/antironflement.org\/#website","url":"https:\/\/antironflement.org\/","name":"Anti Ronflement","description":"Avis et tests des solutions pour moins ronfler","publisher":{"@id":"https:\/\/antironflement.org\/#organization"},"potentialAction":[{"@type":"SearchAction","target":{"@type":"EntryPoint","urlTemplate":"https:\/\/antironflement.org\/?s={search_term_string}"},"query-input":{"@type":"PropertyValueSpecification","valueRequired":true,"valueName":"search_term_string"}}],"inLanguage":"fr-FR"},{"@type":"Organization","@id":"https:\/\/antironflement.org\/#organization","name":"Anti Ronflement","url":"https:\/\/antironflement.org\/","logo":{"@type":"ImageObject","inLanguage":"fr-FR","@id":"https:\/\/antironflement.org\/#\/schema\/logo\/image\/","url":"https:\/\/antironflement.org\/wp-content\/uploads\/2022\/04\/antironflementlogotopgris.webp","contentUrl":"https:\/\/antironflement.org\/wp-content\/uploads\/2022\/04\/antironflementlogotopgris.webp","width":450,"height":200,"caption":"Anti Ronflement"},"image":{"@id":"https:\/\/antironflement.org\/#\/schema\/logo\/image\/"}}]}},"acf":[],"_links":{"self":[{"href":"https:\/\/antironflement.org\/index.php\/wp-json\/wp\/v2\/pages\/1576","targetHints":{"allow":["GET"]}}],"collection":[{"href":"https:\/\/antironflement.org\/index.php\/wp-json\/wp\/v2\/pages"}],"about":[{"href":"https:\/\/antironflement.org\/index.php\/wp-json\/wp\/v2\/types\/page"}],"author":[{"embeddable":true,"href":"https:\/\/antironflement.org\/index.php\/wp-json\/wp\/v2\/users\/2"}],"replies":[{"embeddable":true,"href":"https:\/\/antironflement.org\/index.php\/wp-json\/wp\/v2\/comments?post=1576"}],"version-history":[{"count":2,"href":"https:\/\/antironflement.org\/index.php\/wp-json\/wp\/v2\/pages\/1576\/revisions"}],"predecessor-version":[{"id":1615,"href":"https:\/\/antironflement.org\/index.php\/wp-json\/wp\/v2\/pages\/1576\/revisions\/1615"}],"wp:featuredmedia":[{"embeddable":true,"href":"https:\/\/antironflement.org\/index.php\/wp-json\/wp\/v2\/media\/129"}],"wp:attachment":[{"href":"https:\/\/antironflement.org\/index.php\/wp-json\/wp\/v2\/media?parent=1576"}],"curies":[{"name":"wp","href":"https:\/\/api.w.org\/{rel}","templated":true}]}}